{"id":4682,"date":"2023-11-11T14:33:48","date_gmt":"2023-11-11T13:33:48","guid":{"rendered":"https:\/\/vetomshop.hu\/termek\/delfin-medal\/"},"modified":"2023-11-11T14:33:48","modified_gmt":"2023-11-11T13:33:48","slug":"delfin-medal","status":"publish","type":"product","link":"https:\/\/vetomshop.hu\/ro\/produs\/delfin-medal\/","title":{"rendered":"Pandantiv cu delfin"},"content":{"rendered":"<h4>Medalia pentru s\u0103n\u0103tatea delfinilor<\/h4>\n<p><strong>Func\u021bia principal\u0103:<\/strong><\/p>\n<p>Un instrument complementar pentru armonizarea sistemului de reglare a organismului \u0219i sprijinirea func\u021bion\u0103rii sistemului nervos central.<\/p>\n<p><strong>Sus\u021binut de:<\/strong><\/p>\n<ul>\n<li>efectul analgezicelor,<\/li>\n<li>normalizarea sferei emo\u021bionale, contribuind la reducerea anxiet\u0103\u021bii,<\/li>\n<li>procesele de g\u00e2ndire,<\/li>\n<li>\u00eenv\u0103\u021barea \u0219i abilit\u0103\u021bile cognitive, dezvoltarea memoriei,<\/li>\n<li>o cre\u0219tere a rezisten\u021bei la stres.<\/li>\n<\/ul>\n<div class=\"su-spoiler su-spoiler-style-defoult su-spoiler-icon-caret su-spoiler-closed\" data-scroll-offset=\"0\" data-anchor-in-url=\"no\"><div class=\"su-spoiler-title\" tabindex=\"0\" role=\"button\"><span class=\"su-spoiler-icon\"><\/span>Toate<\/div><div class=\"su-spoiler-content su-u-clearfix su-u-trim\">\n<p><strong>C\u00e2nd este recomandat pandantivul Dolphin Health?<\/strong><\/p>\n<p>Delfinul are un efect pozitiv asupra st\u0103rii func\u021bionale a organismului \u0219i poate fi utilizat ca instrument preventiv \u0219i complementar altor metode, ca instrument corectiv pentru a ajuta organismul s\u0103 func\u021bioneze optim \u00een urm\u0103toarele cazuri:<\/p>\n<ul>\n<li>leziuni organice ale sistemului nervos central, care duc la afectarea func\u021biei cognitive \u0219i\/sau a sferei emo\u021bionale,<\/li>\n<li>perturbarea func\u021bional\u0103 a sistemului nervos, care este asociat\u0103 cu suprasolicitare mental\u0103, insomnie, nervozitate, afectarea func\u021biei cognitive,<\/li>\n<li>sindromul stresului cronic (\u00eenv\u0103\u021bare, locuri de munc\u0103 extreme \u0219i periculoase, management etc.).<\/li>\n<\/ul>\n<\/div><\/div>","protected":false},"excerpt":{"rendered":"<p>Delfin Eg\u00e9szs\u00e9g Med\u00e1l F\u0151 funkci\u00f3ja: Kieg\u00e9sz\u00edt\u0151 eszk\u00f6z a szervezet szab\u00e1lyz\u00f3 rendszer\u00e9nek harmoniz\u00e1l\u00e1s\u00e1nak \u00e9s a k\u00f6zponti idegrendszer m\u0171k\u00f6d\u00e9s\u00e9nek t\u00e1mogat\u00e1s\u00e1ra. T\u00e1mogatja: a f\u00e1jdalomcsillap\u00edt\u00f3k hat\u00e1s\u00e1t, az \u00e9rzelmi szf\u00e9ra normaliz\u00e1l\u00e1s\u00e1t, seg\u00edt cs\u00f6kkenteni az izgatotts\u00e1got, a gondolkod\u00e1si folyamatokat, a tanul\u00e1si \u00e9s kognit\u00edv k\u00e9pess\u00e9geket, a mem\u00f3ria fejleszt\u00e9s\u00e9t, a stressz ellen\u00e1ll\u00f3 k\u00e9pess\u00e9g n\u00f6veked\u00e9s\u00e9t.<\/p>","protected":false},"featured_media":4681,"comment_status":"open","ping_status":"closed","template":"","meta":[],"product_brand":[],"product_cat":[33,32],"product_tag":[],"class_list":{"0":"post-4682","1":"product","2":"type-product","3":"status-publish","4":"has-post-thumbnail","6":"product_cat-egeszseg-medalok","7":"product_cat-triomed","9":"first","10":"instock","11":"taxable","12":"shipping-taxable","13":"purchasable","14":"product-type-simple"},"_links":{"self":[{"href":"https:\/\/vetomshop.hu\/ro\/wp-json\/wp\/v2\/product\/4682","targetHints":{"allow":["GET"]}}],"collection":[{"href":"https:\/\/vetomshop.hu\/ro\/wp-json\/wp\/v2\/product"}],"about":[{"href":"https:\/\/vetomshop.hu\/ro\/wp-json\/wp\/v2\/types\/product"}],"replies":[{"embeddable":true,"href":"https:\/\/vetomshop.hu\/ro\/wp-json\/wp\/v2\/comments?post=4682"}],"wp:featuredmedia":[{"embeddable":true,"href":"https:\/\/vetomshop.hu\/ro\/wp-json\/wp\/v2\/media\/4681"}],"wp:attachment":[{"href":"https:\/\/vetomshop.hu\/ro\/wp-json\/wp\/v2\/media?parent=4682"}],"wp:term":[{"taxonomy":"product_brand","embeddable":true,"href":"https:\/\/vetomshop.hu\/ro\/wp-json\/wp\/v2\/product_brand?post=4682"},{"taxonomy":"product_cat","embeddable":true,"href":"https:\/\/vetomshop.hu\/ro\/wp-json\/wp\/v2\/product_cat?post=4682"},{"taxonomy":"product_tag","embeddable":true,"href":"https:\/\/vetomshop.hu\/ro\/wp-json\/wp\/v2\/product_tag?post=4682"}],"curies":[{"name":"wp","href":"https:\/\/api.w.org\/{rel}","templated":true}]}}