{"id":4684,"date":"2023-11-11T14:33:48","date_gmt":"2023-11-11T13:33:48","guid":{"rendered":"https:\/\/vetomshop.hu\/termek\/detox-medal\/"},"modified":"2023-11-11T14:33:48","modified_gmt":"2023-11-11T13:33:48","slug":"detox-medal","status":"publish","type":"product","link":"https:\/\/vetomshop.hu\/ro\/produs\/detox-medal\/","title":{"rendered":"Medalion de detoxifiere"},"content":{"rendered":"<h4>Detox Medal este pentru cei care doresc s\u0103-\u0219i armonizeze u\u0219or corpul.<\/p>\n<p>Semnalul spectral \u00eenregistrat pe medalionul de detoxifiere sprijin\u0103 func\u021bionarea bioenergetic\u0103 a organelor \u0219i sistemelor de organe.<\/h4>\n<p>Cel mai mare du\u0219man al tinere\u021bii \u0219i al s\u0103n\u0103t\u0103\u021bii este un corp plin de de\u0219euri. Corpul nostru este un sistem biologic autoreglat, una dintre cele mai importante func\u021bii ale acestuia fiind detoxifierea - eliminarea substan\u021belor de care organismul nu are nevoie. Cu toate acestea, natura nu este preg\u0103tit\u0103 pentru o astfel de civiliza\u021bie, pentru cantit\u0103\u021bi at\u00e2t de mari de substan\u021be chimice artificiale \u00een alimente, ap\u0103 \u0219i aer. Animalele sunt hr\u0103nite cu hormoni de cre\u0219tere \u0219i antibiotice, care intr\u0103 \u0219i \u00een corpul nostru. Metalele grele, nitri\u021bii, nitra\u021bii, substan\u021bele radioactive, dioxinele, reziduurile de medicamente se acumuleaz\u0103 \u00een \u021besuturi \u0219i celule.<\/p>\n<div class=\"su-spoiler su-spoiler-style-defoult su-spoiler-icon-caret su-spoiler-closed\" data-scroll-offset=\"0\" data-anchor-in-url=\"no\"><div class=\"su-spoiler-title\" tabindex=\"0\" role=\"button\"><span class=\"su-spoiler-icon\"><\/span>Toate<\/div><div class=\"su-spoiler-content su-u-clearfix su-u-trim\">\n<p>Substan\u021bele toxice pot proveni dintr-o surs\u0103 extern\u0103, dar pot fi toxine \u0219i din procesele interne de degradare, ca urmare a unei probleme metabolice. Dac\u0103 acest lucru este agravat de un stil de via\u021b\u0103 sedentar, procesele organismului sunt \u0219i mai \u00eencetinite.<\/p>\n<p>Nivelurile ridicate de stres pot epuiza, de asemenea, organele implicate \u00een detoxifiere. La \u00eenceput, doar disconfortul este un indiciu al unei probleme, dar mai t\u00e2rziu situa\u021bia se poate agrava. Se pot dezvolta boli cronice, care pot avea un impact major asupra calit\u0103\u021bii vie\u021bii noastre.<br \/>\n<\/div><\/div>","protected":false},"excerpt":{"rendered":"<p>Detox Med\u00e1l azok sz\u00e1m\u00e1ra k\u00e9sz\u00fclt, akik l\u00e1gyan szeretn\u00e9k a szervezet\u00fcket harmoniz\u00e1lni. A spektr\u00e1lis jel, mely a Detox Med\u00e1lon r\u00f6gz\u00edt\u00e9sre ker\u00fclt, t\u00e1mogatja a szervek \u00e9s szervrendszerek bioenergetikai m\u0171k\u00f6d\u00e9s\u00e9t. A fiatals\u00e1g \u00e9s az eg\u00e9szs\u00e9g legnagyobb ellens\u00e9ge a salakanyagokkal tel\u00edtett szervezet. Szervezet\u00fcnk egy \u00f6nszab\u00e1lyoz\u00f3 biol\u00f3giai rendszer, melynek egyik legfontosabb funkci\u00f3ja a m\u00e9regtelen\u00edt\u00e9s \u2013 kivezet\u00e9se azoknak az anyagoknak, melyekre [&hellip;]<\/p>\n","protected":false},"featured_media":4683,"comment_status":"open","ping_status":"closed","template":"","meta":[],"product_brand":[],"product_cat":[33,32],"product_tag":[],"class_list":{"0":"post-4684","1":"product","2":"type-product","3":"status-publish","4":"has-post-thumbnail","6":"product_cat-egeszseg-medalok","7":"product_cat-triomed","9":"first","10":"instock","11":"taxable","12":"shipping-taxable","13":"purchasable","14":"product-type-simple"},"_links":{"self":[{"href":"https:\/\/vetomshop.hu\/ro\/wp-json\/wp\/v2\/product\/4684","targetHints":{"allow":["GET"]}}],"collection":[{"href":"https:\/\/vetomshop.hu\/ro\/wp-json\/wp\/v2\/product"}],"about":[{"href":"https:\/\/vetomshop.hu\/ro\/wp-json\/wp\/v2\/types\/product"}],"replies":[{"embeddable":true,"href":"https:\/\/vetomshop.hu\/ro\/wp-json\/wp\/v2\/comments?post=4684"}],"wp:featuredmedia":[{"embeddable":true,"href":"https:\/\/vetomshop.hu\/ro\/wp-json\/wp\/v2\/media\/4683"}],"wp:attachment":[{"href":"https:\/\/vetomshop.hu\/ro\/wp-json\/wp\/v2\/media?parent=4684"}],"wp:term":[{"taxonomy":"product_brand","embeddable":true,"href":"https:\/\/vetomshop.hu\/ro\/wp-json\/wp\/v2\/product_brand?post=4684"},{"taxonomy":"product_cat","embeddable":true,"href":"https:\/\/vetomshop.hu\/ro\/wp-json\/wp\/v2\/product_cat?post=4684"},{"taxonomy":"product_tag","embeddable":true,"href":"https:\/\/vetomshop.hu\/ro\/wp-json\/wp\/v2\/product_tag?post=4684"}],"curies":[{"name":"wp","href":"https:\/\/api.w.org\/{rel}","templated":true}]}}