{"id":4688,"date":"2023-11-11T14:33:49","date_gmt":"2023-11-11T13:33:49","guid":{"rendered":"https:\/\/vetomshop.hu\/termek\/eros-medal-feriaknak\/"},"modified":"2023-11-11T14:33:49","modified_gmt":"2023-11-11T13:33:49","slug":"eros-medal-feriaknak","status":"publish","type":"product","link":"https:\/\/vetomshop.hu\/ro\/produs\/eros-medal-feriaknak\/","title":{"rendered":"Pandantiv Eros pentru b\u0103rba\u021bi"},"content":{"rendered":"<p><strong>Func\u021bia principal\u0103:<\/strong><\/p>\n<p>Instrument complementar pentru prevenirea \u0219i tratamentul tulbur\u0103rilor copula\u021biei, tratamentul complementar al pierderii dorin\u021bei sexuale, al tulbur\u0103rilor emo\u021bional-psihologice legate de actul sexual, instrument pentru activarea proceselor regenerative \u00een tratamentul complementar al bolilor care afecteaz\u0103 sfera genital\u0103. Se recomand\u0103 utilizarea \u00een paralel cu terapia recomandat\u0103 de un specialist (androlog, sexolog, endocrinolog).<\/p>\n<p><strong>Sus\u021binut de:<\/strong><\/p>\n<ul>\n<li>circula\u021bia s\u00e2ngelui, sistemul imunitar \u0219i metabolismul, prevenind astfel apari\u021bia bolilor<\/li>\n<li>sprijin\u0103 \u00eembun\u0103t\u0103\u021birea calitativ\u0103 a experien\u021belor sexuale,<\/li>\n<li>sprijin\u0103 procesele de regenerare.<\/li>\n<\/ul>\n<div class=\"su-spoiler su-spoiler-style-defoult su-spoiler-icon-caret su-spoiler-closed\" data-scroll-offset=\"0\" data-anchor-in-url=\"no\"><div class=\"su-spoiler-title\" tabindex=\"0\" role=\"button\"><span class=\"su-spoiler-icon\"><\/span>Toate<\/div><div class=\"su-spoiler-content su-u-clearfix su-u-trim\">\n<p><strong>C\u00e2nd s\u0103 folosi\u021bi pandantivul de s\u0103n\u0103tate Eros?<\/strong><\/p>\n<p>Dispozitivul are un efect pozitiv asupra func\u021bion\u0103rii func\u021bionale a organismului \u0219i poate fi utilizat ca metod\u0103 complementar\u0103 general\u0103 de promovare a s\u0103n\u0103t\u0103\u021bii, optimizare \u0219i corec\u021bie, \u00een combina\u021bie cu alte metode, pentru tratamentul complementar \u0219i prevenirea urm\u0103toarelor probleme:<\/p>\n<ul>\n<li>probleme de erec\u021bie,<\/li>\n<li>tulbur\u0103ri endocrine care afecteaz\u0103 sfera sexual\u0103 (diabet, insuficien\u021be hipotalamice, insuficien\u021be gonadale)<\/li>\n<li>sindromul oboselii cronice (CFS)<\/li>\n<li>sindromul metabolic<\/li>\n<li>sc\u0103derea nivelului emo\u021bional \u0219i a dispozi\u021biei.<\/li>\n<\/ul>\n<\/div><\/div>","protected":false},"excerpt":{"rendered":"<p>F\u0151 funkci\u00f3ja: Kieg\u00e9sz\u00edt\u0151 eszk\u00f6z a kopul\u00e1ci\u00f3s rendelleness\u00e9gek megel\u0151z\u00e9s\u00e9re \u00e9s kezel\u00e9s\u00e9re, a nemi v\u00e1gy cs\u00f6kken\u00e9s\u00e9nek, a szexu\u00e1lis aktussal kapcsolatos \u00e9rzelmi-pszich\u00e9s rendelleness\u00e9gek kieg\u00e9sz\u00edt\u0151 kezel\u00e9s\u00e9re, a regener\u00e1ci\u00f3s folyamatok aktiv\u00e1l\u00e1s\u00e1t seg\u00edt\u0151 eszk\u00f6z a nemi szf\u00e9r\u00e1t \u00e9rint\u0151 betegs\u00e9gek kieg\u00e9sz\u00edt\u0151 kezel\u00e9s\u00e9ben. Aj\u00e1nlott a szakorvos (androl\u00f3gus, szexol\u00f3gus, endokrinol\u00f3gus) \u00e1ltal javasolt ter\u00e1pia melletti alkalmaz\u00e1sa. T\u00e1mogatja: a v\u00e9rkering\u00e9st, az immunrendszer munk\u00e1j\u00e1t, az anyagcser\u00e9t, megel\u0151zve [&hellip;]<\/p>\n","protected":false},"featured_media":4687,"comment_status":"open","ping_status":"closed","template":"","meta":[],"product_brand":[],"product_cat":[33,32],"product_tag":[],"class_list":{"0":"post-4688","1":"product","2":"type-product","3":"status-publish","4":"has-post-thumbnail","6":"product_cat-egeszseg-medalok","7":"product_cat-triomed","9":"first","10":"instock","11":"taxable","12":"shipping-taxable","13":"purchasable","14":"product-type-simple"},"_links":{"self":[{"href":"https:\/\/vetomshop.hu\/ro\/wp-json\/wp\/v2\/product\/4688","targetHints":{"allow":["GET"]}}],"collection":[{"href":"https:\/\/vetomshop.hu\/ro\/wp-json\/wp\/v2\/product"}],"about":[{"href":"https:\/\/vetomshop.hu\/ro\/wp-json\/wp\/v2\/types\/product"}],"replies":[{"embeddable":true,"href":"https:\/\/vetomshop.hu\/ro\/wp-json\/wp\/v2\/comments?post=4688"}],"wp:featuredmedia":[{"embeddable":true,"href":"https:\/\/vetomshop.hu\/ro\/wp-json\/wp\/v2\/media\/4687"}],"wp:attachment":[{"href":"https:\/\/vetomshop.hu\/ro\/wp-json\/wp\/v2\/media?parent=4688"}],"wp:term":[{"taxonomy":"product_brand","embeddable":true,"href":"https:\/\/vetomshop.hu\/ro\/wp-json\/wp\/v2\/product_brand?post=4688"},{"taxonomy":"product_cat","embeddable":true,"href":"https:\/\/vetomshop.hu\/ro\/wp-json\/wp\/v2\/product_cat?post=4688"},{"taxonomy":"product_tag","embeddable":true,"href":"https:\/\/vetomshop.hu\/ro\/wp-json\/wp\/v2\/product_tag?post=4688"}],"curies":[{"name":"wp","href":"https:\/\/api.w.org\/{rel}","templated":true}]}}