{"id":4690,"date":"2023-11-11T14:33:49","date_gmt":"2023-11-11T13:33:49","guid":{"rendered":"https:\/\/vetomshop.hu\/termek\/elast-medal\/"},"modified":"2023-11-11T14:33:49","modified_gmt":"2023-11-11T13:33:49","slug":"elast-medal","status":"publish","type":"product","link":"https:\/\/vetomshop.hu\/ro\/produs\/elast-medal\/","title":{"rendered":"Medalia Elast"},"content":{"rendered":"<p>Instrument complementar pentru prevenirea \u0219i tratamentul bolilor ligamentelor, activarea proceselor de regenerare \u0219i tratamentul complementar al bolilor cronice ale ligamentelor.<\/p>\n<p>Efectul Medal \u201eELAST\u201d vizeaz\u0103 restabilirea proceselor metabolice normale \u00een celulele \u0219i \u021besuturile ligamentelor, \u00eencetinind procesul de \u00eemb\u0103tr\u00e2nire.<\/p>\n<p>Acest instrument are un impact pozitiv asupra st\u0103rii func\u021biilor corpului \u0219i poate fi utilizat \u00een combina\u021bie cu alte metode ca instrument de optimizare \u0219i corec\u021bie:<\/p>\n<ul>\n<li>spore\u0219te flexibilitatea ligamentelor \u0219i cre\u0219te amplitudinea mi\u0219c\u0103rilor articulare ca r\u0103spuns la modific\u0103rile legate de v\u00e2rst\u0103<\/li>\n<li>reduce probabilitatea de r\u0103nire a tendoanelor \u0219i ligamentelor<\/li>\n<li>reducerea timpului de vindecare dup\u0103 afectarea ligamentelor (entorse, rupturi)<\/li>\n<li>\u00eencetinirea schimb\u0103rilor legate de v\u00e2rst\u0103 la nivelul articula\u021biilor<\/li>\n<li>\u00eent\u0103rirea ligamentelor organelor interne, prevenirea prolapsului acestora (uter, intestin, rinichi, stomac)<\/li>\n<\/ul>\n<div class=\"su-spoiler su-spoiler-style-defoult su-spoiler-icon-caret su-spoiler-closed\" data-scroll-offset=\"0\" data-anchor-in-url=\"no\"><div class=\"su-spoiler-title\" tabindex=\"0\" role=\"button\"><span class=\"su-spoiler-icon\"><\/span>Toate<\/div><div class=\"su-spoiler-content su-u-clearfix su-u-trim\">\n<strong>Efecte:<\/strong><\/p>\n<ul>\n<li>repararea proceselor metabolice din \u021besuturile conjunctive ale articula\u021biilor \u0219i organelor interne, inclusiv contractura Dupuytren (contractura: scurtarea tendoanelor \u0219i\/sau a mu\u0219chilor, contrac\u021bia care provoac\u0103 deformarea \u0219i\/sau constr\u00e2ngerea)<\/li>\n<li>\u00eencetinirea modific\u0103rilor \u201elegate de v\u00e2rst\u0103\u201d ale sistemului musculo-scheletic<\/li>\n<li>\u00eembun\u0103t\u0103\u021be\u0219te flexibilitatea mu\u0219chilor \u0219i a ligamentelor<\/li>\n<li>accelereaz\u0103 recuperarea dup\u0103 leziuni \u0219i interven\u021bii chirurgicale, prevenind formarea cicatricilor aspre.<\/li>\n<\/ul>\n<\/div><\/div>","protected":false},"excerpt":{"rendered":"<p>Kieg\u00e9sz\u00edt\u0151 eszk\u00f6z a ligamentum betegs\u00e9geinek megel\u0151z\u00e9s\u00e9re \u00e9s kezel\u00e9s\u00e9re, regener\u00e1ci\u00f3s folyamatok aktiv\u00e1l\u00e1s\u00e1ra \u00e9s a ligamentum kr\u00f3nikus betegs\u00e9geinek kieg\u00e9sz\u00edt\u0151 kezel\u00e9s\u00e9re. A &#8222;ELAST&#8221; Med\u00e1l hat\u00e1sa a norm\u00e1lis anyagcsere-folyamatok helyre\u00e1ll\u00edt\u00e1s\u00e1ra ir\u00e1nyul a ligamentumok sejtjeiben \u00e9s sz\u00f6veteiben, lass\u00edtva az \u00f6reged\u00e9si folyamatokat is. Ez az eszk\u00f6z pozit\u00edv hat\u00e1ssal van a testfunkci\u00f3k \u00e1llapot\u00e1ra, az optimaliz\u00e1l\u00e1s \u00e9s korrekci\u00f3 eszk\u00f6zek\u00e9nt haszn\u00e1lhat\u00f3 egy\u00e9b m\u00f3dszerekkel is [&hellip;]<\/p>\n","protected":false},"featured_media":4689,"comment_status":"open","ping_status":"closed","template":"","meta":[],"product_brand":[],"product_cat":[33,32],"product_tag":[],"class_list":{"0":"post-4690","1":"product","2":"type-product","3":"status-publish","4":"has-post-thumbnail","6":"product_cat-egeszseg-medalok","7":"product_cat-triomed","9":"first","10":"instock","11":"taxable","12":"shipping-taxable","13":"purchasable","14":"product-type-simple"},"_links":{"self":[{"href":"https:\/\/vetomshop.hu\/ro\/wp-json\/wp\/v2\/product\/4690","targetHints":{"allow":["GET"]}}],"collection":[{"href":"https:\/\/vetomshop.hu\/ro\/wp-json\/wp\/v2\/product"}],"about":[{"href":"https:\/\/vetomshop.hu\/ro\/wp-json\/wp\/v2\/types\/product"}],"replies":[{"embeddable":true,"href":"https:\/\/vetomshop.hu\/ro\/wp-json\/wp\/v2\/comments?post=4690"}],"wp:featuredmedia":[{"embeddable":true,"href":"https:\/\/vetomshop.hu\/ro\/wp-json\/wp\/v2\/media\/4689"}],"wp:attachment":[{"href":"https:\/\/vetomshop.hu\/ro\/wp-json\/wp\/v2\/media?parent=4690"}],"wp:term":[{"taxonomy":"product_brand","embeddable":true,"href":"https:\/\/vetomshop.hu\/ro\/wp-json\/wp\/v2\/product_brand?post=4690"},{"taxonomy":"product_cat","embeddable":true,"href":"https:\/\/vetomshop.hu\/ro\/wp-json\/wp\/v2\/product_cat?post=4690"},{"taxonomy":"product_tag","embeddable":true,"href":"https:\/\/vetomshop.hu\/ro\/wp-json\/wp\/v2\/product_tag?post=4690"}],"curies":[{"name":"wp","href":"https:\/\/api.w.org\/{rel}","templated":true}]}}