{"id":4694,"date":"2023-11-11T14:33:50","date_gmt":"2023-11-11T13:33:50","guid":{"rendered":"https:\/\/vetomshop.hu\/termek\/eros-plus\/"},"modified":"2023-11-11T14:33:50","modified_gmt":"2023-11-11T13:33:50","slug":"eros-plus","status":"publish","type":"product","link":"https:\/\/vetomshop.hu\/ro\/produs\/eros-plus\/","title":{"rendered":"Eros plus"},"content":{"rendered":"<h4>\u201ePandantiv \u201dEROS plus\"<\/h4>\n<p>\u201ePandantiv \u201dEROS plus\" - un dispozitiv pentru ajustarea biofizic\u0103 fin\u0103 a glandelor responsabile pentru producerea feromonilor sexuali masculini androstenol \u0219i androsteron.<br \/>\nFeromonii umani sunt compu\u0219i biochimici speciali produ\u0219i de glande speciale din epiteliul exterior. Feromonii care p\u0103trund \u00een mediu sunt detecta\u021bi de receptorii olfactivi, care \u201etransmit un semnal\u201d c\u0103tre emisferele creierului uman. Principalele feromoni produse de om sunt Androstenolul \u0219i Androsteronul.<\/p>\n<div class=\"su-spoiler su-spoiler-style-defoult su-spoiler-icon-caret su-spoiler-closed\" data-scroll-offset=\"0\" data-anchor-in-url=\"no\"><div class=\"su-spoiler-title\" tabindex=\"0\" role=\"button\"><span class=\"su-spoiler-icon\"><\/span>Toate<\/div><div class=\"su-spoiler-content su-u-clearfix su-u-trim\">\n<p>Androstenolul este un feromon universal sintetizat de ambele sexe. Acesta ajut\u0103 la evocarea foarte rapid\u0103 a simpatiei pentru interlocutor, st\u00e2rnind dorin\u021ba de a comunica. Posesorul unui parfum care con\u021bine androstenol poart\u0103 o aur\u0103 de tinere\u021be \u0219i prospe\u021bime, indiferent de v\u00e2rst\u0103.<\/p>\n<p>Androsteronul - un analog al unei substan\u021be sintetizate numai de membrii sexului puternic. Este, de asemenea, cunoscut sub numele de feromonul curajului, deoarece purt\u0103torul s\u0103u are o aur\u0103 \u00eencrez\u0103toare, puternic\u0103, care este atractiv\u0103 pentru femei.<\/p>\n<p>Purtarea pandantivului \u201eEROS plus\u201d v\u0103 stimuleaz\u0103 propria produc\u021bie de feromoni.<\/p>\n<p>Pandantivul \u201eEROS plus\u201d v\u0103 va ajuta s\u0103 c\u00e2\u0219tiga\u021bi \u00eencredere \u00een sine, s\u0103 c\u00e2\u0219tiga\u021bi simpatia sexului opus.<\/p>\n<\/div><\/div>","protected":false},"excerpt":{"rendered":"<p>&#8222;EROS plus&#8221; med\u00e1l &#8222;EROS plus&#8221; med\u00e1l \u2013 a f\u00e9rfi nemi feromonok \u2013 androstenol \u00e9s androsteron \u2013 el\u0151\u00e1ll\u00edt\u00e1s\u00e1\u00e9rt felel\u0151s mirigyek finom biofizikai be\u00e1ll\u00edt\u00e1s\u00e1ra szolg\u00e1l\u00f3 eszk\u00f6z. Az emberi feromonok k\u00fcl\u00f6nleges biok\u00e9miai vegy\u00fcletek, amelyeket a k\u00fcls\u0151 epitheliumban tal\u00e1lhat\u00f3 speci\u00e1lis mirigyek termelnek. A k\u00f6rnyezetbe behatol\u00f3 feromonok a szagl\u00f3receptorok seg\u00edts\u00e9g\u00e9vel \u00e9rz\u00e9kelhet\u0151k, amik \u201e jelet k\u00f6zvet\u00edtenek\u201d az emberi agy f\u00e9ltek\u00e9ire. Az [&hellip;]<\/p>\n","protected":false},"featured_media":4693,"comment_status":"open","ping_status":"closed","template":"","meta":[],"product_brand":[],"product_cat":[33,32],"product_tag":[],"class_list":{"0":"post-4694","1":"product","2":"type-product","3":"status-publish","4":"has-post-thumbnail","6":"product_cat-egeszseg-medalok","7":"product_cat-triomed","9":"first","10":"instock","11":"taxable","12":"shipping-taxable","13":"purchasable","14":"product-type-simple"},"_links":{"self":[{"href":"https:\/\/vetomshop.hu\/ro\/wp-json\/wp\/v2\/product\/4694","targetHints":{"allow":["GET"]}}],"collection":[{"href":"https:\/\/vetomshop.hu\/ro\/wp-json\/wp\/v2\/product"}],"about":[{"href":"https:\/\/vetomshop.hu\/ro\/wp-json\/wp\/v2\/types\/product"}],"replies":[{"embeddable":true,"href":"https:\/\/vetomshop.hu\/ro\/wp-json\/wp\/v2\/comments?post=4694"}],"wp:featuredmedia":[{"embeddable":true,"href":"https:\/\/vetomshop.hu\/ro\/wp-json\/wp\/v2\/media\/4693"}],"wp:attachment":[{"href":"https:\/\/vetomshop.hu\/ro\/wp-json\/wp\/v2\/media?parent=4694"}],"wp:term":[{"taxonomy":"product_brand","embeddable":true,"href":"https:\/\/vetomshop.hu\/ro\/wp-json\/wp\/v2\/product_brand?post=4694"},{"taxonomy":"product_cat","embeddable":true,"href":"https:\/\/vetomshop.hu\/ro\/wp-json\/wp\/v2\/product_cat?post=4694"},{"taxonomy":"product_tag","embeddable":true,"href":"https:\/\/vetomshop.hu\/ro\/wp-json\/wp\/v2\/product_tag?post=4694"}],"curies":[{"name":"wp","href":"https:\/\/api.w.org\/{rel}","templated":true}]}}