{"id":4700,"date":"2023-11-11T14:33:51","date_gmt":"2023-11-11T13:33:51","guid":{"rendered":"https:\/\/vetomshop.hu\/termek\/jo-ejt-medal\/"},"modified":"2026-03-30T09:26:44","modified_gmt":"2026-03-30T07:26:44","slug":"jo-ejt-medal","status":"publish","type":"product","link":"https:\/\/vetomshop.hu\/ro\/produs\/jo-ejt-medal\/","title":{"rendered":"Medalia Noapte bun\u0103"},"content":{"rendered":"<p>\u201ePandantiv \u201dNoapte bun\u0103\" - transmite semnale bl\u00e2nde extreme care contribuie la adormirea mai u\u0219oar\u0103 \u0219i la o mai bun\u0103 calitate a somnului.<\/p>\n<p><strong>Sugestii pentru un somn mai bun:<\/strong><\/p>\n<ul>\n<li>evita\u021bi b\u0103uturile cofeinizate, nicotina, cantit\u0103\u021bile mari de alcool<\/li>\n<li>merge\u021bi c\u00e2t mai mult posibil, introduce\u021bi exerci\u021biile fizice \u00een stilul dumneavoastr\u0103 de via\u021b\u0103,<\/li>\n<li>dormitorul dvs. ar trebui s\u0103 fie mai r\u0103coros \u0219i s\u0103 aib\u0103 aer proasp\u0103t,<\/li>\n<li>nu au un somn bun,<\/li>\n<li>nu dormi\u021bi \u00een timpul zilei,<\/li>\n<li>utiliza\u021bi pandantivul Noapte bun\u0103.<\/li>\n<\/ul>\n<p><strong>Impactul pandantivului:<\/strong><\/p>\n<ul>\n<li>reduce stresul psiho-emo\u021bional,<\/li>\n<li>reduce sentimentele de anxietate \u0219i alarm\u0103, frica,<\/li>\n<li>ajut\u0103 la normalizarea somnului\/somnului.<\/li>\n<\/ul>","protected":false},"excerpt":{"rendered":"<p>\u201eJ\u00f3 \u00e9jt\u201d Med\u00e1l-olyan extr\u00e9m gyeng\u00e9d jeleket hordoz, melyek hozz\u00e1j\u00e1rulnak a k\u00f6nnyebb elalv\u00e1s\u00e9rt \u00e9s az alv\u00e1s jobb min\u0151s\u00e9g\u00e9\u00e9rt. Javaslatok a jobb alv\u00e1s\u00e9rt: ne fogyasszon koffein tartalm\u00fa italokat-\u00e9teleket, nikotint, nagyobb mennyis\u00e9g\u0171 alkoholt s\u00e9t\u00e1ljon min\u00e9l t\u00f6bbet, vezesse be \u00e9letm\u00f3dj\u00e1ba a mozg\u00e1st, a h\u00e1l\u00f3szob\u00e1j\u00e1ban legyen h\u0171v\u00f6sebb, \u00e9s friss leveg\u0151, ne lakjon j\u00f3l lefekv\u00e9s el\u0151tt, ne aludjon a napk\u00f6zben, haszn\u00e1lja [&hellip;]<\/p>\n","protected":false},"featured_media":4699,"comment_status":"open","ping_status":"closed","template":"","meta":[],"product_brand":[],"product_cat":[33,32],"product_tag":[],"class_list":{"0":"post-4700","1":"product","2":"type-product","3":"status-publish","4":"has-post-thumbnail","6":"product_cat-egeszseg-medalok","7":"product_cat-triomed","9":"first","10":"instock","11":"taxable","12":"shipping-taxable","13":"purchasable","14":"product-type-simple"},"_links":{"self":[{"href":"https:\/\/vetomshop.hu\/ro\/wp-json\/wp\/v2\/product\/4700","targetHints":{"allow":["GET"]}}],"collection":[{"href":"https:\/\/vetomshop.hu\/ro\/wp-json\/wp\/v2\/product"}],"about":[{"href":"https:\/\/vetomshop.hu\/ro\/wp-json\/wp\/v2\/types\/product"}],"replies":[{"embeddable":true,"href":"https:\/\/vetomshop.hu\/ro\/wp-json\/wp\/v2\/comments?post=4700"}],"wp:featuredmedia":[{"embeddable":true,"href":"https:\/\/vetomshop.hu\/ro\/wp-json\/wp\/v2\/media\/4699"}],"wp:attachment":[{"href":"https:\/\/vetomshop.hu\/ro\/wp-json\/wp\/v2\/media?parent=4700"}],"wp:term":[{"taxonomy":"product_brand","embeddable":true,"href":"https:\/\/vetomshop.hu\/ro\/wp-json\/wp\/v2\/product_brand?post=4700"},{"taxonomy":"product_cat","embeddable":true,"href":"https:\/\/vetomshop.hu\/ro\/wp-json\/wp\/v2\/product_cat?post=4700"},{"taxonomy":"product_tag","embeddable":true,"href":"https:\/\/vetomshop.hu\/ro\/wp-json\/wp\/v2\/product_tag?post=4700"}],"curies":[{"name":"wp","href":"https:\/\/api.w.org\/{rel}","templated":true}]}}