{"id":4702,"date":"2023-11-11T14:33:52","date_gmt":"2023-11-11T13:33:52","guid":{"rendered":"https:\/\/vetomshop.hu\/termek\/happy-dog-medal\/"},"modified":"2023-11-11T14:33:52","modified_gmt":"2023-11-11T13:33:52","slug":"happy-dog-medal","status":"publish","type":"product","link":"https:\/\/vetomshop.hu\/ro\/produs\/happy-dog-medal\/","title":{"rendered":"Pandantiv c\u00e2ine fericit"},"content":{"rendered":"<h4>Medalia Happy Dog pentru c\u00e2ini<\/h4>\n<p>Acesta poate fi utilizat pentru a preveni \u0219i trata urm\u0103toarele boli:<\/p>\n<ul>\n<li>boli infec\u021bioase,<\/li>\n<li>alergii (erup\u021bii cutanate, m\u00e2nc\u0103rime, c\u0103derea p\u0103rului, sufocare)<\/li>\n<li>otr\u0103vire (prin alimente, otr\u0103vuri)<\/li>\n<li>boli endocrine (diabet, boli tiroidiene)<\/li>\n<li>boli articulare<\/li>\n<\/ul>\n<p><strong>De asemenea, se aplic\u0103:<\/strong><\/p>\n<ul>\n<li>prelungirea vie\u021bii c\u00e2inilor b\u0103tr\u00e2ni \u0219i \u00eembun\u0103t\u0103\u021birea st\u0103rii lor<\/li>\n<li>dezvoltarea s\u0103n\u0103toas\u0103 a c\u0103\u021belu\u0219ilor<\/li>\n<li>pentru reabilitarea rapid\u0103 dup\u0103 o interven\u021bie chirurgical\u0103 sau o boal\u0103 grav\u0103<\/li>\n<li>vindecarea r\u0103nilor (r\u0103ni, mu\u0219chi \u00eentin\u0219i, fracturi, arsuri)<\/li>\n<li>reabilitare postnatal\u0103<\/li>\n<\/ul>\n<p><strong>Cerere:<\/strong><\/p>\n<p>\u201eHappyDOG\u201d<\/p>\n<p>Imunomodulatorul fizioterapeutic poate fi ata\u0219at la zgarda c\u00e2inelui. Utilizarea sa nu este limitat\u0103, dar ar trebui s\u0103 fie purtat timp de cel pu\u021bin 30 de minute pe zi.<\/p>","protected":false},"excerpt":{"rendered":"<p>Happy Dog Med\u00e1l kuty\u00e1knak Alkalmazhat\u00f3 a k\u00f6vetkez\u0151 betegs\u00e9gek megel\u0151z\u00e9s\u00e9ben \u00e9s kezel\u00e9s\u00e9ben: infekci\u00f3s betegs\u00e9gek, allergi\u00e1k (ki\u00fct\u00e9sek, viszket\u00e9s, sz\u0151rhull\u00e1s, fullad\u00e1s) m\u00e9rgez\u00e9s (\u00e9tel \u00e1ltal, m\u00e9rgekkel) endokrin megbeteged\u00e9sek (cukorbetegs\u00e9g, a pajzsmirigy betegs\u00e9gei) \u00edz\u00fcleti betegs\u00e9gek Tov\u00e1bb\u00e1 alkalmazhat\u00f3: az id\u0151s kuty\u00e1k \u00e9let\u00e9nek meghosszabb\u00edt\u00e1s\u00e1ban, \u00e1llapotuk jav\u00edt\u00e1s\u00e1ban a k\u00f6lyk\u00f6k eg\u00e9szs\u00e9ges fejl\u0151d\u00e9s\u00e9ben a gyors rehabilit\u00e1ci\u00f3ban a m\u0171t\u00e9tek vagy s\u00falyos betegs\u00e9gek ut\u00e1n s\u00e9r\u00fcl\u00e9sek gy\u00f3gy\u00edt\u00e1s\u00e1ban (sebek, [&hellip;]<\/p>\n","protected":false},"featured_media":4701,"comment_status":"open","ping_status":"closed","template":"","meta":[],"product_brand":[],"product_cat":[33,32],"product_tag":[],"class_list":{"0":"post-4702","1":"product","2":"type-product","3":"status-publish","4":"has-post-thumbnail","6":"product_cat-egeszseg-medalok","7":"product_cat-triomed","9":"first","10":"instock","11":"taxable","12":"shipping-taxable","13":"purchasable","14":"product-type-simple"},"_links":{"self":[{"href":"https:\/\/vetomshop.hu\/ro\/wp-json\/wp\/v2\/product\/4702","targetHints":{"allow":["GET"]}}],"collection":[{"href":"https:\/\/vetomshop.hu\/ro\/wp-json\/wp\/v2\/product"}],"about":[{"href":"https:\/\/vetomshop.hu\/ro\/wp-json\/wp\/v2\/types\/product"}],"replies":[{"embeddable":true,"href":"https:\/\/vetomshop.hu\/ro\/wp-json\/wp\/v2\/comments?post=4702"}],"wp:featuredmedia":[{"embeddable":true,"href":"https:\/\/vetomshop.hu\/ro\/wp-json\/wp\/v2\/media\/4701"}],"wp:attachment":[{"href":"https:\/\/vetomshop.hu\/ro\/wp-json\/wp\/v2\/media?parent=4702"}],"wp:term":[{"taxonomy":"product_brand","embeddable":true,"href":"https:\/\/vetomshop.hu\/ro\/wp-json\/wp\/v2\/product_brand?post=4702"},{"taxonomy":"product_cat","embeddable":true,"href":"https:\/\/vetomshop.hu\/ro\/wp-json\/wp\/v2\/product_cat?post=4702"},{"taxonomy":"product_tag","embeddable":true,"href":"https:\/\/vetomshop.hu\/ro\/wp-json\/wp\/v2\/product_tag?post=4702"}],"curies":[{"name":"wp","href":"https:\/\/api.w.org\/{rel}","templated":true}]}}