{"id":4706,"date":"2023-11-11T14:33:52","date_gmt":"2023-11-11T13:33:52","guid":{"rendered":"https:\/\/vetomshop.hu\/termek\/odont-medal\/"},"modified":"2024-08-07T16:07:27","modified_gmt":"2024-08-07T14:07:27","slug":"odont-medal","status":"publish","type":"product","link":"https:\/\/vetomshop.hu\/ro\/produs\/odont-medal\/","title":{"rendered":"Medalia Odont"},"content":{"rendered":"<h4>Medalia Odont<\/h4>\n<p>Este un ajutor pentru prevenirea \u0219i reabilitarea bolilor parodontale \u0219i pentru \u00eembun\u0103t\u0103\u021birea proceselor regenerative.<\/p>\n<p>Periodon\u021biu - complexul de \u021besuturi care \u00eenconjoar\u0103 din\u021bii.<\/p>\n<p>Parodon\u021biul \u00eenconjoar\u0103 \u0219i sus\u021bine din\u021bii. Parodon\u021biul asigur\u0103 o ancorare flexibil\u0103 pentru r\u0103d\u0103cina dintelui. Principalele p\u0103r\u021bi ale parodon\u021biului sunt: gingia, periostul, cimentul, ligamentul parodontal. Originea \u0219i func\u021bia lor sunt comune.<\/p>\n<p>Efectul pandantivului \u201eODONT\u201d este de a activa ap\u0103rarea organismului, de a restabili procesele fiziologice normale \u00een celulele \u0219i \u021besuturile parodon\u021biului, cresc\u00e2nd rezisten\u021ba la factorii de mediu adversi.<\/p>\n<p>Acest instrument are un efect pozitiv asupra st\u0103rii func\u021biilor organismului \u0219i poate fi utilizat ca un instrument optim \u0219i corectiv pentru alte afec\u021biuni, cum ar fi gingivita, parodontita, boala parodontal\u0103, leziunile parodontale, Itsenko-Cushing, Elers-Danlos, Shediak Higashi, sindromul Down, tulbur\u0103ri de s\u00e2nge etc.<\/p>\n<div class=\"su-spoiler su-spoiler-style-defoult su-spoiler-icon-caret su-spoiler-closed\" data-scroll-offset=\"0\" data-anchor-in-url=\"no\"><div class=\"su-spoiler-title\" tabindex=\"0\" role=\"button\"><span class=\"su-spoiler-icon\"><\/span>Toate<\/div><div class=\"su-spoiler-content su-u-clearfix su-u-trim\">\n<strong>Efecte:<\/strong><\/p>\n<ul>\n<li>normalizeaz\u0103 circula\u021bia sanguin\u0103, starea imunitar\u0103 \u0219i metabolismul parodontal, prevenind apari\u021bia bolilor;<\/li>\n<li>ajut\u0103 la \u00eembun\u0103t\u0103\u021birea func\u021biei parodontale;<\/li>\n<li>reduce severitatea fenomenelor inflamatorii \u0219i degenerative \u00een boala parodontal\u0103;<\/li>\n<li>ajut\u0103 la accelerarea proceselor de regenerare \u0219i reparare parodontal\u0103;<\/li>\n<li>ajut\u0103 la eliminarea respira\u021biei ur\u00e2t mirositoare;<\/li>\n<li>ajut\u0103 la prevenirea mobilit\u0103\u021bii patologice a din\u021bilor.<\/li>\n<\/ul>\n<\/div><\/div>","protected":false},"excerpt":{"rendered":"<p>Odont Med\u00e1l Seg\u00e9deszk\u00f6z a periodont\u00e1lis betegs\u00e9gek megel\u0151z\u00e9s\u00e9re \u00e9s rehabilit\u00e1ci\u00f3j\u00e1ra, a regenerat\u00edv folyamatok fokoz\u00e1s\u00e1ra. A fog\u00e1gy (parodontium) &#8211; a fogakat k\u00f6r\u00fclvev\u0151 sz\u00f6vetek komplexuma. A parodontium k\u00f6r\u00fclveszi \u00e9s megt\u00e1masztja a fogakat. A fog\u00e1gy a fogak gy\u00f6ker\u00e9nek rugalmas elhorgonyz\u00e1s\u00e1t biztos\u00edtja. A parodontium f\u0151 r\u00e9szei: \u00edny, gy\u00f6k\u00e9rh\u00e1rtya, cement, fogmederny\u00falv\u00e1ny. Eredet\u00fck \u00e9s funkci\u00f3juk k\u00f6z\u00f6s. Az &#8222;ODONT&#8221; med\u00e1l hat\u00e1sa arra ir\u00e1nyul, [&hellip;]<\/p>\n","protected":false},"featured_media":4705,"comment_status":"open","ping_status":"closed","template":"","meta":[],"product_brand":[],"product_cat":[33,32],"product_tag":[],"class_list":{"0":"post-4706","1":"product","2":"type-product","3":"status-publish","4":"has-post-thumbnail","6":"product_cat-egeszseg-medalok","7":"product_cat-triomed","9":"first","10":"instock","11":"taxable","12":"shipping-taxable","13":"purchasable","14":"product-type-simple"},"_links":{"self":[{"href":"https:\/\/vetomshop.hu\/ro\/wp-json\/wp\/v2\/product\/4706","targetHints":{"allow":["GET"]}}],"collection":[{"href":"https:\/\/vetomshop.hu\/ro\/wp-json\/wp\/v2\/product"}],"about":[{"href":"https:\/\/vetomshop.hu\/ro\/wp-json\/wp\/v2\/types\/product"}],"replies":[{"embeddable":true,"href":"https:\/\/vetomshop.hu\/ro\/wp-json\/wp\/v2\/comments?post=4706"}],"wp:featuredmedia":[{"embeddable":true,"href":"https:\/\/vetomshop.hu\/ro\/wp-json\/wp\/v2\/media\/4705"}],"wp:attachment":[{"href":"https:\/\/vetomshop.hu\/ro\/wp-json\/wp\/v2\/media?parent=4706"}],"wp:term":[{"taxonomy":"product_brand","embeddable":true,"href":"https:\/\/vetomshop.hu\/ro\/wp-json\/wp\/v2\/product_brand?post=4706"},{"taxonomy":"product_cat","embeddable":true,"href":"https:\/\/vetomshop.hu\/ro\/wp-json\/wp\/v2\/product_cat?post=4706"},{"taxonomy":"product_tag","embeddable":true,"href":"https:\/\/vetomshop.hu\/ro\/wp-json\/wp\/v2\/product_tag?post=4706"}],"curies":[{"name":"wp","href":"https:\/\/api.w.org\/{rel}","templated":true}]}}