{"id":4708,"date":"2023-11-11T14:33:53","date_gmt":"2023-11-11T13:33:53","guid":{"rendered":"https:\/\/vetomshop.hu\/termek\/omega-medal\/"},"modified":"2023-11-11T14:33:53","modified_gmt":"2023-11-11T13:33:53","slug":"omega-medal","status":"publish","type":"product","link":"https:\/\/vetomshop.hu\/ro\/produs\/omega-medal\/","title":{"rendered":"Medalia Omega"},"content":{"rendered":"<h4>Medalia Omega<\/h4>\n<p>Utilizarea zilnic\u0103 a Medaliilor Triomed poate sprijini realizarea unei vie\u021bi lungi, fericite \u0219i s\u0103n\u0103toase. Acestea armonizeaz\u0103 u\u0219or corpul \u0219i pot contribui la corectarea informa\u021biei energetice.<\/p>\n<p>Pentru cine este recomandat?<\/p>\n<p>Pentru to\u021bi cei care sufer\u0103 de hipertensiune arterial\u0103, probleme circulatorii.<\/p>\n<p><strong>Avertisment important:<\/strong><\/p>\n<p>Consulta\u021bi \u00eentotdeauna un medic dac\u0103 ave\u021bi o boal\u0103 cardiovascular\u0103. \u00cen plus fa\u021b\u0103 de tratamentul prescris de medicul dumneavoastr\u0103, pute\u021bi utiliza \u0219i Triomed Omega Medal pentru a promova vindecarea \u0219i a accelera procesul de regenerare.<\/p>\n<p>Copiii cu v\u00e2rsta sub 6 ani trebuie folosi\u021bi numai sub supravegherea p\u0103rin\u021bilor!<\/p>\n<p>Pandantivele Triomed sunt impermeabile \u0219i pot fi plasate \u00een ap\u0103.<\/p>\n<p>Toate medaliile Triomed sunt supuse unui test spectral - fotometric - special \u00eenainte de a fi puse \u00een v\u00e2nzare, care asigur\u0103 calitatea \u0219i coeren\u021ba semnalelor.<\/p>","protected":false},"excerpt":{"rendered":"<p>Omega Med\u00e1l A Triomed Med\u00e1lok napi szinten t\u00f6rt\u00e9n\u0151 alkalmaz\u00e1sa t\u00e1mogathatja a hossz\u00fa, boldog, eg\u00e9szs\u00e9ges \u00e9let el\u00e9r\u00e9s\u00e9t. L\u00e1gyan harmoniz\u00e1lj\u00e1k a szervezetet, hozz\u00e1j\u00e1rulhatnak az energia-inform\u00e1ci\u00f3s korrekci\u00f3hoz. Kiknek aj\u00e1nljuk? Mindazoknak, akik magas v\u00e9rnyom\u00e1st\u00f3l, kering\u00e9si probl\u00e9m\u00e1kt\u00f3l szenvednek. Fontos figyelmeztet\u00e9s: A sz\u00edv-\u00e9s \u00e9rrendszer megbeteged\u00e9sein\u00e9l mindig forduljon orvoshoz. Az orvos \u00e1ltal el\u0151\u00edrt kezel\u00e9s mellett p\u00e1rhuzamosan alkalmazhatja a Triomed Omega Med\u00e1lt a [&hellip;]<\/p>\n","protected":false},"featured_media":4707,"comment_status":"open","ping_status":"closed","template":"","meta":[],"product_brand":[],"product_cat":[33,32],"product_tag":[],"class_list":{"0":"post-4708","1":"product","2":"type-product","3":"status-publish","4":"has-post-thumbnail","6":"product_cat-egeszseg-medalok","7":"product_cat-triomed","9":"first","10":"instock","11":"taxable","12":"shipping-taxable","13":"purchasable","14":"product-type-simple"},"_links":{"self":[{"href":"https:\/\/vetomshop.hu\/ro\/wp-json\/wp\/v2\/product\/4708","targetHints":{"allow":["GET"]}}],"collection":[{"href":"https:\/\/vetomshop.hu\/ro\/wp-json\/wp\/v2\/product"}],"about":[{"href":"https:\/\/vetomshop.hu\/ro\/wp-json\/wp\/v2\/types\/product"}],"replies":[{"embeddable":true,"href":"https:\/\/vetomshop.hu\/ro\/wp-json\/wp\/v2\/comments?post=4708"}],"wp:featuredmedia":[{"embeddable":true,"href":"https:\/\/vetomshop.hu\/ro\/wp-json\/wp\/v2\/media\/4707"}],"wp:attachment":[{"href":"https:\/\/vetomshop.hu\/ro\/wp-json\/wp\/v2\/media?parent=4708"}],"wp:term":[{"taxonomy":"product_brand","embeddable":true,"href":"https:\/\/vetomshop.hu\/ro\/wp-json\/wp\/v2\/product_brand?post=4708"},{"taxonomy":"product_cat","embeddable":true,"href":"https:\/\/vetomshop.hu\/ro\/wp-json\/wp\/v2\/product_cat?post=4708"},{"taxonomy":"product_tag","embeddable":true,"href":"https:\/\/vetomshop.hu\/ro\/wp-json\/wp\/v2\/product_tag?post=4708"}],"curies":[{"name":"wp","href":"https:\/\/api.w.org\/{rel}","templated":true}]}}