{"id":4710,"date":"2023-11-11T14:33:53","date_gmt":"2023-11-11T13:33:53","guid":{"rendered":"https:\/\/vetomshop.hu\/termek\/prunus-cerasus-meggy-medal\/"},"modified":"2023-11-11T14:33:53","modified_gmt":"2023-11-11T13:33:53","slug":"prunus-cerasus-meggy-medal","status":"publish","type":"product","link":"https:\/\/vetomshop.hu\/ro\/produs\/prunus-cerasus-meggy-medal\/","title":{"rendered":"Prunus cerasus - Pandantiv Meggy"},"content":{"rendered":"<h4>Prunus cerasus - Meggy Medal-Streptococcus, Staphylococcus pentru tratamentul suplimentar al infec\u021biilor<\/h4>\n<p>Streptococcus pyogenes, cunoscut \u0219i sub denumirea de streptococ de tip A, este o bacterie extrem de comun\u0103: aproape nimeni nu a avut vreodat\u0103 o durere \u00een g\u00e2t f\u0103r\u0103 aceast\u0103 bacterie, \u00een mare parte inofensiv\u0103, care se depune \u00een g\u00e2t. \u00cens\u0103 aceea\u0219i bacterie care locuie\u0219te \u00een g\u00e2t este \u0219i cauza scarlatinei, o boal\u0103 a copil\u0103riei \u00eenso\u021bit\u0103 de febr\u0103 \u0219i erup\u021bie cutanat\u0103 pe tot corpul, prin toxinele sale secretate \u00een fluxul sanguin. De fapt, infec\u021biile streptococice prelungite netratate pot duce la febr\u0103 reumatic\u0103, o boal\u0103 grav\u0103 care atac\u0103 articula\u021biile \u0219i inima.<\/p>\n<p>Staphylococcus aureus este o bacterie la fel de comun\u0103 care se g\u0103se\u0219te pe aproape toat\u0103 pielea noastr\u0103 \u0219i este unul dintre agen\u021bii cauzali ai acneei pustuloase \u0219i ai pustulelor. De\u0219i aceste leziuni cutanate pot fi considerate \u00een cel mai bun caz nepl\u0103cute, afec\u021biunile cutanate persistente, \u00een special la copii, cum ar fi furunculele sau abcesele de pe diferite p\u0103r\u021bi ale corpului, pot cauza probleme serioase, ca s\u0103 nu mai vorbim de infec\u021biile grave \u0219i poten\u021bial fatale, cum ar fi pneumonia, meningita, osteomielita sau pericardita. Stafilococii, care colonizeaz\u0103 mai ales pielea, pot provoca toate acestea dac\u0103 li se ofer\u0103 ocazia.<\/p>\n<div class=\"su-spoiler su-spoiler-style-defoult su-spoiler-icon-caret su-spoiler-closed\" data-scroll-offset=\"0\" data-anchor-in-url=\"no\"><div class=\"su-spoiler-title\" tabindex=\"0\" role=\"button\"><span class=\"su-spoiler-icon\"><\/span>Toate<\/div><div class=\"su-spoiler-content su-u-clearfix su-u-trim\">\n<h5>Ce pot provoca microbii zilnici la locul nepotrivit?<\/h5>\n<p>Lec\u021bia este c\u0103 o bacterie aparent inofensiv\u0103 este doar relativ inofensiv\u0103 p\u00e2n\u0103 c\u00e2nd se afl\u0103 \u00eentr-un loc unde nu are ce c\u0103uta: \u00een special \u00een \u021besuturile profunde \u0219i<br \/>\n\u00een fluxul sanguin. De exemplu, dac\u0103 Streptococii sau Stafilococii ajung \u00een \u021besuturile subcutanate printr-o leziune, ace\u0219tia se pot r\u0103sp\u00e2ndi extrem de rapid \u0219i distructiv de-a lungul fasciei de \u021besut conjunctiv care \u00eenvele\u0219te mu\u0219chii \u0219i nervii - cunoscut sub denumirea colocvial\u0103 de \u201em\u00e2nc\u0103tor de carne\u201d. O \u00een\u021bep\u0103tur\u0103 de ac, o mu\u0219c\u0103tur\u0103 de insect\u0103, o v\u00e2n\u0103taie pot fi tot ce trebuie pentru a le face s\u0103 treac\u0103 prin piele - nu trebuie s\u0103 fie catastrofale, o ran\u0103 abia vizibil\u0103 este suficient\u0103. Exist\u0103 un risc crescut dac\u0103 pielea este deja r\u0103nit\u0103 - de exemplu, \u00een urma unei interven\u021bii chirurgicale, a unei erup\u021bii acute cauzate de o infec\u021bie viral\u0103 sau ca o complica\u021bie a diabetului - sau dac\u0103 sistemul imunitar este sl\u0103bit.<\/p>\n<h5>\u201eBacteria carnivor\u0103 \u201dm\u0103n\u00e2nc\u0103 carne\"?<\/h5>\n<p>\u201eBacteriile m\u00e2nc\u0103toare de carne\u201d nu formeaz\u0103 un grup \u00eensp\u0103im\u00e2nt\u0103tor \u0219i exotic de agen\u021bi patogeni: \u00een majoritatea cazurilor, microbii obi\u0219nui\u021bi, plasa\u021bi gre\u0219it \u00een locul nepotrivit, sunt cauza unor afec\u021biuni grave<br \/>\nun proces care implic\u0103 distrugerea \u021besuturilor \u0219i care amenin\u021b\u0103 direct via\u021ba.<\/p>\n<h5>Cum func\u021bioneaz\u0103 procesul?<\/h5>\n<p>\u201eInfec\u021bia devoratoare de carne\u201d, cunoscut\u0103 sub denumirea oficial\u0103 de fasciit\u0103 necrozant\u0103 (fasciit\u0103 necrozant\u0103), debuteaz\u0103 cu c\u00e2teva simptome caracteristice: umfl\u0103turi, ro\u0219ea\u021b\u0103, durere \u0219i, eventual, vezicule \u00een zona afectat\u0103. Deoarece procesul este profund, \u00een momentul \u00een care s-au format zonele purpurii decolorate ale pielii, b\u0103\u0219icile \u00eens\u00e2ngerate, exist\u0103 deja o distrugere masiv\u0103 a \u021besuturilor moi subcutanate.<\/p>\n<\/div><\/div>","protected":false},"excerpt":{"rendered":"<p>Prunus cerasus \u2013 Meggy Med\u00e1l-Streptococcus, Staphylococcus fert\u0151z\u00e9sek kieg\u00e9sz\u00edt\u0151 kezel\u00e9s\u00e9re A Streptococcus pyogenes, m\u00e1s nev\u00e9n az A-t\u00edpus\u00fa sztreptokokkusz rendk\u00edv\u00fcl k\u00f6z\u00f6ns\u00e9ges bakt\u00e9rium: aligha akad, akinek ne okozott volna m\u00e9g torokf\u00e1j\u00e1st ez a garatban megteleped\u0151, jobb\u00e1ra \u00e1rtalmatlan k\u00f3rokoz\u00f3. \u00c1m ugyanez a toroklak\u00f3 bakt\u00e9rium &#8211; a v\u00e9r\u00e1ramba kiv\u00e1lasztott m\u00e9reganyagai r\u00e9v\u00e9n &#8211; a skarl\u00e1t, a l\u00e1zzal \u00e9s a teljes testet [&hellip;]<\/p>\n","protected":false},"featured_media":4709,"comment_status":"open","ping_status":"closed","template":"","meta":[],"product_brand":[],"product_cat":[33,32],"product_tag":[],"class_list":{"0":"post-4710","1":"product","2":"type-product","3":"status-publish","4":"has-post-thumbnail","6":"product_cat-egeszseg-medalok","7":"product_cat-triomed","9":"first","10":"instock","11":"taxable","12":"shipping-taxable","13":"purchasable","14":"product-type-simple"},"_links":{"self":[{"href":"https:\/\/vetomshop.hu\/ro\/wp-json\/wp\/v2\/product\/4710","targetHints":{"allow":["GET"]}}],"collection":[{"href":"https:\/\/vetomshop.hu\/ro\/wp-json\/wp\/v2\/product"}],"about":[{"href":"https:\/\/vetomshop.hu\/ro\/wp-json\/wp\/v2\/types\/product"}],"replies":[{"embeddable":true,"href":"https:\/\/vetomshop.hu\/ro\/wp-json\/wp\/v2\/comments?post=4710"}],"wp:featuredmedia":[{"embeddable":true,"href":"https:\/\/vetomshop.hu\/ro\/wp-json\/wp\/v2\/media\/4709"}],"wp:attachment":[{"href":"https:\/\/vetomshop.hu\/ro\/wp-json\/wp\/v2\/media?parent=4710"}],"wp:term":[{"taxonomy":"product_brand","embeddable":true,"href":"https:\/\/vetomshop.hu\/ro\/wp-json\/wp\/v2\/product_brand?post=4710"},{"taxonomy":"product_cat","embeddable":true,"href":"https:\/\/vetomshop.hu\/ro\/wp-json\/wp\/v2\/product_cat?post=4710"},{"taxonomy":"product_tag","embeddable":true,"href":"https:\/\/vetomshop.hu\/ro\/wp-json\/wp\/v2\/product_tag?post=4710"}],"curies":[{"name":"wp","href":"https:\/\/api.w.org\/{rel}","templated":true}]}}