{"id":4714,"date":"2023-11-11T14:33:54","date_gmt":"2023-11-11T13:33:54","guid":{"rendered":"https:\/\/vetomshop.hu\/termek\/triomed-compact\/"},"modified":"2023-11-11T14:33:54","modified_gmt":"2023-11-11T13:33:54","slug":"triomed-compact","status":"publish","type":"product","link":"https:\/\/vetomshop.hu\/ro\/produs\/triomed-compact\/","title":{"rendered":"Triomed compact"},"content":{"rendered":"<h4>Ameliorarea durerii, reducerea inflama\u021biei, reabilitare, \u00eengrijire chiropractic\u0103, prim ajutor, boli cronice, electrosmog, stres, terapie cu lumin\u0103<\/h4>\n<p>Sistem de inovare pentru protec\u021bia s\u0103n\u0103t\u0103\u021bii \u0219i recuperare - <strong>Triomed compact.<\/strong><\/p>\n<p>Auzim aproape zilnic c\u0103 mediul nostru a devenit din ce \u00een ce mai agresiv.<\/p>\n<p>Substan\u021bele chimice din alimente \u0219i ap\u0103, poluarea aerului \u0219i ritmul de via\u021b\u0103 din ce \u00een ce mai rapid ne pun organismul la grea \u00eencercare. Bolile civiliza\u021biei, care sunt rezultatul schimb\u0103rii factorilor de mediu \u0219i a obiceiurilor alimentare, a condi\u021biilor de munc\u0103 \u0219i a stresului, pot fi, de asemenea, un motiv serios de \u00eengrijorare. Vindecarea lor reprezint\u0103 o provocare major\u0103 pentru medici, care sunt adesea neputincio\u0219i \u00een fa\u021ba acestei provoc\u0103ri. Adesea, dup\u0103 investiga\u021bii \u00eendelungate, ni se d\u0103 un nume latin care sun\u0103 bine (sau mai degrab\u0103 r\u0103u) pentru diagnostic \u0219i suntem sf\u0103tui\u021bi s\u0103 tr\u0103im cu el.<\/p>\n<p>Dar este pl\u0103cut s\u0103 tr\u0103ie\u0219ti via\u021ba \u00eentr-o astfel de condi\u021bie nefericit\u0103, petrec\u00e2nd decenii \u00eentre boal\u0103 \u0219i moarte? C\u00e2t\u0103 durere, resemnare, energie, bani, timp, dezam\u0103gire \u00eel \u00eenso\u021besc pe pacient de-a lungul drumului? C\u00e2te planuri ne\u00eemplinite, obiective, cariere, dorin\u021be sunt aruncate la gunoi pentru c\u0103 de atunci \u00eencolo totul se rezum\u0103 la boal\u0103?<\/p>\n<div class=\"su-spoiler su-spoiler-style-defoult su-spoiler-icon-caret su-spoiler-closed\" data-scroll-offset=\"0\" data-anchor-in-url=\"no\"><div class=\"su-spoiler-title\" tabindex=\"0\" role=\"button\"><span class=\"su-spoiler-icon\"><\/span>Toate<\/div><div class=\"su-spoiler-content su-u-clearfix su-u-trim\">\n<p>\u00centrebarea: putem fi s\u0103n\u0103to\u0219i dac\u0103 nu ne schimb\u0103m<\/p>\n<p>Cu privire la cauzele profunde ale bolilor \u0219i solu\u021bii par\u021biale?<\/p>\n<p>R\u0103spunsul este clar NU!Face\u021bi cuno\u0219tin\u021b\u0103 cu un sistem complex, unic \u00een felul s\u0103u!<\/p>\n<p>Instrumentele noastre v\u0103 pot trata bolile, v\u0103 pot \u00eembun\u0103t\u0103\u021bi calitatea vie\u021bii, v\u0103 pot ajuta s\u0103 v\u0103 adapta\u021bi la un mediu \u00een continu\u0103 schimbare \u0219i s\u0103-l schimba\u021bi.<\/p>\n<p>Nu numai \u00een cazul diferitelor boli, dureri, inflama\u021bii, procese autoimune, proast\u0103 dispozi\u021bie, putem ob\u021bine rezultate excelente, dar \u0219i s\u0103 elimin\u0103m cauzele profunde! Toate acestea sunt realizate de dispozitivul care comunic\u0103 cu corpul dumneavoastr\u0103, fiecare impuls este un r\u0103spuns la starea dumneavoastr\u0103 actual\u0103.<\/p>\n<p>Biofeedback - gama de frecven\u021be radio.<\/p>\n<p>Protec\u021bia sistemic\u0103 a s\u0103n\u0103t\u0103\u021bii! abordare unic\u0103!<\/p>\n<p>La simpla atingere a unui buton:<\/p>\n<ul>\n<li>\u00cembun\u0103t\u0103\u021bi\u021bi mediul dvs. ecologic - terapie milimetric\u0103 \u00een \u00eentreaga pia\u021b\u0103,<\/li>\n<li>\u00cembun\u0103t\u0103\u021be\u0219te calitatea apei \u0219i a alimentelor - restabile\u0219te regularitatea apei \u0219i a apei din alimente, reduc\u00e2nd efectele nocive.<\/li>\n<li>Aceasta amelioreaz\u0103 stresul la locul de munc\u0103 \u0219i \u00een alte locuri \u0219i ne cre\u0219te rezisten\u021ba.<\/li>\n<\/ul>\n<p>Urm\u0103torul pas: aplica\u021bi-l ca un remediu pentru a v\u0103 rezolva problemele!<\/p>\n<p>Triomed Compact - Pro!<\/p>\n<p><strong>Experien\u021b\u0103:<\/strong> Am avut, de asemenea, experien\u021be foarte bune cu Triomed \u0219i Compact. C\u00e2nd ne-am g\u0103sit bolnavi, am fost complet vindeca\u021bi chiar \u0219i de cei mai \u00eenc\u0103p\u0103\u021b\u00e2na\u021bi germeni \u00een dou\u0103 sau trei zile, f\u0103r\u0103 medicamente. Sunt \u00eens\u0103rcinat\u0103 \u0219i la una dintre ecografii medicul a descoperit un chist \u00een craniul copilului nostru. M-a asigurat c\u0103 nimic nu va merge prost \u0219i am fost complet lini\u0219tit\u0103, \u0219tiind c\u0103 dup\u0103 c\u00e2teva tratamente chistul de acolo va fi complet absorbit. Ei bine, a\u0219a a fost!!! Cu siguran\u021b\u0103 nu a\u0219 fi fost o mam\u0103 calm\u0103 dac\u0103 nu a\u0219 fi \u0219tiut de existen\u021ba acestor dispozitive. Sunt at\u00e2t de bucuroas\u0103 c\u0103 am g\u0103sit aceste dispozitive \u00eenainte de na\u0219terea copilului.<\/p>\n<p>Aten\u021bie! Dispozitivul nu \u00eenlocuie\u0219te tratamentul medical!<\/p>\n<p>Fiecare mod implementeaz\u0103 un program specific<\/p>\n<p>TRIOMED COMPACT FUNC\u021aIONEAZ\u0102 \u00ceN OPT MODURI.<\/p>\n<p>Fiecare mod implementeaz\u0103 un program specific, unic.<\/p>\n<\/div><\/div>","protected":false},"excerpt":{"rendered":"<p>F\u00e1jdalomcsillap\u00edt\u00e1s, gyullad\u00e1s cs\u00f6kkent\u00e9s, lugos\u00edt\u00e1s, rehabilit\u00e1ci\u00f3, oki kezel\u00e9s, els\u0151seg\u00e9ly, kr\u00f3nikus betegs\u00e9gek, elektroszmog, stressz, f\u00e9nyter\u00e1pia Az eg\u00e9szs\u00e9g v\u00e9delm\u00e9nek \u00e9s vissza\u00e1ll\u00edt\u00e1s\u00e1nak innov\u00e1ci\u00f3s rendszere \u2013 Triomed compact. Szinte naponta hallunk arr\u00f3l, hogy k\u00f6rnyezet\u00fcnk egyre agressz\u00edvebb\u00e9 v\u00e1lt. Az \u00e9lelmiszerekben \u00e9s a v\u00edzben tal\u00e1lhat\u00f3 vegyszerek, a leveg\u0151 szennyezetts\u00e9ge, az egyre gyorsabb \u00e9lettemp\u00f3 komoly kih\u00edv\u00e1sok el\u00e9 \u00e1ll\u00edtja szervezet\u00fcnket. Komoly aggodalomra adhatnak okot [&hellip;]<\/p>\n","protected":false},"featured_media":4713,"comment_status":"open","ping_status":"closed","template":"","meta":[],"product_brand":[],"product_cat":[34,32],"product_tag":[],"class_list":{"0":"post-4714","1":"product","2":"type-product","3":"status-publish","4":"has-post-thumbnail","6":"product_cat-keszulekek","7":"product_cat-triomed","9":"first","10":"instock","11":"taxable","12":"shipping-taxable","13":"purchasable","14":"product-type-simple"},"_links":{"self":[{"href":"https:\/\/vetomshop.hu\/ro\/wp-json\/wp\/v2\/product\/4714","targetHints":{"allow":["GET"]}}],"collection":[{"href":"https:\/\/vetomshop.hu\/ro\/wp-json\/wp\/v2\/product"}],"about":[{"href":"https:\/\/vetomshop.hu\/ro\/wp-json\/wp\/v2\/types\/product"}],"replies":[{"embeddable":true,"href":"https:\/\/vetomshop.hu\/ro\/wp-json\/wp\/v2\/comments?post=4714"}],"wp:featuredmedia":[{"embeddable":true,"href":"https:\/\/vetomshop.hu\/ro\/wp-json\/wp\/v2\/media\/4713"}],"wp:attachment":[{"href":"https:\/\/vetomshop.hu\/ro\/wp-json\/wp\/v2\/media?parent=4714"}],"wp:term":[{"taxonomy":"product_brand","embeddable":true,"href":"https:\/\/vetomshop.hu\/ro\/wp-json\/wp\/v2\/product_brand?post=4714"},{"taxonomy":"product_cat","embeddable":true,"href":"https:\/\/vetomshop.hu\/ro\/wp-json\/wp\/v2\/product_cat?post=4714"},{"taxonomy":"product_tag","embeddable":true,"href":"https:\/\/vetomshop.hu\/ro\/wp-json\/wp\/v2\/product_tag?post=4714"}],"curies":[{"name":"wp","href":"https:\/\/api.w.org\/{rel}","templated":true}]}}