{"id":4716,"date":"2023-11-11T14:33:55","date_gmt":"2023-11-11T13:33:55","guid":{"rendered":"https:\/\/vetomshop.hu\/termek\/triomed-mmw\/"},"modified":"2023-11-11T14:33:55","modified_gmt":"2023-11-11T13:33:55","slug":"triomed-mmw","status":"publish","type":"product","link":"https:\/\/vetomshop.hu\/ro\/produs\/triomed-mmw\/","title":{"rendered":"Triomed MMW"},"content":{"rendered":"<h4>TRIOMED UNIVERSAL - SPECIALISTUL \u00ceN BOLI<\/h4>\n<p>Care este cheia recuper\u0103rii? Care este solu\u021bia la multitudinea de probleme de s\u0103n\u0103tate?<\/p>\n<p>R\u0103spunsul este simplu, dar solu\u021bia a putut fi g\u0103sit\u0103 doar \u00een lumea modern\u0103 de ast\u0103zi a inven\u021biilor IT, c\u00e2nd a fost creat un generator super-rapid pe baz\u0103 de semiconductor SiGe care genereaz\u0103 semnale identice cu cele ale celulelor \u0219i organismelor. Aceast\u0103 inova\u021bie a permis comunicarea biologic\u0103 \u00eentre un dispozitiv \u0219i o fiin\u021b\u0103 uman\u0103. Inova\u021bia medical\u0103 a fost brevetat\u0103 ca tehnologie BioTrEM.<br \/>\nS\u0103 ne uit\u0103m la un exemplu cotidian. Orice profesionist din domeniul s\u0103n\u0103t\u0103\u021bii \u0219tie c\u0103, de\u0219i unchiul Hansel \u0219i m\u0103tu\u0219a Gretel sufer\u0103 am\u00e2ndoi de hipertensiune arterial\u0103, singura asem\u0103nare \u00eentre afec\u021biunile celor dou\u0103 persoane const\u0103 \u00een simptomele lor. Ei nu au nimic \u00een comun, nici \u00een ceea ce prive\u0219te debutul bolii, nici \u00een al\u021bi parametri precum v\u00e2rsta, sexul, istoricul, cauza sau evolu\u021bia bolii. Cu toate acestea, ambele persoane iau acela\u0219i medicament, deoarece, p\u00e2n\u0103 \u00een prezent, furnizorii de solu\u021bii nu au avut mijloacele de a trata aceste dou\u0103 persoane \u00een mod diferit.<\/p>\n<p>Dispozitivul Triomed Universal este unic prin faptul c\u0103 trateaz\u0103 fiecare persoan\u0103 \u00een mod diferit datorit\u0103 emi\u021b\u0103toarelor sale conectabile specifice bolii, cum ar fi emi\u021b\u0103torul special Cardiologie, care este coordonat cu pacientul \u00een fiecare moment al tratamentului. Frecven\u021ba emi\u021b\u0103torului conectabil Cardiology la Triomed Universal corespunde frecven\u021bei s\u0103n\u0103toase a sistemului cardiovascular, folosind aceste semnale subtile pentru a acorda organismul \u00eenapoi la func\u021bionarea s\u0103n\u0103toas\u0103. Acest lucru personalizeaz\u0103 tratamentul, adapt\u00e2ndu-se la schimb\u0103rile care apar \u00een corpul unei persoane, aliniindu-se cu acesta \u00een fiecare moment.<\/p>\n<div class=\"su-spoiler su-spoiler-style-defoult su-spoiler-icon-caret su-spoiler-closed\" data-scroll-offset=\"0\" data-anchor-in-url=\"no\"><div class=\"su-spoiler-title\" tabindex=\"0\" role=\"button\"><span class=\"su-spoiler-icon\"><\/span>Toate<\/div><div class=\"su-spoiler-content su-u-clearfix su-u-trim\">\n<p><strong>Biofeedback \u00een domeniul frecven\u021belor radio!<\/strong><\/p>\n<p>Aceast\u0103 inven\u021bie inovatoare este ceea ce face aceast\u0103 gam\u0103 at\u00e2t de unic\u0103, at\u00e2t de eficient\u0103!<\/p>\n<p>G\u00e2ndi\u021bi-v\u0103 doar la asta: cunoa\u0219tem un dispozitiv care ne urm\u0103re\u0219te fiecare mi\u0219care, care este controlat automat de noi, independent de con\u0219tiin\u021ba noastr\u0103, care - s\u0103 fim sinceri! - ne poate \u00een\u0219ela?!<\/p>\n<p>TRIOMED UNIVERSAL are dou\u0103 emi\u021b\u0103toare de ultim\u0103 genera\u021bie \u00een pachetul de baz\u0103, care pot fi utilizate at\u00e2t pentru tratamentul, c\u00e2t \u0219i pentru prevenirea bolilor. Dispozitivul poate activa un num\u0103r mare de programe \u0219i subprograme - aproape o mie. \u00cen acest scop, dispozitivul poate fi extins cu 11 capete plug-in la cerere, ad\u0103ug\u00e2nd noi caracteristici \u0219i capacit\u0103\u021bi dispozitivului de baz\u0103. Un instrument excelent pentru medici, institu\u021bii de s\u0103n\u0103tate, vindec\u0103tori \u0219i ad\u0103ugarea perfect\u0103 la farmacia dvs. de acas\u0103!<\/p>\n<p><strong>Este u\u0219or de utilizat, ai putea spune: o joac\u0103 de copii!<\/strong><\/p>\n<p>Dispozitivul este clasificat ca dispozitiv medical de stimulare electromagnetic\u0103 activ\u0103, destinat prevenirii \u0219i trat\u0103rii st\u0103rilor patologice prin aplicarea prin piele a radia\u021biilor electromagnetice de intensitate sc\u0103zut\u0103 de frecven\u021b\u0103 extrem\u0103 \u00eenalt\u0103 \u0219i infraro\u0219ii (IV). Dispozitivul ajut\u0103 la accelerarea procesului de vindecare, la reducerea cantit\u0103\u021bii \u0219i a efectelor secundare ale medicamentelor \u0219i la ob\u021binerea de rezultate clinice pozitive la pacien\u021bii cu toleran\u021b\u0103 sc\u0103zut\u0103 la medicamente. Dispozitivul poate fi utilizat \u00een institu\u021biile medicale sau la domiciliu.<br \/>\nDispozitivul are efecte antiinflamatorii, analgezice \u0219i antiedematoase. Alte efecte clinico-fiziologice se manifest\u0103 \u00een procesele de regenerare celular\u0103, \u00eembun\u0103t\u0103\u021birea rezisten\u021bei organismului, \u00eembun\u0103t\u0103\u021birea hemodinamicii, reducerea stresului \u0219i normalizarea regl\u0103rii sistemului nervos autonom.<\/p>\n<\/div><\/div>","protected":false},"excerpt":{"rendered":"<p>TRIOMED UNIVERSAL \u2013 A BETEGS\u00c9GEK SPECIALIST\u00c1JA Mi a gy\u00f3gyul\u00e1s kulcsa? Mi lenne a megold\u00e1s a sz\u00e1mtalan eg\u00e9szs\u00e9g\u00fcgyi probl\u00e9m\u00e1ra? A v\u00e1lasz egyszer\u0171, de a megold\u00e1s csak a mai modern, informatikai tal\u00e1lm\u00e1nyokkal b\u0151velked\u0151 vil\u00e1gunkban tudott megval\u00f3sulni, mikor is siker\u00fclt l\u00e9trehozni egy olyan szupergyors f\u00e9lvezet\u0151 SiGe alap\u00fa gener\u00e1tort, mely a sejtekkel, szervezettel azonos jeleket gener\u00e1l. Ennek az innov\u00e1ci\u00f3nak [&hellip;]<\/p>\n","protected":false},"featured_media":4715,"comment_status":"open","ping_status":"closed","template":"","meta":[],"product_brand":[],"product_cat":[34,32],"product_tag":[],"class_list":{"0":"post-4716","1":"product","2":"type-product","3":"status-publish","4":"has-post-thumbnail","6":"product_cat-keszulekek","7":"product_cat-triomed","9":"first","10":"instock","11":"taxable","12":"shipping-taxable","13":"purchasable","14":"product-type-simple"},"_links":{"self":[{"href":"https:\/\/vetomshop.hu\/ro\/wp-json\/wp\/v2\/product\/4716","targetHints":{"allow":["GET"]}}],"collection":[{"href":"https:\/\/vetomshop.hu\/ro\/wp-json\/wp\/v2\/product"}],"about":[{"href":"https:\/\/vetomshop.hu\/ro\/wp-json\/wp\/v2\/types\/product"}],"replies":[{"embeddable":true,"href":"https:\/\/vetomshop.hu\/ro\/wp-json\/wp\/v2\/comments?post=4716"}],"wp:featuredmedia":[{"embeddable":true,"href":"https:\/\/vetomshop.hu\/ro\/wp-json\/wp\/v2\/media\/4715"}],"wp:attachment":[{"href":"https:\/\/vetomshop.hu\/ro\/wp-json\/wp\/v2\/media?parent=4716"}],"wp:term":[{"taxonomy":"product_brand","embeddable":true,"href":"https:\/\/vetomshop.hu\/ro\/wp-json\/wp\/v2\/product_brand?post=4716"},{"taxonomy":"product_cat","embeddable":true,"href":"https:\/\/vetomshop.hu\/ro\/wp-json\/wp\/v2\/product_cat?post=4716"},{"taxonomy":"product_tag","embeddable":true,"href":"https:\/\/vetomshop.hu\/ro\/wp-json\/wp\/v2\/product_tag?post=4716"}],"curies":[{"name":"wp","href":"https:\/\/api.w.org\/{rel}","templated":true}]}}