{"id":4718,"date":"2023-11-11T14:33:56","date_gmt":"2023-11-11T13:33:56","guid":{"rendered":"https:\/\/vetomshop.hu\/termek\/antidiabetikus-jelado\/"},"modified":"2023-11-11T14:33:56","modified_gmt":"2023-11-11T13:33:56","slug":"antidiabetikus-jelado","status":"publish","type":"product","link":"https:\/\/vetomshop.hu\/ro\/produs\/antidiabetikus-jelado\/","title":{"rendered":"Baliz\u0103 antidiabetic\u0103"},"content":{"rendered":"<h4>Radiator antidiabetic \u21167.<\/h4>\n<p>Timp de func\u021bionare: 13 minute.<\/p>\n<p>Frecven\u021ba sa corespunde frecven\u021bei c\u00e2mpurilor receptorilor din celulele pancreatice \u0219i \u021besuturile dependente de insulin\u0103.<\/p>\n<p>Poate fi utilizat \u00een programe complexe de prevenire a diabetului \u0219i de tratare a diabetului de tip I \u0219i de tip II, cu scopul de a preveni apari\u021bia complica\u021biilor.<\/p>\n<ul>\n<li>Promoveaz\u0103 optimizarea proceselor metabolice (carbohidra\u021bi, lipide, proteine, minerale).<\/li>\n<li>\u00cembun\u0103t\u0103\u021be\u0219te metabolismul (procesele metabolice) \u00een celulele pancreasului.<\/li>\n<li>Optimizeaz\u0103 produc\u021bia de insulin\u0103 de c\u0103tre celulele pancreasului.<\/li>\n<li>Cre\u0219te sensibilitatea \u021besuturilor la insulin\u0103.<\/li>\n<li>\u00cembun\u0103t\u0103\u021be\u0219te statutul de receptor al celulelor din \u021besuturile dependente de insulin\u0103<\/li>\n<li>Previne edemul<\/li>\n<li>Accelereaz\u0103 regenerarea \u0219i repararea celulelor pancreatice.<\/li>\n<li>Are un efect pro-inflamator.<\/li>\n<li>\u00cembun\u0103t\u0103\u021be\u0219te circula\u021bia s\u00e2ngelui.<\/li>\n<li>Previne apari\u021bia diabetului.<\/li>\n<li>Previne apari\u021bia complica\u021biilor diabetului.<\/li>\n<\/ul>\n<div class=\"su-spoiler su-spoiler-style-defoult su-spoiler-icon-caret su-spoiler-closed\" data-scroll-offset=\"0\" data-anchor-in-url=\"no\"><div class=\"su-spoiler-title\" tabindex=\"0\" role=\"button\"><span class=\"su-spoiler-icon\"><\/span>Toate<\/div><div class=\"su-spoiler-content su-u-clearfix su-u-trim\">\nZonele de tratament recomandate: \u00een punctele \u0219i zonele biologic active. Tratamentele recomandate pot fi repetate de 2-3 ori pe an, dup\u0103 minimum 3 luni, p\u00e2n\u0103 la ameliorarea st\u0103rii, \u0219i pot fi completate cu alte tratamente bioinformatice.<\/p>\n<\/div><\/div>","protected":false},"excerpt":{"rendered":"<p>Antidiabetikus sug\u00e1rz\u00f3 \u21167. M\u0171k\u00f6d\u00e9si ideje: 13 perc. Frekvenci\u00e1ja a hasny\u00e1lmirigy sejtjei \u00e9s az inzulinf\u00fcgg\u0151 sz\u00f6vetek receptormez\u0151i frekvenci\u00e1j\u00e1nak felel meg. A cukorbetegs\u00e9g megel\u0151z\u00e9s\u00e9nek, valamint az I. \u00e9s II. tipus\u00fa cukorbetegs\u00e9g kezel\u00e9s\u00e9nek komplex programjaiban, a sz\u00f6v\u0151dm\u00e9nyek kialakul\u00e1sa megel\u0151z\u00e9s\u00e9nek c\u00e9lj\u00e1b\u00f3l alkalmazhat\u00f3. Az anyagcsere folyamatok (sz\u00e9nhidr\u00e1t, lipid, feh\u00e9rje, \u00e1sv\u00e1nyi anyagok) optimaliz\u00e1ci\u00f3j\u00e1t seg\u00edti el\u0151. Jav\u00edtja a metabolizmus (anyagcsere) folyamatait a [&hellip;]<\/p>\n","protected":false},"featured_media":4717,"comment_status":"open","ping_status":"closed","template":"","meta":[],"product_brand":[],"product_cat":[35,32],"product_tag":[],"class_list":{"0":"post-4718","1":"product","2":"type-product","3":"status-publish","4":"has-post-thumbnail","6":"product_cat-csatlakoztathato-jeladok","7":"product_cat-triomed","9":"first","10":"instock","11":"taxable","12":"shipping-taxable","13":"purchasable","14":"product-type-simple"},"_links":{"self":[{"href":"https:\/\/vetomshop.hu\/ro\/wp-json\/wp\/v2\/product\/4718","targetHints":{"allow":["GET"]}}],"collection":[{"href":"https:\/\/vetomshop.hu\/ro\/wp-json\/wp\/v2\/product"}],"about":[{"href":"https:\/\/vetomshop.hu\/ro\/wp-json\/wp\/v2\/types\/product"}],"replies":[{"embeddable":true,"href":"https:\/\/vetomshop.hu\/ro\/wp-json\/wp\/v2\/comments?post=4718"}],"wp:featuredmedia":[{"embeddable":true,"href":"https:\/\/vetomshop.hu\/ro\/wp-json\/wp\/v2\/media\/4717"}],"wp:attachment":[{"href":"https:\/\/vetomshop.hu\/ro\/wp-json\/wp\/v2\/media?parent=4718"}],"wp:term":[{"taxonomy":"product_brand","embeddable":true,"href":"https:\/\/vetomshop.hu\/ro\/wp-json\/wp\/v2\/product_brand?post=4718"},{"taxonomy":"product_cat","embeddable":true,"href":"https:\/\/vetomshop.hu\/ro\/wp-json\/wp\/v2\/product_cat?post=4718"},{"taxonomy":"product_tag","embeddable":true,"href":"https:\/\/vetomshop.hu\/ro\/wp-json\/wp\/v2\/product_tag?post=4718"}],"curies":[{"name":"wp","href":"https:\/\/api.w.org\/{rel}","templated":true}]}}