{"id":4722,"date":"2023-11-11T14:33:56","date_gmt":"2023-11-11T13:33:56","guid":{"rendered":"https:\/\/vetomshop.hu\/termek\/egeszseges-vese-jelado\/"},"modified":"2023-11-11T14:33:56","modified_gmt":"2023-11-11T13:33:56","slug":"egeszseges-vese-jelado","status":"publish","type":"product","link":"https:\/\/vetomshop.hu\/ro\/produs\/egeszseges-vese-jelado\/","title":{"rendered":"Baliz\u0103 pentru rinichi s\u0103n\u0103to\u0219i"},"content":{"rendered":"<h4>Rinichi s\u0103n\u0103tos care radiaz\u0103 15 s.<\/h4>\n<p>Timp de func\u021bionare a emi\u021b\u0103torului 11 minute<br \/>\nSe potrive\u0219te cu frecven\u021ba rinichilor \u0219i a tractului urinar.<\/p>\n<p>Utilizarea sa este recomandat\u0103 \u00een prevenirea \u0219i tratamentul complementar al bolilor renale \u0219i ale tractului urinar<br \/>\n\u00cembun\u0103t\u0103\u021be\u0219te circula\u021bia s\u00e2ngelui \u0219i metabolismul \u00een nefroni (unit\u0103\u021bi func\u021bionale ale rinichilor) \u0219i tractul urinar.<\/p>\n<ul>\n<li>\u00cembun\u0103t\u0103\u021be\u0219te reabsorb\u021bia renal\u0103, filtrarea, sinteza, reglarea ionilor, detoxifierea \u0219i procesele metabolice.<\/li>\n<li>Stimuleaz\u0103 procesele de regenerare \u0219i reparare a \u021besutului renal \u0219i a tractului urinar.<\/li>\n<li>Efect antispasmodic.<\/li>\n<li>Efect analgezic.<\/li>\n<li>Efect antiinflamator.<\/li>\n<li>Previne leziunile sclerotice.<\/li>\n<\/ul>\n<p>Se recomand\u0103 aplicarea pe punctele \u0219i zonele biologic active.<\/p>\n<div class=\"su-spoiler su-spoiler-style-defoult su-spoiler-icon-caret su-spoiler-closed\" data-scroll-offset=\"0\" data-anchor-in-url=\"no\"><div class=\"su-spoiler-title\" tabindex=\"0\" role=\"button\"><span class=\"su-spoiler-icon\"><\/span>Toate<\/div><div class=\"su-spoiler-content su-u-clearfix su-u-trim\">\n<p>Radia\u021bia este recomandat\u0103 pentru prevenirea \u0219i tratamentul complementar al urm\u0103toarelor boli:<\/p>\n<ul>\n<li>inflama\u021bii acute \u0219i cronice ale rinichilor, inflama\u021bii ale vezicii urinare, boli inflamatorii ale tractului urinar,<\/li>\n<li>tulbur\u0103ri metabolice (inclusiv formarea de pietre la rinichi),<\/li>\n<li>\u00een bolile autoimune - c\u00e2nd rinichii sunt afecta\u021bi \u0219i \u00een boala renal\u0103 autoimun\u0103,<\/li>\n<li>\u00een caz de afec\u021biuni renale cauzate de substan\u021be toxice<\/li>\n<\/ul>\n<\/div><\/div>","protected":false},"excerpt":{"rendered":"<p>Eg\u00e9szs\u00e9ges vese sug\u00e1rz\u00f3 15 sz. A sug\u00e1rz\u00f3 m\u0171k\u00f6d\u00e9si ideje 11 perc Megfelel a vesesz\u00f6vet \u00e9s a h\u00fagyutak frekvenci\u00e1j\u00e1nak. Alkalmaz\u00e1sa javasolt a vesebetegs\u00e9gek \u00e9s a h\u00fagyutak megbeteged\u00e9seinek megel\u0151z\u00e9s\u00e9ben \u00e9s kieg\u00e9sz\u00edt\u0151 kezel\u00e9s\u00e9ben Jav\u00edtja a nefronok (a vese funkcion\u00e1lis egys\u00e9geinek) \u00e9s a h\u00fagyutak v\u00e9rkering\u00e9s\u00e9t \u00e9s anyagcsere folyamatait. Jav\u00edtja a vese reabszorbci\u00f3s, filtr\u00e1ci\u00f3s, szintetikus, ionszab\u00e1lyz\u00f3, m\u00e9regtelen\u00edt\u0151 \u00e9s metabolikus folyamatait. [&hellip;]<\/p>\n","protected":false},"featured_media":4721,"comment_status":"open","ping_status":"closed","template":"","meta":[],"product_brand":[],"product_cat":[35,32],"product_tag":[],"class_list":{"0":"post-4722","1":"product","2":"type-product","3":"status-publish","4":"has-post-thumbnail","6":"product_cat-csatlakoztathato-jeladok","7":"product_cat-triomed","9":"first","10":"instock","11":"taxable","12":"shipping-taxable","13":"purchasable","14":"product-type-simple"},"_links":{"self":[{"href":"https:\/\/vetomshop.hu\/ro\/wp-json\/wp\/v2\/product\/4722","targetHints":{"allow":["GET"]}}],"collection":[{"href":"https:\/\/vetomshop.hu\/ro\/wp-json\/wp\/v2\/product"}],"about":[{"href":"https:\/\/vetomshop.hu\/ro\/wp-json\/wp\/v2\/types\/product"}],"replies":[{"embeddable":true,"href":"https:\/\/vetomshop.hu\/ro\/wp-json\/wp\/v2\/comments?post=4722"}],"wp:featuredmedia":[{"embeddable":true,"href":"https:\/\/vetomshop.hu\/ro\/wp-json\/wp\/v2\/media\/4721"}],"wp:attachment":[{"href":"https:\/\/vetomshop.hu\/ro\/wp-json\/wp\/v2\/media?parent=4722"}],"wp:term":[{"taxonomy":"product_brand","embeddable":true,"href":"https:\/\/vetomshop.hu\/ro\/wp-json\/wp\/v2\/product_brand?post=4722"},{"taxonomy":"product_cat","embeddable":true,"href":"https:\/\/vetomshop.hu\/ro\/wp-json\/wp\/v2\/product_cat?post=4722"},{"taxonomy":"product_tag","embeddable":true,"href":"https:\/\/vetomshop.hu\/ro\/wp-json\/wp\/v2\/product_tag?post=4722"}],"curies":[{"name":"wp","href":"https:\/\/api.w.org\/{rel}","templated":true}]}}