{"id":4724,"date":"2023-11-11T14:33:57","date_gmt":"2023-11-11T13:33:57","guid":{"rendered":"https:\/\/vetomshop.hu\/termek\/gyulladascsokkento-jelado\/"},"modified":"2023-11-11T14:33:57","modified_gmt":"2023-11-11T13:33:57","slug":"gyulladascsokkento-jelado","status":"publish","type":"product","link":"https:\/\/vetomshop.hu\/ro\/produs\/gyulladascsokkento-jelado\/","title":{"rendered":"Far antiinflamator"},"content":{"rendered":"<h4>Radiator antiinflamator, nr. 26.<\/h4>\n<p>Timp de func\u021bionare: 13 minute<\/p>\n<p><strong>Impact:<\/strong><\/p>\n<p>Ac\u021bioneaz\u0103 asupra sistemului imunitar, cu o frecven\u021b\u0103 care corespunde frecven\u021bei sistemului limfatic \u0219i a unor structuri ale sistemului nervos autonom (lan\u021buri periferice, segmentare, suprasegmentare).<\/p>\n<ul>\n<li>\u00cembun\u0103t\u0103\u021be\u0219te circula\u021bia limfatic\u0103,<\/li>\n<li>calitatea limfocitelor,<\/li>\n<li>accelereaz\u0103 eliminarea substan\u021belor toxice din lichidul intercelular,<\/li>\n<li>accelereaz\u0103 vindecarea r\u0103nilor, regenerarea celular\u0103 \u0219i tisular\u0103,<\/li>\n<li>ajut\u0103 la detoxifierea organismului,<\/li>\n<li>are un efect antiedematos,<\/li>\n<li>efect analgezic,<\/li>\n<li>efect de stimulare a sistemului imunitar,<\/li>\n<li>efect antiinflamator,<\/li>\n<li>elimin\u0103 cicatricile,<\/li>\n<li>activeaz\u0103 func\u021bia m\u0103duvei osoase,<\/li>\n<li>cre\u0219te rezisten\u021ba organismului,<\/li>\n<li>structuri ap\u0103.<\/li>\n<\/ul>\n<div class=\"su-spoiler su-spoiler-style-defoult su-spoiler-icon-caret su-spoiler-closed\" data-scroll-offset=\"0\" data-anchor-in-url=\"no\"><div class=\"su-spoiler-title\" tabindex=\"0\" role=\"button\"><span class=\"su-spoiler-icon\"><\/span>Toate<\/div><div class=\"su-spoiler-content su-u-clearfix su-u-trim\">\n<p>Zone de aplicare recomandate: zone ale suprafe\u021bei limfatice, proiec\u021bii ale ganglionilor limfatici, suprafe\u021be ale r\u0103nilor, zone biologic active (BAT).<\/p>\n<p>Aplicabil pentru:<\/p>\n<ul>\n<li>detoxifierea organismului<\/li>\n<li>accelerarea procesului de regenerare dup\u0103 interven\u021bii chirurgicale sau fracturi<\/li>\n<li>normalizarea num\u0103rului de hemocite dup\u0103 chimioterapie \u0219i radioterapie<\/li>\n<li>\u00een faza de reabilitare dup\u0103 boli grave \u0219i efort fizic<\/li>\n<li>reglarea sistemului imunitar \u00een bolile acute \u0219i cronice<\/li>\n<li>\u00eencetinirea circula\u021biei limfatice de diferite origini (inclusiv edem), procese inflamatorii<\/li>\n<li>\u00een cosmetic\u0103: \u00eembun\u0103t\u0103\u021birea circula\u021biei limfatice a pielii<\/li>\n<li>eliminarea intoxica\u021biei din diferite cauze (alcool, narcotice, alimente, substan\u021be chimice, boli grave)<\/li>\n<li>\u00een reac\u021biile alergice.<\/li>\n<\/ul>\n<\/div><\/div>","protected":false},"excerpt":{"rendered":"<p>Gyullad\u00e1scs\u00f6kkent\u0151 sug\u00e1rz\u00f3, 26. sz. M\u0171k\u00f6d\u00e9s\u00e9nek ideje: 13 perc Hat\u00e1sa: Hat az immunrendszerre, rezg\u00e9se megegyezik a nyirokrendszer frekvenci\u00e1j\u00e1val, valamint a vegetat\u00edv idegrendszer n\u00e9h\u00e1ny strukt\u00far\u00e1j\u00e1val (perif\u00e9ri\u00e1s, szegment\u00e1lis, szegmens feletti l\u00e1ncok). Jav\u00edtja a nyirokkering\u00e9st, a limfocit\u00e1k min\u0151s\u00e9g\u00e9t, gyors\u00edtja a toxikus anyagok ki\u00fcr\u00edt\u00e9s\u00e9t a sejtk\u00f6zti folyad\u00e9kb\u00f3l, gyors\u00edtja a sebek begy\u00f3gyul\u00e1s\u00e1t, a sejtek \u00e9s sz\u00f6vetek regener\u00e1l\u00f3d\u00e1s\u00e1t, el\u0151seg\u00edti a szervezet m\u00e9regtelen\u00edt\u00e9s\u00e9t, [&hellip;]<\/p>\n","protected":false},"featured_media":4723,"comment_status":"open","ping_status":"closed","template":"","meta":[],"product_brand":[],"product_cat":[35,32],"product_tag":[],"class_list":{"0":"post-4724","1":"product","2":"type-product","3":"status-publish","4":"has-post-thumbnail","6":"product_cat-csatlakoztathato-jeladok","7":"product_cat-triomed","9":"first","10":"instock","11":"taxable","12":"shipping-taxable","13":"purchasable","14":"product-type-simple"},"_links":{"self":[{"href":"https:\/\/vetomshop.hu\/ro\/wp-json\/wp\/v2\/product\/4724","targetHints":{"allow":["GET"]}}],"collection":[{"href":"https:\/\/vetomshop.hu\/ro\/wp-json\/wp\/v2\/product"}],"about":[{"href":"https:\/\/vetomshop.hu\/ro\/wp-json\/wp\/v2\/types\/product"}],"replies":[{"embeddable":true,"href":"https:\/\/vetomshop.hu\/ro\/wp-json\/wp\/v2\/comments?post=4724"}],"wp:featuredmedia":[{"embeddable":true,"href":"https:\/\/vetomshop.hu\/ro\/wp-json\/wp\/v2\/media\/4723"}],"wp:attachment":[{"href":"https:\/\/vetomshop.hu\/ro\/wp-json\/wp\/v2\/media?parent=4724"}],"wp:term":[{"taxonomy":"product_brand","embeddable":true,"href":"https:\/\/vetomshop.hu\/ro\/wp-json\/wp\/v2\/product_brand?post=4724"},{"taxonomy":"product_cat","embeddable":true,"href":"https:\/\/vetomshop.hu\/ro\/wp-json\/wp\/v2\/product_cat?post=4724"},{"taxonomy":"product_tag","embeddable":true,"href":"https:\/\/vetomshop.hu\/ro\/wp-json\/wp\/v2\/product_tag?post=4724"}],"curies":[{"name":"wp","href":"https:\/\/api.w.org\/{rel}","templated":true}]}}