{"id":4726,"date":"2023-11-11T14:33:58","date_gmt":"2023-11-11T13:33:58","guid":{"rendered":"https:\/\/vetomshop.hu\/termek\/infravoros-jelado\/"},"modified":"2023-11-11T14:33:58","modified_gmt":"2023-11-11T13:33:58","slug":"infravoros-jelado","status":"publish","type":"product","link":"https:\/\/vetomshop.hu\/ro\/produs\/infravoros-jelado\/","title":{"rendered":"Baliz\u0103 cu infraro\u0219u"},"content":{"rendered":"<h4>Emitator infraro\u0219u IV<\/h4>\n<p>Radia\u021bii infraro\u0219ii (radia\u021bii IV) - radia\u021bii electromagnetice, parte a razelor solare. Razele IV au efect antiinflamator, antispastic, dispersant (absorb\u021bie), analgezic.<\/p>\n<p><strong>Beneficiile radiatorului Triomed Universal IV:<\/strong><\/p>\n<p>Datorit\u0103 noilor materiale \u0219i tehnologii, am reu\u0219it s\u0103 cre\u0103m o surs\u0103 de radia\u021bie IV pulsat\u0103 de intensitate sc\u0103zut\u0103, cu ac\u021biune modulat\u0103, care func\u021bioneaz\u0103 \u00eentr-un program specific \u0219i care poate fi utilizat\u0103 pentru a exercita un efect de informare energetic\u0103 \u00een principal la nivel celular - \u0219i la nivelul constituen\u021bilor celulei.<\/p>\n<p>Acesta furnizeaz\u0103 celulei energie prin rezonan\u021b\u0103, care activeaz\u0103 procesele metabolice \u0219i cre\u0219te nivelul de energie \u00een caz de deficit de oxigen.<br \/>\nAceste procese, pe l\u00e2ng\u0103 faptul c\u0103 sunt pozitive \u00een sine, ajut\u0103 organismul s\u0103 milimetreze - terapia \u0219i, \u00een multe cazuri, s\u0103 creasc\u0103 eficien\u021ba acesteia.<\/p>\n<p>Radioterapia intravenoas\u0103 este indicat\u0103 pentru: boli inflamatorii cronice \u0219i post-acute (pre-acute) nepurulente ale organelor interne, r\u0103ni care se vindec\u0103 greu \u0219i r\u0103ni cauzate de tromboz\u0103, boli dureroase ale sistemului nervos periferic, tratamentul post-operator al arsurilor \u0219i deger\u0103turilor, disfunc\u021bii vegetative, simpatialgie.<\/p>\n<p>Contraindica\u021bii pentru utilizarea radioterapiei IV: neoplasme benigne sau maligne, faza activ\u0103 a tuberculozei, hipertensiune arterial\u0103 \u00een stadiul III, hemoragie \u0219i tulbur\u0103ri circulatorii de gradul IIIII.<\/p>\n<div class=\"su-spoiler su-spoiler-style-defoult su-spoiler-icon-caret su-spoiler-closed\" data-scroll-offset=\"0\" data-anchor-in-url=\"no\"><div class=\"su-spoiler-title\" tabindex=\"0\" role=\"button\"><span class=\"su-spoiler-icon\"><\/span>Toate<\/div><div class=\"su-spoiler-content su-u-clearfix su-u-trim\"><strong>Principalele efecte clinice ale iradiatorului Triomed Universal IV:<\/strong><\/p>\n<ul>\n<li>\u00eembun\u0103t\u0103\u021be\u0219te circula\u021bia s\u00e2ngelui,<\/li>\n<li>normalizeaz\u0103 microcircula\u021bia,<\/li>\n<li>optimizeaz\u0103 activitatea sistemului nervos, hormonal \u0219i imunitar,<\/li>\n<li>ajut\u0103 la regenerarea celular\u0103.<\/li>\n<\/ul>\n<p><strong>Mod de utilizare:<\/strong><\/p>\n<ul>\n<li>Dioda de lumin\u0103 infraro\u0219ie este utilizat\u0103 pentru a \u021binti punctele \u0219i zonele care trebuie preg\u0103tite sau \u201e\u00eenc\u0103lzite\u201d \u00eenainte de tratamentul milimetric special. Tratamentul dureaz\u0103 5 minute pe zon\u0103.<\/li>\n<li>Acesta poate fi utilizat pentru a promova absorb\u021bia cicatricilor timp de 10 minute pe zi timp de 2 s\u0103pt\u0103m\u00e2ni.<\/li>\n<li>Pentru tratamentul bolilor inflamatorii cronice, lente (la focarul bolii). Tratamentul dureaz\u0103 10 minute, aplicat pe organul afectat, timp de 2 s\u0103pt\u0103m\u00e2ni.<\/li>\n<li>\u00cen diabetul de tip II pentru a promova sensibilitatea la insulin\u0103 \u0219i pentru a promova produc\u021bia de insulin\u0103. Trata\u021bi proiec\u021bia pancreasului timp de 5 minute pe zi timp de 2 s\u0103pt\u0103m\u00e2ni.<\/li>\n<li>Pentru a favoriza vindecarea diferitelor r\u0103ni \u0219i a r\u0103nilor trofice, se recomand\u0103 tratarea zonei ochilor \u0219i a focarului tumorilor timp de 5 minute pe parcursul a 2 s\u0103pt\u0103m\u00e2ni \u00eenainte de terapia milimetric\u0103.<\/li>\n<\/ul>\n<\/div><\/div>","protected":false},"excerpt":{"rendered":"<p>Infrav\u00f6r\u00f6s sug\u00e1rz\u00f3 IV Az infrav\u00f6r\u00f6s sug\u00e1rz\u00e1s (IV-sug\u00e1rz\u00e1s) \u2013 elektrom\u00e1gneses sug\u00e1rz\u00e1s, a Nap sugarainak r\u00e9sze. Az IV-sugarak gyullad\u00e1scs\u00f6kkent\u0151, g\u00f6rcsold\u00f3, sz\u00e9toszlat\u00f3 (felsz\u00edv\u00f3d\u00e1st el\u0151seg\u00edt\u0151), f\u00e1jdalomcsillap\u00edt\u00f3 hat\u00e1ssal rendelkeznek. A Triomed Universal k\u00e9sz\u00fcl\u00e9k IV-sug\u00e1rz\u00f3j\u00e1nak el\u0151nyei: Az \u00faj anyagoknak \u00e9s technol\u00f3gi\u00e1knak k\u00f6sz\u00f6nhet\u0151en siker\u00fclt l\u00e9trehozni olyan speci\u00e1lis programban m\u0171k\u00f6d\u0151 alacsony intenzit\u00e1s\u00fa pulz\u00e1l\u00f3, modul\u00e1lt hat\u00e1s\u00fa IV-sug\u00e1rz\u00f3t, mely seg\u00edts\u00e9g\u00e9vel els\u0151sorban energoinform\u00e1ci\u00f3s hat\u00e1st tudunk gyakorolni [&hellip;]<\/p>\n","protected":false},"featured_media":4725,"comment_status":"open","ping_status":"closed","template":"","meta":[],"product_brand":[],"product_cat":[35,32],"product_tag":[],"class_list":{"0":"post-4726","1":"product","2":"type-product","3":"status-publish","4":"has-post-thumbnail","6":"product_cat-csatlakoztathato-jeladok","7":"product_cat-triomed","9":"first","10":"instock","11":"taxable","12":"shipping-taxable","13":"purchasable","14":"product-type-simple"},"_links":{"self":[{"href":"https:\/\/vetomshop.hu\/ro\/wp-json\/wp\/v2\/product\/4726","targetHints":{"allow":["GET"]}}],"collection":[{"href":"https:\/\/vetomshop.hu\/ro\/wp-json\/wp\/v2\/product"}],"about":[{"href":"https:\/\/vetomshop.hu\/ro\/wp-json\/wp\/v2\/types\/product"}],"replies":[{"embeddable":true,"href":"https:\/\/vetomshop.hu\/ro\/wp-json\/wp\/v2\/comments?post=4726"}],"wp:featuredmedia":[{"embeddable":true,"href":"https:\/\/vetomshop.hu\/ro\/wp-json\/wp\/v2\/media\/4725"}],"wp:attachment":[{"href":"https:\/\/vetomshop.hu\/ro\/wp-json\/wp\/v2\/media?parent=4726"}],"wp:term":[{"taxonomy":"product_brand","embeddable":true,"href":"https:\/\/vetomshop.hu\/ro\/wp-json\/wp\/v2\/product_brand?post=4726"},{"taxonomy":"product_cat","embeddable":true,"href":"https:\/\/vetomshop.hu\/ro\/wp-json\/wp\/v2\/product_cat?post=4726"},{"taxonomy":"product_tag","embeddable":true,"href":"https:\/\/vetomshop.hu\/ro\/wp-json\/wp\/v2\/product_tag?post=4726"}],"curies":[{"name":"wp","href":"https:\/\/api.w.org\/{rel}","templated":true}]}}