{"id":4728,"date":"2023-11-11T14:33:58","date_gmt":"2023-11-11T13:33:58","guid":{"rendered":"https:\/\/vetomshop.hu\/termek\/kardiologiai-jelado\/"},"modified":"2023-11-11T14:33:58","modified_gmt":"2023-11-11T13:33:58","slug":"kardiologiai-jelado","status":"publish","type":"product","link":"https:\/\/vetomshop.hu\/ro\/produs\/kardiologiai-jelado\/","title":{"rendered":"Baliz\u0103 cardiologic\u0103"},"content":{"rendered":"<h4>Radiator de cardiologie \u211612<\/h4>\n<p>Timp de func\u021bionare12 minute.<\/p>\n<p>Frecven\u021ba emi\u021b\u0103torului cardiologic corespunde frecven\u021bei sistemului cardiovascular. Acesta poate fi utilizat ca terapie adjuvant\u0103 sau \u00een scopuri preventive.<\/p>\n<p><strong>Acesta promoveaz\u0103:<\/strong><\/p>\n<ul>\n<li>mu\u0219chiul inimii,<\/li>\n<li>\u00eembun\u0103t\u0103\u021birea permeabilit\u0103\u021bii inimii,<\/li>\n<li>plin\u0103tatea b\u0103t\u0103ilor inimii,<\/li>\n<li>pentru a cre\u0219te ejec\u021bia s\u00e2ngelui,<\/li>\n<li>\u00eembun\u0103t\u0103\u021birea calit\u0103\u021bii mu\u0219chiului cardiac,<\/li>\n<li>\u00eembun\u0103t\u0103\u021birea microcircula\u021biei,<\/li>\n<li>inciden\u021ba redus\u0103 a vasospasmului (artera coronar\u0103).<\/li>\n<\/ul>\n<div class=\"su-spoiler su-spoiler-style-defoult su-spoiler-icon-caret su-spoiler-closed\" data-scroll-offset=\"0\" data-anchor-in-url=\"no\"><div class=\"su-spoiler-title\" tabindex=\"0\" role=\"button\"><span class=\"su-spoiler-icon\"><\/span>Toate<\/div><div class=\"su-spoiler-content su-u-clearfix su-u-trim\">\n<strong>Acesta poate fi utilizat ca terapie adjuvant\u0103 pentru urm\u0103toarele boli:<\/strong><\/p>\n<ul>\n<li>cardiopatie ischemic\u0103 (inclusiv stenocardie),<\/li>\n<li>\u00een \u00eengrijirea ulterioar\u0103 a unui atac de cord,<\/li>\n<li>pentru tulbur\u0103ri de ritm cardiac,<\/li>\n<li>pentru toate bolile care afecteaz\u0103 mu\u0219chiul cardiac \u0219i endocardul,<\/li>\n<li>hipertensiune arterial\u0103 (toate),<\/li>\n<li>colesterol ridicat cu densitate sc\u0103zut\u0103 \u0219i ateroscleroz\u0103 a vaselor de s\u00e2nge.<\/li>\n<\/ul>\n<\/div><\/div>","protected":false},"excerpt":{"rendered":"<p>Kardiol\u00f3giai sug\u00e1rz\u00f3 \u211612 M\u0171k\u00f6d\u00e9si ideje12 perc. A kardiol\u00f3giai sug\u00e1rz\u00f3 frekvenci\u00e1ja a sz\u00edv- \u00e9s \u00e9rrendszer frekvenci\u00e1j\u00e1nak felel meg. Alkalmazhat\u00f3 kieg\u00e9sz\u00edt\u0151 ter\u00e1piak\u00e9nt, vagy megel\u0151z\u00e9s c\u00e9lj\u00e1b\u00f3l. El\u0151seg\u00edti: a sz\u00edvizom m\u0171k\u00f6d\u00e9s\u00e9t, a sz\u00edv \u00e1tereszt\u0151k\u00e9pess\u00e9g\u00e9nek jav\u00edt\u00e1s\u00e1t, a sz\u00edv dobog\u00e1s\u00e1nak teljess\u00e9g\u00e9t, a v\u00e9rkil\u00f6k\u0151d\u00e9s fokoz\u00e1s\u00e1t, a sz\u00edvizom min\u0151s\u00e9g\u00e9nek jav\u00edt\u00e1s\u00e1t, a mikrokering\u00e9s jav\u00edt\u00e1s\u00e1t, az \u00e9rg\u00f6rcs\u00f6k (sz\u00edvkoszor\u00fa\u00e9r) el\u0151fordul\u00e1s\u00e1nak cs\u00f6kken\u00e9s\u00e9t.<\/p>","protected":false},"featured_media":4727,"comment_status":"open","ping_status":"closed","template":"","meta":[],"product_brand":[],"product_cat":[35,32],"product_tag":[],"class_list":{"0":"post-4728","1":"product","2":"type-product","3":"status-publish","4":"has-post-thumbnail","6":"product_cat-csatlakoztathato-jeladok","7":"product_cat-triomed","9":"first","10":"instock","11":"taxable","12":"shipping-taxable","13":"purchasable","14":"product-type-simple"},"_links":{"self":[{"href":"https:\/\/vetomshop.hu\/ro\/wp-json\/wp\/v2\/product\/4728","targetHints":{"allow":["GET"]}}],"collection":[{"href":"https:\/\/vetomshop.hu\/ro\/wp-json\/wp\/v2\/product"}],"about":[{"href":"https:\/\/vetomshop.hu\/ro\/wp-json\/wp\/v2\/types\/product"}],"replies":[{"embeddable":true,"href":"https:\/\/vetomshop.hu\/ro\/wp-json\/wp\/v2\/comments?post=4728"}],"wp:featuredmedia":[{"embeddable":true,"href":"https:\/\/vetomshop.hu\/ro\/wp-json\/wp\/v2\/media\/4727"}],"wp:attachment":[{"href":"https:\/\/vetomshop.hu\/ro\/wp-json\/wp\/v2\/media?parent=4728"}],"wp:term":[{"taxonomy":"product_brand","embeddable":true,"href":"https:\/\/vetomshop.hu\/ro\/wp-json\/wp\/v2\/product_brand?post=4728"},{"taxonomy":"product_cat","embeddable":true,"href":"https:\/\/vetomshop.hu\/ro\/wp-json\/wp\/v2\/product_cat?post=4728"},{"taxonomy":"product_tag","embeddable":true,"href":"https:\/\/vetomshop.hu\/ro\/wp-json\/wp\/v2\/product_tag?post=4728"}],"curies":[{"name":"wp","href":"https:\/\/api.w.org\/{rel}","templated":true}]}}