{"id":4730,"date":"2023-11-11T14:33:58","date_gmt":"2023-11-11T13:33:58","guid":{"rendered":"https:\/\/vetomshop.hu\/termek\/oxigenizalo-jelado\/"},"modified":"2023-11-11T14:33:58","modified_gmt":"2023-11-11T13:33:58","slug":"oxigenizalo-jelado","status":"publish","type":"product","link":"https:\/\/vetomshop.hu\/ro\/produs\/oxigenizalo-jelado\/","title":{"rendered":"Transmi\u021b\u0103tor de oxigenare"},"content":{"rendered":"<h4>Emisor de oxigen, nr. 11.<\/h4>\n<p><strong>Timp de func\u021bionare:<\/strong> 10 minute.<\/p>\n<p>Lungimea de und\u0103 corespunde frecven\u021belor lan\u021bului respirator (hemoglobina din s\u00e2nge, mitocondrii, fermen\u021bi), \u00eembun\u0103t\u0103\u021be\u0219te transportul \u0219i utilizarea oxigenului, cre\u0219te sinteza ATP, promoveaz\u0103 respira\u021bia celular\u0103 \u00een \u021besuturi. Frecven\u021ba joas\u0103 corespunde frecven\u021bei sistemului imunitar.<\/p>\n<ul>\n<li>\u00cembun\u0103t\u0103\u021be\u0219te microcircula\u021bia,<\/li>\n<li>Are un efect imuno-modulator,<\/li>\n<li>Reduce deficitul de oxigen \u00een \u021besuturi, oxigeneaz\u0103 \u021besuturile, are un efect dezagregant (\u00eempiedic\u0103 agregarea eritrocitelor \u0219i a altor celule sanguine), reduce coagularea s\u00e2ngelui,<\/li>\n<li>Favorizeaz\u0103 vindecarea r\u0103nilor,<\/li>\n<li>Ajut\u0103 la eliminarea cicatricilor,<\/li>\n<li>Are un efect analgezic,<\/li>\n<li>Ajut\u0103 la detoxifierea organismului,<\/li>\n<li>Efect antispasmodic,<\/li>\n<li>Promoveaz\u0103 formarea s\u00e2ngelui, normalizeaz\u0103 num\u0103rul de s\u00e2nge,<\/li>\n<li>\u00eembun\u0103t\u0103\u021be\u0219te microcircula\u021bia,<\/li>\n<li>Are un efect imuno-modulator,<\/li>\n<li>Reduce deficitul de oxigen \u00een \u021besuturi, \u00eembog\u0103\u021be\u0219te \u021besuturile cu oxigen,<\/li>\n<li>Are un efect dezagregant (previne agregarea eritrocitelor \u0219i a altor celule sanguine), reduce coagularea s\u00e2ngelui,<\/li>\n<li>Favorizeaz\u0103 vindecarea r\u0103nilor,<\/li>\n<li>Ajut\u0103 la eliminarea cicatricilor,<\/li>\n<li>Are un efect analgezic,<\/li>\n<li>Ajut\u0103 la detoxifierea organismului,<\/li>\n<li>Efect antispasmodic,<\/li>\n<li>Promoveaz\u0103 formarea s\u00e2ngelui, normalizeaz\u0103 num\u0103rul de s\u00e2nge,<\/li>\n<li>Are un efect \u00eentineritor,<\/li>\n<li>Structuri de ap\u0103.<\/li>\n<\/ul>\n<div class=\"su-spoiler su-spoiler-style-defoult su-spoiler-icon-caret su-spoiler-closed\" data-scroll-offset=\"0\" data-anchor-in-url=\"no\"><div class=\"su-spoiler-title\" tabindex=\"0\" role=\"button\"><span class=\"su-spoiler-icon\"><\/span>Toate<\/div><div class=\"su-spoiler-content su-u-clearfix su-u-trim\">\n<p>Zona de aplicare recomandat\u0103: zonele vaselor de s\u00e2nge mari - vene, artere, puncte biologic active.<\/p>\n<p><strong>Aplicabil pentru:<\/strong><\/p>\n<ul>\n<li>normalizarea sistemului imunitar \u00een bolile acute \u0219i cronice,<\/li>\n<li>\u00eembun\u0103t\u0103\u021birea st\u0103rii generale de bine, a rezisten\u021bei, a concentr\u0103rii \u00een caz de stres fizic \u0219i mental,<\/li>\n<li>prevenirea atacului de cord, a accidentului vascular cerebral,<\/li>\n<li>\u00eengrijirea post-infarct, post-stroke,<\/li>\n<li>accelerarea proceselor de regenerare,<\/li>\n<li>tratamentul r\u0103nilor \u0219i al cicatricilor postoperatorii,<\/li>\n<li>gestionarea fracturilor,<\/li>\n<li>normalizarea num\u0103rului de hemocite,<\/li>\n<li>dup\u0103 radioterapie,<\/li>\n<li>reabilitare dup\u0103 boli grave \u0219i munc\u0103 fizic\u0103 grea,<\/li>\n<li>stimularea circula\u021biei cerebrale,2<\/li>\n<li>\u00een produsele cosmetice: ajut\u0103 pielea s\u0103 absoarb\u0103 substan\u021bele nutritive,<\/li>\n<li>pentru sportivi: cre\u0219te rezisten\u021ba,<\/li>\n<li>ajut\u0103 elevii \u0219i studen\u021bii s\u0103 \u00eenve\u021be,<\/li>\n<li>pentru a contracara efectele nocive ale calculatoarelor,<\/li>\n<li>\u00een tratamentul stresului \u0219i al sindromului de oboseal\u0103 cronic\u0103,<\/li>\n<li>\u00een domeniul cosmeticii pentru \u00eembun\u0103t\u0103\u021birea st\u0103rii pielii,<\/li>\n<li>tratamentul sau prevenirea bolilor animalelor<\/li>\n<\/ul>\n<\/div><\/div>","protected":false},"excerpt":{"rendered":"<p>Oxig\u00e9n sug\u00e1rz\u00f3, 11. sz. M\u0171k\u00f6d\u00e9si ideje: 10 perc. A hull\u00e1mhossz megfelel a l\u00e9gz\u00e9si l\u00e1nc frekvenci\u00e1inak (a v\u00e9r hemoglobinja, mitokondriumok, fermentumok), javul az oxig\u00e9n sz\u00e1ll\u00edt\u00e1sa \u00e9s hasznos\u00edt\u00e1sa, n\u00f6vekszik ATP-szint\u00e9zis, el\u0151seg\u00edti a sz\u00f6vetben a sejtek l\u00e9gz\u00e9s\u00e9t. Az alacsony frekvencia megfelel az immunrendszer frekvenci\u00e1j\u00e1nak. Jav\u00edtja a mikrokering\u00e9st, Immun-modul\u00e1ci\u00f3s hat\u00e1sa van, Cs\u00f6kkenti az oxig\u00e9nhi\u00e1nyt a sz\u00f6vetekben, oxig\u00e9nnel d\u00fas\u00edtja a [&hellip;]<\/p>\n","protected":false},"featured_media":4729,"comment_status":"open","ping_status":"closed","template":"","meta":[],"product_brand":[],"product_cat":[35,32],"product_tag":[],"class_list":{"0":"post-4730","1":"product","2":"type-product","3":"status-publish","4":"has-post-thumbnail","6":"product_cat-csatlakoztathato-jeladok","7":"product_cat-triomed","9":"first","10":"instock","11":"taxable","12":"shipping-taxable","13":"purchasable","14":"product-type-simple"},"_links":{"self":[{"href":"https:\/\/vetomshop.hu\/ro\/wp-json\/wp\/v2\/product\/4730","targetHints":{"allow":["GET"]}}],"collection":[{"href":"https:\/\/vetomshop.hu\/ro\/wp-json\/wp\/v2\/product"}],"about":[{"href":"https:\/\/vetomshop.hu\/ro\/wp-json\/wp\/v2\/types\/product"}],"replies":[{"embeddable":true,"href":"https:\/\/vetomshop.hu\/ro\/wp-json\/wp\/v2\/comments?post=4730"}],"wp:featuredmedia":[{"embeddable":true,"href":"https:\/\/vetomshop.hu\/ro\/wp-json\/wp\/v2\/media\/4729"}],"wp:attachment":[{"href":"https:\/\/vetomshop.hu\/ro\/wp-json\/wp\/v2\/media?parent=4730"}],"wp:term":[{"taxonomy":"product_brand","embeddable":true,"href":"https:\/\/vetomshop.hu\/ro\/wp-json\/wp\/v2\/product_brand?post=4730"},{"taxonomy":"product_cat","embeddable":true,"href":"https:\/\/vetomshop.hu\/ro\/wp-json\/wp\/v2\/product_cat?post=4730"},{"taxonomy":"product_tag","embeddable":true,"href":"https:\/\/vetomshop.hu\/ro\/wp-json\/wp\/v2\/product_tag?post=4730"}],"curies":[{"name":"wp","href":"https:\/\/api.w.org\/{rel}","templated":true}]}}