{"id":4732,"date":"2023-11-11T14:33:59","date_gmt":"2023-11-11T13:33:59","guid":{"rendered":"https:\/\/vetomshop.hu\/termek\/specialis-111-es-jelado\/"},"modified":"2024-07-31T10:25:20","modified_gmt":"2024-07-31T08:25:20","slug":"specialis-111-es-jelado","status":"publish","type":"product","link":"https:\/\/vetomshop.hu\/ro\/produs\/specialis-111-es-jelado\/","title":{"rendered":"Baliz\u0103 special\u0103 111"},"content":{"rendered":"<h4>Emitator special 111 de \u00eenregistrare a informa\u021biilor<\/h4>\n<p><strong>Timpul de func\u021bionare al emi\u021b\u0103torului:<\/strong> 15 mp<\/p>\n<p>Scopul s\u0103u este de a \u201e\u00eenregistra\u201d informa\u021bii (spectrul de unde electromagnetice dintr-o anumit\u0103 gam\u0103) \u0219i de a le \u201etransfera\u201d c\u0103tre un purt\u0103tor de informa\u021bii selectat (de exemplu, ap\u0103) sau c\u0103tre o zon\u0103 biologic activ\u0103 pentru a optimiza rezervele func\u021bionale \u0219i a cre\u0219te capacitatea de adaptare a organismului, care poate fi afectat\u0103 de daunele aduse mediului, de boli sau de alte cauze.<\/p>\n<p>Pentru a \u201e\u00eenregistra\u201d informa\u021biile, conecta\u021bi cel de-al 111-lea emi\u021b\u0103tor la Triomed, apropia\u021bi-l de obiectul cu suprafa\u021ba sa plat\u0103 \u0219i ap\u0103sa\u021bi butonul \u201eStart\u201d. \u00cencepe num\u0103r\u0103toarea invers\u0103 - 15 secunde. Numai dup\u0103 ce a trecut timpul programat, \u00eendep\u0103rta\u021bi emi\u021b\u0103torul de la obiect. \u00cen acest timp, informa\u021biile despre obiect sunt \u201estocate\u201d pe emi\u021b\u0103tor, care r\u0103m\u00e2ne neschimbat p\u00e2n\u0103 c\u00e2nd emi\u021b\u0103torul este conectat la sursa de alimentare (p\u00e2n\u0103 c\u00e2nd unitatea este pornit\u0103).<\/p>\n<div class=\"su-spoiler su-spoiler-style-defoult su-spoiler-icon-caret su-spoiler-closed\" data-scroll-offset=\"0\" data-anchor-in-url=\"no\"><div class=\"su-spoiler-title\" tabindex=\"0\" role=\"button\"><span class=\"su-spoiler-icon\"><\/span>Toate<\/div><div class=\"su-spoiler-content su-u-clearfix su-u-trim\">\nPentru a \u201etransfera\u201d informa\u021biile \u00een ap\u0103, aduce\u021bi emi\u021b\u0103torul c\u00e2t mai aproape posibil de ap\u0103 (sticla nu trebuie s\u0103 fie mai groas\u0103 de 2 mm), iar suprafa\u021ba apei trebuie s\u0103 fie mai \u00eenalt\u0103 dec\u00e2t marginea superioar\u0103 a emi\u021b\u0103torului. Apa trebuie s\u0103 fie curat\u0103 \u0219i lipsit\u0103 de acid carbonic \u0219i al\u021bi aditivi. Be\u021bi imediat c\u00e2teva \u00eenghi\u021bituri din apa \u201ede informare\u201d preparat\u0103 - \u00eenainte de a o transfera \u00eentr-un alt recipient sau de a o p\u0103stra pentru o perioad\u0103 mai lung\u0103.<\/p>\n<p>Dac\u0103 dori\u021bi s\u0103 p\u0103stra\u021bi semnalul original pentru o perioad\u0103 lung\u0103 de timp pentru a preveni conectarea accidental\u0103 la Triomed, marca\u021bi transmi\u021b\u0103torul cu un semn distinctiv.<br \/>\n<\/div><\/div>","protected":false},"excerpt":{"rendered":"<p>Speci\u00e1lis 111 sz. inform\u00e1ci\u00f3t r\u00f6gz\u00edt\u0151 sug\u00e1rz\u00f3 A sug\u00e1rz\u00f3 m\u0171k\u00f6d\u00e9si ideje: 15 mp Rendeltet\u00e9se: az inform\u00e1ci\u00f3 (az adott tartom\u00e1ny elektrom\u00e1gneses hull\u00e1mspektrum\u00e1nak) \u201er\u00f6gz\u00edt\u00e9se\u201d, valamint \u201e\u00e1tvitele\u201d a kiv\u00e1lasztott inform\u00e1ci\u00f3hordoz\u00f3ra (pl. v\u00edzre) vagy biol\u00f3giailag akt\u00edv z\u00f3n\u00e1ra a funkcion\u00e1lis tartal\u00e9kok optimaliz\u00e1ci\u00f3ja \u00e9s a szervezet adapt\u00e1ci\u00f3s lehet\u0151s\u00e9geinek n\u00f6vel\u00e9se c\u00e9lj\u00e1b\u00f3l, melyek a k\u00f6rnyezet k\u00e1ros hat\u00e1sai, betegs\u00e9g, vagy egy\u00e9b okok miatt s\u00e9r\u00fcltek. Az [&hellip;]<\/p>\n","protected":false},"featured_media":4731,"comment_status":"open","ping_status":"closed","template":"","meta":[],"product_brand":[],"product_cat":[35,32],"product_tag":[],"class_list":{"0":"post-4732","1":"product","2":"type-product","3":"status-publish","4":"has-post-thumbnail","6":"product_cat-csatlakoztathato-jeladok","7":"product_cat-triomed","9":"first","10":"instock","11":"taxable","12":"shipping-taxable","13":"purchasable","14":"product-type-simple"},"_links":{"self":[{"href":"https:\/\/vetomshop.hu\/ro\/wp-json\/wp\/v2\/product\/4732","targetHints":{"allow":["GET"]}}],"collection":[{"href":"https:\/\/vetomshop.hu\/ro\/wp-json\/wp\/v2\/product"}],"about":[{"href":"https:\/\/vetomshop.hu\/ro\/wp-json\/wp\/v2\/types\/product"}],"replies":[{"embeddable":true,"href":"https:\/\/vetomshop.hu\/ro\/wp-json\/wp\/v2\/comments?post=4732"}],"wp:featuredmedia":[{"embeddable":true,"href":"https:\/\/vetomshop.hu\/ro\/wp-json\/wp\/v2\/media\/4731"}],"wp:attachment":[{"href":"https:\/\/vetomshop.hu\/ro\/wp-json\/wp\/v2\/media?parent=4732"}],"wp:term":[{"taxonomy":"product_brand","embeddable":true,"href":"https:\/\/vetomshop.hu\/ro\/wp-json\/wp\/v2\/product_brand?post=4732"},{"taxonomy":"product_cat","embeddable":true,"href":"https:\/\/vetomshop.hu\/ro\/wp-json\/wp\/v2\/product_cat?post=4732"},{"taxonomy":"product_tag","embeddable":true,"href":"https:\/\/vetomshop.hu\/ro\/wp-json\/wp\/v2\/product_tag?post=4732"}],"curies":[{"name":"wp","href":"https:\/\/api.w.org\/{rel}","templated":true}]}}