{"id":4735,"date":"2023-11-11T14:33:59","date_gmt":"2023-11-11T13:33:59","guid":{"rendered":"https:\/\/vetomshop.hu\/termek\/szabalyozo-jelado\/"},"modified":"2025-04-14T17:42:09","modified_gmt":"2025-04-14T15:42:09","slug":"szabalyozo-jelado","status":"publish","type":"product","link":"https:\/\/vetomshop.hu\/ro\/produs\/szabalyozo-jelado\/","title":{"rendered":"Transmi\u021b\u0103tor de reglementare"},"content":{"rendered":"<h4>Reglementarea radiatorului, nr. 52.<\/h4>\n<p><strong>Durata de func\u021bionare a emi\u021b\u0103torului<\/strong>: 15 minute<\/p>\n<p>Frecven\u021ba sa corespunde frecven\u021bei sistemului hormonal.<\/p>\n<p><strong>Impact:<\/strong><\/p>\n<ul>\n<li>Reface sistemul hormonal.<\/li>\n<li>Reface sistemul nervos central, periferic \u0219i autonom.<\/li>\n<li>\u00cembun\u0103t\u0103\u021be\u0219te capacitatea de transmitere a impulsurilor fibrelor nervoase.<\/li>\n<li>Promoveaz\u0103 regenerarea celulelor nervoase.<\/li>\n<li>Are un efect de stimulare a sistemului imunitar.<\/li>\n<li>Are un efect general de \u00eentinerire.<\/li>\n<li>Structuri de ap\u0103.<\/li>\n<\/ul>\n<p>Zona de aplicare recomandat\u0103: proiec\u021bia glandelor endocrine, proiec\u021bia vaselor mari de s\u00e2nge, 15-14 minute per punct sau zon\u0103 BAP.<\/p>\n<div class=\"su-spoiler su-spoiler-style-defoult su-spoiler-icon-caret su-spoiler-closed\" data-scroll-offset=\"0\" data-anchor-in-url=\"no\"><div class=\"su-spoiler-title\" tabindex=\"0\" role=\"button\"><span class=\"su-spoiler-icon\"><\/span>Toate<\/div><div class=\"su-spoiler-content su-u-clearfix su-u-trim\">\n<strong>Aplicabil pentru:<\/strong><\/p>\n<ul>\n<li>pentru tulbur\u0103ri vegetative,<\/li>\n<li>pentru tratamentul complex al sistemelor endocrin \u0219i nervos,<\/li>\n<li>\u00een neuro\u0219tiin\u021be,<\/li>\n<li>\u00een tratamentul bolilor alergice,<\/li>\n<li>\u00een tratamentul complex al venelor varicoase,<\/li>\n<li>\u00een tratamentul sindromului de oboseal\u0103 cronic\u0103,<\/li>\n<li>controleaz\u0103 simptomele menopauzei at\u00e2t la femei, c\u00e2t \u0219i la b\u0103rba\u021bi,<\/li>\n<li>pentru corectarea metabolismului calciului, prevenirea osteoporozei,<\/li>\n<li>pentru corectarea sistemului imunitar.<\/li>\n<\/ul>\n<\/div><\/div>","protected":false},"excerpt":{"rendered":"<p>Szab\u00e1lyz\u00f3 sug\u00e1rz\u00f3, 52. sz. A sug\u00e1rz\u00f3 m\u0171k\u00f6d\u00e9si ideje: 15 perc Frekvenci\u00e1ja a hormonrendszer frekvenci\u00e1j\u00e1nak felel meg. Hat\u00e1sa: Helyre\u00e1ll\u00edtja a hormonrendszer m\u0171k\u00f6d\u00e9s\u00e9t. Helyre\u00e1ll\u00edtja a k\u00f6zponti, a perif\u00e9ri\u00e1s, valamint a vegetat\u00edv idegrendszer munk\u00e1j\u00e1t. Jav\u00edtja az idegsz\u00e1lak impulzus-tov\u00e1bb\u00edt\u00f3 k\u00e9pess\u00e9g\u00e9t. El\u0151seg\u00edti az idegsejtek regener\u00e1ci\u00f3j\u00e1t. Immunrendszer er\u0151s\u00edt\u0151 hat\u00e1ssal b\u00edr. \u00c1ltal\u00e1nos fiatal\u00edt\u00f3 hat\u00e1s\u00fa. Struktur\u00e1lja a vizet. Aj\u00e1nlott alkalmaz\u00e1si fel\u00fclet: az endokrin [&hellip;]<\/p>\n","protected":false},"featured_media":4734,"comment_status":"open","ping_status":"closed","template":"","meta":[],"product_brand":[],"product_cat":[35,32],"product_tag":[],"class_list":{"0":"post-4735","1":"product","2":"type-product","3":"status-publish","4":"has-post-thumbnail","6":"product_cat-csatlakoztathato-jeladok","7":"product_cat-triomed","9":"first","10":"instock","11":"taxable","12":"shipping-taxable","13":"purchasable","14":"product-type-simple"},"_links":{"self":[{"href":"https:\/\/vetomshop.hu\/ro\/wp-json\/wp\/v2\/product\/4735","targetHints":{"allow":["GET"]}}],"collection":[{"href":"https:\/\/vetomshop.hu\/ro\/wp-json\/wp\/v2\/product"}],"about":[{"href":"https:\/\/vetomshop.hu\/ro\/wp-json\/wp\/v2\/types\/product"}],"replies":[{"embeddable":true,"href":"https:\/\/vetomshop.hu\/ro\/wp-json\/wp\/v2\/comments?post=4735"}],"wp:featuredmedia":[{"embeddable":true,"href":"https:\/\/vetomshop.hu\/ro\/wp-json\/wp\/v2\/media\/4734"}],"wp:attachment":[{"href":"https:\/\/vetomshop.hu\/ro\/wp-json\/wp\/v2\/media?parent=4735"}],"wp:term":[{"taxonomy":"product_brand","embeddable":true,"href":"https:\/\/vetomshop.hu\/ro\/wp-json\/wp\/v2\/product_brand?post=4735"},{"taxonomy":"product_cat","embeddable":true,"href":"https:\/\/vetomshop.hu\/ro\/wp-json\/wp\/v2\/product_cat?post=4735"},{"taxonomy":"product_tag","embeddable":true,"href":"https:\/\/vetomshop.hu\/ro\/wp-json\/wp\/v2\/product_tag?post=4735"}],"curies":[{"name":"wp","href":"https:\/\/api.w.org\/{rel}","templated":true}]}}