{"id":4737,"date":"2023-11-11T14:33:59","date_gmt":"2023-11-11T13:33:59","guid":{"rendered":"https:\/\/vetomshop.hu\/termek\/trio-men-jelado\/"},"modified":"2023-11-11T14:33:59","modified_gmt":"2023-11-11T13:33:59","slug":"trio-men-jelado","status":"publish","type":"product","link":"https:\/\/vetomshop.hu\/ro\/produs\/trio-men-jelado\/","title":{"rendered":"Baliza Trio-men"},"content":{"rendered":"<h4>Emitator special Trio-men<\/h4>\n<p>Pentru b\u0103rba\u021bi, nr. 23.<\/p>\n<p>Este indicat pentru: optimizarea rezervelor func\u021bionale \u0219i a capacit\u0103\u021bii organismului uman de a se adapta la influen\u021bele negative ale mediului, la stilul de via\u021b\u0103 sau la boli.<br \/>\nCategoria de angaja\u021bi: b\u0103rba\u021bi.<\/p>\n<p><strong>Impact:<\/strong> efectul de \u00eent\u0103rire general specific genului (nivel psihoemo\u021bional, reglarea neuroumoral\u0103).<\/p>\n<p><strong>Mecanism de ac\u021biune:<\/strong> Programul (frecven\u021ba purt\u0103toare, modula\u021bia de joas\u0103 frecven\u021b\u0103 \u0219i parametrii de amplitudine) a fost conceput special pentru organul masculin pentru a-l ajuta atunci c\u00e2nd este utilizat \u00eentr-un sistem.<\/p>\n<p>Prin utilizarea Trio-men 23. cur\u0103 radiant\u0103, putem normaliza procesele trofice \u0219i metabolice \u00een \u021besuturi \u0219i celule, regenera structura lor, \u00eembun\u0103t\u0103\u021bi func\u021bionarea organismului at\u00e2t sistemic, c\u00e2t \u0219i \u00een ansamblu, cre\u0219te rezisten\u021ba specific\u0103 a organismului.<\/p>\n<p>Rezultatele pozitive se datoreaz\u0103 feedback-ului de biorezonan\u021b\u0103 din partea celulelor, a sistemului fiziologic atomic \u0219i a sistemului de reglementare neuro-humoral\u0103, precum \u0219i activ\u0103rii mecanismului de adaptare (sindromul general de adaptare).<\/p>\n<div class=\"su-spoiler su-spoiler-style-defoult su-spoiler-icon-caret su-spoiler-closed\" data-scroll-offset=\"0\" data-anchor-in-url=\"no\"><div class=\"su-spoiler-title\" tabindex=\"0\" role=\"button\"><span class=\"su-spoiler-icon\"><\/span>Toate<\/div><div class=\"su-spoiler-content su-u-clearfix su-u-trim\">\n<strong>Recomandat pentru:<\/strong><\/p>\n<ol>\n<li>Pentru reducerea capacit\u0103\u021bii de munc\u0103 \u0219i starea de spirit, instabilitatea psiho-emo\u021bional\u0103, insomnia ca o consecin\u021b\u0103 a oboselii cronice.<\/li>\n<li>Boli de prostat\u0103, menopauz\u0103 masculin\u0103.<\/li>\n<li>R\u0103celi \u0219i gripe comune.<\/li>\n<li>Sl\u0103birea general\u0103 a sistemului imunitar dup\u0103 o boal\u0103 grav\u0103, pentru reabilitare<\/li>\n<\/ol>\n<\/div><\/div>","protected":false},"excerpt":{"rendered":"<p>Speci\u00e1lis Trio-men sug\u00e1rz\u00f3 F\u00e9rfiak sz\u00e1m\u00e1ra, 23. sz. Javallott: a funkcion\u00e1lis tartal\u00e9kok \u00e9s az emberi szervezet adapt\u00e1ci\u00f3s lehet\u0151s\u00e9geinek optimiz\u00e1l\u00e1s\u00e1hoz, melyek a negat\u00edv k\u00f6rnyezeti hat\u00e1sok, \u00e9letm\u00f3d vagy betegs\u00e9g k\u00f6vetkezt\u00e9ben l\u00e9ptek fel. Az alkalmaz\u00f3k kateg\u00f3ri\u00e1ja: f\u00e9rfiak. Hat\u00e1sa: a nemi hovatartoz\u00e1st figyelembe vev\u0151 \u00e1ltal\u00e1nos er\u0151s\u00edt\u0151 hat\u00e1s (pszichoemocion\u00e1lis szint, neurohumor\u00e1lis regul\u00e1ci\u00f3). Hat\u00e1smechanizmus: A program (hordoz\u00f3 frekvencia, alacsony frekvenci\u00e1j\u00fa modul\u00e1ci\u00f3 \u00e9s [&hellip;]<\/p>\n","protected":false},"featured_media":4736,"comment_status":"open","ping_status":"closed","template":"","meta":[],"product_brand":[],"product_cat":[35,32],"product_tag":[],"class_list":{"0":"post-4737","1":"product","2":"type-product","3":"status-publish","4":"has-post-thumbnail","6":"product_cat-csatlakoztathato-jeladok","7":"product_cat-triomed","9":"first","10":"instock","11":"taxable","12":"shipping-taxable","13":"purchasable","14":"product-type-simple"},"_links":{"self":[{"href":"https:\/\/vetomshop.hu\/ro\/wp-json\/wp\/v2\/product\/4737","targetHints":{"allow":["GET"]}}],"collection":[{"href":"https:\/\/vetomshop.hu\/ro\/wp-json\/wp\/v2\/product"}],"about":[{"href":"https:\/\/vetomshop.hu\/ro\/wp-json\/wp\/v2\/types\/product"}],"replies":[{"embeddable":true,"href":"https:\/\/vetomshop.hu\/ro\/wp-json\/wp\/v2\/comments?post=4737"}],"wp:featuredmedia":[{"embeddable":true,"href":"https:\/\/vetomshop.hu\/ro\/wp-json\/wp\/v2\/media\/4736"}],"wp:attachment":[{"href":"https:\/\/vetomshop.hu\/ro\/wp-json\/wp\/v2\/media?parent=4737"}],"wp:term":[{"taxonomy":"product_brand","embeddable":true,"href":"https:\/\/vetomshop.hu\/ro\/wp-json\/wp\/v2\/product_brand?post=4737"},{"taxonomy":"product_cat","embeddable":true,"href":"https:\/\/vetomshop.hu\/ro\/wp-json\/wp\/v2\/product_cat?post=4737"},{"taxonomy":"product_tag","embeddable":true,"href":"https:\/\/vetomshop.hu\/ro\/wp-json\/wp\/v2\/product_tag?post=4737"}],"curies":[{"name":"wp","href":"https:\/\/api.w.org\/{rel}","templated":true}]}}