{"id":4739,"date":"2023-11-11T14:34:00","date_gmt":"2023-11-11T13:34:00","guid":{"rendered":"https:\/\/vetomshop.hu\/termek\/trio-women-jelado\/"},"modified":"2023-11-11T14:34:00","modified_gmt":"2023-11-11T13:34:00","slug":"trio-women-jelado","status":"publish","type":"product","link":"https:\/\/vetomshop.hu\/ro\/produs\/trio-women-jelado\/","title":{"rendered":"Baliz\u0103 cu trei femei"},"content":{"rendered":"<h4>Radiator special Trio-femei<\/h4>\n<p>Pentru femei, nr. 8.<\/p>\n<p>Recomandat: pentru optimizarea rezervelor func\u021bionale \u0219i a capacit\u0103\u021bii de adaptare a organismului uman ca urmare a influen\u021belor negative ale mediului, a stilului de via\u021b\u0103 sau a bolilor.<\/p>\n<p><strong>Recomandat pentru: <\/strong>pentru fete, femei.<\/p>\n<p><strong>Impact:<\/strong> efect general de promovare a s\u0103n\u0103t\u0103\u021bii, lu\u00e2nd \u00een considerare caracteristicile organismului feminin (sfera psiho-emo\u021bional\u0103, reglarea neurohumoral\u0103).<\/p>\n<p><strong>Mecanism de ac\u021biune:<\/strong> Programul (frecven\u021ba purt\u0103toare, modula\u021bia de joas\u0103 frecven\u021b\u0103 \u0219i parametrii de amplitudine) a fost conceput special pentru a ajuta corpul feminin atunci c\u00e2nd este utilizat \u00eentr-un sistem.<\/p>\n<p>Aplicarea radioterapiei \u00een cursul unui tratament normalizeaz\u0103 procesele trofice \u0219i metabolice \u00een celule \u0219i \u021besuturi, le regenereaz\u0103, are un efect general de armonizare asupra organelor, sistemelor de organe \u0219i a organismului \u00een ansamblu \u0219i cre\u0219te rezisten\u021ba nespecific\u0103 a organismului. Rezultatele pozitive se datoreaz\u0103, pe de o parte, feedback-ului de biorezonan\u021b\u0103 din partea celulelor, a sistemului fiziologic atomic \u0219i a sistemului de reglare neurogumoral \u0219i, pe de alt\u0103 parte, activ\u0103rii mecanismului de adaptare (sindromul general de adaptare).<\/p>\n<div class=\"su-spoiler su-spoiler-style-defoult su-spoiler-icon-caret su-spoiler-closed\" data-scroll-offset=\"0\" data-anchor-in-url=\"no\"><div class=\"su-spoiler-title\" tabindex=\"0\" role=\"button\"><span class=\"su-spoiler-icon\"><\/span>Toate<\/div><div class=\"su-spoiler-content su-u-clearfix su-u-trim\">\n<p><strong>Recomandat pentru:<\/strong><\/p>\n<ol>\n<li>Pentru reducerea capacit\u0103\u021bii de munc\u0103 \u0219i starea de spirit, instabilitatea psiho-emo\u021bional\u0103, insomnia ca o consecin\u021b\u0103 a oboselii cronice.<\/li>\n<li>Pentru tratamentul \u0219i prevenirea tulbur\u0103rilor genitale feminine \u0219i a simptomelor nepl\u0103cute care \u00eenso\u021besc menopauza, precum \u0219i pentru consolidarea fertilit\u0103\u021bii \u0219i a s\u0103n\u0103t\u0103\u021bii sexuale.<\/li>\n<li>Frecvente \u00een r\u0103celi.<\/li>\n<li>Prevenirea specific\u0103 a gripei \u0219i a r\u0103celii.<\/li>\n<li>Sl\u0103birea sistemului imunitar \u00een timpul recuper\u0103rii sau reabilit\u0103rii dup\u0103 boal\u0103.<\/li>\n<\/ol>\n<\/div><\/div>","protected":false},"excerpt":{"rendered":"<p>Speci\u00e1lis Trio-Women sug\u00e1rz\u00f3 N\u0151k sz\u00e1m\u00e1ra, 8.sz. Javasolt: a funkcion\u00e1lis tartal\u00e9kok \u00e9s az emberi szervezet adapt\u00e1ci\u00f3s lehet\u0151s\u00e9geinek optimiz\u00e1l\u00e1s\u00e1hoz, melyek a negat\u00edv k\u00f6rnyezeti hat\u00e1sok, \u00e9letm\u00f3d vagy betegs\u00e9g k\u00f6vetkezt\u00e9ben l\u00e9ptek fel. Aj\u00e1nlott: l\u00e1nyok, n\u0151k sz\u00e1m\u00e1ra. Hat\u00e1sa: a n\u0151i szervezet jellemz\u0151it figyelembe vev\u0151 (pszicho-emocion\u00e1lis szf\u00e9ra, neurohumor\u00e1lis szab\u00e1lyoz\u00e1s) \u00e1ltal\u00e1nos eg\u00e9szs\u00e9gmeger\u0151s\u00edt\u0151 hat\u00e1s. Hat\u00e1smechanizmus: A program (hordoz\u00f3 frekvencia, alacsony frekvenci\u00e1j\u00fa modul\u00e1ci\u00f3 \u00e9s [&hellip;]<\/p>\n","protected":false},"featured_media":4738,"comment_status":"open","ping_status":"closed","template":"","meta":[],"product_brand":[],"product_cat":[35,32],"product_tag":[],"class_list":{"0":"post-4739","1":"product","2":"type-product","3":"status-publish","4":"has-post-thumbnail","6":"product_cat-csatlakoztathato-jeladok","7":"product_cat-triomed","9":"first","10":"instock","11":"taxable","12":"shipping-taxable","13":"purchasable","14":"product-type-simple"},"_links":{"self":[{"href":"https:\/\/vetomshop.hu\/ro\/wp-json\/wp\/v2\/product\/4739","targetHints":{"allow":["GET"]}}],"collection":[{"href":"https:\/\/vetomshop.hu\/ro\/wp-json\/wp\/v2\/product"}],"about":[{"href":"https:\/\/vetomshop.hu\/ro\/wp-json\/wp\/v2\/types\/product"}],"replies":[{"embeddable":true,"href":"https:\/\/vetomshop.hu\/ro\/wp-json\/wp\/v2\/comments?post=4739"}],"wp:featuredmedia":[{"embeddable":true,"href":"https:\/\/vetomshop.hu\/ro\/wp-json\/wp\/v2\/media\/4738"}],"wp:attachment":[{"href":"https:\/\/vetomshop.hu\/ro\/wp-json\/wp\/v2\/media?parent=4739"}],"wp:term":[{"taxonomy":"product_brand","embeddable":true,"href":"https:\/\/vetomshop.hu\/ro\/wp-json\/wp\/v2\/product_brand?post=4739"},{"taxonomy":"product_cat","embeddable":true,"href":"https:\/\/vetomshop.hu\/ro\/wp-json\/wp\/v2\/product_cat?post=4739"},{"taxonomy":"product_tag","embeddable":true,"href":"https:\/\/vetomshop.hu\/ro\/wp-json\/wp\/v2\/product_tag?post=4739"}],"curies":[{"name":"wp","href":"https:\/\/api.w.org\/{rel}","templated":true}]}}