{"id":4741,"date":"2023-11-11T14:34:00","date_gmt":"2023-11-11T13:34:00","guid":{"rendered":"https:\/\/vetomshop.hu\/termek\/sigma-medal\/"},"modified":"2023-11-11T14:34:00","modified_gmt":"2023-11-11T13:34:00","slug":"sigma-medal","status":"publish","type":"product","link":"https:\/\/vetomshop.hu\/ro\/produs\/sigma-medal\/","title":{"rendered":"Medalia Sigma"},"content":{"rendered":"<p>A <strong>Medalia SIGMA pentru s\u0103n\u0103tate<\/strong> este de a restabili procesele fiziologice normale ale foliculilor de p\u0103r, de a cre\u0219te rezisten\u021ba acestora la factorii de mediu adversi \u0219i la stresul crescut, de a prelungi faza de cre\u0219tere a p\u0103rului \u0219i de a cre\u0219te astfel densitatea general\u0103 a p\u0103rului.<\/p>\n<p><strong>Efecte:<\/strong><\/p>\n<ul>\n<li>normalizeaz\u0103 circula\u021bia s\u00e2ngelui, starea imunitar\u0103 \u0219i metabolismul \u00een foliculii de p\u0103r, prevenind dezvoltarea atrofiei;<\/li>\n<li>reduce severitatea proceselor inflamatorii din piele \u0219i foliculii de p\u0103r;<\/li>\n<li>ajut\u0103 la normalizarea proceselor metabolice la nivelul pielii \u0219i al organismului \u00een ansamblu; previne apari\u021bia alopeciei areata (c\u0103derea p\u0103rului pe alocuri).<\/li>\n<\/ul>\n<p>Pandantivul de s\u0103n\u0103tate SIGMA are un efect pozitiv asupra st\u0103rii func\u021biilor organismului, poate fi utilizat ca instrument de optimizare \u0219i corec\u021bie \u00een combina\u021bie cu alte tratamente pentru alopecia areata (pierderea parului pe alocuri)<br \/>\n\u0219i alte metode de prevenire.<\/p>\n<div class=\"su-spoiler su-spoiler-style-defoult su-spoiler-icon-caret su-spoiler-closed\" data-scroll-offset=\"0\" data-anchor-in-url=\"no\"><div class=\"su-spoiler-title\" tabindex=\"0\" role=\"button\"><span class=\"su-spoiler-icon\"><\/span>Toate<\/div><div class=\"su-spoiler-content su-u-clearfix su-u-trim\">\n<p><strong>Tipuri de pierdere a p\u0103rului pe alocuri:<\/strong><\/p>\n<p>Pe baza gradului de c\u0103dere a p\u0103rului, c\u0103derea par\u021bial\u0103 a p\u0103rului este \u00eemp\u0103r\u021bit\u0103 \u00een urm\u0103toarele tipuri:<\/p>\n<ul>\n<li>Alopecia areata unilocularis: p\u0103rul cade \u00eentr-o singur\u0103 zon\u0103<\/li>\n<li>Alopecia areata multilocularis: pete multiple de cicatrizare<\/li>\n<li>Alopecia areata subtotalis: p\u0103rul cade aproape pe tot scalpul3<\/li>\n<li>Alopecia areata totalis: toate firele de p\u0103r cad de pe scalp Alopecia areata universalis: c\u0103derea p\u0103rului afecteaz\u0103 scalpul \u0219i \u00eentregul corp<\/li>\n<li>Tip ofiasis: o form\u0103 specific\u0103 de alopecie areata, caracterizat\u0103 prin c\u0103derea p\u0103rului \u00een principal din zonele exterioare ale scalpului, de obicei din spatele capului, uneori din<br \/>\nde la t\u00e2mple sau frunte.<\/li>\n<\/ul>\n<p>\u00cen plus fa\u021b\u0103 de tipurile enumerate mai sus, SIGMA Medallion poate fi utilizat \u00een cazurile de c\u0103dere a p\u0103rului cauzat\u0103 de chimioterapie, radioterapie sau disfunc\u021bii endocrine.<\/p>\n<\/div><\/div>","protected":false},"excerpt":{"rendered":"<p>A SIGMA Eg\u00e9szs\u00e9g Med\u00e1l feladata a sz\u0151rt\u00fcsz\u0151k norm\u00e1l fiziol\u00f3giai folyamatainak helyre\u00e1ll\u00edt\u00e1sa, a kedvez\u0151tlen k\u00f6rnyezeti t\u00e9nyez\u0151kkel \u00e9s a megn\u00f6vekedett stresszterhel\u00e9ssel szembeni ellen\u00e1ll\u00f3 k\u00e9pess\u00e9g\u00fck n\u00f6vel\u00e9se, a hajn\u00f6veked\u00e9s szakasz\u00e1nak meghosszabb\u00edt\u00e1sa, ez\u00e1ltal a teljes hajs\u0171r\u0171s\u00e9g n\u00f6vel\u00e9se. Hat\u00e1sok: normaliz\u00e1lja a v\u00e9rkering\u00e9st, az immun\u00e1llapotot \u00e9s az anyagcser\u00e9t a sz\u0151rt\u00fcsz\u0151kben, megel\u0151zve az atr\u00f3fia kialakul\u00e1s\u00e1t; cs\u00f6kkenti a b\u0151r \u00e9s a sz\u0151rt\u00fcsz\u0151k gyullad\u00e1sos folyamatainak [&hellip;]<\/p>\n","protected":false},"featured_media":4740,"comment_status":"open","ping_status":"closed","template":"","meta":[],"product_brand":[],"product_cat":[33,32],"product_tag":[],"class_list":{"0":"post-4741","1":"product","2":"type-product","3":"status-publish","4":"has-post-thumbnail","6":"product_cat-egeszseg-medalok","7":"product_cat-triomed","9":"first","10":"instock","11":"taxable","12":"shipping-taxable","13":"purchasable","14":"product-type-simple"},"_links":{"self":[{"href":"https:\/\/vetomshop.hu\/ro\/wp-json\/wp\/v2\/product\/4741","targetHints":{"allow":["GET"]}}],"collection":[{"href":"https:\/\/vetomshop.hu\/ro\/wp-json\/wp\/v2\/product"}],"about":[{"href":"https:\/\/vetomshop.hu\/ro\/wp-json\/wp\/v2\/types\/product"}],"replies":[{"embeddable":true,"href":"https:\/\/vetomshop.hu\/ro\/wp-json\/wp\/v2\/comments?post=4741"}],"wp:featuredmedia":[{"embeddable":true,"href":"https:\/\/vetomshop.hu\/ro\/wp-json\/wp\/v2\/media\/4740"}],"wp:attachment":[{"href":"https:\/\/vetomshop.hu\/ro\/wp-json\/wp\/v2\/media?parent=4741"}],"wp:term":[{"taxonomy":"product_brand","embeddable":true,"href":"https:\/\/vetomshop.hu\/ro\/wp-json\/wp\/v2\/product_brand?post=4741"},{"taxonomy":"product_cat","embeddable":true,"href":"https:\/\/vetomshop.hu\/ro\/wp-json\/wp\/v2\/product_cat?post=4741"},{"taxonomy":"product_tag","embeddable":true,"href":"https:\/\/vetomshop.hu\/ro\/wp-json\/wp\/v2\/product_tag?post=4741"}],"curies":[{"name":"wp","href":"https:\/\/api.w.org\/{rel}","templated":true}]}}