{"id":4743,"date":"2023-11-11T14:34:00","date_gmt":"2023-11-11T13:34:00","guid":{"rendered":"https:\/\/vetomshop.hu\/termek\/siker-medal\/"},"modified":"2023-11-11T14:34:00","modified_gmt":"2023-11-11T13:34:00","slug":"siker-medal","status":"publish","type":"product","link":"https:\/\/vetomshop.hu\/ro\/produs\/siker-medal\/","title":{"rendered":"Medalie de succes"},"content":{"rendered":"<h4>Medalie de succes pentru copii<\/h4>\n<p><strong>Scop:<\/strong><\/p>\n<p>Func\u021bii cognitive (procese cognitive) -<\/p>\n<ol>\n<li>aten\u021bie, observa\u021bie<\/li>\n<li>detec\u021bie-detec\u021bie<\/li>\n<li>memorie<\/li>\n<li>func\u021bii de g\u00e2ndire<\/li>\n<\/ol>\n<p>- ca instrument complementar pentru a ajuta la activare, a contracara oboseala de \u00eenv\u0103\u021bare \u0219i a \u00eembun\u0103t\u0103\u021bi bun\u0103starea emo\u021bional\u0103.<\/p>\n<p>Sus\u021bine recuperarea dup\u0103 o suprasarcin\u0103 semnificativ\u0103 de informa\u021bii, prevenind oboseala cronic\u0103 \u0219i sindromul de epuizare.<\/p>\n<div class=\"su-spoiler su-spoiler-style-defoult su-spoiler-icon-caret su-spoiler-closed\" data-scroll-offset=\"0\" data-anchor-in-url=\"no\"><div class=\"su-spoiler-title\" tabindex=\"0\" role=\"button\"><span class=\"su-spoiler-icon\"><\/span>Toate<\/div><div class=\"su-spoiler-content su-u-clearfix su-u-trim\">\n<h4>Scurt\u0103 descriere<\/h4>\n<p>Informa\u021biile \u00eenregistrate pe suportul informa\u021bional electronic - Medalia de s\u0103n\u0103tate SIKER - corespund spectrului de vibra\u021bii electromagnetice ale celulelor \u0219i \u021besuturilor sistemului nervos central \u0219i vibra\u021biilor (spectrului electromagnetic) substan\u021belor antihomotoxice care cresc capacitatea de munc\u0103 mental\u0103, stabilitatea antistres a studen\u021bilor \u0219i lucr\u0103torilor intelectuali \u0219i men\u021bin un fond psiho-emo\u021bional optim. Activit\u0103\u021bile studen\u021bilor sunt \u00eenso\u021bite de o intensitate ridicat\u0103 a proceselor mentale \u00een condi\u021bii de presiune temporal\u0103 \u0219i densitate mare de informa\u021bii, care au caracter de stres. G\u00e2ndirea implic\u0103 aspectele active ale cogni\u021biei: aten\u021bia, percep\u021bia, procesele de asociere, formarea de concepte \u0219i evalu\u0103ri, o component\u0103 a activit\u0103\u021bii realiste a persoanei sociale.<\/p>\n<p>G\u00e2ndirea este legat\u0103 de activitatea creierului, dar capacitatea de a g\u00e2ndi abstract provine din dob\u00e2ndirea existen\u021bei practice, a regulilor lingvistice, a logicii, a culturii. G\u00e2ndirea are loc \u00een diferite forme de activitate intelectual\u0103 \u0219i practic\u0103, \u00een cursul c\u0103reia experien\u021bele cognitive ale oamenilor sunt generalizate \u0219i agregate. G\u00e2ndirea este considerat\u0103 a fi sursa \u0219i mijlocul fundamental al existen\u021bei umane reale.<\/p>\n<\/div><\/div>","protected":false},"excerpt":{"rendered":"<p>Siker Med\u00e1l gyerekeknek Rendeltet\u00e9se: A kognit\u00edv funkci\u00f3k (megismer\u0151 folyamatok) &#8211; figyelem, megfigyel\u0151k\u00e9pess\u00e9g \u00e9rz\u00e9kel\u00e9s-\u00e9szlel\u00e9s eml\u00e9kezet gondolkod\u00e1si funkci\u00f3k &#8211; aktiv\u00e1l\u00e1s\u00e1t seg\u00edt\u0151, a tanul\u00e1st k\u00eds\u00e9r\u0151 f\u00e1radts\u00e1g ellens\u00falyoz\u00e1s\u00e1t \u00e9s az emocion\u00e1lis k\u00f6z\u00e9rzet jav\u00edt\u00e1s\u00e1t szolg\u00e1l\u00f3 kieg\u00e9sz\u00edt\u0151 eszk\u00f6z. T\u00e1mogatja a jelent\u0151s inform\u00e1ci\u00f3s megterhel\u00e9s ut\u00e1ni helyre\u00e1ll\u00edt\u00e1st, a kr\u00f3nikus f\u00e1radts\u00e1g \u00e9s kimer\u00fclts\u00e9g szindr\u00f3ma megel\u0151z\u00e9s\u00e9t.<\/p>","protected":false},"featured_media":4742,"comment_status":"open","ping_status":"closed","template":"","meta":[],"product_brand":[],"product_cat":[33,32],"product_tag":[],"class_list":{"0":"post-4743","1":"product","2":"type-product","3":"status-publish","4":"has-post-thumbnail","6":"product_cat-egeszseg-medalok","7":"product_cat-triomed","9":"first","10":"instock","11":"taxable","12":"shipping-taxable","13":"purchasable","14":"product-type-simple"},"_links":{"self":[{"href":"https:\/\/vetomshop.hu\/ro\/wp-json\/wp\/v2\/product\/4743","targetHints":{"allow":["GET"]}}],"collection":[{"href":"https:\/\/vetomshop.hu\/ro\/wp-json\/wp\/v2\/product"}],"about":[{"href":"https:\/\/vetomshop.hu\/ro\/wp-json\/wp\/v2\/types\/product"}],"replies":[{"embeddable":true,"href":"https:\/\/vetomshop.hu\/ro\/wp-json\/wp\/v2\/comments?post=4743"}],"wp:featuredmedia":[{"embeddable":true,"href":"https:\/\/vetomshop.hu\/ro\/wp-json\/wp\/v2\/media\/4742"}],"wp:attachment":[{"href":"https:\/\/vetomshop.hu\/ro\/wp-json\/wp\/v2\/media?parent=4743"}],"wp:term":[{"taxonomy":"product_brand","embeddable":true,"href":"https:\/\/vetomshop.hu\/ro\/wp-json\/wp\/v2\/product_brand?post=4743"},{"taxonomy":"product_cat","embeddable":true,"href":"https:\/\/vetomshop.hu\/ro\/wp-json\/wp\/v2\/product_cat?post=4743"},{"taxonomy":"product_tag","embeddable":true,"href":"https:\/\/vetomshop.hu\/ro\/wp-json\/wp\/v2\/product_tag?post=4743"}],"curies":[{"name":"wp","href":"https:\/\/api.w.org\/{rel}","templated":true}]}}