{"id":4745,"date":"2023-11-11T14:34:01","date_gmt":"2023-11-11T13:34:01","guid":{"rendered":"https:\/\/vetomshop.hu\/termek\/solo-medal\/"},"modified":"2023-11-11T14:34:01","modified_gmt":"2023-11-11T13:34:01","slug":"solo-medal","status":"publish","type":"product","link":"https:\/\/vetomshop.hu\/ro\/produs\/solo-medal\/","title":{"rendered":"Pandantiv Solo"},"content":{"rendered":"<h4>Medalia SOLO pentru s\u0103n\u0103tate<\/h4>\n<p><strong>Func\u021bii principale:<\/strong><\/p>\n<p>Medalia Solo este un instrument complementar pentru sus\u021binerea mecanismelor de ap\u0103rare ale organismului \u0219i activarea sistemului imunitar.<\/p>\n<p>Este cel mai util pentru infec\u021biile virale \u0219i bacteriene.<\/p>\n<p><strong>Impact:<\/strong><\/p>\n<ul>\n<li>pentru a sus\u021bine \u00eent\u0103rirea sistemului imunitar, pentru a sus\u021bine un r\u0103spuns redus la alergeni,<\/li>\n<li>sprijinirea recuper\u0103rii dup\u0103 boli virale,<\/li>\n<li>sprijinirea elimin\u0103rii substan\u021belor toxice,<\/li>\n<li>sus\u021bin ac\u021biunea antibacterian\u0103 \u0219i antiviral\u0103.<\/li>\n<\/ul>\n<p><strong>C\u00e2nd s\u0103 \u00eel utiliza\u021bi?<\/strong><\/p>\n<div class=\"su-spoiler su-spoiler-style-defoult su-spoiler-icon-caret su-spoiler-closed\" data-scroll-offset=\"0\" data-anchor-in-url=\"no\"><div class=\"su-spoiler-title\" tabindex=\"0\" role=\"button\"><span class=\"su-spoiler-icon\"><\/span>Toate<\/div><div class=\"su-spoiler-content su-u-clearfix su-u-trim\">\nSolo Pendant are un efect pozitiv asupra func\u021bion\u0103rii func\u021bionale a organismului \u0219i poate fi utilizat ca un instrument suplimentar de corec\u021bie \u0219i optimizare \u00een prevenirea \u0219i tratamentul urm\u0103toarelor boli:<\/p>\n<ul>\n<li>pentru bolile respiratorii bacteriene \u0219i virale superioare;<\/li>\n<li>\u00een boli inflamatorii, cazuri de natur\u0103 bacterian-alergic\u0103, rinit\u0103, faringit\u0103, laringit\u0103, bron\u0219it\u0103;<\/li>\n<li>\u00een stadiile incipiente ale bolilor autoimune (astm bron\u0219ic, bron\u0219it\u0103 astmatic\u0103, artrit\u0103 reumatoid\u0103, pielo- \u0219i glumerulonefrit\u0103 - nefrit\u0103, boal\u0103 tiroidian\u0103 autoimun\u0103, cardiopatie valvular\u0103 datorat\u0103 reumatismului, boal\u0103 vascular\u0103 endotelial\u0103, dermatit\u0103 streptococic\u0103 \u0219i stafilococic\u0103).<\/li>\n<\/ul>\n<p>Avertisment important: dac\u0103 dezvolta\u021bi simptome de boli ale tractului respirator superior \u0219i inferior, solicita\u021bi sfatul medicului. Utiliza\u021bi Solo Medal ca instrument complementar metodelor de tratament recomandate de medicul dumneavoastr\u0103 pentru a v\u0103 sprijini recuperarea.<\/p>\n<\/div><\/div>","protected":false},"excerpt":{"rendered":"<p>SOLO Eg\u00e9szs\u00e9g Med\u00e1l F\u0151 funkci\u00f3i: A Solo Med\u00e1l kieg\u00e9sz\u00edt\u0151 eszk\u00f6z, mely a szervezet v\u00e9dekez\u0151 mechanizmusait \u00e9s az immunrendszer aktiv\u00e1l\u00e1s\u00e1t t\u00e1mogatja. V\u00edrusos \u00e9s bakteri\u00e1lis fert\u0151z\u00e9sek eset\u00e9n ny\u00fajtja a legnagyobb seg\u00edts\u00e9get. Hat\u00e1sa: immunrendszer er\u0151s\u00edt\u00e9s\u00e9nek t\u00e1mogat\u00e1sa, az allerg\u00e9nekre val\u00f3 cs\u00f6kkent reakci\u00f3 el\u00e9r\u00e9s\u00e9nek t\u00e1mogat\u00e1sa, a v\u00edrusos megbeteged\u00e9sek gy\u00f3gyul\u00e1s\u00e1nak t\u00e1mogat\u00e1sa, a toxikus anyagok kivezet\u00e9s\u00e9nek t\u00e1mogat\u00e1sa, antibakteri\u00e1lis \u00e9s v\u00edrus\u00f6l\u0151 hat\u00e1s t\u00e1mogat\u00e1sa. [&hellip;]<\/p>\n","protected":false},"featured_media":4744,"comment_status":"open","ping_status":"closed","template":"","meta":[],"product_brand":[],"product_cat":[33,32],"product_tag":[],"class_list":{"0":"post-4745","1":"product","2":"type-product","3":"status-publish","4":"has-post-thumbnail","6":"product_cat-egeszseg-medalok","7":"product_cat-triomed","9":"first","10":"instock","11":"taxable","12":"shipping-taxable","13":"purchasable","14":"product-type-simple"},"_links":{"self":[{"href":"https:\/\/vetomshop.hu\/ro\/wp-json\/wp\/v2\/product\/4745","targetHints":{"allow":["GET"]}}],"collection":[{"href":"https:\/\/vetomshop.hu\/ro\/wp-json\/wp\/v2\/product"}],"about":[{"href":"https:\/\/vetomshop.hu\/ro\/wp-json\/wp\/v2\/types\/product"}],"replies":[{"embeddable":true,"href":"https:\/\/vetomshop.hu\/ro\/wp-json\/wp\/v2\/comments?post=4745"}],"wp:featuredmedia":[{"embeddable":true,"href":"https:\/\/vetomshop.hu\/ro\/wp-json\/wp\/v2\/media\/4744"}],"wp:attachment":[{"href":"https:\/\/vetomshop.hu\/ro\/wp-json\/wp\/v2\/media?parent=4745"}],"wp:term":[{"taxonomy":"product_brand","embeddable":true,"href":"https:\/\/vetomshop.hu\/ro\/wp-json\/wp\/v2\/product_brand?post=4745"},{"taxonomy":"product_cat","embeddable":true,"href":"https:\/\/vetomshop.hu\/ro\/wp-json\/wp\/v2\/product_cat?post=4745"},{"taxonomy":"product_tag","embeddable":true,"href":"https:\/\/vetomshop.hu\/ro\/wp-json\/wp\/v2\/product_tag?post=4745"}],"curies":[{"name":"wp","href":"https:\/\/api.w.org\/{rel}","templated":true}]}}