{"id":4751,"date":"2023-11-11T14:34:02","date_gmt":"2023-11-11T13:34:02","guid":{"rendered":"https:\/\/vetomshop.hu\/termek\/vita-medal\/"},"modified":"2023-11-11T14:34:02","modified_gmt":"2023-11-11T13:34:02","slug":"vita-medal","status":"publish","type":"product","link":"https:\/\/vetomshop.hu\/ro\/produs\/vita-medal\/","title":{"rendered":"Medalie de dezbatere"},"content":{"rendered":"<h4>Medalie de dezbatere<\/h4>\n<p><strong>Func\u021bia principal\u0103:\u00a0<\/strong>Este un instrument complementar pentru prevenirea \u0219i tratamentul complementar al bolilor digestive \u0219i pentru activarea proceselor de regenerare dup\u0103 boli.<\/p>\n<p><strong>Scurt\u0103 descriere<\/strong><\/p>\n<p>Modelul spectral \u00eenregistrat pe medalionul Vita Health corespunde vibra\u021biei organelor, \u021besuturilor \u0219i organelor tractului digestiv. Acesta corespunde<br \/>\nvibra\u021bii ale medicamentelor antihomotoxice, care au efecte imunomodulatoare, antiinflamatoare, desensibilizante (desensibilizante).<\/p>\n<p>Sistemul digestiv este ansamblul de procese fizice, chimice \u0219i fiziologice prin care alimentele consumate sunt transformate \u00een leg\u0103turi chimice simple \u0219i asimilate de c\u0103tre celule.<\/p>\n<div class=\"su-spoiler su-spoiler-style-defoult su-spoiler-icon-caret su-spoiler-closed\" data-scroll-offset=\"0\" data-anchor-in-url=\"no\"><div class=\"su-spoiler-title\" tabindex=\"0\" role=\"button\"><span class=\"su-spoiler-icon\"><\/span>Toate<\/div><div class=\"su-spoiler-content su-u-clearfix su-u-trim\">\nAceste procese au loc \u00eentr-o ordine specific\u0103 \u00een cadrul tractului digestiv (cavitatea bucal\u0103, g\u00e2t, esofag, stomac, intestin sub\u021bire \u0219i gros, ficat, bil\u0103 \u0219i pancreas). Procesul este realizat de mecanisme de reglementare la diferite niveluri. Progresia secven\u021bial\u0103 a sistemului digestiv, care duce la descompunerea alimentelor \u00een monomeri absorbabili, reprezint\u0103 esen\u021ba func\u021bion\u0103rii acestuia.<br \/>\n<\/div><\/div>","protected":false},"excerpt":{"rendered":"<p>Vita Med\u00e1l F\u0151 funkci\u00f3ja:\u00a0Kieg\u00e9sz\u00edt\u0151 eszk\u00f6z a az em\u00e9szt\u0151rendszeri betegs\u00e9gek megel\u0151z\u00e9s\u00e9re \u00e9s kieg\u00e9sz\u00edt\u0151 kezel\u00e9s\u00e9re, a betegs\u00e9gek ut\u00e1ni regener\u00e1ci\u00f3s folyamatok aktiv\u00e1l\u00e1s\u00e1ra. R\u00f6vid ismertet\u0151 A spektr\u00e1lis minta, mely a Vita Eg\u00e9szs\u00e9g Med\u00e1lon van r\u00f6gz\u00edtve, megfelel az em\u00e9szt\u0151rendszer szervei, sz\u00f6vetei \u00e9s szervei rezg\u00e9s\u00e9nek. Megfelel azoknak az antihomotoxikus k\u00e9sz\u00edtm\u00e9nyek rezg\u00e9s\u00e9nek, melyek immunmodul\u00e1l\u00f3, gyullad\u00e1scs\u00f6kkent\u0151, deszenzibiliz\u00e1l\u00f3 (\u00e9rz\u00e9kenys\u00e9get cs\u00f6kkent\u0151) hat\u00e1ssal b\u00edrnak. Az em\u00e9szt\u0151rendszer [&hellip;]<\/p>\n","protected":false},"featured_media":4750,"comment_status":"open","ping_status":"closed","template":"","meta":[],"product_brand":[],"product_cat":[33,32],"product_tag":[],"class_list":{"0":"post-4751","1":"product","2":"type-product","3":"status-publish","4":"has-post-thumbnail","6":"product_cat-egeszseg-medalok","7":"product_cat-triomed","9":"first","10":"instock","11":"taxable","12":"shipping-taxable","13":"purchasable","14":"product-type-simple"},"_links":{"self":[{"href":"https:\/\/vetomshop.hu\/ro\/wp-json\/wp\/v2\/product\/4751","targetHints":{"allow":["GET"]}}],"collection":[{"href":"https:\/\/vetomshop.hu\/ro\/wp-json\/wp\/v2\/product"}],"about":[{"href":"https:\/\/vetomshop.hu\/ro\/wp-json\/wp\/v2\/types\/product"}],"replies":[{"embeddable":true,"href":"https:\/\/vetomshop.hu\/ro\/wp-json\/wp\/v2\/comments?post=4751"}],"wp:featuredmedia":[{"embeddable":true,"href":"https:\/\/vetomshop.hu\/ro\/wp-json\/wp\/v2\/media\/4750"}],"wp:attachment":[{"href":"https:\/\/vetomshop.hu\/ro\/wp-json\/wp\/v2\/media?parent=4751"}],"wp:term":[{"taxonomy":"product_brand","embeddable":true,"href":"https:\/\/vetomshop.hu\/ro\/wp-json\/wp\/v2\/product_brand?post=4751"},{"taxonomy":"product_cat","embeddable":true,"href":"https:\/\/vetomshop.hu\/ro\/wp-json\/wp\/v2\/product_cat?post=4751"},{"taxonomy":"product_tag","embeddable":true,"href":"https:\/\/vetomshop.hu\/ro\/wp-json\/wp\/v2\/product_tag?post=4751"}],"curies":[{"name":"wp","href":"https:\/\/api.w.org\/{rel}","templated":true}]}}