{"id":4753,"date":"2023-11-11T14:34:02","date_gmt":"2023-11-11T13:34:02","guid":{"rendered":"https:\/\/vetomshop.hu\/termek\/zold-dio-medal\/"},"modified":"2023-11-11T14:34:02","modified_gmt":"2023-11-11T13:34:02","slug":"zold-dio-medal","status":"publish","type":"product","link":"https:\/\/vetomshop.hu\/ro\/produs\/zold-dio-medal\/","title":{"rendered":"Medalia nuc\u0103 verde"},"content":{"rendered":"<h4>Nuces Virides - Medalia Nuca Verde<\/h4>\n<p>Utiliz\u0103ri tradi\u021bionale ca plant\u0103 medicinal\u0103: tonic, stimulent, digestiv \u0219i detoxifiant. Prin urmare, este recomandat\u0103 pentru angina pectoral\u0103, bolile limfatice, tuberculoza pulmonar\u0103 \u0219i osoas\u0103. Efectele sale asupra sistemului digestiv \u0219i asupra mu\u0219chilor sunt bine observate. Este un purificator al s\u00e2ngelui, stimuleaz\u0103 activitatea ficatului \u0219i circula\u021bia sanguin\u0103. Ac\u021biunea sa antibiotic\u0103 este cunoscut\u0103 de mult timp \u00een medicina popular\u0103.<\/p>\n<p>\u00cen mediul rural, era folosit \u0219i pentru a vindeca antraxul. Este eficient pentru diabet deoarece regleaz\u0103 metabolismul, scade glicemia, amelioreaz\u0103 setea, reduce urinarea \u0219i previne complica\u021biile. Frunzele<br \/>\nau propriet\u0103\u021bi astringente, astfel c\u0103 sunt folosite pentru diaree u\u0219oar\u0103 \u0219i gastrit\u0103, precum \u0219i pentru probleme digestive. De asemenea, este eficient \u00een oprirea s\u00e2nger\u0103rilor \u0219i \u00eembun\u0103t\u0103\u021birea circula\u021biei la nivelul picioarelor.<\/p>\n<div class=\"su-spoiler su-spoiler-style-defoult su-spoiler-icon-caret su-spoiler-closed\" data-scroll-offset=\"0\" data-anchor-in-url=\"no\"><div class=\"su-spoiler-title\" tabindex=\"0\" role=\"button\"><span class=\"su-spoiler-icon\"><\/span>Toate<\/div><div class=\"su-spoiler-content su-u-clearfix su-u-trim\">\nRezultatele excelente \u00een tratamentul polipilor gastrici \u0219i nazali sunt raportate de cei care au folosit-o.<\/p>\n<p>Medicina popular\u0103 \u00eel folose\u0219te din cele mai vechi timpuri pentru a combate tumorile maligne \u0219i benigne.<br \/>\n<\/div><\/div>","protected":false},"excerpt":{"rendered":"<p>Nuces Virides \u2013 Z\u00f6ld Di\u00f3 Med\u00e1l Gy\u00f3gyn\u00f6v\u00e9nyk\u00e9nt val\u00f3 hagyom\u00e1nyos felhaszn\u00e1l\u00e1sa: toniz\u00e1l\u00f3, stimul\u00e1l\u00f3, em\u00e9szt\u00e9st el\u0151seg\u00edt\u0151 \u00e9s salaktalan\u00edt\u00f3. Ez\u00e9rt aj\u00e1nlj\u00e1k angolk\u00f3rra, nyirokrendszeri betegs\u00e9gekre, t\u00fcd\u0151-\u00e9s csont tbc-re. J\u00f3l megfigyelhet\u0151 hat\u00e1sa van az em\u00e9szt\u0151rendszerre \u00e9s az izomzatra. V\u00e9rtiszt\u00edt\u00f3, serkenti a m\u00e1j tev\u00e9kenys\u00e9g\u00e9t \u00e9s a v\u00e9rkering\u00e9st. Antibiotikus hat\u00e1sa r\u00e9g\u00f3ta ismert a n\u00e9pgy\u00f3gy\u00e1szatban. Vid\u00e9ken a l\u00e9pfen\u00e9t is k\u00far\u00e1lt\u00e1k vele. Cukorbetegs\u00e9gre az\u00e9rt [&hellip;]<\/p>\n","protected":false},"featured_media":4752,"comment_status":"open","ping_status":"closed","template":"","meta":[],"product_brand":[],"product_cat":[33,32],"product_tag":[],"class_list":{"0":"post-4753","1":"product","2":"type-product","3":"status-publish","4":"has-post-thumbnail","6":"product_cat-egeszseg-medalok","7":"product_cat-triomed","9":"first","10":"instock","11":"taxable","12":"shipping-taxable","13":"purchasable","14":"product-type-simple"},"_links":{"self":[{"href":"https:\/\/vetomshop.hu\/ro\/wp-json\/wp\/v2\/product\/4753","targetHints":{"allow":["GET"]}}],"collection":[{"href":"https:\/\/vetomshop.hu\/ro\/wp-json\/wp\/v2\/product"}],"about":[{"href":"https:\/\/vetomshop.hu\/ro\/wp-json\/wp\/v2\/types\/product"}],"replies":[{"embeddable":true,"href":"https:\/\/vetomshop.hu\/ro\/wp-json\/wp\/v2\/comments?post=4753"}],"wp:featuredmedia":[{"embeddable":true,"href":"https:\/\/vetomshop.hu\/ro\/wp-json\/wp\/v2\/media\/4752"}],"wp:attachment":[{"href":"https:\/\/vetomshop.hu\/ro\/wp-json\/wp\/v2\/media?parent=4753"}],"wp:term":[{"taxonomy":"product_brand","embeddable":true,"href":"https:\/\/vetomshop.hu\/ro\/wp-json\/wp\/v2\/product_brand?post=4753"},{"taxonomy":"product_cat","embeddable":true,"href":"https:\/\/vetomshop.hu\/ro\/wp-json\/wp\/v2\/product_cat?post=4753"},{"taxonomy":"product_tag","embeddable":true,"href":"https:\/\/vetomshop.hu\/ro\/wp-json\/wp\/v2\/product_tag?post=4753"}],"curies":[{"name":"wp","href":"https:\/\/api.w.org\/{rel}","templated":true}]}}