{"id":5820,"date":"2024-06-01T18:26:31","date_gmt":"2024-06-01T16:26:31","guid":{"rendered":"https:\/\/vetomshop.hu\/?post_type=product&#038;p=5820"},"modified":"2026-04-12T08:27:56","modified_gmt":"2026-04-12T06:27:56","slug":"vetom-1-1-probiotikum-por-500-g-etrend-kiegeszito","status":"publish","type":"product","link":"https:\/\/vetomshop.hu\/ro\/produs\/vetom-1-1-probiotikum-por-500-g-etrend-kiegeszito\/","title":{"rendered":"Vetom <span style=\"color:red\">1.1<\/span> probiotic <br>por <span style=\"color:red\">500 g<\/span> (supliment alimentar)"},"content":{"rendered":"<p>Efectele benefice ale <strong>Bacillus subtilis<\/strong> bacterii benefice care prolifereaz\u0103 \u00een principal \u00een intestinul gros \u0219i produc: enzime proteolitice, amilolitice, celulolitice; interferon a-2 al leucocitelor umane; bacitracin\u0103 mg, care inhib\u0103 cre\u0219terea \u0219i dezvoltarea microflorei patogene \u0219i poten\u021bial patogene; \u0219i alte substan\u021be biologic active.<\/p>\n<p>\u00cen consecin\u021b\u0103, compozi\u021bia bacterian\u0103 a con\u021binutului intestinal este transformat\u0103 \u00een norma de dezvoltare adecvat\u0103, pere\u021bii intestinali sunt cur\u0103\u021ba\u021bi de reziduurile nedigerate, ceea ce contribuie la eliminarea activ\u0103 a toxinelor din organism, la transportul ne\u00eengr\u0103dit al nutrien\u021bilor biologic activi.<\/p>\n<p>Sub ac\u021biunea Vetom 1.1, metabolismul, digestia \u0219i absorb\u021bia componentelor biologic active ale alimentelor \u00een tractul gastrointestinal sunt normalizate.<\/p>\n<p>Un produs iubit de copii, care este delicios de dulce \u0219i poate fi consumat chiar \u0219i pe cale oral\u0103.<\/p>\n<p>Vetom 1.1 cre\u0219te eficien\u021ba medicamentelor \u0219i reduce efectele secundare negative ale acestora asupra corpului uman.<\/p>\n<p>Nu este un medicament.<\/p>\n<p><strong>Efecte farmacologice<\/strong>: imunomodulator, antiviral, antiproliferativ, bactericid, fungicid, anticlamydial.<\/p>\n<h5>Caracteristici:<\/h5>\n<ul>\n<li>Are activitate antagonist\u0103 ridicat\u0103 \u00eempotriva ciupercilor \u0219i bacteriilor patogene \u0219i condi\u021bionat patogene, propriet\u0103\u021bi antivirale, proteolitice, amilitice, celulolitice<\/li>\n<li>stimuleaz\u0103 factorii celulari \u0219i umorali ai imunit\u0103\u021bii<\/li>\n<li>cre\u0219te rezisten\u021ba nespecific\u0103 a organismului<\/li>\n<li>stabilizeaz\u0103 rezisten\u021ba alergic\u0103<\/li>\n<li>normalizeaz\u0103 metabolismul<\/li>\n<\/ul>\n<p>- F\u0102R\u0102 EFECTE SECUNDARE<br \/>\n- F\u0102R\u0102 RESTRIC\u021aII DE V\u00c2RST\u0102<br \/>\n- F\u0102R\u0102 SUPRADOZAJ<br \/>\n- NU CREEAZ\u0102 DEPENDEN\u021a\u0102<\/p>\n<h5>Domeniu de utilizare<\/h5>\n<p>Utilizarea microorganismelor probiotice ca aditiv alimentar biologic activ este recomandat\u0103 pentru repararea tractului gastrointestinal \u0219i refacerea microflorei intestinale.<\/p>\n<p><em><strong>Dozaj:<\/strong><\/em> recomandat timp de 10 zile , 3-5 linguri\u021be de pulbere zilnic \u00eenainte , \u00een timpul sau dup\u0103 mese , singur ( se poate bea \u0219i cu ap\u0103 sau suc ) .<\/p>\n<p>Vetom 1.1 nu creeaz\u0103 dependen\u021b\u0103.<\/p>\n<p>Se recomand\u0103 repetarea curelor dup\u0103 o pauz\u0103 de 1-2 s\u0103pt\u0103m\u00e2ni \u0219i este recomandabil s\u0103 se treac\u0103 la intervale de timp la un produs Vetom numerotat diferit.<\/p>\n<h5>Contraindica\u021bii<\/h5>\n<p>Hipersensibilitate la anumite ingrediente ale produsului.<\/p>\n<p>Nu lua\u021bi Vetom 1.1 \u00een acela\u0219i timp cu antibiotice \u0219i alte probiotice.<\/p>\n<h5>Instruc\u021biuni speciale<\/h5>\n<p>Utiliza\u021bi \u00een timpul sarcinii \u0219i al\u0103pt\u0103rii numai dup\u0103 consult medical.<\/p>\n<p>Preparatul nu afecteaz\u0103 capacitatea de a conduce vehicule sau de a ac\u021biona mecanisme poten\u021bial periculoase.<\/p>\n<h5>Dispensare<\/h5>\n<p><strong>Sub form\u0103 de pulbere, ambalate \u00een borcane polimerice<\/strong><\/p>\n<h5><strong>Ingrediente:<\/strong><\/h5>\n<p>Vetom 1.1. este un aditiv biologic activ utilizat ca o surs\u0103 suplimentar\u0103 de microorganisme probiotice.1 por\u021bie de supliment alimentar - 5 g care ,<\/p>\n<p>con\u021bine: extract de porumb - 2000 mg; amidon din cartofi - 1500 mg; zah\u0103r pudr\u0103 - 1000 mg; cultur\u0103 uscat\u0103 de microorganisme probiotice Bacillus subtilis B-10641 (DSM 24613) tulpina 1\u00d7108 UFC\/g - 500 mg. Vetom 1.1 se administreaz\u0103 pe cale oral\u0103.<\/p>\n<p>Con\u021binutul la 100 g de produs (valori medii): gr\u0103simi - maximum 0,1 g, proteine - maximum 1,0 g, carbohidra\u021bi - minimum 98,9 g. Valoarea energetic\u0103 - maximum 400 Kcal.<\/p>\n<h5>Condi\u021bii de depozitare<\/h5>\n<p>Poate fi depozitat la 75 % umiditate relativ\u0103 sub 30\u00b0C.<\/p>\n<h5>Perioada de valabilitate<\/h5>\n<p>2 ani de la data de fabrica\u021bie. A nu se consuma dup\u0103 data de expirare.<\/p>\n<p>Greutate net\u0103 - 500 g<\/p>\n<p>Greutate brut\u0103 - 547 g<\/p>","protected":false},"excerpt":{"rendered":"<p>Efectele benefice ale <strong>Bacillus subtilis<\/strong> bacterii benefice, care sunt produse \u00een principal prin multiplicare \u00een intestinul gros:<\/p>\n<ul class=\"vetom-list\">\n<li>enzime proteolitice, amilolitice, celulozolitice;<\/li>\n<li>interferon a-2 \u00een leucocitele umane;<\/li>\n<li>bacitracin\u0103 mg, care inhib\u0103 cre\u0219terea \u0219i dezvoltarea microflorei patogene \u0219i poten\u021bial patogene;<\/li>\n<li>\u0219i alte substan\u021be biologic active.<\/li>\n<\/ul>\n<p>\u00cen consecin\u021b\u0103, compozi\u021bia bacterian\u0103 a con\u021binutului intestinal este transformat\u0103 \u00een norma de dezvoltare adecvat\u0103, pere\u021bii intestinali sunt cur\u0103\u021ba\u021bi de reziduurile nedigerate, ceea ce contribuie la eliminarea activ\u0103 a toxinelor din organism, la transportul ne\u00eengr\u0103dit al nutrien\u021bilor biologic activi.<\/p>\n<div class=\"plashka\">A <strong>Vetom <span style=\"color: red;\">1.1<\/span><\/strong> normalizeaz\u0103 metabolismul, digestia \u0219i absorb\u021bia componentelor biologic active ale alimentelor \u00een tractul gastrointestinal.<\/div>\n<p>Un produs pentru copii care este delicios de dulce \u0219i poate fi consumat singur pe cale oral\u0103.<\/p>\n<p>A <strong>Vetom <span style=\"color: red;\">1.1<\/span><\/strong> cre\u0219te eficien\u021ba medicamentelor \u0219i reduce efectele secundare negative ale acestora asupra organismului uman.<\/p>\n<p>Nu este un medicament.<\/p>\n<div class=\"plashka\"><strong>Efecte farmacologice<\/strong>: imunomodulator, antiviral, antiproliferativ, bactericid, fungicid, anticlamydial.<\/div>\n<h5>Caracteristici:<\/h5>\n<ul class=\"vetom-list\">\n<li>Are activitate antagonist\u0103 ridicat\u0103 \u00eempotriva ciupercilor \u0219i bacteriilor patogene \u0219i condi\u021bionat patogene, propriet\u0103\u021bi antivirale, proteolitice, amilitice, celulolitice<\/li>\n<li>stimuleaz\u0103 factorii celulari \u0219i umorali ai imunit\u0103\u021bii<\/li>\n<li>cre\u0219te rezisten\u021ba nespecific\u0103 a organismului<\/li>\n<li>stabilizeaz\u0103 rezisten\u021ba alergic\u0103<\/li>\n<li>normalizeaz\u0103 metabolismul<\/li>\n<\/ul>","protected":false},"featured_media":5821,"comment_status":"open","ping_status":"closed","template":"","meta":[],"product_brand":[],"product_cat":[22],"product_tag":[],"class_list":{"0":"post-5820","1":"product","2":"type-product","3":"status-publish","4":"has-post-thumbnail","6":"product_cat-vetom-probiotikumok","8":"first","9":"instock","10":"featured","11":"taxable","12":"shipping-taxable","13":"purchasable","14":"product-type-simple"},"_links":{"self":[{"href":"https:\/\/vetomshop.hu\/ro\/wp-json\/wp\/v2\/product\/5820","targetHints":{"allow":["GET"]}}],"collection":[{"href":"https:\/\/vetomshop.hu\/ro\/wp-json\/wp\/v2\/product"}],"about":[{"href":"https:\/\/vetomshop.hu\/ro\/wp-json\/wp\/v2\/types\/product"}],"replies":[{"embeddable":true,"href":"https:\/\/vetomshop.hu\/ro\/wp-json\/wp\/v2\/comments?post=5820"}],"wp:featuredmedia":[{"embeddable":true,"href":"https:\/\/vetomshop.hu\/ro\/wp-json\/wp\/v2\/media\/5821"}],"wp:attachment":[{"href":"https:\/\/vetomshop.hu\/ro\/wp-json\/wp\/v2\/media?parent=5820"}],"wp:term":[{"taxonomy":"product_brand","embeddable":true,"href":"https:\/\/vetomshop.hu\/ro\/wp-json\/wp\/v2\/product_brand?post=5820"},{"taxonomy":"product_cat","embeddable":true,"href":"https:\/\/vetomshop.hu\/ro\/wp-json\/wp\/v2\/product_cat?post=5820"},{"taxonomy":"product_tag","embeddable":true,"href":"https:\/\/vetomshop.hu\/ro\/wp-json\/wp\/v2\/product_tag?post=5820"}],"curies":[{"name":"wp","href":"https:\/\/api.w.org\/{rel}","templated":true}]}}