{"id":6957,"date":"2025-07-26T15:40:40","date_gmt":"2025-07-26T13:40:40","guid":{"rendered":"https:\/\/vetomshop.hu\/?post_type=product&#038;p=6957"},"modified":"2025-12-31T14:57:45","modified_gmt":"2025-12-31T13:57:45","slug":"bioseptin-probiotikus-kenocs-60-g","status":"publish","type":"product","link":"https:\/\/vetomshop.hu\/ro\/produs\/bioseptin-probiotikus-kenocs-60-g\/","title":{"rendered":"Unguent probiotic Bioseptin <span style=\"color:red\">60<\/span> g"},"content":{"rendered":"<p><span style=\"font-size: x-large;\"><b>Bioseptin Unguent probiotic 60 g<\/b><\/span><\/p>\n<p><span style=\"font-size: x-large;\">Unguentul Bioseptin are propriet\u0103\u021bi antiseptice, antiinflamatoare \u0219i de rupere a proteinelor. Acesta con\u021bine spori bacterieni Bacillus subtilis \u0219i Bacillus licheniformis, care sunt eficien\u021bi \u00eempotriva unei game largi de agen\u021bi patogeni. Acestea distrug bacteriile patogene de pe suprafa\u021ba pl\u0103gii, fie \u00eentr-un mediu care necesit\u0103 oxigen sau f\u0103r\u0103 oxigen, \u00een special tipurile Gram-pozitive. Acestea ajut\u0103 la descompunerea \u021besuturilor moarte \u0219i a bacteriilor d\u0103un\u0103toare, prevenind reinfectarea \u0219i acceler\u00e2nd vindecarea pl\u0103gilor. Unguentul nu provoac\u0103 irita\u021bii \u0219i nu exist\u0103 reac\u021bii alergice.<\/span><\/p>\n<p><span style=\"font-size: x-large;\"><b>Compozi\u021bie \u0219i prezentare:<\/b><\/span><\/p>\n<p><span style=\"font-size: x-large;\">Unguentul con\u021bine spori ai celor dou\u0103 tulpini bacteriene \u00eentr-o baz\u0103 de agar (gel) \u0219i alcool etilic. Nu con\u021bine ingrediente modificate genetic. Fiecare gram de unguent con\u021bine cel pu\u021bin un milion de celule bacteriene vii.<\/span><\/p>\n<p>Mai multe \u021b\u0103ri din organiza\u021bia interna\u021bional\u0103 au introdus \u00een comun o interdic\u021bie comercial\u0103 (embargo) asupra produselor cosmetice, astfel \u00eenc\u00e2t unguentul Bioseptin a fost \u00eenregistrat ca medicament veterinar \u00een Ungaria. .<\/p>\n<p><span style=\"font-size: x-large;\"><b>Mod de utilizare:<\/b><\/span><\/p>\n<p><span style=\"font-size: x-large;\">Se aplic\u0103 extern, \u00een strat sub\u021bire, pe zona de piele afectat\u0103, de 1-2 ori pe zi, p\u00e2n\u0103 la vindecare. Zona tratat\u0103 nu trebuie s\u0103 fie pansat\u0103.<\/span><\/p>\n<p><span style=\"font-size: x-large;\"><b>C\u00e2nd s\u0103 nu utiliza\u021bi:<\/b><\/span><\/p>\n<p><span style=\"font-size: x-large;\">\u00a0 \u00a0Dac\u0103 sunte\u021bi sensibil la oricare dintre ingredientele acestui produs, acesta nu este recomandat. De asemenea, nu trebuie utilizat \u00een combina\u021bie cu antibiotice, sulfamide sau alte preparate pe baz\u0103 de bacterii.<\/span><\/p>\n<p><span style=\"font-size: x-large;\"><b>Informa\u021bii importante:<\/b><\/span><\/p>\n<p><span style=\"font-size: x-large;\"><span style=\"color: #127622;\"><b>La om, utilizarea de unguent:<\/b><\/span><\/span><\/p>\n<p><span style=\"font-size: large;\">Aplica\u021bi un strat sub\u021bire de 1-2 ori pe zi pe zona afectat\u0103 p\u00e2n\u0103 c\u00e2nd rana se vindec\u0103.<\/span><\/p>\n<p><span style=\"font-size: large;\">Supradozarea nu este posibil\u0103.<\/span><\/p>\n<p><span style=\"font-size: x-large;\"><span style=\"color: #127622;\"><b>Pentru animale, aplicarea de unguent:<\/b><\/span><\/span><\/p>\n<p><span style=\"font-size: x-large;\">Odat\u0103 ce animalele au fost tratate, nu exist\u0103 timp de a\u0219teptare \u00eenainte ca carnea lor sau alte produse (de exemplu, ou\u0103, lapte) s\u0103 poat\u0103 fi utilizate ca alimente - adic\u0103 pot fi consumate imediat.<\/span><\/p>\n<p><span style=\"font-size: x-large;\"><b>Domenii de utilizare:<\/b><\/span><\/p>\n<p><span style=\"font-size: x-large;\">Poate fi utilizat pentru tratarea r\u0103nilor, \u021besuturilor infectate sau moarte, arsurilor \u0219i dermatitei la diferite specii de animale - animale domestice, de ferm\u0103, s\u0103lbatice \u0219i de blan\u0103 \u0219i p\u0103s\u0103ri de curte.<\/span><\/p>\n<p><span style=\"font-size: x-large;\"><b>Efecte secundare:<\/b><\/span><\/p>\n<p><span style=\"font-size: x-large;\">\u00cen cazul utiliz\u0103rii corespunz\u0103toare, efectele secundare sunt rare sau inexistente.<\/span><\/p>\n<p><span style=\"font-size: x-large;\"><b>Depozitare :<\/b><\/span><\/p>\n<p><span style=\"font-size: x-large;\">Unguentul trebuie depozitat \u00eentr-un loc r\u0103coros (0-10 \u00b0C), uscat, \u00eentunecat, ferit de copii \u0219i animale. Acesta trebuie s\u0103 r\u0103m\u00e2n\u0103 la 20 \u00b0C timp de maximum 2 s\u0103pt\u0103m\u00e2ni \u00een timpul transportului. Poate fi utilizat timp de 2 ani de la data fabrica\u021biei.<\/span><\/p>","protected":false},"excerpt":{"rendered":"<p>A <strong>Bioseptin unguent<\/strong> propriet\u0103\u021bi antiseptice, antiinflamatoare \u0219i proteolitice. Acesta con\u021bine <strong>Bacillus subtilis<\/strong> \u0219i <strong>Bacillus licheniformis<\/strong> sporii bacterieni sunt eficien\u021bi \u00eempotriva unei game largi de agen\u021bi patogeni. Acestea omoar\u0103 bacteriile patogene de pe suprafa\u021ba pl\u0103gii, indiferent dac\u0103 acestea tr\u0103iesc \u00eentr-un mediu care necesit\u0103 oxigen sau f\u0103r\u0103 oxigen, \u00een special tipurile Gram-pozitive. Acestea ajut\u0103 la descompunerea \u021besuturilor moarte \u0219i a bacteriilor d\u0103un\u0103toare, prevenind reinfectarea \u0219i acceler\u00e2nd vindecarea pl\u0103gilor. Unguentul nu provoac\u0103 irita\u021bii \u0219i nu exist\u0103 reac\u021bii alergice.<\/p>\n<div class=\"plashka\">\n<h5>Propriet\u0103\u021bi \u0219i mecanism de ac\u021biune:<br \/>\nBioseptin - unguent cu propriet\u0103\u021bi de \u00eengrijire a pielii, antiseptice, antiinflamatoare \u0219i proteolitice.<\/h5>\n<\/div>","protected":false},"featured_media":6958,"comment_status":"open","ping_status":"closed","template":"","meta":[],"product_brand":[],"product_cat":[22],"product_tag":[],"class_list":{"0":"post-6957","1":"product","2":"type-product","3":"status-publish","4":"has-post-thumbnail","6":"product_cat-vetom-probiotikumok","8":"first","9":"outofstock","10":"taxable","11":"shipping-taxable","12":"purchasable","13":"product-type-simple"},"_links":{"self":[{"href":"https:\/\/vetomshop.hu\/ro\/wp-json\/wp\/v2\/product\/6957","targetHints":{"allow":["GET"]}}],"collection":[{"href":"https:\/\/vetomshop.hu\/ro\/wp-json\/wp\/v2\/product"}],"about":[{"href":"https:\/\/vetomshop.hu\/ro\/wp-json\/wp\/v2\/types\/product"}],"replies":[{"embeddable":true,"href":"https:\/\/vetomshop.hu\/ro\/wp-json\/wp\/v2\/comments?post=6957"}],"wp:featuredmedia":[{"embeddable":true,"href":"https:\/\/vetomshop.hu\/ro\/wp-json\/wp\/v2\/media\/6958"}],"wp:attachment":[{"href":"https:\/\/vetomshop.hu\/ro\/wp-json\/wp\/v2\/media?parent=6957"}],"wp:term":[{"taxonomy":"product_brand","embeddable":true,"href":"https:\/\/vetomshop.hu\/ro\/wp-json\/wp\/v2\/product_brand?post=6957"},{"taxonomy":"product_cat","embeddable":true,"href":"https:\/\/vetomshop.hu\/ro\/wp-json\/wp\/v2\/product_cat?post=6957"},{"taxonomy":"product_tag","embeddable":true,"href":"https:\/\/vetomshop.hu\/ro\/wp-json\/wp\/v2\/product_tag?post=6957"}],"curies":[{"name":"wp","href":"https:\/\/api.w.org\/{rel}","templated":true}]}}