{"id":7033,"date":"2025-08-19T14:24:55","date_gmt":"2025-08-19T12:24:55","guid":{"rendered":"https:\/\/vetomshop.hu\/?post_type=product&#038;p=7033"},"modified":"2025-10-21T17:32:52","modified_gmt":"2025-10-21T15:32:52","slug":"honey-vetom-biologiailag-aktiv-etrend-kiegeszito-60-ml","status":"publish","type":"product","link":"https:\/\/vetomshop.hu\/ro\/produs\/honey-vetom-biologiailag-aktiv-etrend-kiegeszito-60-ml\/","title":{"rendered":"Honey Vetom - Supliment alimentar biologic activ <span style=\"color:red\">60<\/span> ml"},"content":{"rendered":"<p><span style=\"font-size: x-large;\"><b>Miere Vetom - Supliment alimentar biologic activ 60 g<\/b><\/span><\/p>\n<h5><strong>Compozi\u021bie (1 por\u021bie = 10 g):<\/strong><\/h5>\n<p>* Miere natural\u0103: 8 g<\/p>\n<p>* Extract de porumb fermentat (cu Bacillus subtilis VKPM B-10641): 1 g (con\u021bine 1\u00d710\u2076 UFC\/g bacterii)<\/p>\n<h5><strong>Valoarea nutritiv\u0103 \u00een 10 g:<\/strong><\/h5>\n<ul class=\"vetom-list\">\n<li>\u00a0 * Gr\u0103sime: 0 g<\/li>\n<li>\u00a0 * Carbohidra\u021bi: 8 g<\/li>\n<li>\u00a0 * Proteine: 0.08 g<\/li>\n<li>\u00a0 * Energie: 31,4 kcal<\/li>\n<\/ul>\n<h5><strong>Descriere:<\/strong><\/h5>\n<ul class=\"vetom-list\">\n<li>Substan\u021b\u0103 pe baz\u0103 de miere, dens\u0103, omogen\u0103<\/li>\n<li>Culoare: poate varia de la alb la maro \u00eenchis<\/li>\n<li>Textur\u0103: par\u021bial sau complet cristalizat\u0103<\/li>\n<li>Arom\u0103: arom\u0103 pl\u0103cut\u0103 de miere<\/li>\n<li>Gust: dulce, f\u0103r\u0103 niciun gust str\u0103in<\/li>\n<\/ul>\n<h5><strong>Dispensare:<\/strong><\/h5>\n<ul class=\"vetom-list\">\n<li>Tub de 60 ml<\/li>\n<li>\u00centr-o cutie de carton, cu o bro\u0219ur\u0103 informativ\u0103<\/li>\n<\/ul>\n<h5><strong>De ce este recomandat?<\/strong><\/h5>\n<ul class=\"vetom-list\">\n<li>\u00cembog\u0103\u021bit cu substan\u021be biologic active ale microorganismelor probiotice<\/li>\n<li>Sus\u021bine flora intestinal\u0103 \u0219i func\u021bia imunitar\u0103<\/li>\n<li>De asemenea, o surs\u0103 de fructoz\u0103<\/li>\n<\/ul>\n<h5><strong>Aplicare \u0219i dozare:<\/strong><\/h5>\n<p>Nu este un medicament<\/p>\n<ul class=\"vetom-list\">\n<li>Adul\u021bi: de 3 ori pe zi, la intervale egale, timp de 10 zile<\/li>\n<li>O por\u021bie: 10 g (aproximativ 1 linguri\u021b\u0103)<\/li>\n<li>Poate fi luat cu sau f\u0103r\u0103 alimente (\u00eenainte, \u00een timpul sau dup\u0103)<\/li>\n<li>Se recomand\u0103 repetarea la fiecare 3 luni<\/li>\n<\/ul>\n<h5><strong>Depozitare:<\/strong><\/h5>\n<div class=\"plashka\">\n<p>* Loc uscat, r\u0103coros * Protejat de lumina soarelui<\/p>\n<p>* Max. la +20 \u00b0C<\/p>\n<p>* Dup\u0103 deschidere: poate fi utilizat timp de 12 luni<\/p>\n<p>* Data expir\u0103rii: 2 ani de la produc\u021bie<\/p>\n<\/div>\n<p><strong>Avertismente:<\/strong><\/p>\n<p><strong>Nu se recomand\u0103:<\/strong><\/p>\n<ul>\n<li>\u00cen caz de sensibilitate individual\u0103 sau alergie<\/li>\n<li>Pentru femeile \u00eens\u0103rcinate, femeile care al\u0103pteaz\u0103 \u0219i sub 18 ani<\/li>\n<li>Pentru diabetici<\/li>\n<li>\u00cen caz de cancer<\/li>\n<li>Nu dep\u0103\u0219i\u021bi doza zilnic\u0103 recomandat\u0103!<\/li>\n<li>Consulta\u021bi un medic \u00eenainte de utilizare<\/li>\n<\/ul>\n<p>Con\u021binutul de fructoz\u0103 (per 30 g pe zi):<\/p>\n<p>12 g de fructoz\u0103 , ceea ce reprezint\u0103 68,6% din aportul zilnic recomandat (conform standardelor stabilite)<\/p>\n<p><strong>Informa\u021bii de marketing:<\/strong><\/p>\n<p><strong>Produc\u0103tor:<\/strong> OOO NPF Issledovatelsky Tsentr, Novosibirsk, Rusia<\/p>\n<p><strong>Distribuitor:<\/strong> Cemmedic Europe Ltd., Zichy\u00fajfalu, Ungaria<\/p>\n<p>+36305573846, vetomshop.hu@gmail.com<\/p>","protected":false},"excerpt":{"rendered":"<div class=\"plashka\">\n<h5><strong>Compozi\u021bie (1 por\u021bie = 10 g):<\/strong><\/h5>\n<p>- Miere natural\u0103: 8 g<br \/>\n- Extract de porumb fermentat (Bacillus subtilis VKPM B-10641): 1 g (con\u021bine 1\u00d710\u2076 CFU\/g bacterii)<\/p>\n<\/div>\n<h5><strong>Descriere:<\/strong><\/h5>\n<ul class=\"vetom-list\">\n<li>Substan\u021b\u0103 pe baz\u0103 de miere, dens\u0103, omogen\u0103<\/li>\n<li>Culoare: poate varia de la alb la maro \u00eenchis<\/li>\n<li>Textur\u0103: par\u021bial sau complet cristalizat\u0103<\/li>\n<li>Arom\u0103: arom\u0103 pl\u0103cut\u0103 de miere<\/li>\n<li>Gust: dulce, f\u0103r\u0103 niciun gust str\u0103in<\/li>\n<\/ul>\n<div class=\"plashka\">\n<h5><strong>De ce este recomandat?<\/strong><\/h5>\n<ul class=\"vetom-list\">\n<li>\u00cembog\u0103\u021bit cu substan\u021be biologic active ale microorganismelor probiotice<\/li>\n<li>Sus\u021bine flora intestinal\u0103 \u0219i func\u021bia imunitar\u0103<\/li>\n<li>De asemenea, o surs\u0103 de fructoz\u0103<\/li>\n<\/ul>\n<\/div>","protected":false},"featured_media":7034,"comment_status":"open","ping_status":"closed","template":"","meta":[],"product_brand":[],"product_cat":[37,22],"product_tag":[],"class_list":{"0":"post-7033","1":"product","2":"type-product","3":"status-publish","4":"has-post-thumbnail","6":"product_cat-mezpaszta","7":"product_cat-vetom-probiotikumok","9":"first","10":"outofstock","11":"taxable","12":"shipping-taxable","13":"purchasable","14":"product-type-simple"},"_links":{"self":[{"href":"https:\/\/vetomshop.hu\/ro\/wp-json\/wp\/v2\/product\/7033","targetHints":{"allow":["GET"]}}],"collection":[{"href":"https:\/\/vetomshop.hu\/ro\/wp-json\/wp\/v2\/product"}],"about":[{"href":"https:\/\/vetomshop.hu\/ro\/wp-json\/wp\/v2\/types\/product"}],"replies":[{"embeddable":true,"href":"https:\/\/vetomshop.hu\/ro\/wp-json\/wp\/v2\/comments?post=7033"}],"wp:featuredmedia":[{"embeddable":true,"href":"https:\/\/vetomshop.hu\/ro\/wp-json\/wp\/v2\/media\/7034"}],"wp:attachment":[{"href":"https:\/\/vetomshop.hu\/ro\/wp-json\/wp\/v2\/media?parent=7033"}],"wp:term":[{"taxonomy":"product_brand","embeddable":true,"href":"https:\/\/vetomshop.hu\/ro\/wp-json\/wp\/v2\/product_brand?post=7033"},{"taxonomy":"product_cat","embeddable":true,"href":"https:\/\/vetomshop.hu\/ro\/wp-json\/wp\/v2\/product_cat?post=7033"},{"taxonomy":"product_tag","embeddable":true,"href":"https:\/\/vetomshop.hu\/ro\/wp-json\/wp\/v2\/product_tag?post=7033"}],"curies":[{"name":"wp","href":"https:\/\/api.w.org\/{rel}","templated":true}]}}