{"id":7350,"date":"2026-01-20T12:00:42","date_gmt":"2026-01-20T11:00:42","guid":{"rendered":"https:\/\/vetomshop.hu\/?post_type=product&#038;p=7350"},"modified":"2026-03-02T20:21:12","modified_gmt":"2026-03-02T19:21:12","slug":"vektor-animals-1-2-vetom-1-2-probiotikum-por-formajaban-3-bakteriumtorzzsel-allatok-szamara-belflora-es-immunitas-500-g","status":"publish","type":"product","link":"https:\/\/vetomshop.hu\/ro\/produs\/vektor-animals-1-2-vetom-1-2-probiotikum-por-formajaban-3-bakteriumtorzzsel-allatok-szamara-belflora-es-immunitas-500-g\/","title":{"rendered":"Vektor Animals 1.2 (Vetom 1.2) - Probiotic sub form\u0103 de pulbere cu 3 tulpini de bacterii pentru animale (flora intestinal\u0103 \u0219i imunitate) - <span style=\"color:red\">500 g<\/span>"},"content":{"rendered":"<h3>Vektor Animals 1.2 (Vetom 1.2) - probiotic cu spectru larg (3 tulpini)<\/h3>\n<div class=\"plashka\">A <strong>Vector Animale <span style=\"color: red;\">1.2<\/span><\/strong> o formul\u0103 consolidat\u0103 care <strong>trei tipuri de tulpini bacteriene active<\/strong> include. Este o formul\u0103 universal\u0103: este potrivit\u0103 pentru mamifere, p\u0103s\u0103ri, pe\u0219ti, reptile \u0219i albine pentru a restabili rezisten\u021ba natural\u0103.<\/div>\n<h5>Ingrediente active - Tripla protec\u021bie<\/h5>\n<p>Eficacitatea produsului este asigurat\u0103 de o combina\u021bie a urm\u0103toarelor tulpini bacteriene special selectate:<\/p>\n<ul class=\"vetom-list\">\n<li>Bacillus subtilis VKPM B-10641<\/li>\n<li>Bacillus amyloliquefaciens VKPM B-10642<\/li>\n<li>Bacillus amyloliquefaciens VKPM B-10643<\/li>\n<\/ul>\n<h5>Pentru cine este recomandat? (Animale \u021bint\u0103)<\/h5>\n<p>Produsul este unic prin faptul c\u0103 poate fi utilizat pentru aproape toate speciile de animale:<\/p>\n<ul class=\"vetom-list\">\n<li><strong>Animale de companie:<\/strong> C\u00e2ini, pisici (de orice ras\u0103), roz\u0103toare (hamster, cobai, iepure etc.).<\/li>\n<li><strong>Animale utile:<\/strong> Bovine, porcine, ovine, caprine, cabaline.<\/li>\n<li><strong>P\u0103s\u0103ri:<\/strong> P\u0103s\u0103ri ornamentale (papagal, canar) \u0219i p\u0103s\u0103ri de curte.<\/li>\n<li><strong>Animale speciale:<\/strong> Reptile (\u021bestoas\u0103, \u0219op\u00e2rl\u0103, \u0219arpe), amfibieni \u0219i pe\u0219ti de acvariu (dizolva\u021bi \u00een ap\u0103).<\/li>\n<li><strong>Albine:<\/strong> Pentru a reduce mortalitatea cauzat\u0103 de infec\u021bii.<\/li>\n<\/ul>\n<h5>C\u00e2nd s\u0103 \u00eel utiliza\u021bi?<\/h5>\n<p>Produsul poate fi utilizat \u00een scopuri profilactice (preventive) \u0219i terapeutice:<\/p>\n<ul class=\"vetom-list\">\n<li><strong>Dup\u0103 un curs de antibiotice:<\/strong> Pentru restabilirea florei intestinale \u0219i tratarea disbiozelor.<\/li>\n<li><strong>\u00cen situa\u021bii stresante:<\/strong> \u00cen timpul schimb\u0103rii furajelor, al transportului sau al stresului din agricultura industrial\u0103.<\/li>\n<li><strong>Stimularea imunit\u0103\u021bii:<\/strong> Ca supliment la vaccinuri pentru un r\u0103spuns imunitar mai durabil.<\/li>\n<li><strong>Pentru a cre\u0219te produc\u021bia:<\/strong> Pentru a cre\u0219te produc\u021bia de ou\u0103 la p\u0103s\u0103rile de curte \u0219i pentru a stimula cre\u0219terea \u00een greutate \u0219i cre\u0219terea animalelor.<\/li>\n<li><strong>Prevenirea bolilor:<\/strong> De exemplu, pentru a reduce infec\u021biile la albine \u0219i inflama\u021biile postpartum (endometrit\u0103, mastit\u0103) la vaci.<\/li>\n<\/ul>\n<h5>Instruc\u021biuni de dozare<\/h5>\n<p>Pulberea poate fi administrat\u0103 individual (amestecat\u0103 \u00een ap\u0103\/mas\u0103) sau \u00een grupuri. <strong>Doza de baz\u0103: 50 mg\/kg greutate vie.<\/strong> <\/p>\n<ul class=\"vetom-list\">\n<li><strong>Prevenire (vindecare):<\/strong> 1 dat\u0103 pe zi timp de 15-20 de zile. Repeta\u021bi la fiecare trimestru.<\/li>\n<li><strong>Terapie (\u00een caz de boal\u0103):<\/strong> De 2 ori pe zi (la fiecare 8-10 ore) p\u00e2n\u0103 la dispari\u021bia simptomelor. \u00cen cazuri severe, de 4 ori pe zi (la fiecare 6 ore).<\/li>\n<li><strong>Corectarea deficitului imunitar:<\/strong> De 1-2 ori pe zi timp de 5-10 zile.<\/li>\n<li><strong>Dozare de grup:<\/strong> 15 000 de ra\u021bii pe ton\u0103 de furaje sau de ap\u0103.<\/li>\n<\/ul>\n<p><em>Not\u0103: Produsul nu provoac\u0103 obi\u0219nuin\u021b\u0103 sau rezisten\u021b\u0103.<\/em><\/p>","protected":false},"excerpt":{"rendered":"<div class=\"plashka\">A <strong>Vector Animale <span style=\"color: red;\">1.2<\/span><\/strong> (Vetom 1.2) este un probiotic care con\u021bine 3 tulpini de bacterii care <strong>Bacillus subtilis<\/strong> \u0219i <strong>Bacillus amyloliquefaciens<\/strong> sus\u021bine s\u0103n\u0103tatea animalelor cu ajutorul sporilor.<\/div>\n<h5>Principalele beneficii:<\/h5>\n<ul class=\"vetom-list\">\n<li><strong>Universal:<\/strong> Acesta poate fi administrat c\u00e2inilor, pisicilor, animalelor de ferm\u0103 \u0219i chiar pe\u0219tilor \u0219i albinelor.<\/li>\n<li><strong>Efectul triplu:<\/strong> Cele 3 tulpini diferite de bacterii ofer\u0103 o protec\u021bie mai larg\u0103 \u00eempotriva infec\u021biilor.<\/li>\n<li><strong>Eficien\u021b\u0103:<\/strong> Aceasta cre\u0219te productivitatea, \u00eembun\u0103t\u0103\u021be\u0219te cre\u0219terea economic\u0103 \u0219i reduce nevoia de medicamente.<\/li>\n<li><strong>Securitate:<\/strong> Acesta nu dezvolt\u0103 rezisten\u021b\u0103 \u0219i este foarte recomandat dup\u0103 un tratament cu antibiotice.<\/li>\n<\/ul>","protected":false},"featured_media":7346,"comment_status":"open","ping_status":"closed","template":"","meta":[],"product_brand":[],"product_cat":[38,40],"product_tag":[],"class_list":{"0":"post-7350","1":"product","2":"type-product","3":"status-publish","4":"has-post-thumbnail","6":"product_cat-vektor-animals-vetom","7":"product_cat-vektor-animals-1-2","9":"first","10":"instock","11":"featured","12":"taxable","13":"shipping-taxable","14":"purchasable","15":"product-type-simple"},"_links":{"self":[{"href":"https:\/\/vetomshop.hu\/ro\/wp-json\/wp\/v2\/product\/7350","targetHints":{"allow":["GET"]}}],"collection":[{"href":"https:\/\/vetomshop.hu\/ro\/wp-json\/wp\/v2\/product"}],"about":[{"href":"https:\/\/vetomshop.hu\/ro\/wp-json\/wp\/v2\/types\/product"}],"replies":[{"embeddable":true,"href":"https:\/\/vetomshop.hu\/ro\/wp-json\/wp\/v2\/comments?post=7350"}],"wp:featuredmedia":[{"embeddable":true,"href":"https:\/\/vetomshop.hu\/ro\/wp-json\/wp\/v2\/media\/7346"}],"wp:attachment":[{"href":"https:\/\/vetomshop.hu\/ro\/wp-json\/wp\/v2\/media?parent=7350"}],"wp:term":[{"taxonomy":"product_brand","embeddable":true,"href":"https:\/\/vetomshop.hu\/ro\/wp-json\/wp\/v2\/product_brand?post=7350"},{"taxonomy":"product_cat","embeddable":true,"href":"https:\/\/vetomshop.hu\/ro\/wp-json\/wp\/v2\/product_cat?post=7350"},{"taxonomy":"product_tag","embeddable":true,"href":"https:\/\/vetomshop.hu\/ro\/wp-json\/wp\/v2\/product_tag?post=7350"}],"curies":[{"name":"wp","href":"https:\/\/api.w.org\/{rel}","templated":true}]}}