{"id":7353,"date":"2026-01-20T12:00:23","date_gmt":"2026-01-20T11:00:23","guid":{"rendered":"https:\/\/vetomshop.hu\/?post_type=product&#038;p=7353"},"modified":"2026-03-02T20:21:35","modified_gmt":"2026-03-02T19:21:35","slug":"vektor-animals-3-vetom-3-probiotikus-por-allatoknak-bacillus-amyloliquefaciens-500-g","status":"publish","type":"product","link":"https:\/\/vetomshop.hu\/ro\/produs\/vektor-animals-3-vetom-3-probiotikus-por-allatoknak-bacillus-amyloliquefaciens-500-g\/","title":{"rendered":"Vektor Animals 3 (Vetom 3) - Pudr\u0103 probiotic\u0103 pentru animale (Bacillus amyloliquefaciens) - <span style=\"color:red\">500 g<\/span>"},"content":{"rendered":"<h3>Vektor Animals 3 (Vetom 3) - Probiotic cu tulpin\u0103 bacterian\u0103 special\u0103<\/h3>\n<div class=\"plashka\">A <strong>Vector Animale <span style=\"color: red;\">3<\/span><\/strong> (Vetom 3) este un preparat probiotic care <strong>Bacillus amyloliquefaciens<\/strong> (VKPM B-10642) restabile\u0219te echilibrul florei intestinale cu puterea unei tulpini bacteriene. Universal pentru toate speciile de animale, inclusiv albine \u0219i pe\u0219ti de acvariu.<\/div>\n<h5>Substan\u021ba activ\u0103 \u0219i mecanismul de ac\u021biune<\/h5>\n<p>Se bazeaz\u0103 pe o bacterie special\u0103 care formeaz\u0103 spori:<\/p>\n<ul class=\"vetom-list\">\n<li><strong>Bacillus amyloliquefaciens<\/strong> VKPM B-10642 (DSM 24614)<\/li>\n<\/ul>\n<p>Aceast\u0103 tulpin\u0103 este activ\u0103 \u00een colon, produc\u00e2nd enzime proteolitice, amilolitice \u0219i celulolitice care ajut\u0103 la descompunerea \u0219i absorb\u021bia nutrien\u021bilor \u0219i inhib\u0103 multiplicarea agen\u021bilor patogeni.<\/p>\n<h5>C\u00e2nd este recomandat\u0103 utilizarea sa?<\/h5>\n<p>Produsul este o terapie preventiv\u0103 \u0219i adjuvant\u0103 excelent\u0103 pentru:<\/p>\n<ul class=\"vetom-list\">\n<li><strong>Dup\u0103 un curs de antibiotice:<\/strong> Pentru regenerarea florei intestinale afectate de medicamente.<\/li>\n<li><strong>Pentru indigestie:<\/strong> \u00cen caz de diaree, disbioz\u0103 sau stres cauzat de o schimbare de hran\u0103.<\/li>\n<li><strong>Stimularea imunit\u0103\u021bii:<\/strong> Cre\u0219terea eficacit\u0103\u021bii vaccinurilor \u0219i a tratamentelor medicamentoase.<\/li>\n<li><strong>Pentru a maximiza produc\u021bia:<\/strong> Pentru a \u00eembun\u0103t\u0103\u021bi cre\u0219terea \u00een greutate \u0219i conversia furajelor la animale.<\/li>\n<li><strong>\u00cen albine:<\/strong> Pentru cre\u0219terea rezisten\u021bei coloniilor \u0219i reducerea mortalit\u0103\u021bii cauzate de infec\u021bii.<\/li>\n<\/ul>\n<h5>Animale \u021bint\u0103<\/h5>\n<p>Aplicabil pe scar\u0103 larg\u0103:<\/p>\n<ul class=\"vetom-list\">\n<li><strong>Animale de companie:<\/strong> C\u00e2ini, pisici, roz\u0103toare.<\/li>\n<li><strong>Animale utile:<\/strong> Bovine, porcine, ovine, caprine, cabaline, p\u0103s\u0103ri de curte.<\/li>\n<li><strong>Animale exotice:<\/strong> Reptile, amfibieni, pe\u0219ti ornamentali (dizolva\u021bi \u00een ap\u0103).<\/li>\n<\/ul>\n<h5>Recomandare de dozare<\/h5>\n<p>Pulberea trebuie amestecat\u0103 \u00een ap\u0103, furaje sau premix. <strong>Doza de baz\u0103: 50 mg\/kg greutate vie.<\/strong><\/p>\n<ul class=\"vetom-list\">\n<li><strong>Prevenire (vindecare):<\/strong> 1 dat\u0103 pe zi timp de 15-20 de zile. Se repet\u0103 de 3-4 ori pe an.<\/li>\n<li><strong>Terapia:<\/strong> de 2 ori pe zi (la fiecare 8-10 ore) p\u00e2n\u0103 la dispari\u021bia simptomelor. \u00cen cazurile severe, frecven\u021ba poate fi crescut\u0103 la de 4 ori pe zi (la fiecare 6 ore).<\/li>\n<li><strong>Corectarea deficitului imunitar:<\/strong> De 1-2 ori pe zi timp de 5-10 zile.<\/li>\n<li><strong>Dozare de grup:<\/strong> 15 000 de ra\u021bii pe ton\u0103 de furaje.<\/li>\n<\/ul>\n<h5>Informa\u021bii importante<\/h5>\n<ul class=\"vetom-list\">\n<li>Nu provoac\u0103 rezisten\u021b\u0103 sau obi\u0219nuin\u021b\u0103.<\/li>\n<li>Simptomele supradozajului nu sunt cunoscute.<\/li>\n<li>Nu exist\u0103 timp de a\u0219teptare pentru m\u00e2ncare.<\/li>\n<\/ul>","protected":false},"excerpt":{"rendered":"<div class=\"plashka\">A <strong>Vector Animale <span style=\"color: red;\">3<\/span><\/strong> (Vetom 3) <strong>Bacillus amyloliquefaciens<\/strong> un probiotic care con\u021bine spori care ajut\u0103 la men\u021binerea unui sistem digestiv s\u0103n\u0103tos \u0219i la \u00eent\u0103rirea sistemului imunitar.<\/div>\n<h5>Principalele beneficii:<\/h5>\n<ul class=\"vetom-list\">\n<li><strong>Protec\u021bia florei intestinale:<\/strong> Este deosebit de eficient dup\u0103 administrarea de antibiotice.<\/li>\n<li><strong>Un spectru larg:<\/strong> Poate fi administrat oric\u0103rei specii de animale, de la pe\u0219ti la cai.<\/li>\n<li><strong>Economice:<\/strong> \u00cembun\u0103t\u0103\u021be\u0219te utilizarea furajelor \u0219i reduce riscul de \u00eemboln\u0103vire.<\/li>\n<li><strong>Este sigur:<\/strong> Toate naturale, f\u0103r\u0103 efecte secundare.<\/li>\n<\/ul>","protected":false},"featured_media":7354,"comment_status":"open","ping_status":"closed","template":"","meta":[],"product_brand":[],"product_cat":[38,41],"product_tag":[],"class_list":{"0":"post-7353","1":"product","2":"type-product","3":"status-publish","4":"has-post-thumbnail","6":"product_cat-vektor-animals-vetom","7":"product_cat-vektor-animals-3","9":"first","10":"instock","11":"featured","12":"taxable","13":"shipping-taxable","14":"purchasable","15":"product-type-simple"},"_links":{"self":[{"href":"https:\/\/vetomshop.hu\/ro\/wp-json\/wp\/v2\/product\/7353","targetHints":{"allow":["GET"]}}],"collection":[{"href":"https:\/\/vetomshop.hu\/ro\/wp-json\/wp\/v2\/product"}],"about":[{"href":"https:\/\/vetomshop.hu\/ro\/wp-json\/wp\/v2\/types\/product"}],"replies":[{"embeddable":true,"href":"https:\/\/vetomshop.hu\/ro\/wp-json\/wp\/v2\/comments?post=7353"}],"wp:featuredmedia":[{"embeddable":true,"href":"https:\/\/vetomshop.hu\/ro\/wp-json\/wp\/v2\/media\/7354"}],"wp:attachment":[{"href":"https:\/\/vetomshop.hu\/ro\/wp-json\/wp\/v2\/media?parent=7353"}],"wp:term":[{"taxonomy":"product_brand","embeddable":true,"href":"https:\/\/vetomshop.hu\/ro\/wp-json\/wp\/v2\/product_brand?post=7353"},{"taxonomy":"product_cat","embeddable":true,"href":"https:\/\/vetomshop.hu\/ro\/wp-json\/wp\/v2\/product_cat?post=7353"},{"taxonomy":"product_tag","embeddable":true,"href":"https:\/\/vetomshop.hu\/ro\/wp-json\/wp\/v2\/product_tag?post=7353"}],"curies":[{"name":"wp","href":"https:\/\/api.w.org\/{rel}","templated":true}]}}