{"id":7358,"date":"2026-01-20T16:45:04","date_gmt":"2026-01-20T15:45:04","guid":{"rendered":"https:\/\/vetomshop.hu\/?post_type=product&#038;p=7358"},"modified":"2026-03-03T07:55:22","modified_gmt":"2026-03-03T06:55:22","slug":"vektor-animals-3-vetom-3-probiotikum-por-allatoknak-bacillus-amyloliquefaciens-1x50-g","status":"publish","type":"product","link":"https:\/\/vetomshop.hu\/ro\/produs\/vektor-animals-3-vetom-3-probiotikum-por-allatoknak-bacillus-amyloliquefaciens-1x50-g\/","title":{"rendered":"Vektor Animals 3 (Vetom 3) - Pudr\u0103 probiotic\u0103 pentru animale (Bacillus amyloliquefaciens) <span style=\"color:red\">1\u00d750 g<\/span>"},"content":{"rendered":"<h3>Vektor Animals 3 (Vetom 3) - Probiotic cu tulpin\u0103 bacterian\u0103 special\u0103<\/h3>\n<div class=\"plashka\">\n<p>Vetom 3 este un probiotic natural bazat pe efectele benefice ale tulpinii bacteriene Bacillus amyloliquefaciens. Aceast\u0103 bacterie ac\u021bioneaz\u0103 \u00een principal \u00een intestinul gros, unde produce enzime \u0219i substan\u021be active. Acestea sunt:<\/p>\n<p>* suprim\u0103 bacteriile \u0219i ciupercile d\u0103un\u0103toare (patogene \u0219i condi\u021bionat patogene),<br \/>\n* ajut\u0103 la eliminarea materiilor nedigerate din tractul intestinal,<br \/>\n* sprijin\u0103 absorb\u021bia mai u\u0219oar\u0103 \u0219i mai bun\u0103 a nutrien\u021bilor,<br \/>\n* ajut\u0103 la detoxifierea organismului.<\/p>\n<p>Vetom 3 ajut\u0103 la restabilirea echilibrului natural al florei intestinale, \u00eembun\u0103t\u0103\u021be\u0219te digestia \u0219i metabolismul \u0219i contribuie la o utilizare mai eficient\u0103 a nutrien\u021bilor.<\/p>\n<h2>Beneficii:<\/h2>\n<p>* Propriet\u0103\u021bi anti-bacteriene \u0219i anti-fungice<br \/>\n* Antiviral, produc\u0103tor de enzime, suport digestiv<br \/>\n* \u00cent\u0103re\u0219te r\u0103spunsul imun celular \u0219i umoral<br \/>\n* Cre\u0219te rezisten\u021ba organismului<br \/>\n* Ajut\u0103 la reducerea reac\u021biilor alergice<br \/>\n* Sus\u021bine re\u00eennoirea celular\u0103, poate inhiba formarea celulelor tumorale<br \/>\n* \u00cembun\u0103t\u0103\u021be\u0219te efectul altor medicamente \u0219i reduce efectele secundare ale acestora<br \/>\n* Protejeaz\u0103 organismul la nivel celular, ajut\u0103 la prevenirea dezvolt\u0103rii tumorilor<\/p>\n<h2>Sugestie de utilizare:<\/h2>\n<p><strong>Doza recomandat\u0103:<\/strong><br \/>\n* 1 capsul\u0103 de 2-3 ori pe zi este recomandat\u0103 timp de 10 zile, \u00eenainte, \u00een timpul sau dup\u0103 mese, cu o cantitate mic\u0103 de lichid (ap\u0103, ceai sau suc). Monitoriza\u021bi r\u0103spunsul organismului pe parcursul tratamentului \u0219i cre\u0219te\u021bi doza treptat dac\u0103 este necesar, p\u00e2n\u0103 la 5-10 capsule pe zi.<\/p>\n<p>*Tratamentul poate fi repetat oric\u00e2nd dup\u0103 o pauz\u0103 de 1-2 s\u0103pt\u0103m\u00e2ni. Se recomand\u0103 alternarea cu un alt tip de produs Vetom din c\u00e2nd \u00een c\u00e2nd pentru a sus\u021bine pe deplin s\u0103n\u0103tatea organismului \u0219i a tractului intestinal.<\/p>\n<h2>Caracteristici principale:<\/h2>\n<p>* F\u0103r\u0103 efecte secundare<br \/>\n*F\u0103r\u0103 restric\u021bii de v\u00e2rst\u0103<br \/>\n*Nu pentru a fi supradozat<br \/>\n*Nicio dependen\u021b\u0103<\/p>\n<h2>Domeniu de utilizare:<\/h2>\n<p>Este recomandat ca supliment alimentar biologic activ pentru \u00eembun\u0103t\u0103\u021birea st\u0103rii tractului gastrointestinal \u0219i pentru restabilirea echilibrului florei intestinale.<\/p>\n<h2>Contraindica\u021bii:<\/h2>\n<p>Produsul nu este recomandat dac\u0103 sunte\u021bi alergic sau hipersensibil la oricare dintre ingredientele sale.<\/p>\n<h2>Informa\u021bii importante:<\/h2>\n<p>* Utiliza\u021bi \u00een timpul sarcinii \u0219i al\u0103pt\u0103rii numai la recomandarea medicului<br \/>\n* Nu afecteaz\u0103 \u0219ofatul sau operarea utilajelor periculoase<\/p>\n<h2>Dozaj \u0219i compozi\u021bie:<\/h2>\n<p>* 10 capsule \u00een blistere, 5 pachete \u00eentr-o cutie (50 de capsule \u00een total)<br \/>\n* Greutate net\u0103: 0,1 kg<br \/>\n* Dimensiune: 4,5 \u00d7 6,5 \u00d7 8 cm<\/p>\n<h2>Con\u021binutul unei capsule:<\/h2>\n<p>* extract de porumb: 133 mg<br \/>\n* Amidon de cartofi: 100 mg<br \/>\n* zaharoz\u0103 (zah\u0103r pudr\u0103): 67 mg<br \/>\n* Cultura bacterian\u0103 Bacillus amyloliquefaciens* (DSM 24613) - 30 mg (1\u00d710\u2079 UFC\/g)<\/p>\n<p>Echivalent alternativ sub form\u0103 de pic\u0103turi: Vetom 3.22 (10 ml)<\/p>\n<p>\u021aara de origine: <strong>Rusia<\/strong><\/p>\n<\/div>","protected":false},"excerpt":{"rendered":"<div class=\"plashka\">A <strong>Vector Animale <span style=\"color: red;\">3<\/span><\/strong> (Vetom 3) <strong>Bacillus amyloliquefaciens<\/strong> un probiotic care con\u021bine spori care ajut\u0103 la men\u021binerea unui sistem digestiv s\u0103n\u0103tos \u0219i la \u00eent\u0103rirea sistemului imunitar.<\/div>\n<h5>Principalele beneficii:<\/h5>\n<ul class=\"vetom-list\">\n<li><strong>Protec\u021bia florei intestinale:<\/strong> Este deosebit de eficient dup\u0103 administrarea de antibiotice.<\/li>\n<li><strong>Un spectru larg:<\/strong> Poate fi administrat oric\u0103rei specii de animale, de la pe\u0219ti la cai.<\/li>\n<li><strong>Economice:<\/strong> \u00cembun\u0103t\u0103\u021be\u0219te utilizarea furajelor \u0219i reduce riscul de \u00eemboln\u0103vire.<\/li>\n<li><strong>Este sigur:<\/strong> Toate naturale, f\u0103r\u0103 efecte secundare.<\/li>\n<\/ul>","protected":false},"featured_media":7359,"comment_status":"open","ping_status":"closed","template":"","meta":[],"product_brand":[],"product_cat":[38,41],"product_tag":[],"class_list":{"0":"post-7358","1":"product","2":"type-product","3":"status-publish","4":"has-post-thumbnail","6":"product_cat-vektor-animals-vetom","7":"product_cat-vektor-animals-3","9":"first","10":"instock","11":"featured","12":"taxable","13":"shipping-taxable","14":"purchasable","15":"product-type-simple"},"_links":{"self":[{"href":"https:\/\/vetomshop.hu\/ro\/wp-json\/wp\/v2\/product\/7358","targetHints":{"allow":["GET"]}}],"collection":[{"href":"https:\/\/vetomshop.hu\/ro\/wp-json\/wp\/v2\/product"}],"about":[{"href":"https:\/\/vetomshop.hu\/ro\/wp-json\/wp\/v2\/types\/product"}],"replies":[{"embeddable":true,"href":"https:\/\/vetomshop.hu\/ro\/wp-json\/wp\/v2\/comments?post=7358"}],"wp:featuredmedia":[{"embeddable":true,"href":"https:\/\/vetomshop.hu\/ro\/wp-json\/wp\/v2\/media\/7359"}],"wp:attachment":[{"href":"https:\/\/vetomshop.hu\/ro\/wp-json\/wp\/v2\/media?parent=7358"}],"wp:term":[{"taxonomy":"product_brand","embeddable":true,"href":"https:\/\/vetomshop.hu\/ro\/wp-json\/wp\/v2\/product_brand?post=7358"},{"taxonomy":"product_cat","embeddable":true,"href":"https:\/\/vetomshop.hu\/ro\/wp-json\/wp\/v2\/product_cat?post=7358"},{"taxonomy":"product_tag","embeddable":true,"href":"https:\/\/vetomshop.hu\/ro\/wp-json\/wp\/v2\/product_tag?post=7358"}],"curies":[{"name":"wp","href":"https:\/\/api.w.org\/{rel}","templated":true}]}}