{"id":1019,"date":"2020-02-17T14:17:10","date_gmt":"2020-02-17T14:17:10","guid":{"rendered":"https:\/\/vetomshop.hu\/?page_id=1019"},"modified":"2024-05-23T10:56:21","modified_gmt":"2024-05-23T08:56:21","slug":"a-vetom-probiotikum-tortenete","status":"publish","type":"page","link":"https:\/\/vetomshop.hu\/ru\/a-vetom-probiotikum-tortenete\/","title":{"rendered":"\u0418\u0441\u0442\u043e\u0440\u0438\u044f \u043f\u0440\u043e\u0431\u0438\u043e\u0442\u0438\u043a\u0430 \"\u0412\u0435\u0442\u043e\u043c"},"content":{"rendered":"<h3>A <em>Bacillus<\/em> \u0418\u0441\u0441\u043b\u0435\u0434\u043e\u0432\u0430\u043d\u0438\u044f \u0431\u0430\u043a\u0442\u0435\u0440\u0438\u0439 \u0438 \u043f\u0435\u0440\u0432\u044b\u0445 \u201e\u0436\u0438\u0432\u044b\u0445\u201d \u043f\u0440\u0435\u043f\u0430\u0440\u0430\u0442\u043e\u0432 \u043d\u0430 \u0438\u0445 \u043e\u0441\u043d\u043e\u0432\u0435 \u043e\u0442\u043d\u043e\u0441\u044f\u0442\u0441\u044f \u043a 1930-\u043c \u0433\u043e\u0434\u0430\u043c.<\/h3>\n<p><img loading=\"lazy\" decoding=\"async\" class=\"wp-image-3790 alignleft\" src=\"https:\/\/vetomshop.hu\/wp-content\/uploads\/2023\/02\/bacterio.jpg\" alt=\"\" width=\"655\" height=\"326\" srcset=\"https:\/\/vetomshop.hu\/wp-content\/uploads\/2023\/02\/bacterio.jpg 1500w, https:\/\/vetomshop.hu\/wp-content\/uploads\/2023\/02\/bacterio-300x149.jpg 300w, https:\/\/vetomshop.hu\/wp-content\/uploads\/2023\/02\/bacterio-1024x509.jpg 1024w, https:\/\/vetomshop.hu\/wp-content\/uploads\/2023\/02\/bacterio-768x382.jpg 768w, https:\/\/vetomshop.hu\/wp-content\/uploads\/2023\/02\/bacterio-1320x656.jpg 1320w, https:\/\/vetomshop.hu\/wp-content\/uploads\/2023\/02\/bacterio-600x298.jpg 600w\" sizes=\"auto, (max-width: 655px) 100vw, 655px\" \/>\u0412 1939 \u0433\u043e\u0434\u0443 \u0432\u043e\u0439\u0441\u043a\u0430 \u0412\u0435\u0440\u043c\u0430\u0445\u0442\u0430 \u0441\u0442\u043e\u043b\u043a\u043d\u0443\u043b\u0438\u0441\u044c \u0441 \u043f\u0440\u043e\u0431\u043b\u0435\u043c\u043e\u0439 \u0434\u0438\u0437\u0435\u043d\u0442\u0435\u0440\u0438\u0438 \u0432 \u0410\u0444\u0440\u0438\u043a\u0435. \u0411\u043e\u043b\u0435\u0437\u043d\u044c \u043f\u043e\u0440\u0430\u0437\u0438\u043b\u0430 \u0430\u0440\u043c\u0438\u0438 \u043e\u0431\u0435\u0438\u0445 \u0441\u0442\u043e\u0440\u043e\u043d. \u041f\u0435\u0440\u0432\u044b\u043c\u0438 \u0431\u043e\u043b\u0435\u0437\u043d\u044c \u0438\u0441\u043a\u043e\u0440\u0435\u043d\u0438\u043b\u0438 \u0430\u0440\u0430\u0431\u044b. \u0412 \u043a\u0430\u0447\u0435\u0441\u0442\u0432\u0435 \u044d\u0444\u0444\u0435\u043a\u0442\u0438\u0432\u043d\u043e\u0433\u043e \u043b\u0435\u043a\u0430\u0440\u0441\u0442\u0432\u0430 \u0438\u0441\u043f\u043e\u043b\u044c\u0437\u043e\u0432\u0430\u043b\u0441\u044f \u0432\u0435\u0440\u0431\u043b\u044e\u0436\u0438\u0439 \u043f\u043e\u043c\u0435\u0442. \u041d\u0435\u043c\u0446\u044b \u043e\u0442\u043a\u0430\u0437\u044b\u0432\u0430\u043b\u0438\u0441\u044c \u0443\u043f\u043e\u0442\u0440\u0435\u0431\u043b\u044f\u0442\u044c \u0432\u0435\u0440\u0431\u043b\u044e\u0436\u0438\u0439 \u043d\u0430\u0432\u043e\u0437, \u043d\u043e \u043e\u0431\u043d\u0430\u0440\u0443\u0436\u0438\u043b\u0438 \u043f\u0440\u0435\u0432\u043e\u0441\u0445\u043e\u0434\u043d\u0443\u044e \u044d\u0444\u0444\u0435\u043a\u0442\u0438\u0432\u043d\u043e\u0441\u0442\u044c \u044d\u0442\u043e\u0433\u043e \u0441\u0440\u0435\u0434\u0441\u0442\u0432\u0430. \u0410\u043a\u0442\u0438\u0432\u043d\u044b\u043c \u0438\u043d\u0433\u0440\u0435\u0434\u0438\u0435\u043d\u0442\u043e\u043c \u044f\u0432\u043b\u044f\u0435\u0442\u0441\u044f\u00a0 <em>Bacillus subtilis<\/em> \u041c\u0438\u043a\u0440\u043e\u043e\u0440\u0433\u0430\u043d\u0438\u0437\u043c, \u0441\u043f\u043e\u0441\u043e\u0431\u043d\u044b\u0439 \u043f\u043e\u0434\u0430\u0432\u043b\u044f\u0442\u044c \u0440\u0430\u0437\u0432\u0438\u0442\u0438\u0435 \u0438 \u0440\u0430\u0437\u043c\u043d\u043e\u0436\u0435\u043d\u0438\u0435 \u0432\u043e\u0437\u0431\u0443\u0434\u0438\u0442\u0435\u043b\u0435\u0439 \u0434\u0438\u0437\u0435\u043d\u0442\u0435\u0440\u0438\u0438. \u041d\u0430 \u043e\u0441\u043d\u043e\u0432\u0435 \u044d\u0442\u043e\u0439 \u0431\u0430\u043a\u0442\u0435\u0440\u0438\u0438 \u043d\u0435\u043c\u0435\u0446\u043a\u0438\u0435 \u0443\u0447\u0435\u043d\u044b\u0435 \u0441\u043e\u0437\u0434\u0430\u043b\u0438 \u043f\u0440\u043e\u0431\u0438\u043e\u0442\u0438\u0447\u0435\u0441\u043a\u0438\u0439 \u043f\u0440\u0435\u043f\u0430\u0440\u0430\u0442, \u043a\u043e\u0442\u043e\u0440\u044b\u0439 \u0432\u043f\u043e\u0441\u043b\u0435\u0434\u0441\u0442\u0432\u0438\u0438 \u0448\u0438\u0440\u043e\u043a\u043e \u0438\u0441\u043f\u043e\u043b\u044c\u0437\u043e\u0432\u0430\u043b\u0441\u044f \u0432 \u0430\u0440\u043c\u0438\u0438 \u0434\u043b\u044f \u043f\u0440\u043e\u0444\u0438\u043b\u0430\u043a\u0442\u0438\u043a\u0438 \u0434\u0438\u0437\u0435\u043d\u0442\u0435\u0440\u0438\u0438. \u041f\u043e\u0441\u043b\u0435 \u0440\u0430\u0441\u043f\u0430\u0434\u0430 \u0433\u0438\u0442\u043b\u0435\u0440\u043e\u0432\u0441\u043a\u043e\u0439 \u0413\u0435\u0440\u043c\u0430\u043d\u0438\u0438 \u0442\u0435\u0445\u043d\u043e\u043b\u043e\u0433\u0438\u044e \u043f\u0440\u043e\u0438\u0437\u0432\u043e\u0434\u0441\u0442\u0432\u0430 \u043f\u0440\u043e\u0431\u0438\u043e\u0442\u0438\u043a\u0430 \u043f\u0440\u0438\u043e\u0431\u0440\u0435\u043b\u0438 \u0430\u043c\u0435\u0440\u0438\u043a\u0430\u043d\u0446\u044b.<\/p>\n<h3>\u041e\u0434\u043d\u0430\u043a\u043e \u0421\u043e\u0432\u0435\u0442\u0441\u043a\u0438\u0439 \u0421\u043e\u044e\u0437 \u043d\u0435 \u043e\u0441\u0442\u0430\u043b\u0441\u044f \u0432 \u0441\u0442\u043e\u0440\u043e\u043d\u0435.<\/h3>\n<p>\u0412 \u043a\u043e\u043d\u0446\u0435 \u0412\u0442\u043e\u0440\u043e\u0439 \u043c\u0438\u0440\u043e\u0432\u043e\u0439 \u0432\u043e\u0439\u043d\u044b \u0431\u044b\u043b\u0438 \u043c\u043e\u0431\u0438\u043b\u0438\u0437\u043e\u0432\u0430\u043d\u044b \u0431\u043e\u043b\u044c\u0448\u0438\u0435 \u0441\u0438\u043b\u044b \u0434\u043b\u044f \u0437\u0430\u0449\u0438\u0442\u044b \u043e\u0442 \u0441\u043e\u0432\u0440\u0435\u043c\u0435\u043d\u043d\u043e\u0433\u043e \u043e\u0440\u0443\u0436\u0438\u044f, \u0432 \u0442\u043e\u043c \u0447\u0438\u0441\u043b\u0435 \u0438 \u0431\u0438\u043e\u043b\u043e\u0433\u0438\u0447\u0435\u0441\u043a\u043e\u0433\u043e. \u0412 1974 \u0433\u043e\u0434\u0443 \u0431\u044b\u043b\u0430 \u0441\u043e\u0437\u0434\u0430\u043d\u0430 \u043e\u0433\u0440\u043e\u043c\u043d\u0430\u044f \u0441\u0435\u043a\u0440\u0435\u0442\u043d\u0430\u044f \u043e\u0440\u0433\u0430\u043d\u0438\u0437\u0430\u0446\u0438\u044f - \u201e\u041c\u0438\u043a\u0440\u043e\u0431\u0438\u043e\u043f\u0440\u043e\u043c\u201d - \u0434\u043b\u044f \u0440\u0430\u0437\u0440\u0430\u0431\u043e\u0442\u043a\u0438 \u0441\u0440\u0435\u0434\u0441\u0442\u0432 \u0437\u0430\u0449\u0438\u0442\u044b \u043d\u0430\u0441\u0435\u043b\u0435\u043d\u0438\u044f \u043e\u0442 \u0431\u0438\u043e\u0433\u0435\u043d\u043d\u044b\u0445 \u043a\u0430\u0442\u0430\u0441\u0442\u0440\u043e\u0444, \u0432 \u0442\u043e\u043c \u0447\u0438\u0441\u043b\u0435 \u043e\u0442 \u0431\u0438\u043e\u043b\u043e\u0433\u0438\u0447\u0435\u0441\u043a\u043e\u0433\u043e \u043e\u0440\u0443\u0436\u0438\u044f. \u0412 \u0441\u0438\u0441\u0442\u0435\u043c\u0443 \u201e\u041c\u0438\u043a\u0440\u043e\u0431\u0438\u043e\u043f\u0440\u043e\u043c\u0430\u201d \u0432\u043e\u0448\u043b\u0438 \u043a\u0430\u043a \u0441\u0443\u0449\u0435\u0441\u0442\u0432\u0443\u044e\u0449\u0438\u0435 \u043d\u0430 \u0442\u043e\u0442 \u043c\u043e\u043c\u0435\u043d\u0442 \u043d\u0430\u0443\u0447\u043d\u044b\u0435 \u0438\u043d\u0441\u0442\u0438\u0442\u0443\u0442\u044b, \u0442\u0430\u043a \u0438 \u0432\u043d\u043e\u0432\u044c \u0441\u043e\u0437\u0434\u0430\u043d\u043d\u044b\u0435 \u0441\u043f\u0435\u0446\u0438\u0430\u043b\u0438\u0437\u0438\u0440\u043e\u0432\u0430\u043d\u043d\u044b\u0435 \u043d\u0430\u0443\u0447\u043d\u044b\u0435 \u043c\u0438\u043a\u0440\u043e\u0431\u0438\u043e\u043b\u043e\u0433\u0438\u0447\u0435\u0441\u043a\u0438\u0435 \u0446\u0435\u043d\u0442\u0440\u044b \u0438 \u0431\u0438\u043e\u0444\u0430\u0431\u0440\u0438\u043a\u0438. \u0413\u043e\u043b\u043e\u0432\u043d\u044b\u043c \u0443\u0447\u0440\u0435\u0436\u0434\u0435\u043d\u0438\u0435\u043c \"\u041c\u0438\u043a\u0440\u043e\u0431\u0438\u043e\u043f\u0440\u043e\u043c\u0430\" \u0431\u044b\u043b\u0430 \u043a\u043e\u043c\u043f\u0430\u043d\u0438\u044f \"\u0412\u0435\u043a\u0442\u043e\u0440\", \u043a\u043e\u0442\u043e\u0440\u0430\u044f \u0440\u0430\u0441\u043f\u043e\u043b\u0430\u0433\u0430\u043b\u0430\u0441\u044c \u0432 \u043f\u043e\u0441\u0435\u043b\u043a\u0435 \u041a\u043e\u043b\u044c\u0446\u043e\u0432\u043e \u043f\u043e\u0434 \u041d\u043e\u0432\u043e\u0441\u0438\u0431\u0438\u0440\u0441\u043a\u043e\u043c. \u0420\u0430\u0437\u043c\u0435\u0440\u044b \u044d\u0442\u043e\u0433\u043e \u043f\u0440\u0435\u0434\u043f\u0440\u0438\u044f\u0442\u0438\u044f \u0432\u043f\u0435\u0447\u0430\u0442\u043b\u044f\u044e\u0442 \u0438 \u0441\u0435\u0433\u043e\u0434\u043d\u044f. \u041f\u0430\u0440\u0430\u043b\u043b\u0435\u043b\u044c\u043d\u043e \u0441 \"\u0412\u0435\u043a\u0442\u043e\u0440\u043e\u043c\" \u0431\u044b\u043b\u0438 \u043f\u043e\u0441\u0442\u0440\u043e\u0435\u043d\u044b \u0438 \u0440\u0430\u0437\u0432\u0438\u0432\u0430\u043b\u0438\u0441\u044c \u0435\u0449\u0435 \u043f\u044f\u0442\u044c \u0438\u043d\u0441\u0442\u0438\u0442\u0443\u0442\u043e\u0432. \u0422\u0430\u043a\u0438\u043c \u043e\u0431\u0440\u0430\u0437\u043e\u043c, \u0437\u0430 \u0441\u0440\u0430\u0432\u043d\u0438\u0442\u0435\u043b\u044c\u043d\u043e \u043a\u043e\u0440\u043e\u0442\u043a\u0438\u0439 \u0441\u0440\u043e\u043a \u0421\u043e\u0432\u0435\u0442\u0441\u043a\u0438\u0439 \u0421\u043e\u044e\u0437 \u0441\u0442\u0430\u043b \u043c\u0438\u0440\u043e\u0432\u044b\u043c \u043b\u0438\u0434\u0435\u0440\u043e\u043c \u0432 \u043e\u0431\u043b\u0430\u0441\u0442\u0438 \u043c\u0438\u043a\u0440\u043e\u0431\u0438\u043e\u043b\u043e\u0433\u0438\u0438.<\/p>\n<p><img loading=\"lazy\" decoding=\"async\" class=\"alignright wp-image-5499\" src=\"https:\/\/vetomshop.hu\/wp-content\/uploads\/2024\/04\/biotechnology.jpg\" alt=\"\" width=\"660\" height=\"369\" srcset=\"https:\/\/vetomshop.hu\/wp-content\/uploads\/2024\/04\/biotechnology.jpg 1000w, https:\/\/vetomshop.hu\/wp-content\/uploads\/2024\/04\/biotechnology-300x168.jpg 300w, https:\/\/vetomshop.hu\/wp-content\/uploads\/2024\/04\/biotechnology-768x429.jpg 768w, https:\/\/vetomshop.hu\/wp-content\/uploads\/2024\/04\/biotechnology-600x335.jpg 600w\" sizes=\"auto, (max-width: 660px) 100vw, 660px\" \/>\u0412 \u0447\u0430\u0441\u0442\u043d\u043e\u0441\u0442\u0438, \u0432 \u043d\u0430\u0447\u0430\u043b\u0435 1990-\u0445 \u0433\u043e\u0434\u043e\u0432 \u201e\u0412\u0435\u043a\u0442\u043e\u0440\u201d \u043f\u0435\u0440\u0432\u044b\u043c \u0432 \u0438\u0441\u0442\u043e\u0440\u0438\u0438 \u0447\u0435\u043b\u043e\u0432\u0435\u0447\u0435\u0441\u0442\u0432\u0430 \u0443\u0441\u043f\u0435\u0448\u043d\u043e \u0441\u043e\u0437\u0434\u0430\u043b \u0438\u0441\u043a\u0443\u0441\u0441\u0442\u0432\u0435\u043d\u043d\u044b\u0439 \u0436\u0438\u0432\u043e\u0439 \u043e\u0431\u044a\u0435\u043a\u0442 - \u201e\u043f\u043b\u0430\u0437\u043c\u0438\u0434\u0443\u201e, \u0433\u0435\u043d\u0435\u0440\u0438\u0440\u0443\u044e\u0449\u0443\u044e \u0447\u0435\u043b\u043e\u0432\u0435\u0447\u0435\u0441\u043a\u0438\u0439 \u043b\u0435\u0439\u043a\u043e\u0446\u0438\u0442\u0430\u0440\u043d\u044b\u0439 \u0438\u043d\u0442\u0435\u0440\u0444\u0435\u0440\u043e\u043d-\u0430\u043b\u044c\u0444\u0430-2, \u0432\u0430\u0436\u043d\u0435\u0439\u0448\u0438\u0439 \u0431\u0435\u043b\u043e\u043a \u0438\u043c\u043c\u0443\u043d\u043d\u043e\u0439 \u0441\u0438\u0441\u0442\u0435\u043c\u044b, \u043a\u043e\u0442\u043e\u0440\u044b\u0439 \u0431\u044b\u043b \u0443\u0441\u043f\u0435\u0448\u043d\u043e \u0432\u0441\u0442\u0440\u043e\u0435\u043d \u0432 \u00a0<em>Bacillus subtilis<\/em> \u0432 \u043c\u0438\u043a\u0440\u043e\u0432\u043e\u043b\u043d\u043e\u0432\u043e\u0439 \u043f\u0435\u0447\u0438. \u0412 \u0440\u0435\u0437\u0443\u043b\u044c\u0442\u0430\u0442\u0435 \u043f\u043e\u043b\u0443\u0447\u0438\u043b\u0430\u0441\u044c \u0440\u0435\u043a\u043e\u043c\u0431\u0438\u043d\u0430\u043d\u0442\u043d\u0430\u044f \u0432\u0435\u0440\u0441\u0438\u044f, \u0441\u043f\u043e\u0441\u043e\u0431\u043d\u0430\u044f \u0432\u044b\u0440\u0430\u0431\u0430\u0442\u044b\u0432\u0430\u0442\u044c \u043e\u043a\u043e\u043b\u043e 70 \u0430\u043d\u0442\u0438\u0431\u0438\u043e\u0442\u0438\u043a\u043e\u0432, \u0430 \u0442\u0430\u043a\u0436\u0435 \u0448\u0438\u0440\u043e\u043a\u0438\u0439 \u0441\u043f\u0435\u043a\u0442\u0440 \u0444\u0435\u0440\u043c\u0435\u043d\u0442\u043e\u0432 \u0438 \u0438\u043d\u0442\u0435\u0440\u0444\u0435\u0440\u043e\u043d\u043e\u0432. \u042d\u0442\u043e\u0442 \u0448\u0442\u0430\u043c\u043c \u0440\u0430\u0437\u043c\u043d\u043e\u0436\u0430\u0435\u0442\u0441\u044f \u0441\u043f\u043e\u0440\u0430\u043c\u0438, \u0431\u0435\u0437 \u043f\u043e\u0432\u0440\u0435\u0436\u0434\u0435\u043d\u0438\u0439 \u043f\u0440\u043e\u043d\u0438\u043a\u0430\u0435\u0442 \u0432 \u0436\u0435\u043b\u0443\u0434\u043e\u043a \u0438 \u0434\u0432\u0435\u043d\u0430\u0434\u0446\u0430\u0442\u0438\u043f\u0435\u0440\u0441\u0442\u043d\u0443\u044e \u043a\u0438\u0448\u043a\u0443 \u0438 \u0430\u043a\u0442\u0438\u0432\u0438\u0437\u0438\u0440\u0443\u0435\u0442\u0441\u044f \u0432 \u0442\u043e\u043b\u0441\u0442\u043e\u043c \u043a\u0438\u0448\u0435\u0447\u043d\u0438\u043a\u0435.<\/p>\n<p>\u042d\u0442\u043e\u0442 \u043f\u0440\u043e\u0431\u0438\u043e\u0442\u0438\u0447\u0435\u0441\u043a\u0438\u0439 \u043f\u0440\u0435\u043f\u0430\u0440\u0430\u0442, \u0441\u043e\u0437\u0434\u0430\u043d\u043d\u044b\u0439 \u043d\u0430 \u043e\u0441\u043d\u043e\u0432\u0435 \u0432\u044b\u0448\u0435\u0443\u043f\u043e\u043c\u044f\u043d\u0443\u0442\u043e\u0433\u043e \u043f\u0440\u043e\u0431\u0438\u043e\u0442\u0438\u043a\u0430, \u043d\u0430\u0437\u044b\u0432\u0430\u0435\u0442\u0441\u044f \u201e\u0421\u0443\u0431\u0430\u043b\u0438\u043d\u201d. \u0410 \u0447\u0442\u043e \u0431\u044b\u043b\u043e \u0434\u0430\u043b\u044c\u0448\u0435, \u0432\u0441\u0435 \u0437\u043d\u0430\u044e\u0442. \u0421\u043e\u0432\u0435\u0442\u0441\u043a\u0438\u0439 \u0421\u043e\u044e\u0437 \u043f\u043e\u0441\u0442\u0443\u043f\u0438\u043b \u043d\u0435\u043f\u0440\u0430\u0432\u0438\u043b\u044c\u043d\u043e, \u043d\u0430\u0447\u0430\u043b\u0438\u0441\u044c \u0440\u044b\u043d\u043e\u0447\u043d\u044b\u0435 \u0440\u0435\u0444\u043e\u0440\u043c\u044b, \u0438 \u201e\u041c\u0438\u043a\u0440\u043e\u0431\u0438\u043e\u043f\u0440\u043e\u043c\u201d \u0441\u0442\u0430\u043b \u043d\u0435 \u043d\u0443\u0436\u0435\u043d \u0432\u043b\u0430\u0441\u0442\u044f\u043c. \u0410 \u0432\u043e\u0442 \u043f\u0440\u0430\u0432\u0438\u0442\u0435\u043b\u044c\u0441\u0442\u0432\u0443 \u0421\u0428\u0410 \u201e\u0412\u0435\u043a\u0442\u043e\u0440\u201d \u0431\u044b\u043b \u043d\u0443\u0436\u0435\u043d. \u0412 \u0442\u0435\u0447\u0435\u043d\u0438\u0435 \u0442\u0440\u0435\u0445 \u043b\u0435\u0442 \u0438\u043d\u043e\u0441\u0442\u0440\u0430\u043d\u043d\u044b\u0435 \u0441\u043f\u0435\u0446\u0438\u0430\u043b\u0438\u0441\u0442\u044b \u0438\u0437\u0443\u0447\u0430\u043b\u0438, \u043f\u0440\u043e\u0432\u0435\u0440\u044f\u043b\u0438 \u0438 \u0441\u043e\u0431\u0438\u0440\u0430\u043b\u0438 \u0434\u0430\u043d\u043d\u044b\u0435 \u0432 \u0440\u0430\u0439\u043e\u043d\u0435 \u201e\u0412\u0435\u043a\u0442\u043e\u0440\u0430\u201d. \u0420\u0430\u0437\u0443\u043c\u0435\u0435\u0442\u0441\u044f, \u0421\u0443\u0431\u0430\u043b\u0438\u043d \u043d\u0435 \u0441\u043c\u043e\u0433 \u043f\u0440\u043e\u043d\u0438\u043a\u043d\u0443\u0442\u044c \u043d\u0430 \u0440\u044b\u043d\u043e\u043a. \u0412 \u0442\u043e\u043c, \u0447\u0442\u043e \u0445\u043e\u0442\u044f \u0431\u044b \u0447\u0430\u0441\u0442\u044c \u0438\u0441\u0441\u043b\u0435\u0434\u043e\u0432\u0430\u043d\u0438\u0439 \u201e\u0412\u0435\u043a\u0442\u043e\u0440\u0430\u201d \u043d\u0435 \u043f\u0440\u043e\u043f\u0430\u043b\u0430, \u0432\u043e \u043c\u043d\u043e\u0433\u043e\u043c \u0437\u0430\u0441\u043b\u0443\u0433\u0430 \u0435\u0433\u043e \u0441\u043e\u0437\u0434\u0430\u0442\u0435\u043b\u044f \u041b\u044c\u0432\u0430 \u0421\u0442\u0435\u043f\u0430\u043d\u043e\u0432\u0438\u0447\u0430 \u0421\u0430\u043d\u0430\u0445\u0447\u0438\u0435\u0432\u0430 - \u043e\u0434\u043d\u043e\u0433\u043e \u0438\u0437 \u0441\u043e\u0437\u0434\u0430\u0442\u0435\u043b\u0435\u0439 \u201e\u0421\u0443\u0431\u0430\u043b\u0438\u043d\u0430\u201d. \u0418\u0437 \u043e\u0442\u0434\u0435\u043b\u044c\u043d\u044b\u0445 \u043f\u043e\u0434\u0440\u0430\u0437\u0434\u0435\u043b\u0435\u043d\u0438\u0439 \u201e\u0412\u0435\u043a\u0442\u043e\u0440\u0430\u201d \u0421\u0430\u043d\u0445\u0430\u0445\u0447\u0438\u0435\u0432 \u0441\u043e\u0437\u0434\u0430\u043b \u0440\u044f\u0434 \u0447\u0430\u0441\u0442\u043d\u044b\u0445 \u043a\u043e\u043c\u043f\u0430\u043d\u0438\u0439, \u043a\u043e\u0442\u043e\u0440\u044b\u0435 \u043d\u0430\u0443\u0447\u0438\u043b\u0438\u0441\u044c \u0432\u044b\u0436\u0438\u0432\u0430\u0442\u044c \u043f\u043e \u0447\u0430\u0441\u0442\u043d\u043e\u0439 \u043b\u0438\u043d\u0438\u0438. \u041f\u0440\u0438\u043c\u0435\u0440\u043d\u043e \u043f\u043e\u043b\u043e\u0432\u0438\u043d\u0435 \u0438\u0437 \u043d\u0438\u0445 \u044d\u0442\u043e \u0443\u0434\u0430\u043b\u043e\u0441\u044c.<\/p>\n<h3>\u0421\u0440\u0435\u0434\u0438 \u043d\u0438\u0445 - \u0426\u0435\u043d\u0442\u0440\u0430\u043b\u044c\u043d\u044b\u0439 \u043d\u0430\u0443\u0447\u043d\u044b\u0439 \u201e\u0418\u0441\u0441\u043b\u0435\u0434\u043e\u0432\u0430\u0442\u0435\u043b\u044c\u0441\u043a\u0438\u0439 \u0446\u0435\u043d\u0442\u0440\u201d, \u043e\u0442\u043c\u0435\u0447\u0435\u043d\u043d\u044b\u0439, \u0432 \u0447\u0430\u0441\u0442\u043d\u043e\u0441\u0442\u0438, \u043c\u0438\u043a\u0440\u043e\u0431\u0438\u043e\u043b\u043e\u0433\u0438\u0435\u0439 \u0438 \u0433\u0435\u043d\u0435\u0442\u0438\u043a\u043e\u0439, \u0433\u0434\u0435 \u0437\u0430\u0440\u0435\u0433\u0438\u0441\u0442\u0440\u0438\u0440\u043e\u0432\u0430\u043d\u043e \u0431\u043e\u043b\u0435\u0435 50 \u0438\u0437\u043e\u0431\u0440\u0435\u0442\u0435\u043d\u0438\u0439 \u043c\u0438\u043a\u0440\u043e\u0431\u0438\u043e\u043b\u043e\u0433\u0430 \u0438 \u0433\u0435\u043d\u0435\u0442\u0438\u043a\u0430 \u0410\u043b\u0435\u043a\u0441\u0430\u043d\u0434\u0440\u0430 \u0418\u0432\u0430\u043d\u043e\u0432\u0438\u0447\u0430 \u041b\u0435\u043b\u044f\u043a\u0430.<\/h3>\n<p>\u0422\u0430\u043a \u043f\u043e\u043b\u0443\u0447\u0438\u043b\u043e\u0441\u044c, \u0447\u0442\u043e \u0438\u043c\u0435\u043d\u043d\u043e \u044d\u0442\u0430 \u043a\u043e\u043c\u043f\u0430\u043d\u0438\u044f \u0437\u0430\u043d\u0438\u043c\u0430\u043b\u0430\u0441\u044c \u0442\u0435\u043c\u043e\u0439 \u0436\u0438\u0432\u044b\u0445 \u043f\u0440\u0435\u043f\u0430\u0440\u0430\u0442\u043e\u0432, \u0438\u0445 \u0434\u0430\u043b\u044c\u043d\u0435\u0439\u0448\u0438\u043c \u0438\u0437\u0443\u0447\u0435\u043d\u0438\u0435\u043c \u0438 \u043e\u0440\u0433\u0430\u043d\u0438\u0437\u0430\u0446\u0438\u0435\u0439 \u0438\u0445 \u0441\u043e\u0437\u0434\u0430\u043d\u0438\u044f. \u0417\u0430 \u043f\u043e\u0441\u043b\u0435\u0434\u043d\u0438\u0435 20 \u043b\u0435\u0442 \u0438\u0441\u0441\u043b\u0435\u0434\u043e\u0432\u0430\u0442\u0435\u043b\u044c\u0441\u043a\u0438\u0439 \u0446\u0435\u043d\u0442\u0440, \u0432 \u043a\u043e\u0442\u043e\u0440\u043e\u043c \u0441\u0435\u0433\u043e\u0434\u043d\u044f \u0440\u0430\u0431\u043e\u0442\u0430\u0435\u0442 \u0431\u043e\u043b\u0435\u0435 200 \u0441\u043f\u0435\u0446\u0438\u0430\u043b\u0438\u0441\u0442\u043e\u0432, \u0440\u0430\u0437\u0440\u0430\u0431\u043e\u0442\u0430\u043b \u0441\u0442\u0440\u0430\u0442\u0435\u0433\u0438\u044e, \u043f\u043e\u0437\u0432\u043e\u043b\u044f\u044e\u0449\u0443\u044e \u0430\u0434\u0430\u043f\u0442\u0438\u0440\u043e\u0432\u0430\u0442\u044c\u0441\u044f \u043a \u0441\u043e\u0432\u0440\u0435\u043c\u0435\u043d\u043d\u044b\u043c \u0443\u0441\u043b\u043e\u0432\u0438\u044f\u043c \u0440\u044b\u043d\u043a\u0430.<\/p>\n<p><img loading=\"lazy\" decoding=\"async\" class=\"wp-image-5500  alignleft\" src=\"https:\/\/vetomshop.hu\/wp-content\/uploads\/2024\/04\/probioticum.jpg\" alt=\"\" width=\"656\" height=\"378\" srcset=\"https:\/\/vetomshop.hu\/wp-content\/uploads\/2024\/04\/probioticum.jpg 1024w, https:\/\/vetomshop.hu\/wp-content\/uploads\/2024\/04\/probioticum-300x173.jpg 300w, https:\/\/vetomshop.hu\/wp-content\/uploads\/2024\/04\/probioticum-768x443.jpg 768w, https:\/\/vetomshop.hu\/wp-content\/uploads\/2024\/04\/probioticum-600x346.jpg 600w\" sizes=\"auto, (max-width: 656px) 100vw, 656px\" \/>\u041c\u0438\u043a\u0440\u043e\u0431\u044b \u0441\u043e\u0441\u0442\u0430\u0432\u043b\u044f\u044e\u0442 90 \u043f\u0440\u043e\u0446\u0435\u043d\u0442\u043e\u0432 \u0431\u0438\u043e\u043c\u0430\u0441\u0441\u044b \u043d\u0430\u0448\u0435\u0439 \u043f\u043b\u0430\u043d\u0435\u0442\u044b, \u043e\u0431\u044a\u044f\u0441\u043d\u044f\u0435\u0442 \u0410\u043b\u0435\u043a\u0441\u0430\u043d\u0434\u0440 \u0418\u0432\u0430\u043d\u043e\u0432\u0438\u0447 \u041b\u0435\u043b\u044f\u043a. - \u041c\u043e\u0436\u043d\u043e \u0441\u043c\u0435\u043b\u043e \u0441\u043a\u0430\u0437\u0430\u0442\u044c, \u0447\u0442\u043e \u043c\u0438\u0440, \u0432 \u043a\u043e\u0442\u043e\u0440\u043e\u043c \u043c\u044b \u0436\u0438\u0432\u0435\u043c, \u0444\u0430\u043a\u0442\u0438\u0447\u0435\u0441\u043a\u0438 \u043f\u0440\u0438\u043d\u0430\u0434\u043b\u0435\u0436\u0438\u0442 \u0438\u043c. \u0411\u043e\u043b\u044c\u0448\u0430\u044f \u0447\u0430\u0441\u0442\u044c \u043c\u0438\u043a\u0440\u043e\u043e\u0440\u0433\u0430\u043d\u0438\u0437\u043c\u043e\u0432 - \u0447\u0435\u043b\u043e\u0432\u0435\u043a, \u0436\u0438\u0432\u043e\u0442\u043d\u044b\u0435 \u0438 \u0440\u0430\u0441\u0442\u0438\u0442\u0435\u043b\u044c\u043d\u044b\u0435 \u0438\u043d\u0444\u0435\u043a\u0446\u0438\u0438. \u041c\u044b \u0441\u0430\u043c\u0438 \u043d\u0430 2-3 \u043f\u0440\u043e\u0446\u0435\u043d\u0442\u0430 \u0441\u043e\u0441\u0442\u043e\u0438\u043c \u0438\u0437 \u043c\u0438\u043a\u0440\u043e\u0431\u043e\u0432. \u0415\u0441\u043b\u0438 \u043c\u044b \u043f\u043e\u0441\u043c\u043e\u0442\u0440\u0438\u043c \u043d\u0430 \u043b\u044e\u0431\u0443\u044e \u0447\u0430\u0441\u0442\u044c \u043d\u0430\u0448\u0435\u0433\u043e \u0442\u0435\u043b\u0430, \u0442\u043e \u0443\u0432\u0438\u0434\u0438\u043c, \u0447\u0442\u043e \u0442\u0430\u043c \u043e\u0431\u0438\u0442\u0430\u044e\u0442 \u043e\u043f\u0440\u0435\u0434\u0435\u043b\u0435\u043d\u043d\u044b\u0435 \u043c\u0438\u043a\u0440\u043e\u043e\u0440\u0433\u0430\u043d\u0438\u0437\u043c\u044b - \u0432 \u043a\u0430\u0436\u0434\u043e\u0439 \u0447\u0430\u0441\u0442\u0438 \u0442\u0435\u043b\u0430 \u0435\u0441\u0442\u044c \u0441\u0432\u043e\u044f \u043c\u0438\u043a\u0440\u043e\u0431\u043d\u0430\u044f \u044d\u043a\u043e\u0441\u0438\u0441\u0442\u0435\u043c\u0430. \u041e\u043d\u0438 \u043f\u043e\u043c\u043e\u0433\u0430\u044e\u0442 \u043e\u0440\u0433\u0430\u043d\u0438\u0437\u043c\u0443 \u0437\u0430\u0449\u0438\u0449\u0430\u0442\u044c\u0441\u044f \u043e\u0442 \u0432\u0440\u0435\u0434\u043d\u044b\u0445 \u0432\u043e\u0437\u0434\u0435\u0439\u0441\u0442\u0432\u0438\u0439 \u043e\u043a\u0440\u0443\u0436\u0430\u044e\u0449\u0435\u0439 \u0441\u0440\u0435\u0434\u044b. \u0415\u0441\u043b\u0438 \u043c\u044b \u044d\u0442\u043e \u043d\u0430\u0440\u0443\u0448\u0430\u0435\u043c - \u043c\u044b \u0437\u0430\u0431\u043e\u043b\u0435\u0432\u0430\u0435\u043c. \u041e\u0434\u043d\u0430\u043a\u043e \u0432 \u043e\u043f\u0442\u0438\u043c\u0430\u043b\u044c\u043d\u043e\u043c \u0441\u043b\u0443\u0447\u0430\u0435, \u043a\u043e\u0433\u0434\u0430 \u0432\u0441\u0435 \u043d\u0430\u0448\u0438 \u0441\u043e\u0431\u0441\u0442\u0432\u0435\u043d\u043d\u044b\u0435 \u043c\u0438\u043a\u0440\u043e\u0431\u044b \u043e\u0441\u0442\u0430\u044e\u0442\u0441\u044f \u0441 \u043d\u0430\u043c\u0438, \u043c\u044b \u0441\u043f\u043e\u0441\u043e\u0431\u043d\u044b \u0437\u0430\u0449\u0438\u0442\u0438\u0442\u044c \u0441\u0435\u0431\u044f \u043e\u0442 \u0432\u0441\u0435\u0445 \u0438\u043d\u0444\u0435\u043a\u0446\u0438\u0439!<\/p>","protected":false},"excerpt":{"rendered":"<p>A Bacillus bakt\u00e9riumok ut\u00e1n t\u00f6rt\u00e9n\u0151 kutat\u00e1sok \u00e9s azok alapj\u00e1n l\u00e9trehozott els\u0151 \u201e\u00e9l\u0151\u201d k\u00e9sz\u00edtm\u00e9nyek az 1930-as \u00e9vekre tehet\u0151. 1939-ben a Wermacht seregei Afrik\u00e1ban tal\u00e1lkoztak a v\u00e9rhas probl\u00e9m\u00e1j\u00e1val. A megbeteged\u00e9s \u00e9rintette mindk\u00e9t f\u00e9l sereg\u00e9t. A bajt els\u0151nek az arabok sz\u00fcntett\u00e9k meg. Hat\u00e9kony gy\u00f3gy k\u00e9sz\u00edtm\u00e9nyk\u00e9nt a tev\u00e9k tr\u00e1gy\u00e1j\u00e1t alkalmazt\u00e1k. A n\u00e9metek a tevetr\u00e1gy\u00e1t nem voltak hajland\u00f3k fogyasztani, viszont [&hellip;]<\/p>\n","protected":false},"author":1,"featured_media":0,"parent":0,"menu_order":0,"comment_status":"closed","ping_status":"closed","template":"","meta":{"footnotes":""},"class_list":["post-1019","page","type-page","status-publish","hentry"],"_links":{"self":[{"href":"https:\/\/vetomshop.hu\/ru\/wp-json\/wp\/v2\/pages\/1019","targetHints":{"allow":["GET"]}}],"collection":[{"href":"https:\/\/vetomshop.hu\/ru\/wp-json\/wp\/v2\/pages"}],"about":[{"href":"https:\/\/vetomshop.hu\/ru\/wp-json\/wp\/v2\/types\/page"}],"author":[{"embeddable":true,"href":"https:\/\/vetomshop.hu\/ru\/wp-json\/wp\/v2\/users\/1"}],"replies":[{"embeddable":true,"href":"https:\/\/vetomshop.hu\/ru\/wp-json\/wp\/v2\/comments?post=1019"}],"version-history":[{"count":0,"href":"https:\/\/vetomshop.hu\/ru\/wp-json\/wp\/v2\/pages\/1019\/revisions"}],"wp:attachment":[{"href":"https:\/\/vetomshop.hu\/ru\/wp-json\/wp\/v2\/media?parent=1019"}],"curies":[{"name":"wp","href":"https:\/\/api.w.org\/{rel}","templated":true}]}}