{"id":2488,"date":"2020-10-20T20:17:52","date_gmt":"2020-10-20T20:17:52","guid":{"rendered":"https:\/\/vetomshop.hu\/?page_id=2488"},"modified":"2025-08-19T17:21:05","modified_gmt":"2025-08-19T15:21:05","slug":"pezsgotabletta","status":"publish","type":"page","link":"https:\/\/vetomshop.hu\/ru\/pezsgotabletta\/","title":{"rendered":"\u0422\u0430\u0431\u043b\u0435\u0442\u043a\u0430 \u0434\u043b\u044f \u0448\u0430\u043c\u043f\u0430\u043d\u0441\u043a\u043e\u0433\u043e"},"content":{"rendered":"<div class=\"wpb-content-wrapper\">\n<div  data-mk-full-width=\"true\" data-mk-full-width-init=\"false\" data-mk-stretch-content=\"true\" class=\"wpb_row vc_row vc_row-fluid jupiter-donut- mk-fullwidth-true  attched-false    vc_custom_1712243783631  equal-columns js-master-row  mk-full-content-true\">\n\t\t\t\t\n<div class=\"vc_col-sm-12 wpb_column column_container  jupiter-donut- _ jupiter-donut-height-full\">\n\t<h2 style=\"font-size: 40px;color: #6d4500;text-align: center\" class=\"vc_custom_heading vc_do_custom_heading wpb_animate_when_almost_visible wpb_fadeInDown fadeInDown\" >\u0412\u0435\u0442\u043e\u043c - \u0448\u0438\u043f\u0443\u0447\u0438\u0435 \u0442\u0430\u0431\u043b\u0435\u0442\u043a\u0438<\/h2>\n\n<div class=\"wpb_row vc_inner vc_row vc_row-fluid jupiter-donut-   attched-false\">\n\t\t\t\t<div class=\"mk-grid\">\n\t\t\t<div class=\"wpb_column vc_column_container vc_col-sm-4\"><div class=\"vc_column-inner\"><div class=\"wpb_wrapper\"><\/div><\/div><\/div><div class=\"wpb_column vc_column_container vc_col-sm-4\"><div class=\"vc_column-inner\"><div class=\"wpb_wrapper\"><div class=\"woocommerce columns-1\"><ul class=\"products columns-1\">\n<li class=\"product type-product post-2483 status-publish first instock product_cat-vetom-probiotikumok has-post-thumbnail featured taxable shipping-taxable purchasable product-type-simple\">\n\t<div class=\"mk-product-warp\"><a href=\"https:\/\/vetomshop.hu\/ru\/product\/vetomgin-8-21\/\" class=\"woocommerce-LoopProduct-link woocommerce-loop-product__link\">\t<div class=\"mk-product-thumbnail-warp\">\n\t<img loading=\"lazy\" decoding=\"async\" width=\"300\" height=\"300\" src=\"https:\/\/vetomshop.hu\/wp-content\/uploads\/2020\/10\/vetomgin-300x300.jpg\" class=\"attachment-woocommerce_thumbnail size-woocommerce_thumbnail\" alt=\"Probiotikum Vetomgin &lt;span style=&quot;color:red&quot;&gt;8.21&lt;\/span&gt; pezsg\u0151tabletta &lt;span style=&quot;color:red&quot;&gt;15 db&lt;\/span&gt; (\u00e9trend-kieg\u00e9sz\u00edt\u0151  )\" srcset=\"https:\/\/vetomshop.hu\/wp-content\/uploads\/2020\/10\/vetomgin-300x300.jpg 300w, https:\/\/vetomshop.hu\/wp-content\/uploads\/2020\/10\/vetomgin-1024x1024.jpg 1024w, https:\/\/vetomshop.hu\/wp-content\/uploads\/2020\/10\/vetomgin-150x150.jpg 150w, https:\/\/vetomshop.hu\/wp-content\/uploads\/2020\/10\/vetomgin-768x768.jpg 768w, https:\/\/vetomshop.hu\/wp-content\/uploads\/2020\/10\/vetomgin-600x600.jpg 600w, https:\/\/vetomshop.hu\/wp-content\/uploads\/2020\/10\/vetomgin-100x100.jpg 100w, https:\/\/vetomshop.hu\/wp-content\/uploads\/2020\/10\/vetomgin-266x266.jpg 266w, https:\/\/vetomshop.hu\/wp-content\/uploads\/2020\/10\/vetomgin-32x32.jpg 32w, https:\/\/vetomshop.hu\/wp-content\/uploads\/2020\/10\/vetomgin-60x60.jpg 60w, https:\/\/vetomshop.hu\/wp-content\/uploads\/2020\/10\/vetomgin-48x48.jpg 48w, https:\/\/vetomshop.hu\/wp-content\/uploads\/2020\/10\/vetomgin.jpg 1080w\" sizes=\"auto, (max-width: 300px) 100vw, 300px\" itemprop=\"image\" \/>\t<\/div>\n\t<div class=\"star-rating\" title=\"Rated 5.00 out of 5\"><span style=\"width:100%\"><\/span><\/div><h2 class=\"woocommerce-loop-product__title\">\u041f\u0440\u043e\u0431\u0438\u043e\u0442\u0438\u043a \u0412\u0435\u0442\u043e\u043c\u0433\u0438\u043d <span style=\"color:red\">8.21<\/span> \u0442\u0430\u0431\u043b\u0435\u0442\u043a\u0430 \u0448\u0430\u043c\u043f\u0430\u043d\u0441\u043a\u043e\u0433\u043e <span style=\"color:red\">15 \u0448\u0442\u0443\u043a<\/span> (\u043f\u0438\u0449\u0435\u0432\u0430\u044f \u0434\u043e\u0431\u0430\u0432\u043a\u0430)<\/h2>\n\t<span class=\"price\"><span class=\"woocommerce-Price-amount amount\"><bdi>2 988&nbsp;<span class=\"woocommerce-Price-currencySymbol\">Ft<\/span><\/bdi><\/span><\/span>\n<\/a><a rel=\"nofollow\" href=\"\/ru\/wp-json\/wp\/v2\/pages\/2488?add-to-cart=2483\" data-quantity=\"1\" data-product_id=\"2483\" data-product_sku=\"\" class=\"button product_type_simple add_to_cart_button ajax_add_to_cart\" aria-label=\"\u0414\u043e\u0431\u0430\u0432\u0438\u0442\u044c \u0432 \u043a\u043e\u0440\u0437\u0438\u043d\u0443 \u201cProbiotikum Vetomgin 8.21 pezsg\u0151tabletta 15 db (\u00e9trend-kieg\u00e9sz\u00edt\u0151  )\u201d\" data-success_message=\"\u00abProbiotikum Vetomgin &lt;span style=&quot;color:red&quot;&gt;8.21&lt;\/span&gt; pezsg\u0151tabletta &lt;span style=&quot;color:red&quot;&gt;15 db&lt;\/span&gt; (\u00e9trend-kieg\u00e9sz\u00edt\u0151  )\u00bb \u0434\u043e\u0431\u0430\u0432\u043b\u0435\u043d \u0432 \u0432\u0430\u0448\u0443 \u043a\u043e\u0440\u0437\u0438\u043d\u0443\" role=\"button\" data-no-translation-aria-label=\"\" data-no-translation-data-success_message=\"\"><svg  class=\"mk-svg-icon\" data-name=\"mk-moon-cart-plus\" data-cacheid=\"icon-69e45ac89d0a8\" style=\" height:12px; width: 12px; \"  xmlns=\"http:\/\/www.w3.org\/2000\/svg\" viewbox=\"0 0 512 512\"><path d=\"M416 96h-272c-16.138 0-29.751 12.018-31.753 28.031l-28.496 227.969h-51.751c-17.673 0-32 14.327-32 32s14.327 32 32 32h80c16.138 0 29.751-12.017 31.753-28.031l28.496-227.969h219.613l57.369 200.791c4.854 16.993 22.567 26.832 39.56 21.978 16.993-4.855 26.833-22.567 21.978-39.56l-64-224c-3.925-13.737-16.482-23.209-30.769-23.209zm-288-80a48 48 2700 1 0 96 0 48 48 2700 1 0-96 0zm192 0a48 48 2700 1 0 96 0 48 48 2700 1 0-96 0zm64 240h-64v-64h-64v64h-64v64h64v64h64v-64h64z\" transform=\"scale(1 -1) translate(0 -480)\"\/><\/svg><span class=\"button-text\" data-no-translation=\"\" data-trp-gettext=\"\">\u0412 \u043a\u043e\u0440\u0437\u0438\u043d\u0443<\/span><\/a><\/div><\/li>\n<\/ul>\n<\/div><\/div><\/div><\/div><div class=\"wpb_column vc_column_container vc_col-sm-4\"><div class=\"vc_column-inner\"><div class=\"wpb_wrapper\"><\/div><\/div><\/div>\t\t\t<\/div>\n\t<\/div>\n\n\n<div class=\"wpb_row vc_inner vc_row vc_row-fluid jupiter-donut-   attched-false   vc_custom_1712248776043\">\n\t\t\t\t<div class=\"mk-grid\">\n\t\t\t<div class=\"disflex wpb_column vc_column_container vc_col-sm-1\/5\"><div class=\"vc_column-inner\"><div class=\"wpb_wrapper\">\n<div id=\"mk-button-2\" class=\"mk-button-container _ jupiter-donut-relative    jupiter-donut-block jupiter-donut-text-center button-size-big\">\n\n\t\n\t\t<a href=\"\/ru\/kapszulas-kiszereles\/\" target=\"_self\" class=\"mk-button js-smooth-scroll mk-button--dimension-double-outline mk-button--size-large mk-button--corner-full_rounded skin-light _ jupiter-donut-relative jupiter-donut-text-center jupiter-donut-font-weight-700 jupiter-donut-no-backface  jupiter-donut-letter-spacing-2 jupiter-donut-inline-block\"><span class=\"double-outline-inside\"><\/span><span class=\"mk-button--text\">\u0423\u043f\u0430\u043a\u043e\u0432\u043a\u0430 \u043a\u0430\u043f\u0441\u0443\u043b<\/span><\/a>\n\n\t\n<\/div>\n<\/div><\/div><\/div><div class=\"wpb_column vc_column_container vc_col-sm-1\/5\"><div class=\"vc_column-inner\"><div class=\"wpb_wrapper\">\n<div id=\"mk-button-3\" class=\"mk-button-container _ jupiter-donut-relative    jupiter-donut-block jupiter-donut-text-center button-size-big\">\n\n\t\n\t\t<a href=\"\/ru\/cseppek\/\" target=\"_self\" class=\"mk-button js-smooth-scroll mk-button--dimension-double-outline mk-button--size-large mk-button--corner-full_rounded skin-light _ jupiter-donut-relative jupiter-donut-text-center jupiter-donut-font-weight-700 jupiter-donut-no-backface  jupiter-donut-letter-spacing-2 jupiter-donut-inline-block\"><span class=\"double-outline-inside\"><\/span><span class=\"mk-button--text\">\u041a\u0430\u043f\u0435\u043b\u044c\u043a\u0438<\/span><\/a>\n\n\t\n<\/div>\n<\/div><\/div><\/div><div class=\"wpb_column vc_column_container vc_col-sm-1\/5\"><div class=\"vc_column-inner\"><div class=\"wpb_wrapper\">\n<div id=\"mk-button-4\" class=\"mk-button-container _ jupiter-donut-relative    jupiter-donut-block jupiter-donut-text-center button-size-big\">\n\n\t\n\t\t<a href=\"\/ru\/por-kiszereles\/\" target=\"_self\" class=\"mk-button js-smooth-scroll mk-button--dimension-double-outline mk-button--size-large mk-button--corner-full_rounded skin-light _ jupiter-donut-relative jupiter-donut-text-center jupiter-donut-font-weight-700 jupiter-donut-no-backface  jupiter-donut-letter-spacing-2 jupiter-donut-inline-block\"><span class=\"double-outline-inside\"><\/span><span class=\"mk-button--text\">\u0420\u0435\u0446\u0435\u043f\u0442\u0443\u0440\u0430 \u043f\u043e\u0440\u043e\u0448\u043a\u0430<\/span><\/a>\n\n\t\n<\/div>\n<\/div><\/div><\/div><div class=\"wpb_column vc_column_container vc_col-sm-1\/5\"><div class=\"vc_column-inner\"><div class=\"wpb_wrapper\">\n<div id=\"mk-button-5\" class=\"mk-button-container _ jupiter-donut-relative    jupiter-donut-block jupiter-donut-text-center button-size-big\">\n\n\t\n\t\t<a href=\"\/ru\/kenocsok\/\" target=\"_self\" class=\"mk-button js-smooth-scroll mk-button--dimension-double-outline mk-button--size-large mk-button--corner-full_rounded skin-light _ jupiter-donut-relative jupiter-donut-text-center jupiter-donut-font-weight-700 jupiter-donut-no-backface  jupiter-donut-letter-spacing-2 jupiter-donut-inline-block\"><span class=\"double-outline-inside\"><\/span><span class=\"mk-button--text\">\u041c\u0430\u0437\u0438 \/ \u043a\u0440\u0435\u043c\u044b<\/span><\/a>\n\n\t\n<\/div>\n<\/div><\/div><\/div><div class=\"wpb_column vc_column_container vc_col-sm-1\/5\"><div class=\"vc_column-inner\"><div class=\"wpb_wrapper\">\n<div id=\"mk-button-6\" class=\"mk-button-container _ jupiter-donut-relative    jupiter-donut-block jupiter-donut-text-center button-size-big\">\n\n\t\n\t\t<a href=\"\/ru\/vetom-mezpaszta\/\" target=\"_self\" class=\"mk-button js-smooth-scroll mk-button--dimension-double-outline mk-button--size-large mk-button--corner-full_rounded skin-light _ jupiter-donut-relative jupiter-donut-text-center jupiter-donut-font-weight-700 jupiter-donut-no-backface  jupiter-donut-letter-spacing-2 jupiter-donut-inline-block\"><span class=\"double-outline-inside\"><\/span><span class=\"mk-button--text\">\u041f\u0440\u043e\u0431\u0438\u043e\u0442\u0438\u0447\u0435\u0441\u043a\u0438\u0439 \u043c\u0435\u0434\u043e\u0432\u044b\u0439 \u043a\u0440\u0435\u043c<\/span><\/a>\n\n\t\n<\/div>\n<\/div><\/div><\/div>\t\t\t<\/div>\n\t<\/div>\n<\/div>\n\t<\/div>\n<div class=\"vc_row-full-width vc_clearfix\"><\/div>\n<\/div>","protected":false},"excerpt":{"rendered":"Vetom \u2013 Pezsg\u0151tabletta Probiotikum Vetomgin 8.21 pezsg\u0151tabletta 15 db (\u00e9trend-kieg\u00e9sz\u00edt\u0151 ) 2 988&nbsp;&#70;&#116; \u0412 \u043a\u043e\u0440\u0437\u0438\u043d\u0443 Kapszul\u00e1s kiszerel\u00e9s Cseppek Por kiszerel\u00e9s Ken\u0151cs\u00f6k \/ Kr\u00e9mek Probiotikus m\u00e9zkr\u00e9m","protected":false},"author":9,"featured_media":0,"parent":0,"menu_order":0,"comment_status":"closed","ping_status":"closed","template":"","meta":{"footnotes":""},"class_list":["post-2488","page","type-page","status-publish","hentry"],"_links":{"self":[{"href":"https:\/\/vetomshop.hu\/ru\/wp-json\/wp\/v2\/pages\/2488","targetHints":{"allow":["GET"]}}],"collection":[{"href":"https:\/\/vetomshop.hu\/ru\/wp-json\/wp\/v2\/pages"}],"about":[{"href":"https:\/\/vetomshop.hu\/ru\/wp-json\/wp\/v2\/types\/page"}],"author":[{"embeddable":true,"href":"https:\/\/vetomshop.hu\/ru\/wp-json\/wp\/v2\/users\/9"}],"replies":[{"embeddable":true,"href":"https:\/\/vetomshop.hu\/ru\/wp-json\/wp\/v2\/comments?post=2488"}],"version-history":[{"count":4,"href":"https:\/\/vetomshop.hu\/ru\/wp-json\/wp\/v2\/pages\/2488\/revisions"}],"predecessor-version":[{"id":7054,"href":"https:\/\/vetomshop.hu\/ru\/wp-json\/wp\/v2\/pages\/2488\/revisions\/7054"}],"wp:attachment":[{"href":"https:\/\/vetomshop.hu\/ru\/wp-json\/wp\/v2\/media?parent=2488"}],"curies":[{"name":"wp","href":"https:\/\/api.w.org\/{rel}","templated":true}]}}