{"id":29,"date":"2016-08-29T08:13:02","date_gmt":"2016-08-29T08:13:02","guid":{"rendered":"https:\/\/demos.artbees.net\/jupiter\/herse\/?page_id=29"},"modified":"2026-03-08T09:48:51","modified_gmt":"2026-03-08T08:48:51","slug":"probiotikum","status":"publish","type":"page","link":"https:\/\/vetomshop.hu\/ru\/","title":{"rendered":"\u0413\u043b\u0430\u0432\u043d\u0430\u044f \u0441\u0442\u0440\u0430\u043d\u0438\u0446\u0430"},"content":{"rendered":"<div class=\"wpb-content-wrapper\">\n<div  data-mk-stretch-content=\"true\" class=\"wpb_row vc_row vc_row-fluid jupiter-donut- mk-fullwidth-false  attched-false     js-master-row  mk-grid\">\n\t\t\t\t\n<div class=\"vc_col-sm-12 wpb_column column_container  jupiter-donut- _ jupiter-donut-height-full\">\n\t\n<div id=\"text-block-2\" class=\"mk-text-block  jupiter-donut- \">\n\n\t\n\t<p>[:hu]<\/p>\n\n\t<div class=\"clearboth\"><\/div>\n<\/div>\n\n<\/div>\n\t<\/div>\n\n<div  data-mk-stretch-content=\"true\" class=\"wpb_row vc_row vc_row-fluid jupiter-donut- mk-fullwidth-false  attched-false     js-master-row  mk-grid\">\n\t\t\t\t\n<div class=\"vc_col-sm-12 wpb_column column_container  jupiter-donut- _ jupiter-donut-height-full\">\n\t\n<div id=\"text-block-4\" class=\"mk-text-block  jupiter-donut- \">\n\n\t\n\t\n\t<div class=\"clearboth\"><\/div>\n<\/div>\n\n<\/div>\n\t<\/div>\n\n<div  data-mk-stretch-content=\"true\" class=\"wpb_row vc_row vc_row-fluid jupiter-donut- mk-fullwidth-false  attched-false     js-master-row  mk-grid\">\n\t\t\t\t\n<div class=\"vc_col-sm-12 wpb_column column_container  jupiter-donut- _ jupiter-donut-height-full\">\n\t<script type=\"text\/javascript\">jQuery(function() { _initLayerSlider( '#layerslider_15_15oq5aaz0hiby', {sliderVersion: '7.15.1', type: 'fullwidth', responsiveUnder: 1100, allowFullscreen: true, hideUnder: 0, hideOver: 100000, pauseOnHover: 'enabled', skin: 'v5', sliderFadeInDuration: 350, showCircleTimer: false, useSrcset: true, skinsPath: 'https:\/\/vetomshop.hu\/wp-content\/plugins\/LayerSlider\/assets\/static\/layerslider\/skins\/', performanceMode: true}); });<\/script><div id=\"layerslider_15_15oq5aaz0hiby\"  class=\"ls-wp-container fitvidsignore ls-selectable\" style=\"width:1920px;height:900px;margin:0 auto;margin-bottom: 0px;\"><div class=\"ls-slide\" data-ls=\"duration:4000;transition2d:46;\"><img loading=\"lazy\" decoding=\"async\" width=\"1600\" height=\"900\" src=\"https:\/\/vetomshop.hu\/wp-content\/uploads\/2020\/02\/vetom-shop-kezdolap.jpg\" class=\"ls-bg\" alt=\"\" srcset=\"https:\/\/vetomshop.hu\/wp-content\/uploads\/2020\/02\/vetom-shop-kezdolap.jpg 1600w, https:\/\/vetomshop.hu\/wp-content\/uploads\/2020\/02\/vetom-shop-kezdolap-300x169.jpg 300w, https:\/\/vetomshop.hu\/wp-content\/uploads\/2020\/02\/vetom-shop-kezdolap-768x432.jpg 768w, https:\/\/vetomshop.hu\/wp-content\/uploads\/2020\/02\/vetom-shop-kezdolap-1024x576.jpg 1024w, https:\/\/vetomshop.hu\/wp-content\/uploads\/2020\/02\/vetom-shop-kezdolap-600x338.jpg 600w\" sizes=\"auto, (max-width: 1600px) 100vw, 1600px\" itemprop=\"image\" \/><p style=\"font-family:lato;font-size:137px;line-height:121px;color:#ad8226;top:344px;left:715px;text-shadow:2px 2px 7px rgba(255, 255, 255, 0.78);\" class=\"ls-l ls-text-layer\" data-ls=\"offsetxin:100;easingin:easeOutCirc;offsetxout:-80;durationout:400;easingout:easeInCubic;parallaxlevel:0;\">VetoM<\/p><div style=\"font-style: italic;color:#ffffff;top:509px;left:649px;font-size:42px;text-align:center;width:544px;height:52px;text-shadow:2px 2px 8px rgba(0, 0, 0, 0.8);\" class=\"ls-l ls-text-layer\" data-ls=\"offsetxin:80;easingin:easeOutCirc;offsetxout:-80;durationout:400;parallaxlevel:0;\">Az eg\u00e9szs\u00e9g kulcsa!<br>\nA csal\u00e1d minden tagj\u00e1nak !<\/div><div style=\"font-style: italic;color:#ffffff;top:260px;left:635px;font-size:44px;text-align:center;width:571px;height:55px;text-shadow:2px 2px 8px rgba(0, 0, 0, 0.8);\" class=\"ls-l ls-text-layer\" data-ls=\"offsetxin:80;easingin:easeOutCirc;offsetxout:-80;durationout:400;parallaxlevel:0;\">Egyenesen a gy\u00e1rb\u00f3l!<\/div><\/div><\/div>\n\t<div class=\"wpb_raw_code wpb_raw_html wpb_content_element dystry\" >\n\t\t<div class=\"wpb_wrapper\">\n\t\t\tCemmedic Europe Kft <br>\n<b>International Distributor <br>of the Vetom Brand<\/b>\n\t\t<\/div>\n\t<\/div>\n\n\t<div class=\"wpb_raw_code wpb_raw_html wpb_content_element dystry\" >\n\t\t<div class=\"wpb_wrapper\">\n\t\t\t\n\t\t<\/div>\n\t<\/div>\n\n\t<div class=\"wpb_raw_code wpb_raw_html wpb_content_element\" >\n\t\t<div class=\"wpb_wrapper\">\n\t\t\t\n\t\t<\/div>\n\t<\/div>\n<\/div>\n\t<\/div>\n\n<div  data-mk-full-width=\"true\" data-mk-full-width-init=\"false\" data-mk-stretch-content=\"true\" class=\"wpb_row vc_row vc_row-fluid jupiter-donut- mk-fullwidth-true  attched-false     js-master-row  mk-full-content-true\">\n\t\t\t\t\n<div class=\"vc_col-sm-12 wpb_column column_container  jupiter-donut- _ jupiter-donut-height-full\">\n\t<div id=\"divider-7\" class=\"mk-divider  jupiter-donut-   divider_full_width center thin_solid  \">\n\n\t\t\t<div class=\"divider-inner\"><\/div>\n\t\n<\/div>\n<div class=\"clearboth\"><\/div>\n<\/div>\n\t<\/div>\n<div class=\"vc_row-full-width vc_clearfix\"><\/div>\n<div  data-mk-full-width=\"true\" data-mk-full-width-init=\"false\" data-mk-stretch-content=\"true\" class=\"wpb_row vc_row vc_row-fluid jupiter-donut- mk-fullwidth-true  attched-false     js-master-row  mk-full-content-true\">\n\t\t\t\t\n<div class=\"vc_col-sm-12 wpb_column column_container  jupiter-donut- _ jupiter-donut-height-full\">\n\t<div id=\"divider-9\" class=\"mk-divider  jupiter-donut-   divider_full_width center thin_solid  \">\n\n\t\t\t<div class=\"divider-inner\"><\/div>\n\t\n<\/div>\n<div class=\"clearboth\"><\/div>\n<\/div>\n\t<\/div>\n<div class=\"vc_row-full-width vc_clearfix\"><\/div>\n<div  data-mk-full-width=\"true\" data-mk-full-width-init=\"false\" data-mk-stretch-content=\"true\" class=\"wpb_row vc_row vc_row-fluid jupiter-donut- mk-fullwidth-true  attched-false    vc_custom_1712233755091  equal-columns js-master-row  mk-full-content-true\">\n\t\t\t\t\n<div class=\"vc_col-sm-4 wpb_column column_container  jupiter-donut- _ jupiter-donut-height-full\">\n\t<div  class=\"mk-image mk-image-11 jupiter-donut-  mk-image-lazyload align-center simple-frame inside-image \" style=\"margin-bottom:20px\"><div class=\"mk-image-container\" style=\"max-width: 567px;\"><div  class=\"mk-image-holder\" style=\"max-width: 567px;\"><div class=\"mk-image-inner  \"><img loading=\"lazy\" decoding=\"async\" class=\"lightbox-false\" alt=\"vetom-home-2\" title=\"vetom-home-2\" width=\"567\" height=\"311\" src=\"https:\/\/vetomshop.hu\/wp-content\/uploads\/2024\/04\/vetom-home-2.jpg\" \/><\/div><\/div><div class=\"clearboth\"><\/div><\/div><\/div>\t<div class=\" vc_custom_1712233918289\">\n\n<div id=\"text-block-12\" class=\"mk-text-block  jupiter-donut- \">\n\n\t\n\t<p>V\u00edruskutat\u00f3- \u00e9s Biotechnikai kutat\u00f3k\u00f6zpont majd Tudom\u00e1nyos-gy\u00e1rt\u00f3 c\u00e9g \u00abKUTAT\u00d3K\u00d6ZPONT\u00bb t\u00f6bb mint 25 \u00e9vvel ezel\u0151tt alakult a Vil\u00e1g legjelent\u0151sebb v\u00edruskutat\u00f3-\u00e9s biotechnol\u00f3giai tudom\u00e1nyos K\u00f6zpontja, a \u201eVektor\u201d b\u00e1zis\u00e1n, mely a tudom\u00e1ny \u00e1ltal ismert \u00f6sszes v\u00edrusb\u00f3l, bakt\u00e9riumb\u00f3l \u00e9s mikrob\u00e1b\u00f3l \u00e1ll\u00f3 gy\u0171jtem\u00e9nyt tartalmazza, \u00e9s ahol egyedi tudom\u00e1nyos \u00e9s alkalmazott kutat\u00e1sokat v\u00e9geznek a mikrobiol\u00f3giai k\u00fcl\u00f6nb\u00f6z\u0151 ter\u00fcletein. A \u201eVektor\u201d-t a SZU M\u0171vel\u0151d\u00e9si Miniszt\u00e9riuma \u00e9s mikrobiol\u00f3giai ipari \u00c1llami Fel\u00fcgyelet rendelet\u00e9re alap\u00edtott\u00e1k.<\/p>\n\n\t<div class=\"clearboth\"><\/div>\n<\/div>\n\n\t<\/div>\n<\/div>\n\n<div class=\"vc_col-sm-4 wpb_column column_container  jupiter-donut- _ jupiter-donut-height-full\">\n\t<div  class=\"mk-image mk-image-14 jupiter-donut-  mk-image-lazyload align-center simple-frame inside-image \" style=\"margin-bottom:20px\"><div class=\"mk-image-container\" style=\"max-width: 567px;\"><div  class=\"mk-image-holder\" style=\"max-width: 567px;\"><div class=\"mk-image-inner  \"><img loading=\"lazy\" decoding=\"async\" class=\"lightbox-false\" alt=\"vetom-home-3\" title=\"vetom-home-3\" width=\"567\" height=\"311\" src=\"https:\/\/vetomshop.hu\/wp-content\/uploads\/2024\/04\/vetom-home-3.jpg\" \/><\/div><\/div><div class=\"clearboth\"><\/div><\/div><\/div>\t<div class=\" vc_custom_1712227020179\">\n\n<div id=\"text-block-15\" class=\"mk-text-block  jupiter-donut- \">\n\n\t\n\t<p>Egyik fontos tev\u00e9kenys\u00e9gi k\u00f6re univerz\u00e1lis k\u00e9sz\u00edtm\u00e9nyek kidolgoz\u00e1sa volt , melyek megv\u00e9dik a lakoss\u00e1got \u00e9s a t\u00e9nyleges katonai szolg\u00e1latot teljes\u00edt\u0151ket ismeretlen bakteriol\u00f3giai fegyverek bevet\u00e9se, bakteriol\u00f3giai h\u00e1bor\u00fa \u00e9s egy\u00e9b biog\u00e9n katasztr\u00f3f\u00e1k eset\u00e9n. A tud\u00f3soknak siker\u00fclt kidolgozniuk egy olyan k\u00e9sz\u00edtm\u00e9nyt, melynek akt\u00edv forr\u00e1sa a Bacillus subtilis VKPM B-7092 \u00e9s egy\u00e9b bakt\u00e9riumok voltak. Vezet\u0151 tud\u00f3saink t\u00f6bb mint 30 \u00e9vig sikeresen jav\u00edtott\u00e1k k\u00e9sz\u00edtm\u00e9nyeink hat\u00e1smechanizmus\u00e1t k\u00e9pez\u0151 a t\u00f6rzsek tulajdons\u00e1gait.<\/p>\n\n\t<div class=\"clearboth\"><\/div>\n<\/div>\n\n\t<\/div>\n<\/div>\n\n<div class=\"vc_col-sm-4 wpb_column column_container  jupiter-donut- _ jupiter-donut-height-full\">\n\t<div  class=\"mk-image mk-image-17 jupiter-donut-  mk-image-lazyload align-center simple-frame inside-image \" style=\"margin-bottom:20px\"><div class=\"mk-image-container\" style=\"max-width: 567px;\"><div  class=\"mk-image-holder\" style=\"max-width: 567px;\"><div class=\"mk-image-inner  \"><img loading=\"lazy\" decoding=\"async\" class=\"lightbox-false\" alt=\"vetom-home-1\" title=\"vetom-home-1\" width=\"567\" height=\"311\" src=\"https:\/\/vetomshop.hu\/wp-content\/uploads\/2024\/04\/vetom-home-1.jpg\" \/><\/div><\/div><div class=\"clearboth\"><\/div><\/div><\/div>\t<div class=\" vc_custom_1712227038062\">\n\n<div id=\"text-block-18\" class=\"mk-text-block  jupiter-donut- \">\n\n\t\n\t<p>Jelenleg a \u201eTudom\u00e1nyos k\u00f6zpont\u201d k\u00e9sz\u00edtm\u00e9nyei egyedi tulajdons\u00e1gokkal b\u00edr\u00f3, \u00faj gener\u00e1ci\u00f3s probiotikumok. J\u00f3l k\u00e9pzett kutat\u00f3k, laborat\u00f3riumi, technikai szem\u00e9lyzet \u00e9s szakemberek dolgoznak a fejleszt\u00e9s \u00e9s a biol\u00f3giai technol\u00f3gia felhaszn\u00e1l\u00e1sa \u00e9rdek\u00e9ben, mely nemcsak az emberek, hanem a mez\u0151gazdas\u00e1gi n\u00f6v\u00e9nyek \u00f6kol\u00f3giai v\u00e9delm\u00e9t, a talaj rehabilit\u00e1ci\u00f3j\u00e1t \u00e9s az \u00e1llateg\u00e9szs\u00e9g\u00fcgyet szolg\u00e1lj\u00e1k. A t\u00e1rsas\u00e1g akkredit\u00e1lt mikrobil\u00f3giai laborat\u00f3riummal \u00e9s t\u00f6bb mint 60 szabadalommal rendelkezik, bele\u00e9rtve nemzetk\u00f6zieket is.<\/p>\n\n\t<div class=\"clearboth\"><\/div>\n<\/div>\n\n\t<\/div>\n<\/div>\n\t<\/div>\n<div class=\"vc_row-full-width vc_clearfix\"><\/div>\n<div  data-mk-full-width=\"true\" data-mk-full-width-init=\"false\" data-mk-stretch-content=\"true\" class=\"wpb_row vc_row vc_row-fluid jupiter-donut- mk-fullwidth-true  attched-false    vc_custom_1712233744788  equal-columns js-master-row vc_hidden-lg vc_hidden-xs vc_hidden-sm vc_hidden-md mk-full-content-true\">\n\t\t\t\t\n<div class=\"vc_col-sm-4 wpb_column column_container  jupiter-donut- _ jupiter-donut-height-full\">\n\t<div class=\"vc-hoverbox-wrapper  vc-hoverbox-shape--rounded vc-hoverbox-align--center vc-hoverbox-direction--default vc-hoverbox-width--100\"  ontouchstart=\"\">\n  <div class=\"vc-hoverbox\">\n    <div class=\"vc-hoverbox-inner\">\n      <div class=\"vc-hoverbox-block vc-hoverbox-front\" style=\"background-image: url(https:\/\/vetomshop.hu\/wp-content\/uploads\/2024\/04\/vetom-home-2-1024x1024.jpg);\">\n        <div class=\"vc-hoverbox-block-inner vc-hoverbox-front-inner\">\n            <h2 style=\"text-align:center\">Vetom probiotikumok<\/h2>\n        <\/div>\n      <\/div>\n      <div class=\"vc-hoverbox-block vc-hoverbox-back\" style=\"background-color: #ebebeb;\">\n        <div class=\"vc-hoverbox-block-inner vc-hoverbox-back-inner\">\n            <h2 style=\"text-align:center\">Vetom probiotikumok<\/h2>\n            <p>V\u00edruskutat\u00f3- \u00e9s Biotechnikai kutat\u00f3k\u00f6zpont majd Tudom\u00e1nyos-gy\u00e1rt\u00f3 c\u00e9g <strong>\u00abKUTAT\u00d3K\u00d6ZPONT\u00bb<\/strong> t\u00f6bb mint 25 \u00e9vvel ezel\u0151tt alakult a Vil\u00e1g legjelent\u0151sebb v\u00edruskutat\u00f3-\u00e9s biotechnol\u00f3giai tudom\u00e1nyos K\u00f6zpontja, a \u201eVektor\u201d b\u00e1zis\u00e1n, mely a tudom\u00e1ny \u00e1ltal ismert v\u00edrusb\u00f3l, bakt\u00e9riumb\u00f3l \u00e9s mikrob\u00e1b\u00f3l \u00e1ll\u00f3 gy\u0171jtem\u00e9nyt tartalmazza, \u00e9s ahol egyedi tudom\u00e1nyos \u00e9s alkalmazott kutat\u00e1sokat v\u00e9geznek a mikrobiol\u00f3giai k\u00fcl\u00f6nb\u00f6z\u0151 ter\u00fcletein. A \u201eVektor\u201d-t a SZU M\u0171vel\u0151d\u00e9si Miniszt\u00e9riuma \u00e9s mikrobiol\u00f3giai ipari \u00c1llami Fel\u00fcgyelet rendelet\u00e9re alap\u00edtott\u00e1k.<\/p>\n\n            \n        <\/div>\n      <\/div>\n    <\/div>\n  <\/div>\n<\/div><\/div>\n\n<div class=\"vc_col-sm-4 wpb_column column_container  jupiter-donut- _ jupiter-donut-height-full\">\n\t<div class=\"vc-hoverbox-wrapper  vc-hoverbox-shape--rounded vc-hoverbox-align--center vc-hoverbox-direction--default vc-hoverbox-width--100\"  ontouchstart=\"\">\n  <div class=\"vc-hoverbox\">\n    <div class=\"vc-hoverbox-inner\">\n      <div class=\"vc-hoverbox-block vc-hoverbox-front\" style=\"background-image: url(https:\/\/vetomshop.hu\/wp-content\/uploads\/2024\/04\/vetom-home-3-1024x1024.jpg);\">\n        <div class=\"vc-hoverbox-block-inner vc-hoverbox-front-inner\">\n            <h2 style=\"text-align:center\">Vetom probiotikumok<\/h2>\n        <\/div>\n      <\/div>\n      <div class=\"vc-hoverbox-block vc-hoverbox-back\" style=\"background-color: #ebebeb;\">\n        <div class=\"vc-hoverbox-block-inner vc-hoverbox-back-inner\">\n            <h2 style=\"text-align:center\">Vetom probiotikumok<\/h2>\n            <p>Egyik fontos tev\u00e9kenys\u00e9gi k\u00f6re univerz\u00e1lis k\u00e9sz\u00edtm\u00e9nyek kidolgoz\u00e1sa volt , melyek megv\u00e9dik a lakoss\u00e1got \u00e9s a t\u00e9nyleges katonai szolg\u00e1latot teljes\u00edt\u0151ket ismeretlen bakteriol\u00f3giai fegyverek bevet\u00e9se, bakteriol\u00f3giai h\u00e1bor\u00fa \u00e9s egy\u00e9b biog\u00e9n katasztr\u00f3f\u00e1k eset\u00e9n. A tud\u00f3soknak siker\u00fclt kidolgozniuk egy olyan k\u00e9sz\u00edtm\u00e9nyt, melynek akt\u00edv forr\u00e1sa a <strong>Bacillus subtilis<\/strong> VKPM B-7092 \u00e9s egy\u00e9b bakt\u00e9riumok voltak. Vezet\u0151 tud\u00f3saink t\u00f6bb mint 30 \u00e9vig sikeresen jav\u00edtott\u00e1k k\u00e9sz\u00edtm\u00e9nyeink hat\u00e1smechanizmus\u00e1t k\u00e9pez\u0151 a t\u00f6rzsek tulajdons\u00e1gait.<\/p>\n\n            \n        <\/div>\n      <\/div>\n    <\/div>\n  <\/div>\n<\/div><\/div>\n\n<div class=\"vc_col-sm-4 wpb_column column_container  jupiter-donut- _ jupiter-donut-height-full\">\n\t<div class=\"vc-hoverbox-wrapper  vc-hoverbox-shape--rounded vc-hoverbox-align--center vc-hoverbox-direction--default vc-hoverbox-width--100\"  ontouchstart=\"\">\n  <div class=\"vc-hoverbox\">\n    <div class=\"vc-hoverbox-inner\">\n      <div class=\"vc-hoverbox-block vc-hoverbox-front\" style=\"background-image: url(https:\/\/vetomshop.hu\/wp-content\/uploads\/2024\/04\/vetom-home-1-1024x1024.jpg);\">\n        <div class=\"vc-hoverbox-block-inner vc-hoverbox-front-inner\">\n            <h2 style=\"text-align:center\">Vetom probiotikumok<\/h2>\n        <\/div>\n      <\/div>\n      <div class=\"vc-hoverbox-block vc-hoverbox-back\" style=\"background-color: #ebebeb;\">\n        <div class=\"vc-hoverbox-block-inner vc-hoverbox-back-inner\">\n            <h2 style=\"text-align:center\">Vetom probiotikumok<\/h2>\n            <p>Jelenleg a \u201eTudom\u00e1nyos k\u00f6zpont\u201d forradalmi k\u00e9sz\u00edtm\u00e9nyei egyedi tulajdons\u00e1gokkal b\u00edr\u00f3, \u00faj gener\u00e1ci\u00f3s probiotikumok. J\u00f3l k\u00e9pzett kutat\u00f3k, laborat\u00f3riumi, technikai szem\u00e9lyzet \u00e9s szakemberek dolgoznak a fejleszt\u00e9s \u00e9s a biol\u00f3giai technol\u00f3gia felhaszn\u00e1l\u00e1sa \u00e9rdek\u00e9ben, mely nemcsak az emberek, hanem a mez\u0151gazdas\u00e1gi n\u00f6v\u00e9nyek \u00f6kol\u00f3giai v\u00e9delm\u00e9t, a talaj rehabilit\u00e1ci\u00f3j\u00e1t \u00e9s az \u00e1llateg\u00e9szs\u00e9g\u00fcgyet szolg\u00e1lj\u00e1k. A t\u00e1rsas\u00e1g akkredit\u00e1lt mikrobil\u00f3giai laborat\u00f3riummal \u00e9s t\u00f6bb mint 60 szabadalommal rendelkezik, bele\u00e9rtve nemzetk\u00f6zieket is.<\/p>\n\n            \n        <\/div>\n      <\/div>\n    <\/div>\n  <\/div>\n<\/div><\/div>\n\t<\/div>\n<div class=\"vc_row-full-width vc_clearfix\"><\/div>\n<div  data-mk-stretch-content=\"true\" class=\"wpb_row vc_row vc_row-fluid jupiter-donut- mk-fullwidth-false  attched-false     js-master-row  mk-grid\">\n\t\t\t\t\n<div class=\"vc_col-sm-12 wpb_column column_container  jupiter-donut- _ jupiter-donut-height-full\">\n\t\n<div id=\"padding-23\" class=\"mk-padding-divider jupiter-donut-  jupiter-donut-clearfix\"><\/div>\n\n<\/div>\n\t<\/div>\n\n<div  data-mk-stretch-content=\"true\" class=\"wpb_row vc_row vc_row-fluid jupiter-donut- mk-fullwidth-false  attched-false     js-master-row  mk-grid\">\n\t\t\t\t\n<div class=\"vc_col-sm-12 wpb_column column_container  jupiter-donut- _ jupiter-donut-height-full\">\n\t<div  class=\"mk-image mk-image-25 jupiter-donut-  mk-image-lazyload align-center simple-frame inside-image \" style=\"margin-bottom:20px\"><div class=\"mk-image-container\" style=\"max-width: 850px;\"><div  class=\"mk-image-holder\" style=\"max-width: 850px;\"><div class=\"mk-image-inner  \"><img loading=\"lazy\" decoding=\"async\" class=\"lightbox-false\" alt=\"biology-lab-equipment\" title=\"biology-lab-equipment\" width=\"850\" height=\"309\" src=\"https:\/\/vetomshop.hu\/wp-content\/uploads\/2024\/04\/biology-lab-equipment.jpg\" \/><\/div><\/div><div class=\"clearboth\"><\/div><\/div><\/div><\/div>\n\t<\/div>\n\n<div  data-mk-stretch-content=\"true\" class=\"wpb_row vc_row vc_row-fluid jupiter-donut- mk-fullwidth-false  attched-false     js-master-row  mk-grid\">\n\t\t\t\t\n<div class=\"vc_col-sm-12 wpb_column column_container  jupiter-donut- _ jupiter-donut-height-full\">\n\t\n<div id=\"padding-27\" class=\"mk-padding-divider jupiter-donut-  jupiter-donut-clearfix\"><\/div>\n\n\n<h2 id=\"fancy-title-28\" class=\"mk-fancy-title  simple-style jupiter-donut-  color-single\">\n\t<span>\n\t\t\t\t<p>V\u00e9lem\u00e9nyek<\/p>\n\t\t\t<\/span>\n<\/h2>\n<div class=\"clearboth\"><\/div>\n\n\n\n\n<div class=\"mk-testimonial mk-script-call mk-flexslider js-flexslider avantgarde-style dark-version   jupiter-donut-clearfix\" id=\"testimonial_29\" data-isCarousel=\"false\" data-animation=\"fade\" data-easing=\"swing\" data-direction=\"horizontal\" data-smoothHeight=\"false\" data-pauseOnHover=\"true\" data-animationSpeed=\"500\" data-slideshowSpeed=\"7000\" data-controlNav=\"false\" data-directionNav=\"true\">\n\t\t<ul class=\"mk-flex-slides\">\n\t\t<li class=\" testimonial-item\">\n\t<div class=\"mk-testimonial-content\">\n\t\t<p class=\"mk-testimonial-quote\">Hasi m\u0171t\u00e9t el\u0151tt t\u00farb\u00f3ztam fel magam ezzel a kit\u0171n\u0151 k\u00e9sz\u00edtm\u00e9nnyel. Egy szem gy\u00f3gyszer n\u00e9lk\u00fcl csin\u00e1ltam v\u00e9gig, szuper gyors sebgy\u00f3gyul\u00e1s, minim\u00e1lis f\u00e1jdalom, \u00e9s m\u00e9g csak meg sem f\u00e1ztam k\u00f6zben pedig j\u00e1rv\u00e1ny is volt. Mindenkinek csak aj\u00e1nlani tudom.\r\n\r\n<strong>Oszt\u00e1lyzat: *****<\/strong>\u00a0\u00a0[5 csillagb\u00f3l 5!]<\/p>\t<\/div>\n\t<span class=\"mk-testimonial-author\">S. T.<\/span>\t\t\t\t<span class=\"mk-testimonial-company\">Vetom 1.1 probiotikum <\/span>\n\t<\/li><li class=\" testimonial-item\">\n\t<div class=\"mk-testimonial-content\">\n\t\t<p class=\"mk-testimonial-quote\">Nagyszer\u0171 term\u00e9k! \u00c9vek \u00f3ta kerestem azt ami seg\u00edthetne rajtam. \u00c9n voltam az az ember akit ha kicsit is megf\u00fajt a sz\u00e9l r\u00f6gt\u00f6n megf\u00e1ztam. Sok mindent kipr\u00f3b\u00e1ltam, de egyed\u00fcl a Vetom 1.1 az ami t\u00e9nyleg seg\u00edtett. Teljesen rendbe hozta az immunrendszerem-!\r\n\r\n<strong>Oszt\u00e1lyzat: *****<\/strong>\u00a0\u00a0[5 csillagb\u00f3l 5!]<\/p>\t<\/div>\n\t<span class=\"mk-testimonial-author\">M. Cs.<\/span>\t\t\t\t<span class=\"mk-testimonial-company\">Vetom 1.1  (50 kapszula)<\/span>\n\t<\/li><li class=\" testimonial-item\">\n\t<div class=\"mk-testimonial-content\">\n\t\t<p class=\"mk-testimonial-quote\">A Feles\u00e9gem 2016 \u00f3ta szedi a vetomot. Egy s\u00falyos orvosi m\u0171hiba k\u00f6vetkezm\u00e9nye-, hogy ma 30 cm-es vastagb\u00e9llel \u00e9l. Ennek k\u00f6vetkezm\u00e9nye az \u00e1lland\u00f3 em\u00e9szt\u00e9si zavarok, rossz felsz\u00edv\u00f3d\u00e1s -hasmen\u00e9s ...stb - sz\u00e1m\u00e1ra n\u00e9ha \u00e9letment\u0151 a vetom. Volt \u00e1zsi\u00e1ban ahol fert\u0151z\u00e9st kapott k\u00f3rh\u00e1zba ker\u00fclt. A vetom seg\u00edtett ott is nem az orvosok. Most megy afrik\u00e1ba 2 h\u00f3napra egy \u00f6nk\u00e9ntes munk\u00e1ra, 4 doboz vetomot visz mag\u00e1val azzal b\u00e1rmit t\u00fal lehet \u00e9lni. Mi nagyon hisz\u00fcnk a vetomban saj\u00e1t tapasztalat miatt. T\u00f6bb ismer\u0151snek aj\u00e1nlottam m\u00e1r pl. a bar\u00e1tomnak akinek kilyukadt a vastagbele \u00e9s majdnem meghalt. Ami\u00f3tta a vetomot szedi teljesen j\u00f3l van \u00e9s \u00e9li a stresszes \u00e9let\u00e9t tov\u00e1bbra is. Sajnos nem el\u00e9g a hely, hogy elmondjak mindent de t\u00e9nyleg egy csodaszer.\r\n\r\n<strong>Oszt\u00e1lyzat:<\/strong>\u00a0 ***** [5 csillagb\u00f3l 5!]<\/p>\t<\/div>\n\t<span class=\"mk-testimonial-author\">D. Cs.<\/span>\t\t\t\t<span class=\"mk-testimonial-company\">Vetom 4<\/span>\n\t<\/li><li class=\" testimonial-item\">\n\t<div class=\"mk-testimonial-content\">\n\t\t<p class=\"mk-testimonial-quote\">Hell\u00f3. Nagyszer\u0171 term\u00e9k,amit mindenkinek csak aj\u00e1nlani tudom. M\u00e1r az eg\u00e9sz csal\u00e1dom fogyasztja \u00e9s a min\u0151s\u00e9ge kit\u0171n\u0151.\r\n\r\n<strong>Oszt\u00e1lyzat:<\/strong> ***** [5 csillagb\u00f3l 5!]<\/p>\t<\/div>\n\t<span class=\"mk-testimonial-author\">K. A.<\/span>\t\t\t\t<span class=\"mk-testimonial-company\">Vetom 1.1 (50 kapszula)<\/span>\n\t<\/li>\t<\/ul>\n\t<div class=\"clearboth\"><\/div>\n<\/div>\n<\/div>\n\t<\/div>\n\n<\/div>","protected":false},"excerpt":{"rendered":"","protected":false},"author":2,"featured_media":5260,"parent":0,"menu_order":0,"comment_status":"closed","ping_status":"closed","template":"","meta":{"footnotes":""},"class_list":["post-29","page","type-page","status-publish","has-post-thumbnail","hentry"],"_links":{"self":[{"href":"https:\/\/vetomshop.hu\/ru\/wp-json\/wp\/v2\/pages\/29","targetHints":{"allow":["GET"]}}],"collection":[{"href":"https:\/\/vetomshop.hu\/ru\/wp-json\/wp\/v2\/pages"}],"about":[{"href":"https:\/\/vetomshop.hu\/ru\/wp-json\/wp\/v2\/types\/page"}],"author":[{"embeddable":true,"href":"https:\/\/vetomshop.hu\/ru\/wp-json\/wp\/v2\/users\/2"}],"replies":[{"embeddable":true,"href":"https:\/\/vetomshop.hu\/ru\/wp-json\/wp\/v2\/comments?post=29"}],"version-history":[{"count":38,"href":"https:\/\/vetomshop.hu\/ru\/wp-json\/wp\/v2\/pages\/29\/revisions"}],"predecessor-version":[{"id":7599,"href":"https:\/\/vetomshop.hu\/ru\/wp-json\/wp\/v2\/pages\/29\/revisions\/7599"}],"wp:featuredmedia":[{"embeddable":true,"href":"https:\/\/vetomshop.hu\/ru\/wp-json\/wp\/v2\/media\/5260"}],"wp:attachment":[{"href":"https:\/\/vetomshop.hu\/ru\/wp-json\/wp\/v2\/media?parent=29"}],"curies":[{"name":"wp","href":"https:\/\/api.w.org\/{rel}","templated":true}]}}