{"id":315,"date":"2018-03-26T06:53:43","date_gmt":"2018-03-26T06:53:43","guid":{"rendered":"https:\/\/demos.artbees.net\/jupiter\/herse\/cart\/"},"modified":"2024-03-06T15:56:20","modified_gmt":"2024-03-06T14:56:20","slug":"kosar","status":"publish","type":"page","link":"https:\/\/vetomshop.hu\/ru\/kosar\/","title":{"rendered":"\u041a\u043e\u0440\u0437\u0438\u043d\u0430"},"content":{"rendered":"<div class=\"su-spoiler su-spoiler-style-fancy su-spoiler-icon-chevron su-spoiler-closed\" data-scroll-offset=\"0\" data-anchor-in-url=\"no\"><div class=\"su-spoiler-title\" tabindex=\"0\" role=\"button\"><span class=\"su-spoiler-icon\"><\/span> \u0414\u043e\u0441\u0442\u0430\u0432\u043a\u0430 \u0438 \u043e\u043f\u043b\u0430\u0442\u0430<\/div><div class=\"su-spoiler-content su-u-clearfix su-u-trim\">\n<h2>\u041b\u0438\u0447\u043d\u0430\u044f \u0440\u0430\u0441\u043f\u0438\u0441\u043a\u0430<\/h2>\n<p style=\"padding-left: 40px;\">8112, \u0416\u0438\u0447\u044e\u0439\u0444\u0430\u043b\u0443, \u041a\u0430\u0441\u0442\u0435\u043b\u0438\u043a\u0435\u0440\u0442 1<\/p>\n<p style=\"padding-left: 40px;\">\u0412\u0440\u0435\u043c\u044f \u0434\u043b\u044f \u043b\u0438\u0447\u043d\u043e\u0433\u043e \u0441\u0431\u043e\u0440\u0430: \u0442\u043e\u043b\u044c\u043a\u043e \u043f\u043e \u043f\u0440\u0435\u0434\u0432\u0430\u0440\u0438\u0442\u0435\u043b\u044c\u043d\u043e\u0439 \u0437\u0430\u043f\u0438\u0441\u0438 \u043f\u043e \u0441\u043b\u0435\u0434\u0443\u044e\u0449\u0438\u043c \u043a\u043e\u043d\u0442\u0430\u043a\u0442\u043d\u044b\u043c \u0434\u0430\u043d\u043d\u044b\u043c<\/p>\n<ul>\n<li style=\"list-style-type: none;\">\n<ul>\n<li><strong>\u0422\u0435\u043b\u0435\u0444\u043e\u043d<\/strong>:\u00a0<a href=\"http:\/\/Tel:+36305573846\" target=\"_blank\" rel=\"noopener noreferrer nofollow\">+36305573846<\/a> \u0422\u0430\u043c\u0430\u0448 \u041f\u0430\u043f<\/li>\n<li><strong>Email-1<\/strong>: i<a href=\"mailto:infoshop.vetom.magyarorszag@gmail.com\" target=\"_blank\" rel=\"noopener\">nfoshop.vetom.magyarorszag@<wbr \/>gmail.com<\/a><\/li>\n<li><strong>\u042d\u043b\u0435\u043a\u0442\u0440\u043e\u043d\u043d\u0430\u044f \u043f\u043e\u0447\u0442\u0430 2<\/strong>:\u00a0 <a href=\"mailto:vetomshop.hu@gmail.com\" target=\"_blank\" rel=\"noopener\">vetomshop.hu@gmail.com<\/a><\/li>\n<li>\u0438\u043b\u0438 \u0443 \u043d\u0430\u0448\u0438\u0445 \u043f\u0430\u0440\u0442\u043d\u0435\u0440\u043e\u0432 \u043f\u043e \u0432\u0441\u0435\u0439 \u0441\u0442\u0440\u0430\u043d\u0435, \u043a\u043e\u043d\u0442\u0430\u043a\u0442\u043d\u0443\u044e \u0438\u043d\u0444\u043e\u0440\u043c\u0430\u0446\u0438\u044e \u043a\u043e\u0442\u043e\u0440\u044b\u0445 \u043c\u043e\u0436\u043d\u043e \u043d\u0430\u0439\u0442\u0438 \u043d\u0430 \u043d\u0430\u0448\u0435\u043c \u0441\u0430\u0439\u0442\u0435<\/li>\n<\/ul>\n<\/li>\n<\/ul>\n<h2><span style=\"color: #ff0000;\">\u0414\u043e\u0441\u0442\u0430\u0432\u043a\u0430:<\/span><\/h2>\n<p>\u0412 \u043d\u0430\u0448\u0435\u043c \u043c\u0430\u0433\u0430\u0437\u0438\u043d\u0435 \u0432\u044b \u043c\u043e\u0436\u0435\u0442\u0435 \u0432\u044b\u0431\u0440\u0430\u0442\u044c \u043e\u0434\u0438\u043d \u0438\u0437 \u0441\u043b\u0435\u0434\u0443\u044e\u0449\u0438\u0445 \u0432\u0430\u0440\u0438\u0430\u043d\u0442\u043e\u0432 \u0434\u043e\u0441\u0442\u0430\u0432\u043a\u0438 \u0438 \u043e\u043f\u043b\u0430\u0442\u044b:<\/p>\n<p style=\"padding-left: 40px;\"><span style=\"color: #339966;\"><strong>\u041a\u0443\u0440\u044c\u0435\u0440\u0441\u043a\u0430\u044f \u0441\u043b\u0443\u0436\u0431\u0430 GLS<\/strong><\/span> \u0438 <span style=\"color: #339966;\"><strong>\u041f\u043e\u0441\u044b\u043b\u043e\u0447\u043d\u044b\u0439 \u0430\u0432\u0442\u043e\u043c\u0430\u0442 Foxpost<\/strong><\/span><\/p>\n<p style=\"padding-left: 40px;\"><em><strong>30.000<\/strong> \u0411\u0435\u0441\u043f\u043b\u0430\u0442\u043d\u0430\u044f \u0434\u043e\u0441\u0442\u0430\u0432\u043a\u0430 \u043f\u0440\u0438 \u0441\u0443\u043c\u043c\u0435 \u0437\u0430\u043a\u0430\u0437\u0430 \u0441\u0432\u044b\u0448\u0435 \u0444\u043e\u0440\u0438\u043d\u0442\u043e\u0432!<\/em><\/p>\n<h2><span style=\"color: #008000;\">\u041a\u0443\u0440\u044c\u0435\u0440\u0441\u043a\u0430\u044f \u0441\u043b\u0443\u0436\u0431\u0430 GLS:<\/span><\/h2>\n<p>\u0417\u0430\u043a\u0430\u0437\u044b GLS ParcelPoint \u043c\u043e\u0436\u043d\u043e \u043e\u043f\u043b\u0430\u0442\u0438\u0442\u044c \u043d\u0430\u043b\u0438\u0447\u043d\u044b\u043c\u0438 \u0438\u043b\u0438 \u043a\u0440\u0435\u0434\u0438\u0442\u043d\u043e\u0439 \u043a\u0430\u0440\u0442\u043e\u0439 \u0432 \u043d\u0435\u043a\u043e\u0442\u043e\u0440\u044b\u0445 \u043f\u0443\u043d\u043a\u0442\u0430\u0445 (\u0443\u0442\u043e\u0447\u043d\u044f\u0439\u0442\u0435 \u0432 \u043f\u0443\u043d\u043a\u0442\u0435 \u0432\u044b\u0434\u0430\u0447\u0438 \u043f\u043e\u0441\u044b\u043b\u043e\u043a \u0437\u0430\u0440\u0430\u043d\u0435\u0435) <b>\u0415\u0441\u043b\u0438 \u0432\u044b \u0437\u0430\u043f\u0440\u0430\u0448\u0438\u0432\u0430\u0435\u0442\u0435 \u0434\u043e\u0441\u0442\u0430\u0432\u043a\u0443 \u0432 GLS ParcelService \u0438\u043b\u0438 GLS ParcelPoint, \u0432 \u043f\u043e\u043b\u0435 \"\u0410\u0434\u0440\u0435\u0441 \u0434\u043e\u0441\u0442\u0430\u0432\u043a\u0438\" \u043d\u0435\u043e\u0431\u0445\u043e\u0434\u0438\u043c\u043e \u0443\u043a\u0430\u0437\u0430\u0442\u044c \u0430\u0434\u0440\u0435\u0441 \u043f\u043e\u0441\u044b\u043b\u043e\u0447\u043d\u043e\u0439 \u043c\u0430\u0448\u0438\u043d\u044b.<\/b><\/p>\n<ul>\n<li>\u041a\u043e\u0433\u0434\u0430 \u043f\u043e\u0441\u044b\u043b\u043a\u0430 \u0431\u0443\u0434\u0435\u0442 \u043e\u0442\u043f\u0440\u0430\u0432\u043b\u0435\u043d\u0430, \u0441\u0438\u0441\u0442\u0435\u043c\u0430 GLS Courier \u0443\u0432\u0435\u0434\u043e\u043c\u0438\u0442 \u043f\u043e\u043b\u0443\u0447\u0430\u0442\u0435\u043b\u044f \u043f\u043e \u044d\u043b\u0435\u043a\u0442\u0440\u043e\u043d\u043d\u043e\u0439 \u043f\u043e\u0447\u0442\u0435 \u043e \u0442\u043e\u043c, \u0447\u0442\u043e \u043f\u043e\u0441\u044b\u043b\u043a\u0430 \u0431\u0443\u0434\u0435\u0442 \u0434\u043e\u0441\u0442\u0430\u0432\u043b\u0435\u043d\u0430 \u043d\u0430 \u0441\u043b\u0435\u0434\u0443\u044e\u0449\u0438\u0439 \u0440\u0430\u0431\u043e\u0447\u0438\u0439 \u0434\u0435\u043d\u044c. \u0412 \u044d\u043b\u0435\u043a\u0442\u0440\u043e\u043d\u043d\u043e\u043c \u0441\u043e\u043e\u0431\u0449\u0435\u043d\u0438\u0438 \u0431\u0443\u0434\u0435\u0442 \u0443\u043a\u0430\u0437\u0430\u043d \u043d\u043e\u043c\u0435\u0440 \u043f\u043e\u0441\u044b\u043b\u043a\u0438 \u0438 \u0441\u0443\u043c\u043c\u0430 \u043d\u0430\u043b\u043e\u0436\u0435\u043d\u043d\u043e\u0433\u043e \u043f\u043b\u0430\u0442\u0435\u0436\u0430. \u0423\u0442\u0440\u043e\u043c \u0432 \u0434\u0435\u043d\u044c \u0434\u043e\u0441\u0442\u0430\u0432\u043a\u0438 \u043f\u043e\u043b\u0443\u0447\u0430\u0442\u0435\u043b\u044c \u043f\u043e\u043b\u0443\u0447\u0438\u0442 \u0443\u0432\u0435\u0434\u043e\u043c\u043b\u0435\u043d\u0438\u0435, \u0441\u043e\u0434\u0435\u0440\u0436\u0430\u0449\u0435\u0435 \u043d\u043e\u043c\u0435\u0440 \u0442\u0435\u043b\u0435\u0444\u043e\u043d\u0430 \u043a\u0443\u0440\u044c\u0435\u0440\u0430, \u043d\u043e\u043c\u0435\u0440 \u0442\u0435\u043b\u0435\u0444\u043e\u043d\u0430 \u0441\u043b\u0443\u0436\u0431\u044b \u043f\u043e\u0434\u0434\u0435\u0440\u0436\u043a\u0438 \u043a\u043b\u0438\u0435\u043d\u0442\u043e\u0432 GLS \u0438 3-\u0447\u0430\u0441\u043e\u0432\u043e\u0439 \u0438\u043d\u0442\u0435\u0440\u0432\u0430\u043b \u0432\u0440\u0435\u043c\u0435\u043d\u0438, \u0432 \u0442\u0435\u0447\u0435\u043d\u0438\u0435 \u043a\u043e\u0442\u043e\u0440\u043e\u0433\u043e \u043e\u0436\u0438\u0434\u0430\u0435\u0442\u0441\u044f \u0434\u043e\u0441\u0442\u0430\u0432\u043a\u0430. \u0412 \u0441\u043b\u0443\u0447\u0430\u0435 \u043d\u0435\u0443\u0434\u0430\u0447\u043d\u043e\u0439 \u043f\u043e\u043f\u044b\u0442\u043a\u0438 \u0434\u043e\u0441\u0442\u0430\u0432\u043a\u0438 \u043f\u043e\u043b\u0443\u0447\u0430\u0442\u0435\u043b\u044e \u0431\u0443\u0434\u0435\u0442 \u043e\u0442\u043f\u0440\u0430\u0432\u043b\u0435\u043d\u043e \u0443\u0432\u0435\u0434\u043e\u043c\u043b\u0435\u043d\u0438\u0435 \u043f\u043e \u044d\u043b\u0435\u043a\u0442\u0440\u043e\u043d\u043d\u043e\u0439 \u043f\u043e\u0447\u0442\u0435.<\/li>\n<li><b>\u041f\u043e\u0438\u0441\u043a GLS ParcelSpot:<\/b> <a href=\"https:\/\/gls-group.com\/HU\/hu\/depo-csomagpont-kereses\" target=\"_blank\" rel=\"noopener noreferrer nofollow\">https:\/\/gls-group.com\/HU\/hu\/depo-csomagpont-kereses<\/a><br \/>\n<b>\u0412\u0440\u0435\u043c\u044f \u0434\u043e\u0441\u0442\u0430\u0432\u043a\u0438:<\/b> 1-3 \u0440\u0430\u0431\u043e\u0447\u0438\u0445 \u0434\u043d\u044f<br \/>\n<b>\u0421\u0442\u043e\u0438\u043c\u043e\u0441\u0442\u044c \u0434\u043e\u0441\u0442\u0430\u0432\u043a\u0438:<\/b> 1590, - Ft,<br \/>\n<strong>\u041e\u043f\u043b\u0430\u0442\u0430:<\/strong> \u041f\u0440\u0435\u0434\u043e\u043f\u043b\u0430\u0442\u0430 (0,- Ft) \u0438\u043b\u0438 \u043f\u043e\u0441\u0442\u043e\u043f\u043b\u0430\u0442\u0430, \u043a\u043e\u0442\u043e\u0440\u0430\u044f \u0441\u0442\u043e\u0438\u0442 + 400,- Ft<\/li>\n<\/ul>\n<p>\u042d\u0442\u0438 \u0446\u0435\u043d\u044b \u0434\u0435\u0439\u0441\u0442\u0432\u0438\u0442\u0435\u043b\u044c\u043d\u044b \u0442\u043e\u043b\u044c\u043a\u043e \u0434\u043b\u044f \u0434\u043e\u0441\u0442\u0430\u0432\u043a\u0438 \u043f\u043e \u0412\u0435\u043d\u0433\u0440\u0438\u0438. \u0415\u0441\u043b\u0438 \u0432\u044b \u0445\u043e\u0442\u0438\u0442\u0435 \u043e\u0442\u043f\u0440\u0430\u0432\u0438\u0442\u044c \u043f\u043e\u0441\u044b\u043b\u043a\u0443 \u0437\u0430 \u0433\u0440\u0430\u043d\u0438\u0446\u0443, \u043f\u043e\u0436\u0430\u043b\u0443\u0439\u0441\u0442\u0430, \u0441\u0432\u044f\u0436\u0438\u0442\u0435\u0441\u044c \u0441 \u043d\u0430\u043c\u0438 \u043f\u043e \u044d\u043b\u0435\u043a\u0442\u0440\u043e\u043d\u043d\u043e\u0439 \u043f\u043e\u0447\u0442\u0435 \u0434\u043e \u0438\u043b\u0438 \u043f\u043e\u0441\u043b\u0435 \u0440\u0430\u0437\u043c\u0435\u0449\u0435\u043d\u0438\u044f \u0437\u0430\u043a\u0430\u0437\u0430, \u0447\u0442\u043e\u0431\u044b \u0443\u0437\u043d\u0430\u0442\u044c \u0441\u0442\u043e\u0438\u043c\u043e\u0441\u0442\u044c \u0434\u043e\u0441\u0442\u0430\u0432\u043a\u0438.<\/p>\n<h2><span style=\"color: #008000;\">\u041a\u0443\u0440\u044c\u0435\u0440\u0441\u043a\u0430\u044f \u0441\u043b\u0443\u0436\u0431\u0430 FOXPOST:<\/span><\/h2>\n<p>\u0412\u044b \u0442\u0430\u043a\u0436\u0435 \u043c\u043e\u0436\u0435\u0442\u0435 \u0437\u0430\u043a\u0430\u0437\u0430\u0442\u044c \u0434\u043e\u0441\u0442\u0430\u0432\u043a\u0443 \u0434\u043e \u043f\u043e\u0441\u044b\u043b\u043e\u0447\u043d\u043e\u0433\u043e \u0430\u0432\u0442\u043e\u043c\u0430\u0442\u0430 Foxpost \u0432 \u043d\u0430\u0448\u0435\u043c \u043c\u0430\u0433\u0430\u0437\u0438\u043d\u0435.<\/p>\n<p style=\"padding-left: 40px;\"><a href=\"https:\/\/foxpost.hu\/csomagautomatak\" target=\"_blank\" rel=\"noopener noreferrer nofollow\" data-saferedirecturl=\"https:\/\/www.google.com\/url?q=https:\/\/foxpost.hu\/csomagautomatak&amp;source=gmail&amp;ust=1709714712502000&amp;usg=AOvVaw1Y_RPFbUPlHU38HiM-T9Re\">https:\/\/foxpost.hu\/<wbr \/>\u0431\u0430\u0433\u0430\u0436\u043d\u0438\u043a<\/a><\/p>\n<p><strong>\u0415\u0441\u043b\u0438 \u0432\u044b \u0437\u0430\u043f\u0440\u0430\u0448\u0438\u0432\u0430\u0435\u0442\u0435 \u0434\u043e\u0441\u0442\u0430\u0432\u043a\u0443 \u0432 \u043f\u043e\u0441\u044b\u043b\u043e\u0447\u043d\u044b\u0439 \u0430\u0432\u0442\u043e\u043c\u0430\u0442 Foxpost, \u0432 \u043f\u043e\u043b\u0435 \"\u0410\u0434\u0440\u0435\u0441 \u0434\u043e\u0441\u0442\u0430\u0432\u043a\u0438\" \u043d\u0435\u043e\u0431\u0445\u043e\u0434\u0438\u043c\u043e \u0443\u043a\u0430\u0437\u0430\u0442\u044c \u0430\u0434\u0440\u0435\u0441 \u043f\u043e\u0441\u044b\u043b\u043e\u0447\u043d\u043e\u0433\u043e \u0430\u0432\u0442\u043e\u043c\u0430\u0442\u0430.<\/strong><\/p>\n<h3>\u0421\u043f\u043e\u0441\u043e\u0431\u044b \u043e\u043f\u043b\u0430\u0442\u044b:<\/h3>\n<p><strong>\u0412\u0440\u0435\u043c\u044f \u0434\u043e\u0441\u0442\u0430\u0432\u043a\u0438:<\/strong> 1-3 \u0440\u0430\u0431\u043e\u0447\u0438\u0445 \u0434\u043d\u044f<br \/>\n<strong>\u0421\u0442\u043e\u0438\u043c\u043e\u0441\u0442\u044c \u0434\u043e\u0441\u0442\u0430\u0432\u043a\u0438:<\/strong> 1390, - Ft,<br \/>\n<strong>\u041e\u043f\u043b\u0430\u0442\u0430:<\/strong> \u041f\u0440\u0435\u0434\u043e\u043f\u043b\u0430\u0442\u0430 (0, - Ft) \u0438\u043b\u0438 \u043f\u043e\u0441\u0442\u043e\u043f\u043b\u0430\u0442\u0430, \u043a\u043e\u0442\u043e\u0440\u0430\u044f \u0441\u0442\u043e\u0438\u0442 +350, - Ft<\/p>\n<h3>\u0421\u043f\u043e\u0441\u043e\u0431\u044b \u043e\u043f\u043b\u0430\u0442\u044b:<\/h3>\n<h4 style=\"padding-left: 40px;\">\u041f\u043e\u0441\u043b\u0435\u0434\u0443\u044e\u0449\u0438\u0435 \u0434\u0435\u0439\u0441\u0442\u0432\u0438\u044f<\/h4>\n<p>\u0415\u0441\u043b\u0438 \u0432\u044b \u0432\u044b\u0431\u0440\u0430\u043b\u0438 \u0441\u043f\u043e\u0441\u043e\u0431 \u043e\u043f\u043b\u0430\u0442\u044b \u043d\u0430\u043b\u043e\u0436\u0435\u043d\u043d\u044b\u043c \u043f\u043b\u0430\u0442\u0435\u0436\u043e\u043c, \u043e\u043f\u043b\u0430\u0442\u0430 \u043f\u0440\u043e\u0438\u0437\u0432\u043e\u0434\u0438\u0442\u0441\u044f \u0432 \u043f\u0443\u043d\u043a\u0442\u0435 \u043f\u043e\u043b\u0443\u0447\u0435\u043d\u0438\u044f (\u043a\u0443\u0440\u044c\u0435\u0440 \u0438\u043b\u0438 \u043f\u043e\u0447\u0442\u043e\u0432\u044b\u0439 \u043f\u0443\u043d\u043a\u0442\/\u043f\u0443\u043d\u043a\u0442 \u0432\u044b\u0434\u0430\u0447\u0438 \u043f\u043e\u0441\u044b\u043b\u043e\u043a). \u041f\u0440\u0438 \u044d\u0442\u043e\u043c \u0441\u043f\u043e\u0441\u043e\u0431\u0435 \u043e\u043f\u043b\u0430\u0442\u044b \u0432\u0437\u0438\u043c\u0430\u0435\u0442\u0441\u044f \u043a\u043e\u043c\u0438\u0441\u0441\u0438\u044f \u0437\u0430 \u043e\u0431\u0440\u0430\u0431\u043e\u0442\u043a\u0443, \u043f\u043e\u044d\u0442\u043e\u043c\u0443 \u043c\u044b \u0432\u0437\u0438\u043c\u0430\u0435\u043c \u0434\u043e\u043f\u043e\u043b\u043d\u0438\u0442\u0435\u043b\u044c\u043d\u043e 350 \u0438\u043b\u0438 400 \u0444\u043e\u0440\u0438\u043d\u0442\u043e\u0432 \u0437\u0430 \u043f\u043e\u0441\u044b\u043b\u043a\u0443 \u0441\u0432\u0435\u0440\u0445 \u043e\u0441\u043d\u043e\u0432\u043d\u043e\u0439 \u0441\u0442\u043e\u0438\u043c\u043e\u0441\u0442\u0438 \u0434\u043e\u0441\u0442\u0430\u0432\u043a\u0438. \u041f\u0440\u0438 \u043e\u043f\u043b\u0430\u0442\u0435 \u043d\u0430\u043b\u0438\u0447\u043d\u044b\u043c\u0438, \u043f\u043e\u0436\u0430\u043b\u0443\u0439\u0441\u0442\u0430, \u0438\u043c\u0435\u0439\u0442\u0435 \u043f\u0440\u0438 \u0441\u0435\u0431\u0435 \u0442\u043e\u0447\u043d\u0443\u044e \u0441\u0443\u043c\u043c\u0443, \u0442\u0430\u043a \u043a\u0430\u043a \u0443 \u043a\u0443\u0440\u044c\u0435\u0440\u0430 \u043d\u0435 \u0432\u0441\u0435\u0433\u0434\u0430 \u043c\u043e\u0436\u0435\u0442 \u0431\u044b\u0442\u044c \u0434\u043e\u0441\u0442\u0430\u0442\u043e\u0447\u043d\u043e \u0441\u0434\u0430\u0447\u0438.<\/p>\n<h4 style=\"padding-left: 40px;\">\u0411\u0430\u043d\u043a\u043e\u0432\u0441\u043a\u0438\u0439 \u043f\u0435\u0440\u0435\u0432\u043e\u0434 \u0437\u0430\u0440\u0430\u043d\u0435\u0435<\/h4>\n<p>\u0415\u0441\u043b\u0438 \u0432\u044b \u0440\u0435\u0448\u0438\u043b\u0438 \u043e\u043f\u043b\u0430\u0442\u0438\u0442\u044c \u0437\u0430\u043a\u0430\u0437 \u0431\u0430\u043d\u043a\u043e\u0432\u0441\u043a\u0438\u043c \u043f\u0435\u0440\u0435\u0432\u043e\u0434\u043e\u043c, \u043f\u043e\u0441\u043b\u0435 \u043f\u0440\u043e\u0432\u0435\u0440\u043a\u0438 \u043d\u0430\u043b\u0438\u0447\u0438\u044f \u0442\u043e\u0432\u0430\u0440\u0430 \u043d\u0430 \u0441\u043a\u043b\u0430\u0434\u0435 \u043c\u044b \u0432\u044b\u0448\u043b\u0435\u043c \u0432\u0430\u043c \u043f\u043e \u044d\u043b\u0435\u043a\u0442\u0440\u043e\u043d\u043d\u043e\u0439 \u043f\u043e\u0447\u0442\u0435 \u0441\u0447\u0435\u0442-\u0444\u0430\u043a\u0442\u0443\u0440\u0443, \u0432 \u043a\u043e\u0442\u043e\u0440\u043e\u043c \u0431\u0443\u0434\u0443\u0442 \u0443\u043a\u0430\u0437\u0430\u043d\u044b \u0440\u0435\u043a\u0432\u0438\u0437\u0438\u0442\u044b, \u043d\u0435\u043e\u0431\u0445\u043e\u0434\u0438\u043c\u044b\u0435 \u0434\u043b\u044f \u043f\u0435\u0440\u0435\u0432\u043e\u0434\u0430, \u0438 \u043e\u043a\u043e\u043d\u0447\u0430\u0442\u0435\u043b\u044c\u043d\u0430\u044f \u0442\u043e\u0447\u043d\u0430\u044f \u0441\u0443\u043c\u043c\u0430. \u041f\u0440\u043e\u0441\u0438\u043c \u0432\u0430\u0441 \u043f\u0435\u0440\u0435\u0447\u0438\u0441\u043b\u0438\u0442\u044c \u0441\u0442\u043e\u0438\u043c\u043e\u0441\u0442\u044c \u043f\u043e\u043a\u0443\u043f\u043a\u0438 \u043d\u0430 \u043d\u0430\u0448 \u0431\u0430\u043d\u043a\u043e\u0432\u0441\u043a\u0438\u0439 \u0441\u0447\u0435\u0442 \u0432 \u0442\u0435\u0447\u0435\u043d\u0438\u0435 72 \u0447\u0430\u0441\u043e\u0432 \u043f\u043e\u0441\u043b\u0435 \u043e\u0442\u043f\u0440\u0430\u0432\u043a\u0438 \u0441\u0447\u0435\u0442\u0430, \u0432 \u043f\u0440\u043e\u0442\u0438\u0432\u043d\u043e\u043c \u0441\u043b\u0443\u0447\u0430\u0435 \u0432\u0430\u0448 \u0437\u0430\u043a\u0430\u0437 \u0431\u0443\u0434\u0435\u0442 \u0441\u0447\u0438\u0442\u0430\u0442\u044c\u0441\u044f \u043d\u0435\u0434\u0435\u0439\u0441\u0442\u0432\u0438\u0442\u0435\u043b\u044c\u043d\u044b\u043c. \u041c\u044b \u0445\u043e\u0442\u0435\u043b\u0438 \u0431\u044b \u043d\u0430\u043f\u043e\u043c\u043d\u0438\u0442\u044c \u0432\u0430\u043c, \u0447\u0442\u043e \u043d\u0435 \u0441\u043b\u0435\u0434\u0443\u0435\u0442 \u043d\u0430\u0447\u0438\u043d\u0430\u0442\u044c \u0431\u0430\u043d\u043a\u043e\u0432\u0441\u043a\u0438\u0439 \u043f\u0435\u0440\u0435\u0432\u043e\u0434 \u0434\u043e \u0442\u0435\u0445 \u043f\u043e\u0440, \u043f\u043e\u043a\u0430 \u0441\u0447\u0435\u0442-\u0444\u0430\u043a\u0442\u0443\u0440\u0430 \u043d\u0435 \u043f\u043e\u0441\u0442\u0443\u043f\u0438\u0442 \u0432 \u0432\u0430\u0448 \u043f\u043e\u0447\u0442\u043e\u0432\u044b\u0439 \u044f\u0449\u0438\u043a! \u0420\u0435\u043a\u0432\u0438\u0437\u0438\u0442\u044b, \u043d\u0435\u043e\u0431\u0445\u043e\u0434\u0438\u043c\u044b\u0435 \u0434\u043b\u044f \u043f\u0435\u0440\u0435\u0432\u043e\u0434\u0430, \u0443\u043a\u0430\u0437\u0430\u043d\u044b \u0432 \u0432\u044b\u0441\u0442\u0430\u0432\u043b\u0435\u043d\u043d\u043e\u043c \u0441\u0447\u0435\u0442\u0435.<\/p>\n<h4 style=\"padding-left: 40px;\">\u041e\u0431\u0440\u0430\u0442\u0438\u0442\u0435 \u0432\u043d\u0438\u043c\u0430\u043d\u0438\u0435 \u043d\u0430 \u0441\u043b\u0435\u0434\u0443\u044e\u0449\u0435\u0435:<\/h4>\n<p>\u0412\u044b \u0431\u0443\u0434\u0435\u0442\u0435 \u0443\u0432\u0435\u0434\u043e\u043c\u043b\u0435\u043d\u044b \u043f\u043e \u044d\u043b\u0435\u043a\u0442\u0440\u043e\u043d\u043d\u043e\u0439 \u043f\u043e\u0447\u0442\u0435 \u043e\u0431 \u043e\u0442\u043f\u0440\u0430\u0432\u043a\u0435 \u0438 \u043e\u0436\u0438\u0434\u0430\u0435\u043c\u043e\u043c \u043f\u0440\u0438\u0431\u044b\u0442\u0438\u0438 \u0432\u0430\u0448\u0435\u0439 \u043f\u043e\u0441\u044b\u043b\u043a\u0438, \u043f\u043e\u044d\u0442\u043e\u043c\u0443, \u043f\u043e\u0436\u0430\u043b\u0443\u0439\u0441\u0442\u0430, \u0440\u0435\u0433\u0443\u043b\u044f\u0440\u043d\u043e \u043f\u0440\u043e\u0432\u0435\u0440\u044f\u0439\u0442\u0435 \u0441\u0432\u043e\u0439 \u043f\u043e\u0447\u0442\u043e\u0432\u044b\u0439 \u044f\u0449\u0438\u043a \u043f\u043e\u0441\u043b\u0435 \u043e\u0444\u043e\u0440\u043c\u043b\u0435\u043d\u0438\u044f \u0437\u0430\u043a\u0430\u0437\u0430, \u0447\u0442\u043e\u0431\u044b \u0438\u0437\u0431\u0435\u0436\u0430\u0442\u044c \u043d\u0435\u0434\u043e\u0440\u0430\u0437\u0443\u043c\u0435\u043d\u0438\u0439 \u0438 \u043d\u0435\u0443\u0434\u043e\u0431\u0441\u0442\u0432. \u0415\u0441\u043b\u0438 \u0443 \u0432\u0430\u0441 \u0432\u043e\u0437\u043d\u0438\u043a\u043b\u0438 \u043a\u0430\u043a\u0438\u0435-\u043b\u0438\u0431\u043e \u043f\u0440\u043e\u0431\u043b\u0435\u043c\u044b \u0441 \u0437\u0430\u043a\u0430\u0437\u043e\u043c, \u043f\u043e\u0436\u0430\u043b\u0443\u0439\u0441\u0442\u0430, \u0441\u0432\u044f\u0436\u0438\u0442\u0435\u0441\u044c \u0441 \u043d\u0430\u043c\u0438 \u043f\u043e \u0430\u0434\u0440\u0435\u0441\u0443 <a href=\"mailto:vetomshop.hu@gmail.com\" target=\"_blank\" rel=\"noopener\">vetomshop.hu@gmail.com<\/a> at. \u041f\u0440\u0438 \u043e\u0444\u043e\u0440\u043c\u043b\u0435\u043d\u0438\u0438 \u0437\u0430\u043a\u0430\u0437\u0430, \u043f\u043e\u0436\u0430\u043b\u0443\u0439\u0441\u0442\u0430, \u0443\u0431\u0435\u0434\u0438\u0442\u0435\u0441\u044c, \u0447\u0442\u043e \u0432\u044b \u043f\u0440\u0430\u0432\u0438\u043b\u044c\u043d\u043e \u0443\u043a\u0430\u0437\u0430\u043b\u0438 \u0438\u043c\u044f, \u0430\u0434\u0440\u0435\u0441, \u0430\u0434\u0440\u0435\u0441 \u044d\u043b\u0435\u043a\u0442\u0440\u043e\u043d\u043d\u043e\u0439 \u043f\u043e\u0447\u0442\u044b \u0438 \u043d\u043e\u043c\u0435\u0440 \u0442\u0435\u043b\u0435\u0444\u043e\u043d\u0430. \u0421\u043f\u0435\u0446\u0438\u0430\u043b\u0438\u0441\u0442 \u043f\u043e \u0434\u043e\u0441\u0442\u0430\u0432\u043a\u0435 \u043f\u043e\u0441\u044b\u043b\u043e\u043a \u043c\u043e\u0436\u0435\u0442 \u0431\u044b\u0442\u044c \u043d\u0435 \u0437\u043d\u0430\u043a\u043e\u043c \u0441 \u043c\u0435\u0441\u0442\u043d\u044b\u043c\u0438 \u043e\u0441\u043e\u0431\u0435\u043d\u043d\u043e\u0441\u0442\u044f\u043c\u0438, \u043f\u043e\u044d\u0442\u043e\u043c\u0443 \u043f\u0440\u0438 \u043d\u0435\u043e\u0431\u0445\u043e\u0434\u0438\u043c\u043e\u0441\u0442\u0438 \u043f\u0440\u0435\u0434\u043e\u0441\u0442\u0430\u0432\u044c\u0442\u0435 \u0434\u043e\u043f\u043e\u043b\u043d\u0438\u0442\u0435\u043b\u044c\u043d\u0443\u044e \u0438\u043d\u0444\u043e\u0440\u043c\u0430\u0446\u0438\u044e \u0434\u043b\u044f \u0443\u0441\u043f\u0435\u0448\u043d\u043e\u0439 \u0434\u043e\u0441\u0442\u0430\u0432\u043a\u0438. \u0415\u0441\u043b\u0438 \u0434\u043e\u0441\u0442\u0430\u0432\u043a\u0430 \u043d\u0435 \u0443\u0434\u0430\u043b\u0430\u0441\u044c \u043f\u043e \u0432\u0430\u0448\u0435\u0439 \u0432\u0438\u043d\u0435, \u043c\u044b \u0441\u043c\u043e\u0436\u0435\u043c \u043f\u043e\u0432\u0442\u043e\u0440\u043d\u043e \u043f\u0435\u0440\u0435\u0434\u0430\u0442\u044c \u043f\u043e\u0441\u044b\u043b\u043a\u0443 \u043f\u0435\u0440\u0435\u0432\u043e\u0437\u0447\u0438\u043a\u0443 \u0442\u043e\u043b\u044c\u043a\u043e \u043f\u043e\u0441\u043b\u0435 \u0442\u043e\u0433\u043e, \u043a\u0430\u043a \u0432\u044b \u043f\u043e\u0432\u0442\u043e\u0440\u043d\u043e \u043e\u043f\u043b\u0430\u0442\u0438\u0442\u0435 \u0441\u0442\u043e\u0438\u043c\u043e\u0441\u0442\u044c \u0434\u043e\u0441\u0442\u0430\u0432\u043a\u0438. \u0412\u0430\u0436\u043d\u043e, \u0447\u0442\u043e\u0431\u044b \u0432 \u0441\u043b\u0443\u0447\u0430\u0435 \u0432\u0438\u0434\u0438\u043c\u044b\u0445 \u043f\u043e\u0432\u0440\u0435\u0436\u0434\u0435\u043d\u0438\u0439 \u0438\u043b\u0438 \u0432\u0441\u043a\u0440\u044b\u0442\u0438\u044f \u043f\u043e\u0441\u044b\u043b\u043a\u0438 \u0432\u044b \u043d\u0435 \u043f\u0440\u0438\u043d\u0438\u043c\u0430\u043b\u0438 \u0435\u0435 \u0438 \u043a\u0430\u043a \u043c\u043e\u0436\u043d\u043e \u0441\u043a\u043e\u0440\u0435\u0435 \u0443\u0432\u0435\u0434\u043e\u043c\u0438\u043b\u0438 \u043d\u0430\u0441 \u043e\u0431 \u044d\u0442\u043e\u043c.<\/p>\n<\/div><\/div>","protected":false},"excerpt":{"rendered":"Sz\u00e1ll\u00edt\u00e1s \u00e9s fizet\u00e9s Szem\u00e9lyes \u00e1tv\u00e9tel 8112, Zichy\u00fajfalu, Kast\u00e9lykert 1 A szem\u00e9lyes \u00e1tv\u00e9tel ideje: kiz\u00e1r\u00f3lag el\u0151zetes egyeztet\u00e9ssel a k\u00f6vetkez\u0151 el\u00e9rhet\u0151s\u00e9geken Telefon:\u00a0+36305573846 Pap Tam\u00e1s Email-1: infoshop.vetom.magyarorszag@gmail.com Email-2:\u00a0 vetomshop.hu@gmail.com vagy orsz\u00e1gszerte a partnereinkt\u0151l, melyeknek el\u00e9rhet\u0151s\u00e9g\u00fck a weboldalunkon is megtal\u00e1lhat\u00f3 Kisz\u00e1ll\u00edt\u00e1s: \u00c1ruh\u00e1zunkban az al\u00e1bbi kisz\u00e1ll\u00edt\u00e1si \u00e9s fizet\u00e9si lehet\u0151s\u00e9gek k\u00f6z\u00fcl v\u00e1laszthat: GLS fut\u00e1rszolg\u00e1lat \u00e9s Foxpost csomagautomata 30.000 Forint rendel\u00e9si \u00e9rt\u00e9k [...]","protected":false},"author":3,"featured_media":0,"parent":0,"menu_order":0,"comment_status":"closed","ping_status":"closed","template":"","meta":{"footnotes":""},"class_list":["post-315","page","type-page","status-publish","hentry"],"_links":{"self":[{"href":"https:\/\/vetomshop.hu\/ru\/wp-json\/wp\/v2\/pages\/315","targetHints":{"allow":["GET"]}}],"collection":[{"href":"https:\/\/vetomshop.hu\/ru\/wp-json\/wp\/v2\/pages"}],"about":[{"href":"https:\/\/vetomshop.hu\/ru\/wp-json\/wp\/v2\/types\/page"}],"author":[{"embeddable":true,"href":"https:\/\/vetomshop.hu\/ru\/wp-json\/wp\/v2\/users\/3"}],"replies":[{"embeddable":true,"href":"https:\/\/vetomshop.hu\/ru\/wp-json\/wp\/v2\/comments?post=315"}],"version-history":[{"count":0,"href":"https:\/\/vetomshop.hu\/ru\/wp-json\/wp\/v2\/pages\/315\/revisions"}],"wp:attachment":[{"href":"https:\/\/vetomshop.hu\/ru\/wp-json\/wp\/v2\/media?parent=315"}],"curies":[{"name":"wp","href":"https:\/\/api.w.org\/{rel}","templated":true}]}}