{"id":3805,"date":"2023-02-10T16:07:48","date_gmt":"2023-02-10T15:07:48","guid":{"rendered":"https:\/\/vetomshop.hu\/?page_id=3805"},"modified":"2023-02-10T17:30:57","modified_gmt":"2023-02-10T16:30:57","slug":"dijaink","status":"publish","type":"page","link":"https:\/\/vetomshop.hu\/ru\/dijaink\/","title":{"rendered":"\u041d\u0430\u0448\u0438 \u043d\u0430\u0433\u0440\u0430\u0434\u044b"},"content":{"rendered":"<div class=\"wpb-content-wrapper\">\n<div  data-mk-stretch-content=\"true\" class=\"wpb_row vc_row vc_row-fluid jupiter-donut- mk-fullwidth-false  attched-false     js-master-row  mk-grid\">\n\t\t\t\t\n<div class=\"vc_col-sm-12 wpb_column column_container  jupiter-donut- _ jupiter-donut-height-full\">\n\t\n<div class=\"mk-edge-wrapper  jupiter-donut- js-el\"\n\tstyle=\"\"\n\tdata-mk-component=\"FullHeight\">\n\t<div class=\"clipper\">\n\t\t<div id=\"mk-edge-slider-2\" class=\"mk-slider mk-edge-slider   js-el\"\n\t\t\tstyle=\"background-color: rgba(255,255,255,0);\"\n\t\t\tdata-animation=\"slide\"\n\t\t\tdata-mk-component=\"EdgeSlider\"\n\t\t\tdata-edgeSlider-config='{\n\t\t\t\t\"lazyload\" : \"false\",\n\t\t\t\t\"effect\" : \"slide\",\n\t\t\t\t\"displayTime\" : \"10071\",\n\t\t\t\t\"transitionTime\" : \"700\",\n\t\t\t\t\"nav\" : \".mk-edge-nav-2\",\n\t\t\t\t\"paginationEl\" : \".swiper-pagination-2\",\n\t\t\t\t\"firstEl\" : false }'\n\n\t\t\tlayout-skipArrow=\"false\"\n\t\t\tlayout-pagination=\"\"\n\t\t>\n\n\t\t\t<div class=\"mk-slider-holder   js-el\"\n\t\t\t\t\t\t\t>\n\n\t\t\t\t<div class=\"mk-slider-slides\">\n\t\t\t\t\n\t\t\t\t\t\t\t\t<div class=\"mk-slider-slide  center_top mk-background-stretch\" data-header-skin=\"dark\">\n\n\t\t\t\t\n\t\t\t\t\n\t\t\t\t\n\n\t\t\t\t\t\t\t\t\t\t\t<div data-thumb=\"\" class=\"mk-section-image\"  style=\"\" ><\/div>\n\t\t\t\t\t\t\n\n\n\n\t\t\t\t\t\t<div class=\"slider-content\">\n\t\t\t\t\t\t<div class=\"mk-grid\">\n\n\t\t\t\t\t\t\t\t\t\t\t\t<div class=\"edge-slide-content edge-default_anim caption-light\" style=\"width: 100%\">\n\n\t\t\t\t\t\t\t\n\t\t\t\t\t\t\t\t\t\n\t\t\t\t\t\t\t\t\t\t\t\t\t\t\t\t\t\t<div class=\"mk-edge-custom-content\">\n\t\t\t\t\t\t\t\t\t\t[:hu]<img loading=\"lazy\" decoding=\"async\" class=\"aligncenter wp-image-3810 \" src=\"https:\/\/vetomshop.hu\/wp-content\/uploads\/2023\/02\/2010-1024x543.jpg\" alt=\"\" width=\"911\" height=\"483\" srcset=\"https:\/\/vetomshop.hu\/wp-content\/uploads\/2023\/02\/2010-1024x543.jpg 1024w, https:\/\/vetomshop.hu\/wp-content\/uploads\/2023\/02\/2010-300x159.jpg 300w, https:\/\/vetomshop.hu\/wp-content\/uploads\/2023\/02\/2010-768x408.jpg 768w, https:\/\/vetomshop.hu\/wp-content\/uploads\/2023\/02\/2010-1320x700.jpg 1320w, https:\/\/vetomshop.hu\/wp-content\/uploads\/2023\/02\/2010-600x318.jpg 600w, https:\/\/vetomshop.hu\/wp-content\/uploads\/2023\/02\/2010.jpg 1500w\" sizes=\"auto, (max-width: 911px) 100vw, 911px\" \/><br \/>\n<span style=\"color: #808000; font-size: 17pt;\"><strong>A Kutat\u00f3k\u00f6zpont kutat\u00f3- \u00e9s termel\u0151 c\u00e9g r\u00e9szt vett a XVII. AGROSIB-2010 szakki\u00e1ll\u00edt\u00e1son az ITE Szib\u00e9riai V\u00e1s\u00e1rk\u00f6zpontban (Novoszibirszk).<br \/>\n<strong>A legjobb term\u00e9keket \u00e9rmekkel \u00e9s oklevelekkel jutalmazt\u00e1k.<\/strong><br \/>\n<strong>A Kutat\u00f3k\u00f6zpont \u00e1ltal a ki\u00e1ll\u00edt\u00e1son bemutatott term\u00e9kek k\u00f6z\u00fcl d\u00edjat kaptak:<\/strong><\/strong><\/span><\/p>\n<p style=\"text-align: left; padding-left: 40px;\"><span style=\"color: #808000; font-size: 17pt;\"><strong>\u2013 Bioseptin \u2013<\/strong> Nagy arany\u00e9rem egy rendk\u00edv\u00fcl hat\u00e9kony term\u00e9k kifejleszt\u00e9s\u00e9\u00e9rt \u00e9s el\u0151\u00e1ll\u00edt\u00e1s\u00e1\u00e9rt<\/span><br \/>\n<span style=\"color: #808000; font-size: 17pt;\"><strong>\u2013 Vetom 1.1 \u2013<\/strong>\u00a0Kis arany\u00e9rem a term\u00e9k fejleszt\u00e9s\u00e9\u00e9rt \u00e9s gy\u00e1rt\u00e1s\u00e1\u00e9rt.<\/span><\/p>\n[:ru]<img loading=\"lazy\" decoding=\"async\" class=\"aligncenter wp-image-3810 size-large\" src=\"https:\/\/vetomshop.hu\/wp-content\/uploads\/2023\/02\/2010-1024x543.jpg\" alt=\"\" width=\"1024\" height=\"543\" srcset=\"https:\/\/vetomshop.hu\/wp-content\/uploads\/2023\/02\/2010-1024x543.jpg 1024w, https:\/\/vetomshop.hu\/wp-content\/uploads\/2023\/02\/2010-300x159.jpg 300w, https:\/\/vetomshop.hu\/wp-content\/uploads\/2023\/02\/2010-768x408.jpg 768w, https:\/\/vetomshop.hu\/wp-content\/uploads\/2023\/02\/2010-1320x700.jpg 1320w, https:\/\/vetomshop.hu\/wp-content\/uploads\/2023\/02\/2010-600x318.jpg 600w, https:\/\/vetomshop.hu\/wp-content\/uploads\/2023\/02\/2010.jpg 1500w\" sizes=\"auto, (max-width: 1024px) 100vw, 1024px\" \/><\/p>\n<p><strong>K\u00f6z\u00f6tt a Kutat\u00f3k\u00f6zpont kutat\u00f3- \u00e9s termel\u0151 c\u00e9g r\u00e9szt vett a XVII. AGROSIB-2010 szakki\u00e1ll\u00edt\u00e1son az ITE Szib\u00e9riai V\u00e1s\u00e1rk\u00f6zpontban (Novoszibirszk).<\/strong><br \/>\n<strong>A legjobb term\u00e9keket \u00e9rmekkel \u00e9s oklevelekkel jutalmazt\u00e1k.<\/strong><br \/>\n<strong>A Kutat\u00f3k\u00f6zpont \u00e1ltal a ki\u00e1ll\u00edt\u00e1son bemutatott term\u00e9kek k\u00f6z\u00fcl d\u00edjat kaptak:<\/strong><\/p>\n<p><strong>\u2013 Bioseptin \u2013\u00a0<\/strong>Nagy arany\u00e9rem egy rendk\u00edv\u00fcl hat\u00e9kony term\u00e9k kifejleszt\u00e9s\u00e9\u00e9rt \u00e9s el\u0151\u00e1ll\u00edt\u00e1s\u00e1\u00e9rt<br \/>\n<strong>\u2013 Vetom 1.1 \u2013<\/strong>\u00a0Kis arany\u00e9rem a term\u00e9k fejleszt\u00e9s\u00e9\u00e9rt \u00e9s gy\u00e1rt\u00e1s\u00e1\u00e9rt.[:]\n\t\t\t\t\t\t\t\t\t<\/div>\n\t\t\t\t\t\t\t\t\t\n\t\t\t\t\t\t\t\t<\/div><!-- edge-slide-content-->\n\t\t\t\t\t\t\t<\/div><!-- mk-grid-->\n\t\t\t\t\t\t<\/div><!-- slider-content-->\n\t\t\t\t\t<\/div><!-- mk-slider-slide-->\n\n\t\t\t\t\n\t\t\t\t\t\t\t\t<div class=\"mk-slider-slide  center_top mk-background-stretch\" data-header-skin=\"dark\">\n\n\t\t\t\t\n\t\t\t\t\n\t\t\t\t\n\n\t\t\t\t\t\t\t\t\t\t\t<div data-thumb=\"\" class=\"mk-section-image\"  style=\"\" ><\/div>\n\t\t\t\t\t\t\n\n\n\n\t\t\t\t\t\t<div class=\"slider-content\">\n\t\t\t\t\t\t<div class=\"mk-grid\">\n\n\t\t\t\t\t\t\t\t\t\t\t\t<div class=\"edge-slide-content edge-default_anim caption-light\" style=\"width: 100%\">\n\n\t\t\t\t\t\t\t\n\t\t\t\t\t\t\t\t\t\n\t\t\t\t\t\t\t\t\t\t\t\t\t\t\t\t\t\t<div class=\"mk-edge-custom-content\">\n\t\t\t\t\t\t\t\t\t\t[:hu]<img loading=\"lazy\" decoding=\"async\" class=\"aligncenter wp-image-3813\" src=\"https:\/\/vetomshop.hu\/wp-content\/uploads\/2023\/02\/2010000.jpg\" alt=\"\" width=\"910\" height=\"512\" srcset=\"https:\/\/vetomshop.hu\/wp-content\/uploads\/2023\/02\/2010000.jpg 1000w, https:\/\/vetomshop.hu\/wp-content\/uploads\/2023\/02\/2010000-300x169.jpg 300w, https:\/\/vetomshop.hu\/wp-content\/uploads\/2023\/02\/2010000-768x432.jpg 768w, https:\/\/vetomshop.hu\/wp-content\/uploads\/2023\/02\/2010000-600x338.jpg 600w\" sizes=\"auto, (max-width: 910px) 100vw, 910px\" \/><br \/>\n<span style=\"font-size: 17pt; color: #808000;\"><strong>Kutat\u00f3k\u00f6zpont Kft. Moszkv\u00e1ban elnyerte a &#8222;Nemzeti Vagyon&#8221; Nagy Arany\u00e9rmet &#8222;Nemzeti Vagyon &#8211; 2007&#8221; c\u00edmmel, \u00e9s bejegyezt\u00e9k a NEMZET ARANY \u00d6NK\u00c9NTESS\u00c9GEI nyilv\u00e1ntart\u00e1s\u00e1ba.<\/strong><\/span>[:ru]<a href=\"https:\/\/vetomshop.hu\/wp-content\/uploads\/2023\/02\/2010000.jpg\"><img loading=\"lazy\" decoding=\"async\" class=\"aligncenter wp-image-3813 size-full\" src=\"https:\/\/vetomshop.hu\/wp-content\/uploads\/2023\/02\/2010000.jpg\" alt=\"\" width=\"1000\" height=\"563\" srcset=\"https:\/\/vetomshop.hu\/wp-content\/uploads\/2023\/02\/2010000.jpg 1000w, https:\/\/vetomshop.hu\/wp-content\/uploads\/2023\/02\/2010000-300x169.jpg 300w, https:\/\/vetomshop.hu\/wp-content\/uploads\/2023\/02\/2010000-768x432.jpg 768w, https:\/\/vetomshop.hu\/wp-content\/uploads\/2023\/02\/2010000-600x338.jpg 600w\" sizes=\"auto, (max-width: 1000px) 100vw, 1000px\" \/><\/a>Kutat\u00f3k\u00f6zpont Kft. Moszkv\u00e1ban elnyerte a &#8222;Nemzeti Vagyon&#8221; Nagy Arany\u00e9rmet &#8222;Nemzeti Vagyon &#8211; 2007&#8221; c\u00edmmel, \u00e9s bejegyezt\u00e9k a NEMZET ARANY \u00d6NK\u00c9NTESS\u00c9GEI nyilv\u00e1ntart\u00e1s\u00e1ba.[:]\n\t\t\t\t\t\t\t\t\t<\/div>\n\t\t\t\t\t\t\t\t\t\n\t\t\t\t\t\t\t\t<\/div><!-- edge-slide-content-->\n\t\t\t\t\t\t\t<\/div><!-- mk-grid-->\n\t\t\t\t\t\t<\/div><!-- slider-content-->\n\t\t\t\t\t<\/div><!-- mk-slider-slide-->\n\n\t\t\t\t\n\t\t\t\t\t\t\t\t<div class=\"mk-slider-slide  center_top mk-background-stretch\" data-header-skin=\"dark\">\n\n\t\t\t\t\n\t\t\t\t\n\t\t\t\t\n\n\t\t\t\t\t\t\t\t\t\t\t<div data-thumb=\"\" class=\"mk-section-image\"  style=\"\" ><\/div>\n\t\t\t\t\t\t\n\n\n\n\t\t\t\t\t\t<div class=\"slider-content\">\n\t\t\t\t\t\t<div class=\"mk-grid\">\n\n\t\t\t\t\t\t\t\t\t\t\t\t<div class=\"edge-slide-content edge-default_anim caption-light\" style=\"width: 100%\">\n\n\t\t\t\t\t\t\t\n\t\t\t\t\t\t\t\t\t\n\t\t\t\t\t\t\t\t\t\t\t\t\t\t\t\t\t\t<div class=\"mk-edge-custom-content\">\n\t\t\t\t\t\t\t\t\t\t[:hu]<img loading=\"lazy\" decoding=\"async\" class=\"aligncenter wp-image-3809 \" src=\"https:\/\/vetomshop.hu\/wp-content\/uploads\/2023\/02\/unnamed-file.jpg\" alt=\"\" width=\"911\" height=\"513\" srcset=\"https:\/\/vetomshop.hu\/wp-content\/uploads\/2023\/02\/unnamed-file.jpg 1000w, https:\/\/vetomshop.hu\/wp-content\/uploads\/2023\/02\/unnamed-file-300x169.jpg 300w, https:\/\/vetomshop.hu\/wp-content\/uploads\/2023\/02\/unnamed-file-768x432.jpg 768w, https:\/\/vetomshop.hu\/wp-content\/uploads\/2023\/02\/unnamed-file-600x338.jpg 600w\" sizes=\"auto, (max-width: 911px) 100vw, 911px\" \/><br \/>\n<span style=\"font-size: 17pt; color: #808000;\"><strong>Moszkv\u00e1ban A.I. Lelyak, a Kutat\u00f3k\u00f6zpont igazgat\u00f3ja a &#8222;B\u00e9ke kedves angyala&#8221; nemzetk\u00f6zi projekt keret\u00e9ben arany\u00e9rmet \u00e9s az Oroszorsz\u00e1g Legmagasabb K\u00f6zjogi D\u00edjainak Lovagja n\u00e9v meg\u00f6r\u00f6k\u00edt\u00e9s\u00e9r\u0151l sz\u00f3l\u00f3 eml\u00e9klapot kapott.<\/strong><\/span>[:ru]<img loading=\"lazy\" decoding=\"async\" class=\"aligncenter wp-image-3809 \" src=\"https:\/\/vetomshop.hu\/wp-content\/uploads\/2023\/02\/unnamed-file.jpg\" alt=\"\" width=\"911\" height=\"513\" srcset=\"https:\/\/vetomshop.hu\/wp-content\/uploads\/2023\/02\/unnamed-file.jpg 1000w, https:\/\/vetomshop.hu\/wp-content\/uploads\/2023\/02\/unnamed-file-300x169.jpg 300w, https:\/\/vetomshop.hu\/wp-content\/uploads\/2023\/02\/unnamed-file-768x432.jpg 768w, https:\/\/vetomshop.hu\/wp-content\/uploads\/2023\/02\/unnamed-file-600x338.jpg 600w\" sizes=\"auto, (max-width: 911px) 100vw, 911px\" \/><\/p>\n<p><span style=\"color: #808000;\">Moszkv\u00e1ban A.I. Lelyak, a Kutat\u00f3k\u00f6zpont igazgat\u00f3ja a &#8222;B\u00e9ke kedves angyala&#8221; nemzetk\u00f6zi projekt keret\u00e9ben arany\u00e9rmet \u00e9s az Oroszorsz\u00e1g Legmagasabb K\u00f6zjogi D\u00edjainak Lovagja n\u00e9v meg\u00f6r\u00f6k\u00edt\u00e9s\u00e9r\u0151l sz\u00f3l\u00f3 eml\u00e9klapot kapott.<\/span>[:]\n\t\t\t\t\t\t\t\t\t<\/div>\n\t\t\t\t\t\t\t\t\t\n\t\t\t\t\t\t\t\t<\/div><!-- edge-slide-content-->\n\t\t\t\t\t\t\t<\/div><!-- mk-grid-->\n\t\t\t\t\t\t<\/div><!-- slider-content-->\n\t\t\t\t\t<\/div><!-- mk-slider-slide-->\n\n\t\t\t\t\n\t\t\t\t\t\t\t\t<div class=\"mk-slider-slide  center_top mk-background-stretch\" data-header-skin=\"dark\">\n\n\t\t\t\t\n\t\t\t\t\n\t\t\t\t\n\n\t\t\t\t\t\t\t\t\t\t\t<div data-thumb=\"\" class=\"mk-section-image\"  style=\"\" ><\/div>\n\t\t\t\t\t\t\n\n\n\n\t\t\t\t\t\t<div class=\"slider-content\">\n\t\t\t\t\t\t<div class=\"mk-grid\">\n\n\t\t\t\t\t\t\t\t\t\t\t\t<div class=\"edge-slide-content edge-default_anim caption-light\" style=\"width: 100%\">\n\n\t\t\t\t\t\t\t\n\t\t\t\t\t\t\t\t\t\n\t\t\t\t\t\t\t\t\t\t\t\t\t\t\t\t\t\t<div class=\"mk-edge-custom-content\">\n\t\t\t\t\t\t\t\t\t\t[:hu]<img loading=\"lazy\" decoding=\"async\" class=\"aligncenter wp-image-3811 \" src=\"https:\/\/vetomshop.hu\/wp-content\/uploads\/2023\/02\/2010-2.jpg\" alt=\"\" width=\"911\" height=\"513\" srcset=\"https:\/\/vetomshop.hu\/wp-content\/uploads\/2023\/02\/2010-2.jpg 1000w, https:\/\/vetomshop.hu\/wp-content\/uploads\/2023\/02\/2010-2-300x169.jpg 300w, https:\/\/vetomshop.hu\/wp-content\/uploads\/2023\/02\/2010-2-768x432.jpg 768w, https:\/\/vetomshop.hu\/wp-content\/uploads\/2023\/02\/2010-2-600x338.jpg 600w\" sizes=\"auto, (max-width: 911px) 100vw, 911px\" \/><br \/>\n<span style=\"font-size: 17pt; color: #808000;\"><strong>Oklev\u00e9l \u00e9s Becs\u00fclet\u00e9rem &#8222;Az eg\u00e9szs\u00e9ges \u00e9letm\u00f3ddal kapcsolatos k\u00e9sz\u00edtm\u00e9nyek n\u00e9pszer\u0171s\u00edt\u00e9s\u00e9\u00e9rt a piacon<\/strong><\/span>[:]\n\t\t\t\t\t\t\t\t\t<\/div>\n\t\t\t\t\t\t\t\t\t\n\t\t\t\t\t\t\t\t<\/div><!-- edge-slide-content-->\n\t\t\t\t\t\t\t<\/div><!-- mk-grid-->\n\t\t\t\t\t\t<\/div><!-- slider-content-->\n\t\t\t\t\t<\/div><!-- mk-slider-slide-->\n\n\t\t\t\t\n\t\t\t\t\t\t\t\t<div class=\"mk-slider-slide  center_top mk-background-stretch\" data-header-skin=\"dark\">\n\n\t\t\t\t\n\t\t\t\t\n\t\t\t\t\n\n\t\t\t\t\t\t\t\t\t\t\t<div data-thumb=\"\" class=\"mk-section-image\"  style=\"\" ><\/div>\n\t\t\t\t\t\t\n\n\n\n\t\t\t\t\t\t<div class=\"slider-content\">\n\t\t\t\t\t\t<div class=\"mk-grid\">\n\n\t\t\t\t\t\t\t\t\t\t\t\t<div class=\"edge-slide-content edge-default_anim caption-light\" style=\"width: 100%\">\n\n\t\t\t\t\t\t\t\n\t\t\t\t\t\t\t\t\t\n\t\t\t\t\t\t\t\t\t\t\t\t\t\t\t\t\t\t<div class=\"mk-edge-custom-content\">\n\t\t\t\t\t\t\t\t\t\t[:hu]<img loading=\"lazy\" decoding=\"async\" class=\"aligncenter wp-image-3812 \" src=\"https:\/\/vetomshop.hu\/wp-content\/uploads\/2023\/02\/2011.jpg\" alt=\"\" width=\"911\" height=\"513\" srcset=\"https:\/\/vetomshop.hu\/wp-content\/uploads\/2023\/02\/2011.jpg 1000w, https:\/\/vetomshop.hu\/wp-content\/uploads\/2023\/02\/2011-300x169.jpg 300w, https:\/\/vetomshop.hu\/wp-content\/uploads\/2023\/02\/2011-768x432.jpg 768w, https:\/\/vetomshop.hu\/wp-content\/uploads\/2023\/02\/2011-600x338.jpg 600w\" sizes=\"auto, (max-width: 911px) 100vw, 911px\" \/><br \/>\n<span style=\"font-size: 17pt; color: #808000;\"><strong>A Kutat\u00f3k\u00f6zpont kutat\u00e1si \u00e9s termel\u00e9si c\u00e9g elnyerte a &#8222;Szib\u00e9ria legjobb term\u00e9kei \u00e9s szolg\u00e1ltat\u00e1sai GEMMA-2011&#8221; arany\u00e9rmet.<\/strong><\/span>[:]\n\t\t\t\t\t\t\t\t\t<\/div>\n\t\t\t\t\t\t\t\t\t\n\t\t\t\t\t\t\t\t<\/div><!-- edge-slide-content-->\n\t\t\t\t\t\t\t<\/div><!-- mk-grid-->\n\t\t\t\t\t\t<\/div><!-- slider-content-->\n\t\t\t\t\t<\/div><!-- mk-slider-slide-->\n\n\t\t\t\t\t\t\t\t<\/div> <!-- mk-slider-slides -->\n\n\n\t\t\t\t\n\n\t\t\t\t\n\t\t\t\t\t<span class=\"mk-edge-nav mk-edge-nav-2 nav-roundslide\">\n\t\t\t\t\t\t<a class=\"mk-edge-prev\" data-direction=\"prev\" data-skin=\"dark\">\n\t\t\t\t\t\t\t<span class=\"mk-edge-icon-wrap\"><svg  class=\"mk-svg-icon\" data-name=\"mk-jupiter-icon-arrow-left\" data-cacheid=\"icon-69e472eb5e463\" style=\" height:16px; width: 16px; \"  xmlns=\"http:\/\/www.w3.org\/2000\/svg\" viewBox=\"0 0 512 512\"><path d=\"M368 505.6c-8 0-16-3.2-22.4-8l-240-225.6c-6.4-6.4-9.6-14.4-9.6-24 0-8 3.2-16 9.6-22.4l240-224c12.8-11.2 33.6-11.2 44.8 1.6 12.8 12.8 11.2 32-1.6 44.8l-214.4 201.6 216 203.2c12.8 11.2 12.8 32 0 44.8-4.8 4.8-14.4 8-22.4 8z\"\/><\/svg><\/span>\n\t\t\t\t\t\t\t<div class=\"mk-edge-nav\">\n\t\t\t\t\t\t\t\t<span class=\"edge-nav-bg\"><\/span>\n\t\t\t\t\t\t\t\t<span class=\"prev-item-caption nav-item-caption\"><\/span>\n\t\t\t\t\t\t\t<\/div>\n\t\t\t\t\t\t<\/a>\n\t\t\t\t\t<\/span>\n\n\t\t\t\t\t<span class=\"mk-edge-nav mk-edge-nav-2 nav-roundslide\">\n\t\t\t\t\t\t<a class=\"mk-edge-next\" data-direction=\"next\" data-skin=\"dark\">\n\t\t\t\t\t\t\t<span class=\"mk-edge-icon-wrap\"><svg  class=\"mk-svg-icon\" data-name=\"mk-jupiter-icon-arrow-right\" data-cacheid=\"icon-69e472eb5e8fe\" style=\" height:16px; width: 16px; \"  xmlns=\"http:\/\/www.w3.org\/2000\/svg\" viewBox=\"0 0 512 512\"><path d=\"M144 505.6c8 0 16-3.2 22.4-8l240-225.6c6.4-6.4 9.6-14.4 9.6-22.4s-3.2-16-9.6-22.4l-240-224c-12.8-12.8-32-12.8-44.8 0s-11.2 32 1.6 44.8l214.4 201.6-216 203.2c-12.8 11.2-12.8 32 0 44.8 6.4 4.8 14.4 8 22.4 8z\"\/><\/svg><\/span>\n\t\t\t\t\t\t\t<div class=\"mk-edge-nav\">\n\t\t\t\t\t\t\t\t<span class=\"edge-nav-bg\"><\/span>\n\t\t\t\t\t\t\t\t<span class=\"next-item-caption nav-item-caption\"><\/span>\n\t\t\t\t\t\t\t<\/div>\n\t\t\t\t\t\t<\/a>\n\t\t\t\t\t<\/span>\n\t\t\t\t\n\n\t\t\t\t\n\n\t\t\t<\/div> <!-- mk-slider-holder -->\n\t\t<\/div> <!-- mk-slider -->\n\t<\/div> <!-- clipper -->\n\n\t<div class=\"mk-section-preloader js-el\" data-mk-component=\"Preloader\">\n\t\t<div class=\"mk-section-preloader__icon\"><\/div>\n\t<\/div>\n\n<\/div> <!-- fixed-parent -->\n<\/div>\n\t<\/div>\n\n<\/div>","protected":false},"excerpt":{"rendered":"[:hu] A Kutat\u00f3k\u00f6zpont kutat\u00e1si \u00e9s termel\u00e9si c\u00e9g elnyerte a \"Szib\u00e9ria legjobb term\u00e9kei \u00e9s szolg\u00e1ltat\u00e1sai GEMMA-2011\" arany\u00e9rmet.[:]","protected":false},"author":9,"featured_media":0,"parent":0,"menu_order":0,"comment_status":"closed","ping_status":"closed","template":"","meta":{"footnotes":""},"class_list":["post-3805","page","type-page","status-publish","hentry"],"_links":{"self":[{"href":"https:\/\/vetomshop.hu\/ru\/wp-json\/wp\/v2\/pages\/3805","targetHints":{"allow":["GET"]}}],"collection":[{"href":"https:\/\/vetomshop.hu\/ru\/wp-json\/wp\/v2\/pages"}],"about":[{"href":"https:\/\/vetomshop.hu\/ru\/wp-json\/wp\/v2\/types\/page"}],"author":[{"embeddable":true,"href":"https:\/\/vetomshop.hu\/ru\/wp-json\/wp\/v2\/users\/9"}],"replies":[{"embeddable":true,"href":"https:\/\/vetomshop.hu\/ru\/wp-json\/wp\/v2\/comments?post=3805"}],"version-history":[{"count":0,"href":"https:\/\/vetomshop.hu\/ru\/wp-json\/wp\/v2\/pages\/3805\/revisions"}],"wp:attachment":[{"href":"https:\/\/vetomshop.hu\/ru\/wp-json\/wp\/v2\/media?parent=3805"}],"curies":[{"name":"wp","href":"https:\/\/api.w.org\/{rel}","templated":true}]}}