{"id":3881,"date":"2023-02-19T16:12:41","date_gmt":"2023-02-19T15:12:41","guid":{"rendered":"https:\/\/vetomshop.hu\/?page_id=3881"},"modified":"2025-05-09T11:33:41","modified_gmt":"2025-05-09T09:33:41","slug":"viszonteladoi-felulet","status":"publish","type":"page","link":"https:\/\/vetomshop.hu\/ru\/viszonteladoi-felulet\/","title":{"rendered":"\u0418\u043d\u0442\u0435\u0440\u0444\u0435\u0439\u0441 \u0440\u0435\u0441\u0435\u043b\u043b\u0435\u0440\u0430"},"content":{"rendered":"<div class=\"wpb-content-wrapper\">\n<div  data-mk-stretch-content=\"true\" class=\"wpb_row vc_row vc_row-fluid jupiter-donut- mk-fullwidth-false  attched-false     js-master-row  mk-grid\">\n\t\t\t\t\n<div class=\"vc_col-sm-12 wpb_column column_container  jupiter-donut- _ jupiter-donut-height-full\">\n\t\n<div data-style=\"accordion-style\" data-initialIndex=\"0\" id=\"mk-accordion-2\" class=\"mk-accordion mobile-false fancy-style \">\n\t<div class=\"wpb_accordion_wrapper\">\n\t\t\n<div id=\"\"class=\"mk-accordion-single\">\n\n\t<div class=\"mk-accordion-tab\">\n\t\t<i><svg  class=\"mk-svg-icon\" data-name=\"mk-moon-cart-plus\" data-cacheid=\"icon-69e4730b24464\" xmlns=\"http:\/\/www.w3.org\/2000\/svg\" viewBox=\"0 0 512 512\"><path d=\"M416 96h-272c-16.138 0-29.751 12.018-31.753 28.031l-28.496 227.969h-51.751c-17.673 0-32 14.327-32 32s14.327 32 32 32h80c16.138 0 29.751-12.017 31.753-28.031l28.496-227.969h219.613l57.369 200.791c4.854 16.993 22.567 26.832 39.56 21.978 16.993-4.855 26.833-22.567 21.978-39.56l-64-224c-3.925-13.737-16.482-23.209-30.769-23.209zm-288-80a48 48 2700 1 0 96 0 48 48 2700 1 0-96 0zm192 0a48 48 2700 1 0 96 0 48 48 2700 1 0-96 0zm64 240h-64v-64h-64v64h-64v64h64v64h64v-64h64z\" transform=\"scale(1 -1) translate(0 -480)\"\/><\/svg><\/i>\t\t<span>Viszontelad\u00f3i partner\u00fcnk szeretn\u00e9l lenni? Regisztr\u00e1lj!<\/span>\n\t\t<svg  class=\"mk-svg-icon\" data-name=\"mk-icon-chevron-right\" data-cacheid=\"icon-69e4730b245a0\" style=\" height:13px; width: 9.2857142857143px; \"  xmlns=\"http:\/\/www.w3.org\/2000\/svg\" viewBox=\"0 0 1280 1792\"><path d=\"M1107 877l-742 742q-19 19-45 19t-45-19l-166-166q-19-19-19-45t19-45l531-531-531-531q-19-19-19-45t19-45l166-166q19-19 45-19t45 19l742 742q19 19 19 45t-19 45z\"\/><\/svg>\t<\/div>\n\n\t<div class=\"mk-accordion-pane\">\n\t\t\t<div class=\" vc_custom_1739640960335\">\n\n<div id=\"text-block-3\" class=\"mk-text-block  jupiter-donut- \">\n\n\t\n\t<p>Szeretn\u00e9m felkelteni a figyelm\u00e9t egy nagyszer\u0171 Probiotikum term\u00e9kcsal\u00e1dra, <strong>A Vil\u00e1g<\/strong> egyik <strong>legjobb Probiotikumja \u2013 \u00abA Vetom\u00bb<\/strong> \u00e9s egy\u00fattal aj\u00e1nlatot tenni, mely mindenkinek nyeres\u00e9ges lehet.<\/p>\n<p style=\"padding-left: 40px;\"><strong>Partneri h\u00e1l\u00f3zatukat folyamatosan b\u0151vy\u00edtj\u00fck belf\u00f6ld\u00f6n \u00e9s k\u00fclf\u00f6ld\u00f6n egyar\u00e1nt<\/strong>, hogy ezek nagyszer\u0171 term\u00e9kek m\u00e9g k\u00f6nnyebben \u00e9s sz\u00e9lesebb k\u00f6rben tudj\u00e1k v\u00e1s\u00e1rl\u00f3k el\u00e9rni.<\/p>\n<p style=\"padding-left: 40px;\">Ha szeretn\u00e9 term\u00e9keinket viszontelad\u00f3k\u00e9nt forgalmazni belf\u00f6ld\u00f6n vagy k\u00fclf\u00f6ld\u00f6n , k\u00e9rem vegye fel vegy\u00fcnk a kapcsolatot vagy regisztr\u00e1ljon<br \/>\n<strong>Pap Tam\u00e1s<\/strong> \u00fcgyvezet\u0151<br \/>\n<strong>Tel:<\/strong> +3630-557-38-46<br \/>\n<strong>E-mail:<\/strong> <a href=\"mailto:vetomshop.hu@gmail.com\">vetomshop.hu@gmail.com<\/a>, <a href=\"mailto:infoshop.vetom.magyarorszag@gmail.com\">infoshop.vetom.magyarorszag@gmail.com<\/a><\/p>\n<p><img loading=\"lazy\" decoding=\"async\" class=\"size-full wp-image-5694 aligncenter\" src=\"https:\/\/vetomshop.hu\/wp-content\/uploads\/2024\/06\/vetom.png\" alt=\"\" width=\"1480\" height=\"969\" srcset=\"https:\/\/vetomshop.hu\/wp-content\/uploads\/2024\/06\/vetom.png 1480w, https:\/\/vetomshop.hu\/wp-content\/uploads\/2024\/06\/vetom-300x196.png 300w, https:\/\/vetomshop.hu\/wp-content\/uploads\/2024\/06\/vetom-1024x670.png 1024w, https:\/\/vetomshop.hu\/wp-content\/uploads\/2024\/06\/vetom-768x503.png 768w, https:\/\/vetomshop.hu\/wp-content\/uploads\/2024\/06\/vetom-1320x864.png 1320w, https:\/\/vetomshop.hu\/wp-content\/uploads\/2024\/06\/vetom-600x393.png 600w\" sizes=\"auto, (max-width: 1480px) 100vw, 1480px\" \/>A piacon egy olyan term\u00e9kcsal\u00e1dot szeretn\u00e9nk n\u00e9pszer\u0171s\u00edteni, melyet az emberek maguk keresnek a polcokon \u00e9s megv\u00e1s\u00e1rl\u00e1skor megk\u00f6sz\u00f6nik . A term\u00e9kek nagyon komoly klinikai vizsg\u00e1latokkal rendelkeznek \u00e9s t\u00f6bbsz\u00f6r\u00f6s <a href=\"\/dijaink\/\">Arany\u00e9rdemrendet \u00e9s egy\u00e9b kit\u00fcntet\u00e9seket kaptak<\/a>.<\/p>\n<p><img loading=\"lazy\" decoding=\"async\" class=\"size-full wp-image-5695 aligncenter\" src=\"https:\/\/vetomshop.hu\/wp-content\/uploads\/2024\/06\/2.jpg\" alt=\"\" width=\"861\" height=\"452\" srcset=\"https:\/\/vetomshop.hu\/wp-content\/uploads\/2024\/06\/2.jpg 861w, https:\/\/vetomshop.hu\/wp-content\/uploads\/2024\/06\/2-300x157.jpg 300w, https:\/\/vetomshop.hu\/wp-content\/uploads\/2024\/06\/2-768x403.jpg 768w, https:\/\/vetomshop.hu\/wp-content\/uploads\/2024\/06\/2-600x315.jpg 600w\" sizes=\"auto, (max-width: 861px) 100vw, 861px\" \/><\/p>\n\n\t<div class=\"clearboth\"><\/div>\n<\/div>\n\n\t<\/div>\n\n\t\t<div class=\"clearboth\"><\/div>\n\t<\/div>\n\n<\/div>\n\n<div id=\"\"class=\"mk-accordion-single\">\n\n\t<div class=\"mk-accordion-tab\">\n\t\t<i><svg  class=\"mk-svg-icon\" data-name=\"mk-moon-stack-checkmark\" data-cacheid=\"icon-69e4730b24f8f\" xmlns=\"http:\/\/www.w3.org\/2000\/svg\" viewBox=\"0 0 512 512\"><path d=\"M160 32v36.948l-83.808 11.778 5.444 38.74-81.636 23.409 105.845 369.125 326.033-93.488 17.87-2.512h62.252v-384h-352zm-34.272 444.13l-89.858-313.371 49.843-14.292 43.922 312.522 95.897-13.479-99.804 28.62zm28.588-47.895l-45.37-322.828 51.054-7.174v317.767h81.375l-87.059 12.235zm37.684-44.235v-320h288v80l-22.628-22.626-137.372 121.371-73.373-57.372-29.254 29.255 102.627 118.627 160-175.364v226.109h-288z\"\/><\/svg><\/i>\t\t<span>Kiknek aj\u00e1nljuk?<\/span>\n\t\t<svg  class=\"mk-svg-icon\" data-name=\"mk-icon-chevron-right\" data-cacheid=\"icon-69e4730b25096\" style=\" height:13px; width: 9.2857142857143px; \"  xmlns=\"http:\/\/www.w3.org\/2000\/svg\" viewBox=\"0 0 1280 1792\"><path d=\"M1107 877l-742 742q-19 19-45 19t-45-19l-166-166q-19-19-19-45t19-45l531-531-531-531q-19-19-19-45t19-45l166-166q19-19 45-19t45 19l742 742q19 19 19 45t-19 45z\"\/><\/svg>\t<\/div>\n\n\t<div class=\"mk-accordion-pane\">\n\t\t\t<div class=\" vc_custom_1676895463403\">\n\n<div id=\"text-block-4\" class=\"mk-text-block  jupiter-donut- \">\n\n\t\n\t<ul>\n<li>Bioboltok<\/li>\n<li>Gy\u00f3gyn\u00f6v\u00e9nybolt<\/li>\n<li>Patika<\/li>\n<li>Orvos<\/li>\n<li>Term\u00e9szetgy\u00f3gy\u00e1sz<\/li>\n<li>Massz\u0151r<\/li>\n<li>\u00c9letm\u00f3dh\u00e1z<\/li>\n<li>Kozmetikus<\/li>\n<li>Wellness\/Fitness<\/li>\n<li>Web\u00e1ruh\u00e1z<\/li>\n<li>Egy\u00e9b<\/li>\n<\/ul>\n<p>\u00cdgy regisztr\u00e1lj oldalunkon!<\/p>\n\n\t<div class=\"clearboth\"><\/div>\n<\/div>\n\n\t<\/div>\n\n\t\t<div class=\"clearboth\"><\/div>\n\t<\/div>\n\n<\/div>\n\n<div id=\"\"class=\"mk-accordion-single\">\n\n\t<div class=\"mk-accordion-tab\">\n\t\t<i><svg  class=\"mk-svg-icon\" data-name=\"mk-moon-vcard\" data-cacheid=\"icon-69e4730b25915\" xmlns=\"http:\/\/www.w3.org\/2000\/svg\" viewBox=\"0 0 512 512\"><path d=\"M448 96h-384c-35.2 0-64 28.8-64 64v224c0 35.2 28.8 64 64 64h384c35.2 0 64-28.8 64-64v-224c0-35.2-28.8-64-64-64zm-384 288c0-70.692 35.817-128 80-128-26.51 0-48-21.49-48-48s21.49-48 48-48 48 21.49 48 48-21.49 48-48 48c44.183 0 80 57.308 80 128h-160zm384 0h-160v-32h160v32zm0-96h-160v-32h160v32zm0-96h-160v-32h160v32z\"\/><\/svg><\/i>\t\t<span>Regisztr\u00e1ci\u00f3s \u0171rlap (Kattintson ide!)<\/span>\n\t\t<svg  class=\"mk-svg-icon\" data-name=\"mk-icon-chevron-right\" data-cacheid=\"icon-69e4730b25a01\" style=\" height:13px; width: 9.2857142857143px; \"  xmlns=\"http:\/\/www.w3.org\/2000\/svg\" viewBox=\"0 0 1280 1792\"><path d=\"M1107 877l-742 742q-19 19-45 19t-45-19l-166-166q-19-19-19-45t19-45l531-531-531-531q-19-19-19-45t19-45l166-166q19-19 45-19t45 19l742 742q19 19 19 45t-19 45z\"\/><\/svg>\t<\/div>\n\n\t<div class=\"mk-accordion-pane\">\n\t\t<div class=\" vc_custom_1676904813452\">\n\n<div id=\"text-block-5\" class=\"mk-text-block  jupiter-donut- \">\n\n\t\n\t<div class=\"wpforms-container wpforms-container-full\" id=\"wpforms-3889\"><form id=\"wpforms-form-3889\" class=\"wpforms-validate wpforms-form wpforms-ajax-form\" data-formid=\"3889\" method=\"post\" enctype=\"multipart\/form-data\" action=\"\/ru\/wp-json\/wp\/v2\/pages\/3881\" data-token=\"b5c16a915f7438e0b51ef91511cbdada\"><noscript class=\"wpforms-error-noscript\">\u0414\u043b\u044f \u0437\u0430\u043f\u043e\u043b\u043d\u0435\u043d\u0438\u044f \u0434\u0430\u043d\u043d\u043e\u0439 \u0444\u043e\u0440\u043c\u044b \u0432\u043a\u043b\u044e\u0447\u0438\u0442\u0435 JavaScript \u0432 \u0431\u0440\u0430\u0443\u0437\u0435\u0440\u0435.<\/noscript><div class=\"wpforms-field-container\"><div id=\"wpforms-3889-field_9-container\" class=\"wpforms-field wpforms-field-layout\" data-field-id=\"9\"><label class=\"wpforms-field-label wpforms-label-hide\" for=\"wpforms-3889-field_9\">KAPCSOLATI ADATOK<\/label><div class=\"wpforms-field-layout-columns wpforms-field-layout-preset-33-33-33\"><div class=\"wpforms-layout-column wpforms-layout-column-33\"><div id=\"wpforms-3889-field_11-container\" class=\"wpforms-field wpforms-field-text\" data-field-id=\"11\"><label class=\"wpforms-field-label\" for=\"wpforms-3889-field_11\">\u00dczlet neve <span class=\"wpforms-required-label\">*<\/span><\/label><input type=\"text\" id=\"wpforms-3889-field_11\" class=\"wpforms-field-medium wpforms-field-required\" name=\"wpforms[fields][11]\" required><\/div><\/div><div class=\"wpforms-layout-column wpforms-layout-column-33\"><div id=\"wpforms-3889-field_12-container\" class=\"wpforms-field wpforms-field-text\" data-field-id=\"12\"><label class=\"wpforms-field-label\" for=\"wpforms-3889-field_12\">Felhaszn\u00e1l\u00f3n\u00e9v <span class=\"wpforms-required-label\">*<\/span><\/label><input type=\"text\" id=\"wpforms-3889-field_12\" class=\"wpforms-field-medium wpforms-field-required\" name=\"wpforms[fields][12]\" required><\/div><\/div><div class=\"wpforms-layout-column wpforms-layout-column-33\"><\/div><\/div><\/div><div id=\"wpforms-3889-field_13-container\" class=\"wpforms-field wpforms-field-layout\" data-field-id=\"13\"><label class=\"wpforms-field-label wpforms-label-hide\" for=\"wpforms-3889-field_13\">SZ\u00c1ML\u00c1Z\u00c1SI ADATOK<\/label><div class=\"wpforms-field-layout-columns wpforms-field-layout-preset-33-33-33\"><div class=\"wpforms-layout-column wpforms-layout-column-33\"><div id=\"wpforms-3889-field_14-container\" class=\"wpforms-field wpforms-field-text\" data-field-id=\"14\"><label class=\"wpforms-field-label\" for=\"wpforms-3889-field_14\">Sz\u00e1ml\u00e1z\u00e1si n\u00e9v <span class=\"wpforms-required-label\">*<\/span><\/label><input type=\"text\" id=\"wpforms-3889-field_14\" class=\"wpforms-field-medium wpforms-field-required\" name=\"wpforms[fields][14]\" required><\/div><div id=\"wpforms-3889-field_25-container\" class=\"wpforms-field wpforms-field-text\" data-field-id=\"25\"><label class=\"wpforms-field-label\" for=\"wpforms-3889-field_25\">Ad\u00f3sz\u00e1m (pl.: 12345678912) <span class=\"wpforms-required-label\">*<\/span><\/label><input type=\"text\" id=\"wpforms-3889-field_25\" class=\"wpforms-field-medium wpforms-field-required\" name=\"wpforms[fields][25]\" required><\/div><div id=\"wpforms-3889-field_18-container\" class=\"wpforms-field wpforms-field-text\" data-field-id=\"18\"><label class=\"wpforms-field-label\" for=\"wpforms-3889-field_18\">Telefonsz\u00e1ma (pl.: +36305679418) <span class=\"wpforms-required-label\">*<\/span><\/label><input type=\"text\" id=\"wpforms-3889-field_18\" class=\"wpforms-field-medium wpforms-field-required\" name=\"wpforms[fields][18]\" required><\/div><\/div><div class=\"wpforms-layout-column wpforms-layout-column-33\"><div id=\"wpforms-3889-field_37-container\" class=\"wpforms-field wpforms-field-number\" data-field-id=\"37\"><label class=\"wpforms-field-label\" for=\"wpforms-3889-field_37\">Irsz. <span class=\"wpforms-required-label\">*<\/span><\/label><input type=\"number\" pattern=\"\\d*\" id=\"wpforms-3889-field_37\" class=\"wpforms-field-medium wpforms-field-required\" name=\"wpforms[fields][37]\" required><\/div><div id=\"wpforms-3889-field_27-container\" class=\"wpforms-field wpforms-field-text\" data-field-id=\"27\"><label class=\"wpforms-field-label\" for=\"wpforms-3889-field_27\">V\u00e1ros <span class=\"wpforms-required-label\">*<\/span><\/label><input type=\"text\" id=\"wpforms-3889-field_27\" class=\"wpforms-field-medium wpforms-field-required\" name=\"wpforms[fields][27]\" required><\/div><div id=\"wpforms-3889-field_26-container\" class=\"wpforms-field wpforms-field-text\" data-field-id=\"26\"><label class=\"wpforms-field-label\" for=\"wpforms-3889-field_26\">Utca, h\u00e1zsz\u00e1m <span class=\"wpforms-required-label\">*<\/span><\/label><input type=\"text\" id=\"wpforms-3889-field_26\" class=\"wpforms-field-medium wpforms-field-required\" name=\"wpforms[fields][26]\" required><\/div><\/div><div class=\"wpforms-layout-column wpforms-layout-column-33\"><div id=\"wpforms-3889-field_15-container\" class=\"wpforms-field wpforms-field-email\" data-field-id=\"15\"><label class=\"wpforms-field-label\" for=\"wpforms-3889-field_15\">Email <span class=\"wpforms-required-label\">*<\/span><\/label><input type=\"email\" id=\"wpforms-3889-field_15\" class=\"wpforms-field-medium wpforms-field-required\" name=\"wpforms[fields][15]\" required><\/div><div id=\"wpforms-3889-field_28-container\" class=\"wpforms-field wpforms-field-text\" data-field-id=\"28\"><label class=\"wpforms-field-label\" for=\"wpforms-3889-field_28\">Weblap c\u00edm<\/label><input type=\"text\" id=\"wpforms-3889-field_28\" class=\"wpforms-field-medium\" name=\"wpforms[fields][28]\" ><\/div><div id=\"wpforms-3889-field_38-container\" class=\"wpforms-field wpforms-field-text\" data-field-id=\"38\"><label class=\"wpforms-field-label\" for=\"wpforms-3889-field_38\">Sz\u00e1ml\u00e1z\u00e1si kapcsolattart\u00f3 neve<\/label><input type=\"text\" id=\"wpforms-3889-field_38\" class=\"wpforms-field-medium\" name=\"wpforms[fields][38]\" ><\/div><\/div><\/div><\/div><div id=\"wpforms-3889-field_30-container\" class=\"wpforms-field wpforms-field-layout\" data-field-id=\"30\"><label class=\"wpforms-field-label wpforms-label-hide\" for=\"wpforms-3889-field_30\">Layout<\/label><div class=\"wpforms-field-layout-columns wpforms-field-layout-preset-67-33\"><div class=\"wpforms-layout-column wpforms-layout-column-67\"><div id=\"wpforms-3889-field_2-container\" class=\"wpforms-field wpforms-field-textarea\" data-field-id=\"2\"><label class=\"wpforms-field-label\" for=\"wpforms-3889-field_2\">Megjegyz\u00e9s<\/label><textarea id=\"wpforms-3889-field_2\" class=\"wpforms-field-medium\" name=\"wpforms[fields][2]\" ><\/textarea><\/div><\/div><div class=\"wpforms-layout-column wpforms-layout-column-33\"><\/div><\/div><\/div><div id=\"wpforms-3889-field_39-container\" class=\"wpforms-field wpforms-field-layout\" data-field-id=\"39\"><label class=\"wpforms-field-label wpforms-label-hide\" for=\"wpforms-3889-field_39\">SZ\u00c1LL\u00cdT\u00c1SI ADATOK<\/label><div class=\"wpforms-field-layout-columns wpforms-field-layout-preset-33-33-33\"><div class=\"wpforms-layout-column wpforms-layout-column-33\"><div id=\"wpforms-3889-field_19-container\" class=\"wpforms-field wpforms-field-checkbox\" data-field-id=\"19\"><label class=\"wpforms-field-label wpforms-label-hide\" for=\"wpforms-3889-field_19\">\u2193<\/label><ul id=\"wpforms-3889-field_19\"><li class=\"choice-1 depth-1\"><input type=\"checkbox\" id=\"wpforms-3889-field_19_1\" name=\"wpforms[fields][19][]\" value=\"Megegyezik a sz\u00e1ml\u00e1z\u00e1si adatokkal\"  ><label class=\"wpforms-field-label-inline\" for=\"wpforms-3889-field_19_1\">Megegyezik a sz\u00e1ml\u00e1z\u00e1si adatokkal<\/label><\/li><\/ul><\/div><\/div><div class=\"wpforms-layout-column wpforms-layout-column-33\"><\/div><div class=\"wpforms-layout-column wpforms-layout-column-33\"><\/div><\/div><\/div><div id=\"wpforms-3889-field_47-container\" class=\"wpforms-field wpforms-field-layout\" data-field-id=\"47\"><label class=\"wpforms-field-label wpforms-label-hide\" for=\"wpforms-3889-field_47\">SZ\u00c1LL\u00cdT\u00c1SI <\/label><div class=\"wpforms-field-layout-columns wpforms-field-layout-preset-33-33-33\"><div class=\"wpforms-layout-column wpforms-layout-column-33\"><div id=\"wpforms-3889-field_49-container\" class=\"wpforms-field wpforms-field-text\" data-field-id=\"49\"><label class=\"wpforms-field-label\" for=\"wpforms-3889-field_49\">Sz\u00e1ll\u00edt\u00e1si n\u00e9v <\/label><input type=\"text\" id=\"wpforms-3889-field_49\" class=\"wpforms-field-medium\" name=\"wpforms[fields][49]\" ><\/div><div id=\"wpforms-3889-field_52-container\" class=\"wpforms-field wpforms-field-text\" data-field-id=\"52\"><label class=\"wpforms-field-label\" for=\"wpforms-3889-field_52\">Telefonsz\u00e1ma (pl.: +36305679418) <\/label><input type=\"text\" id=\"wpforms-3889-field_52\" class=\"wpforms-field-medium\" name=\"wpforms[fields][52]\" ><\/div><\/div><div class=\"wpforms-layout-column wpforms-layout-column-33\"><div id=\"wpforms-3889-field_54-container\" class=\"wpforms-field wpforms-field-number\" data-field-id=\"54\"><label class=\"wpforms-field-label\" for=\"wpforms-3889-field_54\">Irsz. <\/label><input type=\"number\" pattern=\"\\d*\" id=\"wpforms-3889-field_54\" class=\"wpforms-field-medium\" name=\"wpforms[fields][54]\" ><\/div><div id=\"wpforms-3889-field_50-container\" class=\"wpforms-field wpforms-field-text\" data-field-id=\"50\"><label class=\"wpforms-field-label\" for=\"wpforms-3889-field_50\">V\u00e1ros<\/label><input type=\"text\" id=\"wpforms-3889-field_50\" class=\"wpforms-field-medium\" name=\"wpforms[fields][50]\" ><\/div><\/div><div class=\"wpforms-layout-column wpforms-layout-column-33\"><div id=\"wpforms-3889-field_51-container\" class=\"wpforms-field wpforms-field-text\" data-field-id=\"51\"><label class=\"wpforms-field-label\" for=\"wpforms-3889-field_51\">Utca<\/label><input type=\"text\" id=\"wpforms-3889-field_51\" class=\"wpforms-field-medium\" name=\"wpforms[fields][51]\" ><\/div><div id=\"wpforms-3889-field_53-container\" class=\"wpforms-field wpforms-field-text\" data-field-id=\"53\"><label class=\"wpforms-field-label\" for=\"wpforms-3889-field_53\">H\u00e1zsz\u00e1m <\/label><input type=\"text\" id=\"wpforms-3889-field_53\" class=\"wpforms-field-medium\" name=\"wpforms[fields][53]\" ><\/div><\/div><\/div><\/div><div id=\"wpforms-3889-field_31-container\" class=\"wpforms-field wpforms-field-layout\" data-field-id=\"31\"><label class=\"wpforms-field-label wpforms-label-hide\" for=\"wpforms-3889-field_31\">Layout<\/label><div class=\"wpforms-field-layout-columns wpforms-field-layout-preset-33-33-33\"><div class=\"wpforms-layout-column wpforms-layout-column-33\"><div id=\"wpforms-3889-field_7-container\" class=\"wpforms-field wpforms-field-select wpforms-field-select-style-classic\" data-field-id=\"7\"><label class=\"wpforms-field-label\" for=\"wpforms-3889-field_7\">V\u00c1LLALKOZ\u00c1S KATEG\u00d3RI\u00c1JA <span class=\"wpforms-required-label\">*<\/span><\/label><select id=\"wpforms-3889-field_7\" class=\"wpforms-field-medium wpforms-field-required\" name=\"wpforms[fields][7]\" required=\"required\"><option value=\"V\u00e1lassz kateg\u00f3ri\u00e1t!\"  selected='selected'>V\u00e1lassz kateg\u00f3ri\u00e1t!<\/option><option value=\"Bioboltok\" >Bioboltok<\/option><option value=\"Gy\u00f3gyn\u00f6v\u00e9nybolt\" >Gy\u00f3gyn\u00f6v\u00e9nybolt<\/option><option value=\"Patika\" >Patika<\/option><option value=\"Orvos\" >Orvos<\/option><option value=\"Term\u00e9szetgy\u00f3gy\u00e1sz\" >Term\u00e9szetgy\u00f3gy\u00e1sz<\/option><option value=\"Massz\u0151r\" >Massz\u0151r<\/option><option value=\"\u00c9letm\u00f3dh\u00e1z\" >\u00c9letm\u00f3dh\u00e1z<\/option><option value=\"Kozmetikus\" >Kozmetikus<\/option><option value=\"Wellness\/Fitness\" >Wellness\/Fitness<\/option><option value=\"Web\u00e1ruh\u00e1z\" >Web\u00e1ruh\u00e1z<\/option><option value=\"Egy\u00e9b\" >Egy\u00e9b<\/option><\/select><\/div><\/div><div class=\"wpforms-layout-column wpforms-layout-column-33\"><\/div><div class=\"wpforms-layout-column wpforms-layout-column-33\"><\/div><\/div><\/div><div id=\"wpforms-3889-field_32-container\" class=\"wpforms-field wpforms-field-layout\" data-field-id=\"32\"><label class=\"wpforms-field-label wpforms-label-hide\" for=\"wpforms-3889-field_32\">Layout<\/label><div class=\"wpforms-field-layout-columns wpforms-field-layout-preset-67-33\"><div class=\"wpforms-layout-column wpforms-layout-column-67\"><div id=\"wpforms-3889-field_33-container\" class=\"wpforms-field wpforms-field-textarea\" data-field-id=\"33\"><label class=\"wpforms-field-label\" for=\"wpforms-3889-field_33\">Megjegyz\u00e9s <\/label><textarea id=\"wpforms-3889-field_33\" class=\"wpforms-field-medium\" name=\"wpforms[fields][33]\" ><\/textarea><div class=\"wpforms-field-description\">(K\u00e9rj\u00fck, ide \u00edrd az \u00e9p\u00fclet, l\u00e9pcs\u0151h\u00e1z, emelet, ajt\u00f3 sz\u00e1m\u00e1t, illetve egy\u00e9b megjegyz\u00e9st, ami a sz\u00e1ll\u00edt\u00e1shoz fontos inform\u00e1ci\u00f3)<\/div><\/div><\/div><div class=\"wpforms-layout-column wpforms-layout-column-33\"><\/div><\/div><\/div><div id=\"wpforms-3889-field_34-container\" class=\"wpforms-field wpforms-field-checkbox\" data-field-id=\"34\"><label class=\"wpforms-field-label wpforms-label-hide\" for=\"wpforms-3889-field_34\">Megegyezik a sz\u00e1ml\u00e1z\u00e1si adatokkal (\u043a\u043e\u043f\u0438\u044f) <span class=\"wpforms-required-label\">*<\/span><\/label><ul id=\"wpforms-3889-field_34\" class=\"wpforms-field-required\"><li class=\"choice-1 depth-1\"><input type=\"checkbox\" id=\"wpforms-3889-field_34_1\" name=\"wpforms[fields][34][]\" value=\"Elfogadom az &lt;a href=&quot;https:\/\/vetomshop.hu\/vetomshop-hu-aszf.pdf&quot; target=&quot;_blank&quot;&gt;\u00c1SZF-ben&lt;\/a&gt; \u00e9s hozz\u00e1j\u00e1rulok az adataim kezel\u00e9s\u00e9hez.\" required ><label class=\"wpforms-field-label-inline\" for=\"wpforms-3889-field_34_1\">Elfogadom az <a href=\"https:\/\/vetomshop.hu\/vetomshop-hu-aszf.pdf\" target=\"_blank\">\u00c1SZF-ben<\/a> \u00e9s hozz\u00e1j\u00e1rulok az adataim kezel\u00e9s\u00e9hez.<\/label><\/li><\/ul><\/div><\/div><div class=\"wpforms-submit-container\"><input type=\"hidden\" name=\"wpforms[id]\" value=\"3889\"><input type=\"hidden\" name=\"wpforms[author]\" value=\"9\"><button type=\"submit\" name=\"wpforms[submit]\" id=\"wpforms-submit-3889\" class=\"wpforms-submit\" data-alt-text=\"K\u00fcld\u00e9s...\" data-submit-text=\"ADATOK R\u00d6GZ\u00cdT\u00c9SE\" aria-live=\"assertive\" value=\"wpforms-submit\">ADATOK R\u00d6GZ\u00cdT\u00c9SE<\/button><img loading=\"lazy\" decoding=\"async\" src=\"https:\/\/vetomshop.hu\/wp-content\/plugins\/wpforms\/assets\/images\/submit-spin.svg\" class=\"wpforms-submit-spinner\" style=\"display: none;\" width=\"26\" height=\"26\" alt=\"\u0417\u0430\u0433\u0440\u0443\u0437\u043a\u0430\"><\/div><\/form><\/div>  <!-- .wpforms-container -->\n\n\t<div class=\"clearboth\"><\/div>\n<\/div>\n\n\t<\/div>\n\n\t<div class=\"wpb_raw_code wpb_raw_html wpb_content_element\" >\n\t\t<div class=\"wpb_wrapper\">\n\t\t\t<div class=\"my-acc-tab\">\n<i><svg class=\"mk-svg-icon\" data-name=\"mk-li-clock\" data-cacheid=\"icon-63f3884cd580a\" xmlns=\"http:\/\/www.w3.org\/2000\/svg\" viewBox=\"0 0 512 512\"><path d=\"M256 4.877c-138.69 0-251.123 112.433-251.123 251.123 0 138.689 112.433 251.123 251.123 251.123 138.689 0 251.123-112.434 251.123-251.123 0-138.69-112.434-251.123-251.123-251.123zm0 470.856c-121.163 0-219.733-98.574-219.733-219.733s98.57-219.733 219.733-219.733c121.162 0 219.733 98.574 219.733 219.733 0 121.158-98.571 219.733-219.733 219.733zm0-423.767c-30.333 0-59.156 6.656-85.052 18.589-52.618 24.228-93.236 70.21-110.257 126.35-5.671 18.715-8.729 38.556-8.729 59.095 0 112.502 91.534 204.034 204.038 204.034 112.502 0 204.038-91.531 204.038-204.034 0-112.503-91.536-204.034-204.038-204.034zm0 392.372c-103.851 0-188.342-84.488-188.342-188.338 0-18.558 2.713-36.905 8.054-54.538 15.626-51.538 52.726-94.057 101.805-116.653 24.692-11.377 51.1-17.148 78.483-17.148 103.85 0 188.342 84.489 188.342 188.339s-84.492 188.338-188.342 188.338zm15.695-194.841v-150.446c0-8.667-7.028-15.695-15.695-15.695-8.668 0-15.695 7.028-15.695 15.695v156.949c0 4.161 1.655 8.154 4.598 11.096l86.324 86.324c3.065 3.065 7.082 4.599 11.097 4.599 4.016 0 8.031-1.533 11.096-4.599 6.131-6.127 6.131-16.066 0-22.194l-81.725-81.729z\"><\/path><\/svg><\/i><span>Ezt k\u00f6vet\u0151en, k\u00e9rlek, v\u00e1rj 1 munkanapot, \u00e9s Mi e-mailben megk\u00fcldj\u00fck az \u00e1ltalad k\u00e9rt  inform\u00e1ci\u00f3t.<\/span><\/div>\n\n<div class=\"my-acc-tab\">\n<i><svg class=\"mk-svg-icon\" data-name=\"mk-moon-tag-8\" data-cacheid=\"icon-63f38e7f6b0f0\" xmlns=\"http:\/\/www.w3.org\/2000\/svg\" viewBox=\"0 0 512 512\"><path d=\"M192 256h32v64h-32zm64 96h32v64h-32zm144.443-208.971l-115.552-126.058c-8.557-9.334-25.457-16.971-37.558-16.971h-14.667c-12.1 0-29 7.637-37.556 16.971l-115.553 126.058c-8.557 9.334-15.557 27.771-15.557 40.971v304c0 13.2 9.9 24 22 24h308c12.101 0 22-10.8 22-24v-304c0-13.2-7-31.637-15.557-40.971zm-80.443 112.971h-64v64h64v128h-64v32h-32v-32h-64v-32h64v-64h-64v-128h64v-32h32v32h64v32zm-55-176c0 13.807-11.193 25-25 25s-25-11.193-25-25 11.193-25 25-25 25 11.193 25 25z\"><\/path><\/svg><\/i> <span>L\u00e9gy \u00fcdv\u00f6z\u00f6lve N\u00e1lunk, \u00e9s v\u00e1logass kedvedre term\u00e9keinkb\u0151l.<\/span><\/div>\n\n\n\t\t<\/div>\n\t<\/div>\n\t\t<div class=\"clearboth\"><\/div>\n\t<\/div>\n\n<\/div>\n\t<\/div>\n<\/div>\n\n\n<\/div>\n\t<\/div>\n\n<\/div>","protected":false},"excerpt":{"rendered":"Viszontelad\u00f3i partner\u00fcnk szeretn\u00e9l lenni? Regisztr\u00e1lj! Szeretn\u00e9m felkelteni a figyelm\u00e9t egy nagyszer\u0171 Probiotikum term\u00e9kcsal\u00e1dra, A Vil\u00e1g egyik legjobb Probiotikumja \u2013 \u00abA Vetom\u00bb \u00e9s egy\u00fattal aj\u00e1nlatot tenni, mely mindenkinek nyeres\u00e9ges lehet. Partneri h\u00e1l\u00f3zatukat folyamatosan b\u0151vy\u00edtj\u00fck belf\u00f6ld\u00f6n \u00e9s k\u00fclf\u00f6ld\u00f6n egyar\u00e1nt, hogy ezek nagyszer\u0171 term\u00e9kek m\u00e9g k\u00f6nnyebben \u00e9s sz\u00e9lesebb k\u00f6rben tudj\u00e1k v\u00e1s\u00e1rl\u00f3k el\u00e9rni. Ha szeretn\u00e9 term\u00e9keinket viszontelad\u00f3k\u00e9nt forgalmazni belf\u00f6ld\u00f6n [...]","protected":false},"author":9,"featured_media":0,"parent":0,"menu_order":0,"comment_status":"closed","ping_status":"closed","template":"","meta":{"footnotes":""},"class_list":["post-3881","page","type-page","status-publish","hentry"],"_links":{"self":[{"href":"https:\/\/vetomshop.hu\/ru\/wp-json\/wp\/v2\/pages\/3881","targetHints":{"allow":["GET"]}}],"collection":[{"href":"https:\/\/vetomshop.hu\/ru\/wp-json\/wp\/v2\/pages"}],"about":[{"href":"https:\/\/vetomshop.hu\/ru\/wp-json\/wp\/v2\/types\/page"}],"author":[{"embeddable":true,"href":"https:\/\/vetomshop.hu\/ru\/wp-json\/wp\/v2\/users\/9"}],"replies":[{"embeddable":true,"href":"https:\/\/vetomshop.hu\/ru\/wp-json\/wp\/v2\/comments?post=3881"}],"version-history":[{"count":3,"href":"https:\/\/vetomshop.hu\/ru\/wp-json\/wp\/v2\/pages\/3881\/revisions"}],"predecessor-version":[{"id":6721,"href":"https:\/\/vetomshop.hu\/ru\/wp-json\/wp\/v2\/pages\/3881\/revisions\/6721"}],"wp:attachment":[{"href":"https:\/\/vetomshop.hu\/ru\/wp-json\/wp\/v2\/media?parent=3881"}],"curies":[{"name":"wp","href":"https:\/\/api.w.org\/{rel}","templated":true}]}}