{"id":542,"date":"2019-11-14T15:32:08","date_gmt":"2019-11-14T15:32:08","guid":{"rendered":"https:\/\/vetomshop.hu\/?page_id=542"},"modified":"2026-02-01T15:48:08","modified_gmt":"2026-02-01T14:48:08","slug":"vetom-probiotikumok","status":"publish","type":"page","link":"https:\/\/vetomshop.hu\/ru\/vetom-probiotikumok\/","title":{"rendered":"\u041f\u0440\u043e\u0431\u0438\u043e\u0442\u0438\u043a\u0438 \u0412\u0435\u0442\u043e\u043c"},"content":{"rendered":"<div class=\"wpb-content-wrapper\">\n<div  data-mk-stretch-content=\"true\" class=\"wpb_row vc_row vc_row-fluid jupiter-donut- mk-fullwidth-false  attched-false     js-master-row  mk-grid\">\n\t\t\t\t\n<div class=\"vc_col-sm-12 wpb_column column_container  jupiter-donut- _ jupiter-donut-height-full\">\n\t<\/div>\n\t<\/div>\n\n<div  data-mk-stretch-content=\"true\" class=\"wpb_row vc_row vc_row-fluid jupiter-donut- mk-fullwidth-false  attched-false     js-master-row  mk-grid\">\n\t\t\t\t\n<div class=\"vc_col-sm-6 wpb_column column_container  jupiter-donut- _ jupiter-donut-height-full\">\n\t<div  class=\"mk-image mk-image-3 jupiter-donut-  mk-image-lazyload align-center simple-frame inside-image\" style=\"margin-bottom:10px\"><div class=\"mk-image-container\" style=\"max-width: 589px;\"><div  class=\"mk-image-holder\" style=\"max-width: 589px;\"><div class=\"mk-image-inner\"><a href=\"\/ru\/kapszulas-kiszereles\/\" target=\"_self\" class=\"mk-image-link\"><img loading=\"lazy\" decoding=\"async\" class=\"lightbox-false\" alt=\"vetom-termekek777\" title=\"vetom-products777\" width=\"589\" height=\"282\" src=\"https:\/\/vetomshop.hu\/wp-content\/uploads\/bfi_thumb\/vetom-termekek777-pai048h8c5tw95t33m195u0q92bzm6p6tczuf0yx0g.jpg\" \/><\/a><\/div><\/div><div class=\"clearboth\"><\/div><\/div><\/div>\n<h2 id=\"fancy-title-4\" class=\"mk-fancy-title  simple-style jupiter-donut-  color-single\">\n\t<span>\n\t\t\t\t<p><a href=\"\/ru\/kapszulas-kiszereles\/\">\u0423\u043f\u0430\u043a\u043e\u0432\u043a\u0430 \u043a\u0430\u043f\u0441\u0443\u043b<\/a><\/p>\n\t\t\t<\/span>\n<\/h2>\n<div class=\"clearboth\"><\/div>\n\n\n\n<style>#fancy-title-4 {font-family: \"Lato\"}<\/style><\/div>\n\n<div class=\"vc_col-sm-6 wpb_column column_container  jupiter-donut- _ jupiter-donut-height-full\">\n\t<div  class=\"mk-image mk-image-6 jupiter-donut-  mk-image-lazyload align-center simple-frame inside-image\" style=\"margin-bottom:10px\"><div class=\"mk-image-container\" style=\"max-width: 800px;\"><div  class=\"mk-image-holder\" style=\"max-width: 800px;\"><div class=\"mk-image-inner\"><a href=\"\/ru\/cseppek\/\" target=\"_self\" class=\"mk-image-link\"><img loading=\"lazy\" decoding=\"async\" class=\"lightbox-false\" alt=\"vetom-cseppe\" title=\"vetom-cseppe\" width=\"800\" height=\"450\" src=\"https:\/\/vetomshop.hu\/wp-content\/uploads\/bfi_thumb\/vetom-cseppe-p8gqpftbk2to7lbrpc4t8bs1z30894i06co0pnj4bk.png\" \/><\/a><\/div><\/div><div class=\"clearboth\"><\/div><\/div><\/div>\n<h2 id=\"fancy-title-7\" class=\"mk-fancy-title  simple-style jupiter-donut-  color-single\">\n\t<span>\n\t\t\t\t<p><a href=\"\/ru\/cseppek\/\">\u041a\u0430\u043f\u0435\u043b\u044c\u043a\u0438<\/a><\/p>\n\t\t\t<\/span>\n<\/h2>\n<div class=\"clearboth\"><\/div>\n\n\n\n<style>#fancy-title-7 {font-family: \"Lato\"}<\/style><\/div>\n\t<\/div>\n\n<div  data-mk-stretch-content=\"true\" class=\"wpb_row vc_row vc_row-fluid jupiter-donut- mk-fullwidth-false  attched-false     js-master-row  mk-grid\">\n\t\t\t\t\n<div class=\"vc_col-sm-6 wpb_column column_container  jupiter-donut- _ jupiter-donut-height-full\">\n\t<div  class=\"mk-image mk-image-9 jupiter-donut-  mk-image-lazyload align-center simple-frame inside-image\" style=\"margin-bottom:10px\"><div class=\"mk-image-container\" style=\"max-width: 589px;\"><div  class=\"mk-image-holder\" style=\"max-width: 589px;\"><div class=\"mk-image-inner\"><a href=\"\/ru\/pezsgotabletta\/\" target=\"_self\" class=\"mk-image-link\"><img loading=\"lazy\" decoding=\"async\" class=\"lightbox-false\" alt=\"vetomg\" title=\"vetomg\" width=\"589\" height=\"282\" src=\"https:\/\/vetomshop.hu\/wp-content\/uploads\/bfi_thumb\/vetomg-paib0yfpr9fp01cwvv8tf8ct5knslmrwh5e1pwofc0.jpg\" \/><\/a><\/div><\/div><div class=\"clearboth\"><\/div><\/div><\/div>\n<h2 id=\"fancy-title-10\" class=\"mk-fancy-title  simple-style jupiter-donut-  color-single\">\n\t<span>\n\t\t\t\t<p><a href=\"https:\/\/vetomshop.hu\/ru\/pezsgotabletta\/\">\u0422\u0430\u0431\u043b\u0435\u0442\u043a\u0430 \u0434\u043b\u044f \u0448\u0430\u043c\u043f\u0430\u043d\u0441\u043a\u043e\u0433\u043e<\/a><\/p>\n\t\t\t<\/span>\n<\/h2>\n<div class=\"clearboth\"><\/div>\n\n\n\n<style>#fancy-title-10 {font-family: \"Lato\"}<\/style><\/div>\n\n<div class=\"vc_col-sm-6 wpb_column column_container  jupiter-donut- _ jupiter-donut-height-full\">\n\t<div  class=\"mk-image mk-image-12 jupiter-donut-  mk-image-lazyload align-center simple-frame inside-image\" style=\"margin-bottom:10px\"><div class=\"mk-image-container\" style=\"max-width: 800px;\"><div  class=\"mk-image-holder\" style=\"max-width: 800px;\"><div class=\"mk-image-inner\"><a href=\"\/ru\/por-kiszereles\/\" target=\"_self\" class=\"mk-image-link\"><img loading=\"lazy\" decoding=\"async\" class=\"lightbox-false\" alt=\"por\" title=\"por\" width=\"800\" height=\"400\" src=\"https:\/\/vetomshop.hu\/wp-content\/uploads\/bfi_thumb\/por-qk4nl47k8tsfl5cxcctw9620sb5on4cmvm1bl5zwdc.jpg\" \/><\/a><\/div><\/div><div class=\"clearboth\"><\/div><\/div><\/div>\n<h2 id=\"fancy-title-13\" class=\"mk-fancy-title  simple-style jupiter-donut-  color-single\">\n\t<span>\n\t\t\t\t<p><a href=\"https:\/\/vetomshop.hu\/ru\/por-kiszereles\/\">\u0420\u0435\u0446\u0435\u043f\u0442\u0443\u0440\u0430 \u043f\u043e\u0440\u043e\u0448\u043a\u0430<\/a><\/p>\n\t\t\t<\/span>\n<\/h2>\n<div class=\"clearboth\"><\/div>\n\n\n\n<style>#fancy-title-13 {font-family: \"Lato\"}<\/style><\/div>\n\t<\/div>\n\n<div  data-mk-stretch-content=\"true\" class=\"wpb_row vc_row vc_row-fluid jupiter-donut- mk-fullwidth-false  attched-false     js-master-row  mk-grid\">\n\t\t\t\t\n<div class=\"vc_col-sm-6 wpb_column column_container  jupiter-donut- _ jupiter-donut-height-full\">\n\t<div  class=\"mk-image mk-image-15 jupiter-donut-  mk-image-lazyload align-center simple-frame inside-image\" style=\"margin-bottom:10px\"><div class=\"mk-image-container\" style=\"max-width: 800px;\"><div  class=\"mk-image-holder\" style=\"max-width: 800px;\"><div class=\"mk-image-inner\"><a href=\"\/ru\/kenocsok\/\" target=\"_self\" class=\"mk-image-link\"><img loading=\"lazy\" decoding=\"async\" class=\"lightbox-false\" alt=\"2\" title=\"2\" width=\"800\" height=\"400\" src=\"https:\/\/vetomshop.hu\/wp-content\/uploads\/bfi_thumb\/2-rahtenlohwhldat7978odsur2w3m4ktxgc5l5ae3kw.jpg\" \/><\/a><\/div><\/div><div class=\"clearboth\"><\/div><\/div><\/div>\n<h2 id=\"fancy-title-16\" class=\"mk-fancy-title  simple-style jupiter-donut-  color-single\">\n\t<span>\n\t\t\t\t<p><a href=\"\/ru\/kenocsok\/\">\u041c\u0430\u0437\u0438 \/ \u043a\u0440\u0435\u043c\u044b<\/a><\/p>\n\t\t\t<\/span>\n<\/h2>\n<div class=\"clearboth\"><\/div>\n\n\n\n<style>#fancy-title-16 {font-family: \"Lato\"}<\/style><\/div>\n\n<div class=\"vc_col-sm-6 wpb_column column_container  jupiter-donut- _ jupiter-donut-height-full\">\n\t<div  class=\"mk-image mk-image-18 jupiter-donut-  mk-image-lazyload align-center simple-frame inside-image\" style=\"margin-bottom:10px\"><div class=\"mk-image-container\" style=\"max-width: 800px;\"><div  class=\"mk-image-holder\" style=\"max-width: 800px;\"><div class=\"mk-image-inner\"><a href=\"\/ru\/vetom-mezpaszta\/\" target=\"_self\" class=\"mk-image-link\"><img loading=\"lazy\" decoding=\"async\" class=\"lightbox-false\" alt=\"1\" title=\"1\" width=\"800\" height=\"400\" src=\"https:\/\/vetomshop.hu\/wp-content\/uploads\/bfi_thumb\/1-rahtephcvkk60iqgy81xisdo9nucjz1e4lgk3ubb8g.jpg\" \/><\/a><\/div><\/div><div class=\"clearboth\"><\/div><\/div><\/div>\n<h2 id=\"fancy-title-19\" class=\"mk-fancy-title  simple-style jupiter-donut-  color-single\">\n\t<span>\n\t\t\t\t<p><a href=\"\/ru\/vetom-mezpaszta\/\">\u041f\u0440\u043e\u0431\u0438\u043e\u0442\u0438\u0447\u0435\u0441\u043a\u0438\u0439 \u043c\u0435\u0434\u043e\u0432\u044b\u0439 \u043a\u0440\u0435\u043c<\/a><\/p>\n\t\t\t<\/span>\n<\/h2>\n<div class=\"clearboth\"><\/div>\n\n\n\n<style>#fancy-title-19 {font-family: \"Lato\"}<\/style><\/div>\n\t<\/div>\n\n<div  data-mk-stretch-content=\"true\" class=\"wpb_row vc_row vc_row-fluid jupiter-donut- mk-fullwidth-false  attched-false     js-master-row  mk-grid\">\n\t\t\t\t\n<div class=\"vc_col-sm-3 wpb_column column_container  jupiter-donut- _ jupiter-donut-height-full\">\n\t<\/div>\n\n<div class=\"vc_col-sm-6 wpb_column column_container  jupiter-donut- _ jupiter-donut-height-full\">\n\t<\/div>\n\n<div class=\"vc_col-sm-3 wpb_column column_container  jupiter-donut- _ jupiter-donut-height-full\">\n\t<\/div>\n\t<\/div>\n\n<div  data-mk-stretch-content=\"true\" class=\"wpb_row vc_row vc_row-fluid jupiter-donut- mk-fullwidth-false  attched-false     js-master-row  mk-grid\">\n\t\t\t\t\n<div class=\"vc_col-sm-12 wpb_column column_container  jupiter-donut- _ jupiter-donut-height-full\">\n\t\n<div id=\"padding-24\" class=\"mk-padding-divider jupiter-donut-  jupiter-donut-clearfix\"><\/div>\n\n<\/div>\n\t<\/div>\n\n<div  data-mk-stretch-content=\"true\" class=\"wpb_row vc_row vc_row-fluid jupiter-donut- mk-fullwidth-false  attched-false     js-master-row  mk-grid\">\n\t\t\t\t\n<div class=\"vc_col-sm-12 wpb_column column_container  jupiter-donut- _ jupiter-donut-height-full\">\n\t<\/div>\n\t<\/div>\n\n<div  data-mk-stretch-content=\"true\" class=\"wpb_row vc_row vc_row-fluid jupiter-donut- mk-fullwidth-false  attched-false     js-master-row  mk-grid\">\n\t\t\t\t\n<div class=\"vc_col-sm-12 wpb_column column_container  jupiter-donut- _ jupiter-donut-height-full\">\n\t<div  class=\"mk-image mk-image-27 jupiter-donut-  mk-image-lazyload align-center simple-frame inside-image\" style=\"margin-bottom:-32px\"><div class=\"mk-image-container\" style=\"max-width: 800px;\"><div  class=\"mk-image-holder\" style=\"max-width: 800px;\"><div class=\"mk-image-inner\"><a href=\"\/ru\/vetom-probiotikum-akcios-csomag-ajanlatok\/\" target=\"_self\" class=\"mk-image-link\"><img loading=\"lazy\" decoding=\"async\" class=\"lightbox-false\" alt=\"virxn\" title=\"virxn\" width=\"800\" height=\"400\" src=\"https:\/\/vetomshop.hu\/wp-content\/uploads\/bfi_thumb\/virxn-pf1vvuqlvhxzpr4r822nyjr9hj2w7op9y9o2npst5s.jpg\" \/><\/a><\/div><\/div><div class=\"clearboth\"><\/div><\/div><\/div>\n<h2 id=\"fancy-title-28\" class=\"mk-fancy-title  simple-style jupiter-donut-  color-single\">\n\t<span>\n\t\t\t\t<p><a href=\"\/ru\/vetom-probiotikum-akcios-csomag-ajanlatok\/\"><br \/>\n\u0421\u043f\u0435\u0446\u0438\u0430\u043b\u044c\u043d\u044b\u0435 \u043f\u0430\u043a\u0435\u0442\u043d\u044b\u0435 \u043f\u0440\u0435\u0434\u043b\u043e\u0436\u0435\u043d\u0438\u044f<br \/>\n<\/a><\/p>\n\t\t\t<\/span>\n<\/h2>\n<div class=\"clearboth\"><\/div>\n\n\n\n<style>#fancy-title-28 {font-family: \"Lato\"}<\/style><\/div>\n\t<\/div>\n\n<div  data-mk-stretch-content=\"true\" class=\"wpb_row vc_row vc_row-fluid jupiter-donut- mk-fullwidth-false  attched-false     js-master-row  mk-grid\">\n\t\t\t\t\n<div class=\"vc_col-sm-6 wpb_column column_container  jupiter-donut- _ jupiter-donut-height-full\">\n\t<div  class=\"mk-image mk-image-30 jupiter-donut-  mk-image-lazyload align-center simple-frame inside-image\" style=\"margin-bottom:10px\"><div class=\"mk-image-container\" style=\"max-width: 589px;\"><div  class=\"mk-image-holder\" style=\"max-width: 589px;\"><div class=\"mk-image-inner\"><a href=\"\/ru\/vetom-probiotikum-kapszula-50-szemes\/\" target=\"_self\" class=\"mk-image-link\"><img loading=\"lazy\" decoding=\"async\" class=\"lightbox-false\" alt=\"vetom-termekek777\" title=\"vetom-products777\" width=\"589\" height=\"282\" src=\"https:\/\/vetomshop.hu\/wp-content\/uploads\/bfi_thumb\/vetom-termekek777-pai048h8c5tw95t33m195u0q92bzm6p6tczuf0yx0g.jpg\" \/><\/a><\/div><\/div><div class=\"clearboth\"><\/div><\/div><\/div>\n<h2 id=\"fancy-title-31\" class=\"mk-fancy-title  simple-style jupiter-donut-  color-single\">\n\t<span>\n\t\t\t\t<p><a href=\"\/ru\/vetom-probiotikum-kapszula-50-szemes\/\">\u0423\u043f\u0430\u043a\u043e\u0432\u043a\u0430 \u043a\u0430\u043f\u0441\u0443\u043b<\/a><\/p>\n\t\t\t<\/span>\n<\/h2>\n<div class=\"clearboth\"><\/div>\n\n\n\n<style>#fancy-title-31 {font-family: \"Lato\"}<\/style><\/div>\n\n<div class=\"vc_col-sm-6 wpb_column column_container  jupiter-donut- _ jupiter-donut-height-full\">\n\t<div  class=\"mk-image mk-image-33 jupiter-donut-  mk-image-lazyload align-center simple-frame inside-image\" style=\"margin-bottom:10px\"><div class=\"mk-image-container\" style=\"max-width: 800px;\"><div  class=\"mk-image-holder\" style=\"max-width: 800px;\"><div class=\"mk-image-inner\"><a href=\"\/ru\/vetom-probiotikum-csepp-10-ml\/\" target=\"_self\" class=\"mk-image-link\"><img loading=\"lazy\" decoding=\"async\" class=\"lightbox-false\" alt=\"vetom-cseppe\" title=\"vetom-cseppe\" width=\"800\" height=\"450\" src=\"https:\/\/vetomshop.hu\/wp-content\/uploads\/bfi_thumb\/vetom-cseppe-p8gqpftbk2to7lbrpc4t8bs1z30894i06co0pnj4bk.png\" \/><\/a><\/div><\/div><div class=\"clearboth\"><\/div><\/div><\/div>\n<h2 id=\"fancy-title-34\" class=\"mk-fancy-title  simple-style jupiter-donut-  color-single\">\n\t<span>\n\t\t\t\t<p><a href=\"https:\/\/vetomshop.hu\/ru\/vetom-probiotikum-csepp-10-ml\/\">\u041a\u0430\u043f\u0435\u043b\u044c\u043a\u0438<\/a><\/p>\n\t\t\t<\/span>\n<\/h2>\n<div class=\"clearboth\"><\/div>\n\n\n\n<style>#fancy-title-34 {font-family: \"Lato\"}<\/style><\/div>\n\t<\/div>\n\n<div  data-mk-stretch-content=\"true\" class=\"wpb_row vc_row vc_row-fluid jupiter-donut- mk-fullwidth-false  attched-false     js-master-row  mk-grid\">\n\t\t\t\t\n<div class=\"vc_col-sm-6 wpb_column column_container  jupiter-donut- _ jupiter-donut-height-full\">\n\t<div  class=\"mk-image mk-image-36 jupiter-donut-  mk-image-lazyload align-center simple-frame inside-image\" style=\"margin-bottom:10px\"><div class=\"mk-image-container\" style=\"max-width: 589px;\"><div  class=\"mk-image-holder\" style=\"max-width: 589px;\"><div class=\"mk-image-inner\"><a href=\"\/ru\/pezsgotabletta\/\" target=\"_self\" class=\"mk-image-link\"><img loading=\"lazy\" decoding=\"async\" class=\"lightbox-false\" alt=\"vetomg\" title=\"vetomg\" width=\"589\" height=\"282\" src=\"https:\/\/vetomshop.hu\/wp-content\/uploads\/bfi_thumb\/vetomg-paib0yfpr9fp01cwvv8tf8ct5knslmrwh5e1pwofc0.jpg\" \/><\/a><\/div><\/div><div class=\"clearboth\"><\/div><\/div><\/div>\n<h2 id=\"fancy-title-37\" class=\"mk-fancy-title  simple-style jupiter-donut-  color-single\">\n\t<span>\n\t\t\t\t<p><a href=\"https:\/\/vetomshop.hu\/ru\/pezsgotabletta\/\">\u0422\u0430\u0431\u043b\u0435\u0442\u043a\u0430 \u0434\u043b\u044f \u0448\u0430\u043c\u043f\u0430\u043d\u0441\u043a\u043e\u0433\u043e<\/a><\/p>\n\t\t\t<\/span>\n<\/h2>\n<div class=\"clearboth\"><\/div>\n\n\n\n<style>#fancy-title-37 {font-family: \"Lato\"}<\/style><\/div>\n\n<div class=\"vc_col-sm-6 wpb_column column_container  jupiter-donut- _ jupiter-donut-height-full\">\n\t<div  class=\"mk-image mk-image-39 jupiter-donut-  mk-image-lazyload align-center simple-frame inside-image\" style=\"margin-bottom:10px\"><div class=\"mk-image-container\" style=\"max-width: 800px;\"><div  class=\"mk-image-holder\" style=\"max-width: 800px;\"><div class=\"mk-image-inner\"><a href=\"\/ru\/vetom-kenocsok-kremek\/\" target=\"_self\" class=\"mk-image-link\"><img loading=\"lazy\" decoding=\"async\" class=\"lightbox-false\" alt=\"vetom-cseppek-1-\" title=\"vetom-drops-1-\" width=\"800\" height=\"450\" src=\"https:\/\/vetomshop.hu\/wp-content\/uploads\/bfi_thumb\/vetom-cseppek-1--p8gqpjkobeyti16b3drbiatwcmhp3wwxiv9ymrdjmo.png\" \/><\/a><\/div><\/div><div class=\"clearboth\"><\/div><\/div><\/div>\n<h2 id=\"fancy-title-40\" class=\"mk-fancy-title  simple-style jupiter-donut-  color-single\">\n\t<span>\n\t\t\t\t<p><a href=\"https:\/\/vetomshop.hu\/ru\/vetom-kenocsok-kremek\/\">\u041c\u0430\u0437\u0438 \/ \u043a\u0440\u0435\u043c\u044b<\/a><\/p>\n\t\t\t<\/span>\n<\/h2>\n<div class=\"clearboth\"><\/div>\n\n\n\n<style>#fancy-title-40 {font-family: \"Lato\"}<\/style><\/div>\n\t<\/div>\n\n<div  data-mk-stretch-content=\"true\" class=\"wpb_row vc_row vc_row-fluid jupiter-donut- mk-fullwidth-false  attched-false     js-master-row  mk-grid\">\n\t\t\t\t\n<div class=\"vc_col-sm-3 wpb_column column_container  jupiter-donut- _ jupiter-donut-height-full\">\n\t<\/div>\n\n<div class=\"vc_col-sm-6 wpb_column column_container  jupiter-donut- _ jupiter-donut-height-full\">\n\t<div  class=\"mk-image mk-image-43 jupiter-donut-  mk-image-lazyload align-center simple-frame inside-image\" style=\"margin-bottom:10px\"><div class=\"mk-image-container\" style=\"max-width: 800px;\"><div  class=\"mk-image-holder\" style=\"max-width: 800px;\"><div class=\"mk-image-inner\"><a href=\"\/ru\/kenocsok\/\" target=\"_self\" class=\"mk-image-link\"><img loading=\"lazy\" decoding=\"async\" class=\"lightbox-false\" alt=\"biosept\" title=\"\u0431\u0438\u043e\u0441\u0435\u043f\u0442\" width=\"800\" height=\"400\" src=\"https:\/\/vetomshop.hu\/wp-content\/uploads\/bfi_thumb\/biosept-r9dxyy9bqecg06nk2ldk2hh3552fukv9pcluygh128.jpg\" \/><\/a><\/div><\/div><div class=\"clearboth\"><\/div><\/div><\/div>\n<h2 id=\"fancy-title-44\" class=\"mk-fancy-title  simple-style jupiter-donut-  color-single\">\n\t<span>\n\t\t\t\t<p><a href=\"\/ru\/kenocsok\/\">\u041c\u0430\u0437\u0438 \/ \u043a\u0440\u0435\u043c\u044b<\/a><\/p>\n\t\t\t<\/span>\n<\/h2>\n<div class=\"clearboth\"><\/div>\n\n\n\n<style>#fancy-title-44 {font-family: \"Lato\"}<\/style><\/div>\n\n<div class=\"vc_col-sm-3 wpb_column column_container  jupiter-donut- _ jupiter-donut-height-full\">\n\t<\/div>\n\t<\/div>\n\n<div  data-mk-stretch-content=\"true\" class=\"wpb_row vc_row vc_row-fluid jupiter-donut- mk-fullwidth-false  attched-false     js-master-row  mk-grid\">\n\t\t\t\t\n<div class=\"vc_col-sm-12 wpb_column column_container  jupiter-donut- _ jupiter-donut-height-full\">\n\t\n<div id=\"padding-47\" class=\"mk-padding-divider jupiter-donut-  jupiter-donut-clearfix\"><\/div>\n\n<\/div>\n\t<\/div>\n\n<div  data-mk-stretch-content=\"true\" class=\"wpb_row vc_row vc_row-fluid jupiter-donut- mk-fullwidth-false  attched-false     js-master-row  mk-grid\">\n\t\t\t\t\n<div class=\"vc_col-sm-12 wpb_column column_container  jupiter-donut- _ jupiter-donut-height-full\">\n\t<\/div>\n\t<\/div>\n\n<\/div>","protected":false},"excerpt":{"rendered":"Kapszul\u00e1s kiszerel\u00e9s Cseppek Pezsg\u0151tabletta Por kiszerel\u00e9s Ken\u0151cs\u00f6k \/ Kr\u00e9mek Probiotikus m\u00e9zkr\u00e9m Akci\u00f3s csomag aj\u00e1nlatok Kapszul\u00e1s kiszerel\u00e9s Cseppek Pezsg\u0151tabletta Ken\u0151cs\u00f6k \/ Kr\u00e9mek Ken\u0151cs\u00f6k \/ Kr\u00e9mek","protected":false},"author":1,"featured_media":0,"parent":0,"menu_order":0,"comment_status":"closed","ping_status":"closed","template":"","meta":{"footnotes":""},"class_list":["post-542","page","type-page","status-publish","hentry"],"_links":{"self":[{"href":"https:\/\/vetomshop.hu\/ru\/wp-json\/wp\/v2\/pages\/542","targetHints":{"allow":["GET"]}}],"collection":[{"href":"https:\/\/vetomshop.hu\/ru\/wp-json\/wp\/v2\/pages"}],"about":[{"href":"https:\/\/vetomshop.hu\/ru\/wp-json\/wp\/v2\/types\/page"}],"author":[{"embeddable":true,"href":"https:\/\/vetomshop.hu\/ru\/wp-json\/wp\/v2\/users\/1"}],"replies":[{"embeddable":true,"href":"https:\/\/vetomshop.hu\/ru\/wp-json\/wp\/v2\/comments?post=542"}],"version-history":[{"count":6,"href":"https:\/\/vetomshop.hu\/ru\/wp-json\/wp\/v2\/pages\/542\/revisions"}],"predecessor-version":[{"id":7507,"href":"https:\/\/vetomshop.hu\/ru\/wp-json\/wp\/v2\/pages\/542\/revisions\/7507"}],"wp:attachment":[{"href":"https:\/\/vetomshop.hu\/ru\/wp-json\/wp\/v2\/media?parent=542"}],"curies":[{"name":"wp","href":"https:\/\/api.w.org\/{rel}","templated":true}]}}