{"id":5579,"date":"2024-05-25T15:03:09","date_gmt":"2024-05-25T13:03:09","guid":{"rendered":"https:\/\/vetomshop.hu\/?page_id=5579"},"modified":"2025-07-20T17:37:52","modified_gmt":"2025-07-20T15:37:52","slug":"fotok","status":"publish","type":"page","link":"https:\/\/vetomshop.hu\/ru\/fotok\/","title":{"rendered":"\u0424\u043e\u0442\u043e\u0433\u0440\u0430\u0444\u0438\u0438"},"content":{"rendered":"<div class=\"wpb-content-wrapper\">\n<div  data-mk-stretch-content=\"true\" class=\"wpb_row vc_row vc_row-fluid jupiter-donut- mk-fullwidth-false  attched-false     js-master-row  mk-grid\">\n\t\t\t\t\n<div class=\"vc_col-sm-6 wpb_column column_container  jupiter-donut- _ jupiter-donut-height-full\">\n\t\n\n<div class=\"wpb_row vc_inner vc_row vc_row-fluid jupiter-donut-hidden-sm   attched-false   \">\n\t\t\t<div class=\"wpb_column vc_column_container vc_col-sm-12\"><div class=\"vc_column-inner\"><div class=\"wpb_wrapper\"><div class=\"wpb_images_carousel wpb_content_element vc_clearfix wpb_content_element wpb_animate_when_almost_visible wpb_fadeInLeft fadeInLeft\"><div class=\"wpb_wrapper\"><div id=\"vc_images-carousel-1-1776579233\" data-ride=\"vc_carousel\" data-wrap=\"true\" style=\"width: 500px;\" data-interval=\"3000\" data-auto-height=\"yes\" data-mode=\"horizontal\" data-partial=\"false\" data-per-view=\"1\" data-hide-on-end=\"false\" class=\"vc_slide vc_images_carousel\"><div class=\"vc_carousel-inner\"><div class=\"vc_carousel-slideline\"><div class=\"vc_carousel-slideline-inner\"><div class=\"vc_item\"><div class=\"vc_inner\"><a class=\"\" href=\"https:\/\/vetomshop.hu\/wp-content\/uploads\/2025\/07\/vetombo-2-1024x768.jpeg\" data-lightbox=\"lightbox[rel-5579-4244699088]\"><img decoding=\"async\" class=\"\" src=\"https:\/\/vetomshop.hu\/wp-content\/uploads\/2025\/07\/vetombo-2-500x380.jpeg\" width=\"500\" height=\"380\" alt=\"vetombo-2\" title=\"vetombo-2\" loading=\"lazy\" \/><\/a><\/div><\/div><div class=\"vc_item\"><div class=\"vc_inner\"><a class=\"\" href=\"https:\/\/vetomshop.hu\/wp-content\/uploads\/2025\/07\/vetombo-3-1024x768.jpeg\" data-lightbox=\"lightbox[rel-5579-4244699088]\"><img decoding=\"async\" class=\"\" src=\"https:\/\/vetomshop.hu\/wp-content\/uploads\/2025\/07\/vetombo-3-500x380.jpeg\" width=\"500\" height=\"380\" alt=\"vetombo-3\" title=\"vetombo-3\" loading=\"lazy\" \/><\/a><\/div><\/div><div class=\"vc_item\"><div class=\"vc_inner\"><a class=\"\" href=\"https:\/\/vetomshop.hu\/wp-content\/uploads\/2025\/07\/vetombo-1-1024x768.jpeg\" data-lightbox=\"lightbox[rel-5579-4244699088]\"><img decoding=\"async\" class=\"\" src=\"https:\/\/vetomshop.hu\/wp-content\/uploads\/2025\/07\/vetombo-1-500x380.jpeg\" width=\"500\" height=\"380\" alt=\"vetombo-1\" title=\"vetombo-1\" loading=\"lazy\" \/><\/a><\/div><\/div><\/div><\/div><\/div><a class=\"vc_left vc_carousel-control\" href=\"#vc_images-carousel-1-1776579233\" data-slide=\"prev\"><span class=\"icon-prev\"><\/span><\/a><a class=\"vc_right vc_carousel-control\" href=\"#vc_images-carousel-1-1776579233\" data-slide=\"next\"><span class=\"icon-next\"><\/span><\/a><\/div><\/div><\/div><\/div><\/div><\/div>\t<\/div>\n\n\n<div class=\"wpb_row vc_inner vc_row vc_row-fluid jupiter-donut-visible-sm   attched-false   vc_custom_1753023983882 \">\n\t\t\t<div class=\"wpb_column vc_column_container vc_col-sm-12\"><div class=\"vc_column-inner\"><div class=\"wpb_wrapper\">\t<div class=\" vc_custom_1753024406223\">\n\n<div id=\"text-block-2\" class=\"mk-text-block  jupiter-donut- \">\n\n\t\n\t<div style=\"margin-top: 30px;\">\n<h2><b>Sok szeretettel v\u00e1runk mindenkit!<\/b><\/h2>\n<h2><span style=\"color: #22ab24;\">Varga Anita<\/span>, <span style=\"color: #22ab24;\">Pap Tam\u00e1s<\/span> \u00e9s <span style=\"color: #22ab24;\">Jakab Istv\u00e1n<\/span><\/h2>\n<h2><\/h2>\n<\/div>\n\n\t<div class=\"clearboth\"><\/div>\n<\/div>\n\n\t<\/div>\n<div class=\"wpb_images_carousel wpb_content_element vc_clearfix wpb_content_element wpb_animate_when_almost_visible wpb_fadeInLeft fadeInLeft\"><div class=\"wpb_wrapper\"><div id=\"vc_images-carousel-2-1776579233\" data-ride=\"vc_carousel\" data-wrap=\"true\" style=\"width: 300px;\" data-interval=\"3000\" data-auto-height=\"yes\" data-mode=\"horizontal\" data-partial=\"false\" data-per-view=\"1\" data-hide-on-end=\"false\" class=\"vc_slide vc_images_carousel\"><div class=\"vc_carousel-inner\"><div class=\"vc_carousel-slideline\"><div class=\"vc_carousel-slideline-inner\"><div class=\"vc_item\"><div class=\"vc_inner\"><a class=\"\" href=\"https:\/\/vetomshop.hu\/wp-content\/uploads\/2025\/07\/vetombo-2-1024x768.jpeg\" data-lightbox=\"lightbox[rel-5579-3652279037]\"><img decoding=\"async\" class=\"\" src=\"https:\/\/vetomshop.hu\/wp-content\/uploads\/2025\/07\/vetombo-2-300x240.jpeg\" width=\"300\" height=\"240\" alt=\"vetombo-2\" title=\"vetombo-2\" loading=\"lazy\" \/><\/a><\/div><\/div><div class=\"vc_item\"><div class=\"vc_inner\"><a class=\"\" href=\"https:\/\/vetomshop.hu\/wp-content\/uploads\/2025\/07\/vetombo-3-1024x768.jpeg\" data-lightbox=\"lightbox[rel-5579-3652279037]\"><img decoding=\"async\" class=\"\" src=\"https:\/\/vetomshop.hu\/wp-content\/uploads\/2025\/07\/vetombo-3-300x240.jpeg\" width=\"300\" height=\"240\" alt=\"vetombo-3\" title=\"vetombo-3\" loading=\"lazy\" \/><\/a><\/div><\/div><div class=\"vc_item\"><div class=\"vc_inner\"><a class=\"\" href=\"https:\/\/vetomshop.hu\/wp-content\/uploads\/2025\/07\/vetombo-1-1024x768.jpeg\" data-lightbox=\"lightbox[rel-5579-3652279037]\"><img decoding=\"async\" class=\"\" src=\"https:\/\/vetomshop.hu\/wp-content\/uploads\/2025\/07\/vetombo-1-300x240.jpeg\" width=\"300\" height=\"240\" alt=\"vetombo-1\" title=\"vetombo-1\" loading=\"lazy\" \/><\/a><\/div><\/div><\/div><\/div><\/div><a class=\"vc_left vc_carousel-control\" href=\"#vc_images-carousel-2-1776579233\" data-slide=\"prev\"><span class=\"icon-prev\"><\/span><\/a><a class=\"vc_right vc_carousel-control\" href=\"#vc_images-carousel-2-1776579233\" data-slide=\"next\"><span class=\"icon-next\"><\/span><\/a><\/div><\/div><\/div><\/div><\/div><\/div>\t<\/div>\n<\/div>\n\n<div class=\"vc_col-sm-6 wpb_column column_container vc_custom_1753024308890 jupiter-donut-hidden-sm _ jupiter-donut-height-full\">\n\t\t<div class=\" vc_custom_1753022707744\">\n\n<div id=\"text-block-4\" class=\"mk-text-block  jupiter-donut- \">\n\n\t\n\t<div style=\"height: 45vh; margin-top: 35%;\">\n<h2><b>Sok szeretettel v\u00e1runk mindenkit!<\/b><\/h2>\n<h2><span style=\"color: #22ab24;\">Varga Anita<\/span>, <span style=\"color: #22ab24;\">Pap Tam\u00e1s<\/span> \u00e9s <span style=\"color: #22ab24;\">Jakab Istv\u00e1n<\/span><\/h2>\n<h2><\/h2>\n<\/div>\n\n\t<div class=\"clearboth\"><\/div>\n<\/div>\n\n\t<\/div>\n<\/div>\n\t<\/div>\n\n<div  data-mk-stretch-content=\"true\" class=\"wpb_row vc_row vc_row-fluid jupiter-donut- mk-fullwidth-false  attched-false     js-master-row  mk-grid\">\n\t\t\t\t\n<div class=\"vc_col-sm-6 wpb_column column_container vc_custom_1716643765832 jupiter-donut- _ jupiter-donut-height-full\">\n\t\t<div class=\" vc_custom_1716731738954\">\n\n<div id=\"text-block-6\" class=\"mk-text-block  jupiter-donut- \">\n\n\t\n\t<div style=\"height: 45vh; margin-top: 35%;\">\n<h2>Sok szeretettel v\u00e1runk mindenkit!<\/h2>\n<p>Vetom Partner \u201cKaposv\u00e1r\u201d:<\/p>\n<p><strong>Heszberger Edin\u00e1nak<\/strong> \u2013 dietetikus \u201cMatabolic Typing\u201d szaktan\u00e1csad\u00f3<\/p>\n<\/div>\n\n\t<div class=\"clearboth\"><\/div>\n<\/div>\n\n\t<\/div>\n\n\n<div class=\"wpb_row vc_inner vc_row vc_row-fluid jupiter-donut-visible-sm   attched-false   \">\n\t\t\t<div class=\"wpb_column vc_column_container vc_col-sm-12\"><div class=\"vc_column-inner\"><div class=\"wpb_wrapper\"><div class=\"wpb_images_carousel wpb_content_element vc_clearfix wpb_content_element wpb_animate_when_almost_visible wpb_fadeInRight fadeInRight\"><div class=\"wpb_wrapper\"><div id=\"vc_images-carousel-3-1776579233\" data-ride=\"vc_carousel\" data-wrap=\"true\" style=\"width: 300px;\" data-interval=\"3000\" data-auto-height=\"yes\" data-mode=\"horizontal\" data-partial=\"false\" data-per-view=\"1\" data-hide-on-end=\"false\" class=\"vc_slide vc_images_carousel\"><div class=\"vc_carousel-inner\"><div class=\"vc_carousel-slideline\"><div class=\"vc_carousel-slideline-inner\"><div class=\"vc_item\"><div class=\"vc_inner\"><a class=\"\" href=\"https:\/\/vetomshop.hu\/wp-content\/uploads\/2024\/05\/kaposhvar-768x1024.jpg\" data-lightbox=\"lightbox[rel-5579-1183739405]\"><img decoding=\"async\" class=\"\" src=\"https:\/\/vetomshop.hu\/wp-content\/uploads\/2024\/05\/kaposhvar-300x430.jpg\" width=\"300\" height=\"430\" alt=\"kaposhvar\" title=\"kaposhvar\" loading=\"lazy\" \/><\/a><\/div><\/div><div class=\"vc_item\"><div class=\"vc_inner\"><a class=\"\" href=\"https:\/\/vetomshop.hu\/wp-content\/uploads\/2024\/05\/kaposhvar2-768x1024.jpg\" data-lightbox=\"lightbox[rel-5579-1183739405]\"><img decoding=\"async\" class=\"\" src=\"https:\/\/vetomshop.hu\/wp-content\/uploads\/2024\/05\/kaposhvar2-300x430.jpg\" width=\"300\" height=\"430\" alt=\"kaposhvar2\" title=\"kaposhvar2\" loading=\"lazy\" \/><\/a><\/div><\/div><\/div><\/div><\/div><a class=\"vc_left vc_carousel-control\" href=\"#vc_images-carousel-3-1776579233\" data-slide=\"prev\"><span class=\"icon-prev\"><\/span><\/a><a class=\"vc_right vc_carousel-control\" href=\"#vc_images-carousel-3-1776579233\" data-slide=\"next\"><span class=\"icon-next\"><\/span><\/a><\/div><\/div><\/div><\/div><\/div><\/div>\t<\/div>\n<\/div>\n\n<div class=\"vc_col-sm-6 wpb_column column_container  jupiter-donut-hidden-sm _ jupiter-donut-height-full\">\n\t\n\n<div class=\"wpb_row vc_inner vc_row vc_row-fluid jupiter-donut-hidden-sm   attched-false   \">\n\t\t\t<div class=\"wpb_column vc_column_container vc_col-sm-12\"><div class=\"vc_column-inner\"><div class=\"wpb_wrapper\"><div class=\"wpb_images_carousel wpb_content_element vc_clearfix wpb_content_element wpb_animate_when_almost_visible wpb_fadeInRight fadeInRight\"><div class=\"wpb_wrapper\"><div id=\"vc_images-carousel-4-1776579233\" data-ride=\"vc_carousel\" data-wrap=\"true\" style=\"width: 450px;\" data-interval=\"3000\" data-auto-height=\"yes\" data-mode=\"horizontal\" data-partial=\"false\" data-per-view=\"1\" data-hide-on-end=\"false\" class=\"vc_slide vc_images_carousel\"><div class=\"vc_carousel-inner\"><div class=\"vc_carousel-slideline\"><div class=\"vc_carousel-slideline-inner\"><div class=\"vc_item\"><div class=\"vc_inner\"><a class=\"\" href=\"https:\/\/vetomshop.hu\/wp-content\/uploads\/2024\/05\/kaposhvar-768x1024.jpg\" data-lightbox=\"lightbox[rel-5579-1139148507]\"><img decoding=\"async\" class=\"\" src=\"https:\/\/vetomshop.hu\/wp-content\/uploads\/2024\/05\/kaposhvar-450x600.jpg\" width=\"450\" height=\"600\" alt=\"kaposhvar\" title=\"kaposhvar\" loading=\"lazy\" \/><\/a><\/div><\/div><div class=\"vc_item\"><div class=\"vc_inner\"><a class=\"\" href=\"https:\/\/vetomshop.hu\/wp-content\/uploads\/2024\/05\/kaposhvar2-768x1024.jpg\" data-lightbox=\"lightbox[rel-5579-1139148507]\"><img decoding=\"async\" class=\"\" src=\"https:\/\/vetomshop.hu\/wp-content\/uploads\/2024\/05\/kaposhvar2-450x600.jpg\" width=\"450\" height=\"600\" alt=\"kaposhvar2\" title=\"kaposhvar2\" loading=\"lazy\" \/><\/a><\/div><\/div><\/div><\/div><\/div><a class=\"vc_left vc_carousel-control\" href=\"#vc_images-carousel-4-1776579233\" data-slide=\"prev\"><span class=\"icon-prev\"><\/span><\/a><a class=\"vc_right vc_carousel-control\" href=\"#vc_images-carousel-4-1776579233\" data-slide=\"next\"><span class=\"icon-next\"><\/span><\/a><\/div><\/div><\/div><\/div><\/div><\/div>\t<\/div>\n<\/div>\n\t<\/div>\n\n<div  data-mk-stretch-content=\"true\" class=\"wpb_row vc_row vc_row-fluid jupiter-donut-hidden-sm mk-fullwidth-false  attched-false     js-master-row  mk-grid\">\n\t\t\t\t\n<div class=\"vc_col-sm-6 wpb_column column_container  jupiter-donut- _ jupiter-donut-height-full\">\n\t\n\n<div class=\"wpb_row vc_inner vc_row vc_row-fluid jupiter-donut-visible-sm   attched-false   vc_custom_1753023983882 \">\n\t\t\t<div class=\"wpb_column vc_column_container vc_col-sm-12\"><div class=\"vc_column-inner\"><div class=\"wpb_wrapper\">\t<div class=\" vc_custom_1753025836059\">\n\n<div id=\"text-block-9\" class=\"mk-text-block  jupiter-donut- \">\n\n\t\n\t<div style=\"margin-top: 30px;\">\n<h2>Sok szeretettel v\u00e1runk mindenkit!<\/h2>\n<p>K\u00f6sz\u00f6net:<br \/>\n<strong>Pjeczka Etelka<\/strong> \u2013 Holisztikus gy\u00f3gym\u00f3dok \u00e9s a Kaposv\u00e1ri<\/p>\n<p>\u201cP\u00e1sztort\u00e1ska Eg\u00e9szs\u00e9gbolt\u201c \u00fczletvezet\u0151je<br \/>\nSzervez\u0151:<br \/>\n<strong>Nagy Erika<\/strong> \u2013 szervez\u0151, Harm\u00f3nia H\u00e1z Kaposv\u00e1r<\/p>\n<\/div>\n\n\t<div class=\"clearboth\"><\/div>\n<\/div>\n\n\t<\/div>\n<div class=\"wpb_images_carousel wpb_content_element vc_clearfix wpb_content_element wpb_animate_when_almost_visible wpb_fadeInLeft fadeInLeft\"><div class=\"wpb_wrapper\"><div id=\"vc_images-carousel-5-1776579233\" data-ride=\"vc_carousel\" data-wrap=\"true\" style=\"width: 300px;\" data-interval=\"3000\" data-auto-height=\"yes\" data-mode=\"horizontal\" data-partial=\"false\" data-per-view=\"1\" data-hide-on-end=\"false\" class=\"vc_slide vc_images_carousel\"><div class=\"vc_carousel-inner\"><div class=\"vc_carousel-slideline\"><div class=\"vc_carousel-slideline-inner\"><div class=\"vc_item\"><div class=\"vc_inner\"><a class=\"\" href=\"https:\/\/vetomshop.hu\/wp-content\/uploads\/2024\/05\/pasztortaska-768x1024.jpg\" data-lightbox=\"lightbox[rel-5579-4212294544]\"><img decoding=\"async\" class=\"\" src=\"https:\/\/vetomshop.hu\/wp-content\/uploads\/2024\/05\/pasztortaska-300x430.jpg\" width=\"300\" height=\"430\" alt=\"pasztortaska\" title=\"pasztortaska\" loading=\"lazy\" \/><\/a><\/div><\/div><div class=\"vc_item\"><div class=\"vc_inner\"><a class=\"\" href=\"https:\/\/vetomshop.hu\/wp-content\/uploads\/2024\/05\/pasztortaska2-768x1024.jpg\" data-lightbox=\"lightbox[rel-5579-4212294544]\"><img decoding=\"async\" class=\"\" src=\"https:\/\/vetomshop.hu\/wp-content\/uploads\/2024\/05\/pasztortaska2-300x430.jpg\" width=\"300\" height=\"430\" alt=\"pasztortaska2\" title=\"pasztortaska2\" loading=\"lazy\" \/><\/a><\/div><\/div><\/div><\/div><\/div><a class=\"vc_left vc_carousel-control\" href=\"#vc_images-carousel-5-1776579233\" data-slide=\"prev\"><span class=\"icon-prev\"><\/span><\/a><a class=\"vc_right vc_carousel-control\" href=\"#vc_images-carousel-5-1776579233\" data-slide=\"next\"><span class=\"icon-next\"><\/span><\/a><\/div><\/div><\/div><\/div><\/div><\/div>\t<\/div>\n\n\n<div class=\"wpb_row vc_inner vc_row vc_row-fluid jupiter-donut-hidden-sm   attched-false   \">\n\t\t\t<div class=\"wpb_column vc_column_container vc_col-sm-12\"><div class=\"vc_column-inner\"><div class=\"wpb_wrapper\"><div class=\"wpb_images_carousel wpb_content_element vc_clearfix wpb_content_element wpb_animate_when_almost_visible wpb_fadeInLeft fadeInLeft\"><div class=\"wpb_wrapper\"><div id=\"vc_images-carousel-6-1776579233\" data-ride=\"vc_carousel\" data-wrap=\"true\" style=\"width: 450px;\" data-interval=\"3000\" data-auto-height=\"yes\" data-mode=\"horizontal\" data-partial=\"false\" data-per-view=\"1\" data-hide-on-end=\"false\" class=\"vc_slide vc_images_carousel\"><div class=\"vc_carousel-inner\"><div class=\"vc_carousel-slideline\"><div class=\"vc_carousel-slideline-inner\"><div class=\"vc_item\"><div class=\"vc_inner\"><a class=\"\" href=\"https:\/\/vetomshop.hu\/wp-content\/uploads\/2024\/05\/pasztortaska-768x1024.jpg\" data-lightbox=\"lightbox[rel-5579-228860781]\"><img decoding=\"async\" class=\"\" src=\"https:\/\/vetomshop.hu\/wp-content\/uploads\/2024\/05\/pasztortaska-450x600.jpg\" width=\"450\" height=\"600\" alt=\"pasztortaska\" title=\"pasztortaska\" loading=\"lazy\" \/><\/a><\/div><\/div><div class=\"vc_item\"><div class=\"vc_inner\"><a class=\"\" href=\"https:\/\/vetomshop.hu\/wp-content\/uploads\/2024\/05\/pasztortaska2-768x1024.jpg\" data-lightbox=\"lightbox[rel-5579-228860781]\"><img decoding=\"async\" class=\"\" src=\"https:\/\/vetomshop.hu\/wp-content\/uploads\/2024\/05\/pasztortaska2-450x600.jpg\" width=\"450\" height=\"600\" alt=\"pasztortaska2\" title=\"pasztortaska2\" loading=\"lazy\" \/><\/a><\/div><\/div><\/div><\/div><\/div><a class=\"vc_left vc_carousel-control\" href=\"#vc_images-carousel-6-1776579233\" data-slide=\"prev\"><span class=\"icon-prev\"><\/span><\/a><a class=\"vc_right vc_carousel-control\" href=\"#vc_images-carousel-6-1776579233\" data-slide=\"next\"><span class=\"icon-next\"><\/span><\/a><\/div><\/div><\/div><\/div><\/div><\/div>\t<\/div>\n<\/div>\n\n<div class=\"vc_col-sm-6 wpb_column column_container vc_custom_1716734192146 jupiter-donut- _ jupiter-donut-height-full\">\n\t\t<div class=\" vc_custom_1716734084244\">\n\n<div id=\"text-block-11\" class=\"mk-text-block  jupiter-donut- \">\n\n\t\n\t<div style=\"height: 45vh; margin-top: 35%;\">\n<h2>Sok szeretettel v\u00e1runk mindenkit!<\/h2>\n<p>K\u00f6sz\u00f6net:<br \/>\n<strong>Pjeczka Etelka<\/strong> \u2013 Holisztikus gy\u00f3gym\u00f3dok \u00e9s a Kaposv\u00e1ri<\/p>\n<p>\u201cP\u00e1sztort\u00e1ska Eg\u00e9szs\u00e9gbolt\u201c \u00fczletvezet\u0151je<br \/>\nSzervez\u0151:<br \/>\n<strong>Nagy Erika<\/strong> \u2013 szervez\u0151, Harm\u00f3nia H\u00e1z Kaposv\u00e1r<\/p>\n<\/div>\n\n\t<div class=\"clearboth\"><\/div>\n<\/div>\n\n\t<\/div>\n<\/div>\n\t<\/div>\n\n<div  data-mk-stretch-content=\"true\" class=\"wpb_row vc_row vc_row-fluid jupiter-donut- mk-fullwidth-false  attched-false     js-master-row  mk-grid\">\n\t\t\t\t\n<div class=\"vc_col-sm-6 wpb_column column_container vc_custom_1716643765832 jupiter-donut- _ jupiter-donut-height-full\">\n\t\t<div class=\" vc_custom_1716918488796\">\n\n<div id=\"text-block-13\" class=\"mk-text-block  jupiter-donut- \">\n\n\t\n\t<div style=\"height: 45vh; margin-top: 35%;\">\n<h2>Sok szeretettel v\u00e1runk mindenkit!<\/h2>\n<p>Vetom Partner\u00fcnk:<br \/>\n<strong>Hirsch Zsanett<\/strong> \u00fcgyvezet\u0151<br \/>\n<strong>&#8222;Medical Healing Point&#8221;<\/strong> Eg\u00e9szs\u00e9gk\u00f6zpont, Budapest<\/p>\n<p>A Te eg\u00e9szs\u00e9ged a Mi k\u00fcldet\u00e9s\u00fcnk!<br \/>\nAhol a keleti \u00e9s a nyugati orvosl\u00e1s tal\u00e1lkozik!<br \/>\nA hagyom\u00e1nyos k\u00ednai orvosl\u00e1st \u00f6tv\u00f6zz\u00fck a modern labordiagnosztika \u00e9s az orvostechnikai g\u00e9pek lehet\u0151s\u00e9geivel. \u00cdgy minden eddigin\u00e9l pontosabban \u00e9s szem\u00e9lyre szabottabban tudjuk meghat\u00e1rozni a fenn\u00e1ll\u00f3 t\u00fcnetek m\u00f6g\u00f6tt \u00e1ll\u00f3 okokat, majd azok kezel\u00e9s\u00e9t.<\/p>\n<\/div>\n\n\t<div class=\"clearboth\"><\/div>\n<\/div>\n\n\t<\/div>\n<\/div>\n\n<div class=\"vc_col-sm-6 wpb_column column_container  jupiter-donut- _ jupiter-donut-height-full\">\n\t\n\t<div  class=\"wpb_single_image wpb_content_element vc_align_center wpb_content_element wpb_animate_when_almost_visible wpb_fadeInRight fadeInRight\">\n\t\t\n\t\t<figure class=\"wpb_wrapper vc_figure\">\n\t\t\t<a class=\"\" data-lightbox=\"lightbox[rel-5579-2106451248]\" href=\"https:\/\/vetomshop.hu\/wp-content\/uploads\/2024\/05\/hirsch-zsanett-768x1024.jpg\" target=\"_self\" class=\"vc_single_image-wrapper   vc_box_border_grey\"><img decoding=\"async\" class=\"vc_single_image-img \" src=\"https:\/\/vetomshop.hu\/wp-content\/uploads\/2024\/05\/hirsch-zsanett-450x600.jpg\" width=\"450\" height=\"600\" alt=\"hirsch-zsanett\" title=\"hirsch-zsanett\" loading=\"lazy\" \/><\/a>\n\t\t<\/figure>\n\t<\/div>\n<\/div>\n\t<\/div>\n\n<div  data-mk-stretch-content=\"true\" class=\"wpb_row vc_row vc_row-fluid jupiter-donut- mk-fullwidth-false  attched-false     js-master-row  mk-grid\">\n\t\t\t\t\n<div class=\"vc_col-sm-6 wpb_column column_container  jupiter-donut- _ jupiter-donut-height-full\">\n\t\n\t<div  class=\"wpb_single_image wpb_content_element vc_align_center wpb_content_element wpb_animate_when_almost_visible wpb_fadeInLeft fadeInLeft\">\n\t\t\n\t\t<figure class=\"wpb_wrapper vc_figure\">\n\t\t\t<a class=\"\" data-lightbox=\"lightbox[rel-5579-1254140048]\" href=\"https:\/\/vetomshop.hu\/wp-content\/uploads\/2024\/05\/31313-768x1024.jpg\" target=\"_self\" class=\"vc_single_image-wrapper   vc_box_border_grey\"><img decoding=\"async\" class=\"vc_single_image-img \" src=\"https:\/\/vetomshop.hu\/wp-content\/uploads\/2024\/05\/31313-450x600.jpg\" width=\"450\" height=\"600\" alt=\"31313\" title=\"31313\" loading=\"lazy\" \/><\/a>\n\t\t<\/figure>\n\t<\/div>\n<\/div>\n\n<div class=\"vc_col-sm-6 wpb_column column_container vc_custom_1716734192146 jupiter-donut- _ jupiter-donut-height-full\">\n\t\t<div class=\" vc_custom_1716918796642\">\n\n<div id=\"text-block-17\" class=\"mk-text-block  jupiter-donut- \">\n\n\t\n\t<div style=\"height: 45vh; margin-top: 35%;\">\n<h2>Sok szeretettel v\u00e1runk mindenkit!<\/h2>\n<p>K\u00f6sz\u00f6net:<br \/>\n<strong>Tulit Levent\u00e9nek<\/strong> &#8211; el\u0151ad\u00f3, gy\u00f3gy\u00edt\u00f3, term\u00e9szetgy\u00f3gy\u00e1sz,<br \/>\n<strong>Czell\u00e1r Tam\u00e1snak<\/strong> &#8211; Vetom Partner Szeged k\u00f6rny\u00e9ke, gy\u00f3gymassz\u0151r, csontkov\u00e1cs,<br \/>\n<strong>Duk\u00e1n Ferencnek<\/strong> &#8211; szervez\u0151.<\/p>\n<\/div>\n\n\t<div class=\"clearboth\"><\/div>\n<\/div>\n\n\t<\/div>\n<\/div>\n\t<\/div>\n\n<div  data-mk-stretch-content=\"true\" class=\"wpb_row vc_row vc_row-fluid jupiter-donut- mk-fullwidth-false  attched-false     js-master-row  mk-grid\">\n\t\t\t\t\n<div class=\"vc_col-sm-12 wpb_column column_container  jupiter-donut- _ jupiter-donut-height-full\">\n\t\n<div id=\"text-block-19\" class=\"mk-text-block  jupiter-donut- \">\n\n\t\n\t\n\t<div class=\"clearboth\"><\/div>\n<\/div>\n\n<\/div>\n\t<\/div>\n\n<\/div>","protected":false},"excerpt":{"rendered":"Sok szeretettel v\u00e1runk mindenkit! Varga Anita, Pap Tam\u00e1s \u00e9s Jakab Istv\u00e1n Sok szeretettel v\u00e1runk mindenkit! Varga Anita, Pap Tam\u00e1s \u00e9s Jakab Istv\u00e1n Sok szeretettel v\u00e1runk mindenkit! Vetom Partner \u201cKaposv\u00e1r\u201d: Heszberger Edin\u00e1nak \u2013 dietetikus \u201cMatabolic Typing\u201d szaktan\u00e1csad\u00f3 Sok szeretettel v\u00e1runk mindenkit! K\u00f6sz\u00f6net: Pjeczka Etelka \u2013 Holisztikus gy\u00f3gym\u00f3dok \u00e9s a Kaposv\u00e1ri \u201cP\u00e1sztort\u00e1ska Eg\u00e9szs\u00e9gbolt\u201c \u00fczletvezet\u0151je Szervez\u0151: Nagy Erika [...]","protected":false},"author":104,"featured_media":0,"parent":0,"menu_order":0,"comment_status":"closed","ping_status":"closed","template":"","meta":{"footnotes":""},"class_list":["post-5579","page","type-page","status-publish","hentry"],"_links":{"self":[{"href":"https:\/\/vetomshop.hu\/ru\/wp-json\/wp\/v2\/pages\/5579","targetHints":{"allow":["GET"]}}],"collection":[{"href":"https:\/\/vetomshop.hu\/ru\/wp-json\/wp\/v2\/pages"}],"about":[{"href":"https:\/\/vetomshop.hu\/ru\/wp-json\/wp\/v2\/types\/page"}],"author":[{"embeddable":true,"href":"https:\/\/vetomshop.hu\/ru\/wp-json\/wp\/v2\/users\/104"}],"replies":[{"embeddable":true,"href":"https:\/\/vetomshop.hu\/ru\/wp-json\/wp\/v2\/comments?post=5579"}],"version-history":[{"count":26,"href":"https:\/\/vetomshop.hu\/ru\/wp-json\/wp\/v2\/pages\/5579\/revisions"}],"predecessor-version":[{"id":6932,"href":"https:\/\/vetomshop.hu\/ru\/wp-json\/wp\/v2\/pages\/5579\/revisions\/6932"}],"wp:attachment":[{"href":"https:\/\/vetomshop.hu\/ru\/wp-json\/wp\/v2\/media?parent=5579"}],"curies":[{"name":"wp","href":"https:\/\/api.w.org\/{rel}","templated":true}]}}