{"id":5809,"date":"2024-06-16T14:36:41","date_gmt":"2024-06-16T12:36:41","guid":{"rendered":"https:\/\/vetomshop.hu\/?page_id=5809"},"modified":"2025-02-17T22:00:25","modified_gmt":"2025-02-17T21:00:25","slug":"kulfoldi-csomagszallitas","status":"publish","type":"page","link":"https:\/\/vetomshop.hu\/ru\/kulfoldi-csomagszallitas\/","title":{"rendered":"\u041c\u0435\u0436\u0434\u0443\u043d\u0430\u0440\u043e\u0434\u043d\u0430\u044f \u0434\u043e\u0441\u0442\u0430\u0432\u043a\u0430 \u043f\u043e\u0441\u044b\u043b\u043e\u043a"},"content":{"rendered":"<h3 style=\"text-align: center;\"><span style=\"color: #bf1919; font-size: 27px;\">\u041d\u0430\u0448\u0430 \u043a\u043e\u043c\u043f\u0430\u043d\u0438\u044f \u0437\u0430\u043d\u0438\u043c\u0430\u0435\u0442\u0441\u044f \u043e\u043f\u0442\u043e\u0432\u043e\u0439 \u0438 \u0440\u043e\u0437\u043d\u0438\u0447\u043d\u043e\u0439 \u0442\u043e\u0440\u0433\u043e\u0432\u043b\u0435\u0439 \u043a\u0430\u043a \u043d\u0430 \u0432\u043d\u0443\u0442\u0440\u0435\u043d\u043d\u0435\u043c, \u0442\u0430\u043a \u0438 \u043d\u0430 \u043c\u0435\u0436\u0434\u0443\u043d\u0430\u0440\u043e\u0434\u043d\u043e\u043c \u0440\u044b\u043d\u043a\u0435!<\/span><\/h3>\n<div class=\"wp-image-5837\" style=\"float: right; margin-left: 0px; margin-bottom: 1em; margin-top: 15px; padding: 0;\">\n<p><img loading=\"lazy\" decoding=\"async\" src=\"https:\/\/vetomshop.hu\/wp-content\/uploads\/2024\/06\/szalitasa.png\" alt=\"K\u00fclf\u00f6ldi csomagsz\u00e1ll\u00edt\u00e1s. A Vetom probioticum nemzetk\u00f6zi sz\u00e1ll\u00edt\u00e1sa\" width=\"788\" height=\"444\" \/><\/p>\n<div style=\"text-align: center; font-size: 18px; line-height: 1.1em; margin-top: -15px; padding-top: 0;\"><b>\u041c\u0435\u0436\u0434\u0443\u043d\u0430\u0440\u043e\u0434\u043d\u0430\u044f \u043f\u043e\u0441\u0442\u0430\u0432\u043a\u0430 \u043f\u0440\u043e\u0431\u0438\u043e\u0442\u0438\u043a\u0430 \"\u0412\u0435\u0442\u043e\u043c<\/b><\/div>\n<\/div>\n<h3>\u041c\u0435\u0436\u0434\u0443\u043d\u0430\u0440\u043e\u0434\u043d\u044b\u0435 \u043f\u0435\u0440\u0435\u0432\u043e\u0437\u043a\u0438:<\/h3>\n<ul class=\"country-list\">\n<li>\u0410\u0432\u0441\u0442\u0440\u0438\u044f<\/li>\n<li>\u0411\u0435\u043b\u044c\u0433\u0438\u044f<\/li>\n<li>\u041d\u0438\u0434\u0435\u0440\u043b\u0430\u043d\u0434\u044b<\/li>\n<li>\u0425\u043e\u0440\u0432\u0430\u0442\u0438\u044f<\/li>\n<li>\u0424\u0440\u0430\u043d\u0446\u0438\u044f<\/li>\n<li>\u0413\u0435\u0440\u043c\u0430\u043d\u0438\u044f<\/li>\n<li>\u0418\u0442\u0430\u043b\u0438\u044f<\/li>\n<li>\u0420\u0443\u043c\u044b\u043d\u0438\u044f<\/li>\n<li>\u0418\u0441\u043f\u0430\u043d\u0438\u044f<\/li>\n<li>\u0428\u0432\u0435\u0439\u0446\u0430\u0440\u0438\u044f<\/li>\n<li>\u0423\u043a\u0440\u0430\u0438\u043d\u0430<\/li>\n<li>\u0412 \u0434\u0440\u0443\u0433\u0438\u0435 \u0441\u0442\u0440\u0430\u043d\u044b<\/li>\n<\/ul>\n<div style=\"clear: both;\"><\/div>\n<ul style=\"list-style: none;\">\n<li>\u041f\u043e \u0438\u043d\u043e\u0441\u0442\u0440\u0430\u043d\u043d\u043e\u043c\u0443 \u0430\u0434\u0440\u0435\u0441\u0443 \u043d\u0430 \u043e\u0441\u043d\u043e\u0432\u0435 \u0438\u043d\u0434\u0438\u0432\u0438\u0434\u0443\u0430\u043b\u044c\u043d\u043e\u0439 \u0441\u0442\u043e\u0438\u043c\u043e\u0441\u0442\u0438 \u0434\u043e\u0441\u0442\u0430\u0432\u043a\u0438 \u0438 <span style=\"color: #bf0404;\">\u043c\u044b \u043e\u0441\u0443\u0449\u0435\u0441\u0442\u0432\u043b\u044f\u0435\u043c \u0434\u043e\u0441\u0442\u0430\u0432\u043a\u0443 \u0442\u043e\u043b\u044c\u043a\u043e \u043f\u043e\u0441\u043b\u0435 \u043f\u0440\u0435\u0434\u0432\u0430\u0440\u0438\u0442\u0435\u043b\u044c\u043d\u043e\u0433\u043e \u0431\u0430\u043d\u043a\u043e\u0432\u0441\u043a\u043e\u0433\u043e \u043f\u0435\u0440\u0435\u0432\u043e\u0434\u0430<\/span>.<\/li>\n<li>\u0415\u0441\u043b\u0438 \u0437\u0430\u043a\u0430\u0437\u0430\u043d\u043d\u044b\u0439 \u0432\u0430\u043c\u0438 \u0442\u043e\u0432\u0430\u0440 \u043d\u0435 \u0431\u0443\u0434\u0435\u0442 \u0434\u043e\u0441\u0442\u0430\u0432\u043b\u0435\u043d \u0432 \u0443\u043a\u0430\u0437\u0430\u043d\u043d\u044b\u0439 \u0441\u0440\u043e\u043a, \u043f\u043e\u0436\u0430\u043b\u0443\u0439\u0441\u0442\u0430, \u0441\u0432\u044f\u0436\u0438\u0442\u0435\u0441\u044c \u0441 \u043d\u0430\u0448\u0435\u0439 \u0441\u043b\u0443\u0436\u0431\u043e\u0439 \u043f\u043e\u0434\u0434\u0435\u0440\u0436\u043a\u0438, \u0447\u0442\u043e\u0431\u044b \u043c\u044b \u043c\u043e\u0433\u043b\u0438 \u043d\u0435\u043c\u0435\u0434\u043b\u0435\u043d\u043d\u043e \u0440\u0435\u0448\u0438\u0442\u044c \u043f\u0440\u043e\u0431\u043b\u0435\u043c\u0443.<\/li>\n<li>\u041c\u044b \u0442\u0430\u043a\u0436\u0435 \u0440\u0430\u0434\u044b \u043f\u043e\u043c\u043e\u0447\u044c \u0432\u0430\u043c \u0441 \u0434\u043e\u0441\u0442\u0430\u0432\u043a\u043e\u0439 \u0432 \u0434\u0440\u0443\u0433\u0438\u0435 \u0441\u0442\u0440\u0430\u043d\u044b, \u043f\u043e\u0436\u0430\u043b\u0443\u0439\u0441\u0442\u0430, \u0441\u0432\u044f\u0436\u0438\u0442\u0435\u0441\u044c \u0441 \u043d\u0430\u043c\u0438. \u041c\u044b \u0440\u0430\u0434\u044b \u0432\u0430\u0448\u0438\u043c \u0437\u0430\u043f\u0440\u043e\u0441\u0430\u043c.<\/li>\n<\/ul>\n<h3 style=\"text-align: center; color: #bf1919; font-size: 28px;\">\u042f \u043f\u0440\u043e\u0434\u0430\u044e \u043f\u0440\u043e\u0431\u0438\u043e\u0442\u0438\u043a\u0438 Vetom \u0441 \u043c\u0435\u0436\u0434\u0443\u043d\u0430\u0440\u043e\u0434\u043d\u043e\u0439 \u0434\u043e\u0441\u0442\u0430\u0432\u043a\u043e\u0439!<\/h3>\n<p style=\"text-align: justify; font-size: 25px;\">\u041d\u0430\u0448\u0430 \u043a\u043e\u043c\u043f\u0430\u043d\u0438\u044f \u0437\u0430\u043d\u0438\u043c\u0430\u0435\u0442\u0441\u044f \u043a\u0430\u043a \u043e\u043f\u0442\u043e\u0432\u043e\u0439, \u0442\u0430\u043a \u0438 \u0440\u043e\u0437\u043d\u0438\u0447\u043d\u043e\u0439 \u0442\u043e\u0440\u0433\u043e\u0432\u043b\u0435\u0439 \u043d\u0430 \u0432\u043d\u0443\u0442\u0440\u0435\u043d\u043d\u0435\u043c \u0438 \u043c\u0435\u0436\u0434\u0443\u043d\u0430\u0440\u043e\u0434\u043d\u043e\u043c \u0440\u044b\u043d\u043a\u0430\u0445! \u041c\u044b \u043e\u0441\u0443\u0449\u0435\u0441\u0442\u0432\u043b\u044f\u0435\u043c \u0434\u043e\u0441\u0442\u0430\u0432\u043a\u0443 \u043f\u043e \u0437\u0430\u0440\u0443\u0431\u0435\u0436\u043d\u044b\u043c \u0430\u0434\u0440\u0435\u0441\u0430\u043c \u043d\u0430 \u043e\u0441\u043d\u043e\u0432\u0430\u043d\u0438\u0438 \u0438\u043d\u0434\u0438\u0432\u0438\u0434\u0443\u0430\u043b\u044c\u043d\u043e\u0439 \u0441\u0442\u043e\u0438\u043c\u043e\u0441\u0442\u0438 \u0434\u043e\u0441\u0442\u0430\u0432\u043a\u0438 \u0438 \u0442\u043e\u043b\u044c\u043a\u043e \u043f\u043e\u0441\u043b\u0435 \u043f\u0440\u0435\u0434\u0432\u0430\u0440\u0438\u0442\u0435\u043b\u044c\u043d\u043e\u0433\u043e \u0431\u0430\u043d\u043a\u043e\u0432\u0441\u043a\u043e\u0433\u043e \u043f\u0435\u0440\u0435\u0432\u043e\u0434\u0430. \u0415\u0441\u043b\u0438 \u0437\u0430\u043a\u0430\u0437\u0430\u043d\u043d\u044b\u0439 \u0442\u043e\u0432\u0430\u0440 \u043d\u0435 \u043f\u0440\u0438\u0431\u044b\u043b \u0432 \u0443\u043a\u0430\u0437\u0430\u043d\u043d\u044b\u0439 \u0441\u0440\u043e\u043a, \u043f\u043e\u0436\u0430\u043b\u0443\u0439\u0441\u0442\u0430, \u0441\u0432\u044f\u0436\u0438\u0442\u0435\u0441\u044c \u0441 \u043d\u0430\u0448\u0435\u0439 \u0441\u043b\u0443\u0436\u0431\u043e\u0439 \u043f\u043e\u0434\u0434\u0435\u0440\u0436\u043a\u0438, \u0447\u0442\u043e\u0431\u044b \u043c\u044b \u043c\u043e\u0433\u043b\u0438 \u043d\u0435\u043c\u0435\u0434\u043b\u0435\u043d\u043d\u043e \u0440\u0435\u0448\u0438\u0442\u044c \u043f\u0440\u043e\u0431\u043b\u0435\u043c\u0443.<br \/>\n\u041c\u044b \u0442\u0430\u043a\u0436\u0435 \u0431\u0443\u0434\u0435\u043c \u0440\u0430\u0434\u044b \u043f\u043e\u043c\u043e\u0447\u044c \u0432\u0430\u043c \u0441 \u0434\u043e\u0441\u0442\u0430\u0432\u043a\u043e\u0439 \u0432 \u0434\u0440\u0443\u0433\u0438\u0435 \u0441\u0442\u0440\u0430\u043d\u044b, \u0432 \u0442\u0430\u043a\u0438\u0445 \u0441\u043b\u0443\u0447\u0430\u044f\u0445, \u043f\u043e\u0436\u0430\u043b\u0443\u0439\u0441\u0442\u0430, \u0441\u0432\u044f\u0436\u0438\u0442\u0435\u0441\u044c \u0441 \u043d\u0430\u043c\u0438: <strong>vetomshop.hu@gmail.com<\/strong>.<\/p>\n<p style=\"text-align: center; font-size: 27px; color: #bf1919;\"><strong>\u041c\u044b \u0441 \u043d\u0435\u0442\u0435\u0440\u043f\u0435\u043d\u0438\u0435\u043c \u0436\u0434\u0435\u043c \u0432\u0430\u0448\u0438\u0445 \u0437\u0430\u043a\u0430\u0437\u043e\u0432!<\/strong><\/p>\n<div class=\"logo-posta\"><img decoding=\"async\" class=\"alignnone size-full wp-image-5757\" src=\"https:\/\/vetomshop.hu\/wp-content\/uploads\/2024\/06\/gls_logo.jpg\" alt=\"\" width=\"250\" \/><br \/>\n<img decoding=\"async\" class=\"alignnone size-full wp-image-5758\" src=\"https:\/\/vetomshop.hu\/wp-content\/uploads\/2024\/08\/tnt_logo.jpg\" alt=\"\" width=\"250\" \/><br \/>\n<img decoding=\"async\" class=\"alignnone size-full wp-image-5760\" src=\"https:\/\/vetomshop.hu\/wp-content\/uploads\/2024\/08\/dpd_logo.jpg\" alt=\"\" width=\"250\" \/><br \/>\n<img decoding=\"async\" class=\"alignnone size-full wp-image-5759\" src=\"https:\/\/vetomshop.hu\/wp-content\/uploads\/2024\/06\/packeta_logo.jpg\" alt=\"\" width=\"250\" \/><\/div>","protected":false},"excerpt":{"rendered":"<p>C\u00e9g\u00fcnk Kis \u00e9s Nagykereskedelemmel foglalkozik Belf\u00f6ld\u00f6n \u00e9s K\u00fclf\u00f6ld\u00f6n egyar\u00e1nt! A Vetom probioticum nemzetk\u00f6zi sz\u00e1ll\u00edt\u00e1sa K\u00fclf\u00f6ldi sz\u00e1ll\u00edt\u00e1s: Ausztria Belgium Hollandia Horv\u00e1torsz\u00e1g Franciaorsz\u00e1g N\u00e9metorsz\u00e1g Olaszorsz\u00e1g Rom\u00e1nia Spanyolorsz\u00e1g Sv\u00e1jc Ukrajna Egy\u00e9b orszagokba K\u00fclf\u00f6ldi c\u00edmre egyedi sz\u00e1ll\u00edt\u00e1si d\u00edj meg\u00e1llap\u00edt\u00e1sa alapj\u00e1n \u00e9s kiz\u00e1r\u00f3lag Banki el\u0151re utal\u00e1st k\u00f6vet\u0151en sz\u00e1ll\u00edtjuk ki. Amennyiben a megrendelt Term\u00e9k nem \u00e9rkezik meg \u00d6nh\u00f6z a v\u00e1rt id\u0151pontig, [&hellip;]<\/p>\n","protected":false},"author":104,"featured_media":0,"parent":0,"menu_order":0,"comment_status":"closed","ping_status":"closed","template":"","meta":{"footnotes":""},"class_list":["post-5809","page","type-page","status-publish","hentry"],"_links":{"self":[{"href":"https:\/\/vetomshop.hu\/ru\/wp-json\/wp\/v2\/pages\/5809","targetHints":{"allow":["GET"]}}],"collection":[{"href":"https:\/\/vetomshop.hu\/ru\/wp-json\/wp\/v2\/pages"}],"about":[{"href":"https:\/\/vetomshop.hu\/ru\/wp-json\/wp\/v2\/types\/page"}],"author":[{"embeddable":true,"href":"https:\/\/vetomshop.hu\/ru\/wp-json\/wp\/v2\/users\/104"}],"replies":[{"embeddable":true,"href":"https:\/\/vetomshop.hu\/ru\/wp-json\/wp\/v2\/comments?post=5809"}],"version-history":[{"count":1,"href":"https:\/\/vetomshop.hu\/ru\/wp-json\/wp\/v2\/pages\/5809\/revisions"}],"predecessor-version":[{"id":6443,"href":"https:\/\/vetomshop.hu\/ru\/wp-json\/wp\/v2\/pages\/5809\/revisions\/6443"}],"wp:attachment":[{"href":"https:\/\/vetomshop.hu\/ru\/wp-json\/wp\/v2\/media?parent=5809"}],"curies":[{"name":"wp","href":"https:\/\/api.w.org\/{rel}","templated":true}]}}