{"id":6007,"date":"2024-09-08T14:07:02","date_gmt":"2024-09-08T12:07:02","guid":{"rendered":"https:\/\/vetomshop.hu\/?page_id=6007"},"modified":"2024-09-16T19:32:12","modified_gmt":"2024-09-16T17:32:12","slug":"akcios-ajanlat","status":"publish","type":"page","link":"https:\/\/vetomshop.hu\/ru\/akcios-ajanlat\/","title":{"rendered":"\u0421\u043f\u0435\u0446\u0438\u0430\u043b\u044c\u043d\u043e\u0435 \u043f\u0440\u0435\u0434\u043b\u043e\u0436\u0435\u043d\u0438\u0435"},"content":{"rendered":"<div class=\"wpb-content-wrapper\">\n<div  data-mk-stretch-content=\"true\" class=\"wpb_row vc_row vc_row-fluid jupiter-donut- mk-fullwidth-false  attched-false     js-master-row  mk-grid\">\n\t\t\t\t\n<div class=\"vc_col-sm-12 wpb_column column_container  jupiter-donut- _ jupiter-donut-height-full\">\n\t\t<div class=\"vc_custom_1726507905827\">\n\n<div id=\"text-block-2\" class=\"mk-text-block  jupiter-donut-\">\n\n\t\n\t<h2 style=\"text-align: center; font-size: 1.2em;\"><strong>\u0414\u043e\u0431\u0440\u044b\u0439 \u0434\u0435\u043d\u044c, \u0443\u0432\u0430\u0436\u0430\u0435\u043c\u044b\u0435 \u043f\u043e\u043a\u0443\u043f\u0430\u0442\u0435\u043b\u0438!<\/strong><\/h2>\n<p><img loading=\"lazy\" decoding=\"async\" class=\"alignright wp-image-6014\" src=\"https:\/\/vetomshop.hu\/wp-content\/uploads\/2024\/09\/vetom_hands-op.png\" alt=\"\" width=\"447\" height=\"238\" srcset=\"https:\/\/vetomshop.hu\/wp-content\/uploads\/2024\/09\/vetom_hands-op.png 425w, https:\/\/vetomshop.hu\/wp-content\/uploads\/2024\/09\/vetom_hands-op-300x160.png 300w\" sizes=\"auto, (max-width: 447px) 100vw, 447px\" \/><\/p>\n<p style=\"font-size: 0.9em;\">\u0412\u043f\u0435\u0447\u0430\u0442\u043b\u0435\u043d\u0438\u044f \u043f\u043e\u043b\u044c\u0437\u043e\u0432\u0430\u0442\u0435\u043b\u0435\u0439 \u043e\u0442 \u043f\u0440\u043e\u0434\u0443\u043a\u0442\u043e\u0432, \u043f\u0440\u043e\u0434\u0430\u0432\u0430\u0435\u043c\u044b\u0445 \u043d\u0430 \u043d\u0430\u0448\u0435\u043c \u0441\u0430\u0439\u0442\u0435, \u0438\u0433\u0440\u0430\u044e\u0442 \u0432\u0430\u0436\u043d\u0443\u044e \u0440\u043e\u043b\u044c \u0432 \u043f\u0440\u0438\u043d\u044f\u0442\u0438\u0438 \u0440\u0435\u0448\u0435\u043d\u0438\u0439 \u043e \u043f\u043e\u043a\u0443\u043f\u043a\u0435 \u0447\u0435\u0440\u0435\u0437 \u0418\u043d\u0442\u0435\u0440\u043d\u0435\u0442.<\/p>\n<p style=\"font-size: 0.9em;\">\u041e\u0442\u0437\u044b\u0432\u044b \u0438 \u043e\u043f\u044b\u0442 \u0438\u0441\u043f\u043e\u043b\u044c\u0437\u043e\u0432\u0430\u043d\u0438\u044f \u043d\u0430\u0448\u0435\u0439 \u043f\u0440\u043e\u0434\u0443\u043a\u0446\u0438\u0438 \u043f\u043e\u043c\u043e\u0433\u0430\u044e\u0442 \u043f\u043e\u0442\u0435\u043d\u0446\u0438\u0430\u043b\u044c\u043d\u044b\u043c \u043f\u043e\u043a\u0443\u043f\u0430\u0442\u0435\u043b\u044f\u043c, \u0441\u043e\u043c\u043d\u0435\u0432\u0430\u044e\u0449\u0438\u043c\u0441\u044f \u0432 \u043a\u0430\u0447\u0435\u0441\u0442\u0432\u0435 \u043f\u0440\u043e\u0431\u0438\u043e\u0442\u0438\u043a\u043e\u0432 Vetom \u0438 \u0434\u0440\u0443\u0433\u0438\u0445 \u043d\u0430\u0448\u0438\u0445 \u0442\u043e\u0432\u0430\u0440\u043e\u0432, \u043f\u0440\u0438\u043d\u044f\u0442\u044c \u0440\u0435\u0448\u0435\u043d\u0438\u0435 \u043e \u043f\u043e\u043a\u0443\u043f\u043a\u0435.<\/p>\n<p style=\"font-size: 0.9em;\">\u0422\u0430\u043a \u0447\u0442\u043e \u0432\u043c\u0435\u0441\u0442\u0435 \u0441 \u0432\u0430\u043c\u0438 \u043c\u044b \u0441\u043c\u043e\u0436\u0435\u043c \u043f\u043e\u043c\u043e\u0447\u044c \u0434\u0440\u0443\u0433\u0438\u043c.<\/p>\n<p style=\"font-size: 0.9em; color: green;\">\u041f\u043e\u044d\u0442\u043e\u043c\u0443 \u0434\u043b\u044f \u043a\u0430\u0436\u0434\u043e\u0433\u043e \u043e\u0444\u043e\u0440\u043c\u043b\u0435\u043d\u043d\u043e\u0433\u043e \u0437\u0430\u043a\u0430\u0437\u0430, \u0442\u043e\u0432\u0430\u0440\u0430, \u0441\u0442\u043e\u0438\u043c\u043e\u0441\u0442\u0438 \u0434\u043e\u0441\u0442\u0430\u0432\u043a\u0438 <strong>-10%<\/strong> \u0441\u043a\u0438\u0434\u043a\u0430, \u0434\u0435\u0439\u0441\u0442\u0432\u0443\u044e\u0449\u0430\u044f \u0432 \u0442\u0435\u0447\u0435\u043d\u0438\u0435 10 \u0434\u043d\u0435\u0439 \u0434\u043b\u044f \u0432\u0441\u0435\u0445, \u043a\u0442\u043e \u043e\u0441\u0442\u0430\u0432\u0438\u0442 \u043e\u0442\u0437\u044b\u0432 \u043d\u0430 \u043d\u0430\u0448\u0435\u043c \u0441\u0430\u0439\u0442\u0435, \u043d\u0430\u0447\u0438\u043d\u0430\u044f \u0441 \u0441\u0435\u0433\u043e\u0434\u043d\u044f\u0448\u043d\u0435\u0433\u043e \u0434\u043d\u044f <strong>2024.09.16<\/strong>.<\/p>\n<p style=\"font-size: 0.9em; color: green;\">\u041f\u0440\u043e\u0434\u0430\u0432\u0446\u044b \u041e\u0434\u043d\u0430\u043a\u043e <strong>Vetom \u041d\u0430\u0448\u0438 \u043f\u0430\u0440\u0442\u043d\u0435\u0440\u044b<\/strong> \u043d\u0435 \u043c\u043e\u0433\u0443\u0442 \u043e\u0441\u0442\u0430\u0442\u044c\u0441\u044f \u0432 \u0441\u0442\u043e\u0440\u043e\u043d\u0435, \u043f\u043e\u044d\u0442\u043e\u043c\u0443 \u043e\u043d\u0438 <strong>-5%<\/strong> \u043c\u044b \u043f\u0440\u0435\u0434\u043b\u0430\u0433\u0430\u0435\u043c \u0441\u043a\u0438\u0434\u043a\u0443 \u043d\u0430 \u043e\u043f\u0442\u043e\u0432\u044b\u0435 \u0446\u0435\u043d\u044b.<\/p>\n<p style=\"font-size: 1em;\"><strong>\u0427\u0442\u043e\u0431\u044b \u043f\u043e\u043b\u0443\u0447\u0438\u0442\u044c \u0441\u043a\u0438\u0434\u043a\u0443, \u0432\u044b\u043f\u043e\u043b\u043d\u0438\u0442\u0435 \u0441\u043b\u0435\u0434\u0443\u044e\u0449\u0438\u0435 \u0434\u0435\u0439\u0441\u0442\u0432\u0438\u044f:<\/strong><\/p>\n<ol>\n<li>\u0412\u043d\u0438\u0437\u0443 \u0441\u0442\u0440\u0430\u043d\u0438\u0446\u044b \u043a\u043b\u0438\u043a\u043d\u0438\u0442\u0435 \u043d\u0430 \u0442\u043e\u0432\u0430\u0440 Vetom, \u043a\u043e\u0442\u043e\u0440\u044b\u0439 \u0432\u044b \u0443\u0436\u0435 \u043a\u0443\u043f\u0438\u043b\u0438 (\u0443 \u043d\u0430\u0441 \u0438\u043b\u0438 \u0432 \u0434\u0440\u0443\u0433\u043e\u043c \u043c\u0430\u0433\u0430\u0437\u0438\u043d\u0435) \u0438 \u0432\u0430\u043c \u0435\u0441\u0442\u044c \u0447\u0442\u043e \u0441\u043a\u0430\u0437\u0430\u0442\u044c \u043e \u043d\u0435\u043c: \u043e\u0442\u0437\u044b\u0432\u044b, \u0445\u0430\u0440\u0430\u043a\u0442\u0435\u0440\u0438\u0441\u0442\u0438\u043a\u0438, \u043e\u043f\u044b\u0442 \u0438\u0441\u043f\u043e\u043b\u044c\u0437\u043e\u0432\u0430\u043d\u0438\u044f;<\/li>\n<li>\u041f\u0435\u0440\u0435\u0439\u0434\u0438\u0442\u0435 \u043d\u0430 \u0441\u0442\u0440\u0430\u043d\u0438\u0446\u0443 \u043f\u0440\u043e\u0434\u0443\u043a\u0442\u0430 \u0438 \u043e\u0441\u0442\u0430\u0432\u044c\u0442\u0435 \u043e\u0442\u0437\u044b\u0432 \u043e \u0435\u0433\u043e \u0445\u0430\u0440\u0430\u043a\u0442\u0435\u0440\u0438\u0441\u0442\u0438\u043a\u0430\u0445, \u044d\u0444\u0444\u0435\u043a\u0442\u0438\u0432\u043d\u043e\u0441\u0442\u0438, \u0440\u0435\u043a\u043e\u043c\u0435\u043d\u0434\u0430\u0446\u0438\u044f\u0445 \u0438 \u0442. \u0434;<\/li>\n<li>\u0417\u0430\u043a\u0430\u0436\u0438\u0442\u0435 \u0442\u043e\u0432\u0430\u0440 \u0438\u0437 \u0430\u0441\u0441\u043e\u0440\u0442\u0438\u043c\u0435\u043d\u0442\u0430 Vetom \u0438 \u043d\u0430\u043f\u0438\u0448\u0438\u0442\u0435 \u201c\u041e\u0442\u0437\u044b\u0432 -10%\u201c \u0432 \u043f\u0440\u0438\u043c\u0435\u0447\u0430\u043d\u0438\u044f\u0445 \u043a \u0437\u0430\u043a\u0430\u0437\u0443.<br \/>\n<img loading=\"lazy\" decoding=\"async\" class=\"alignnone wp-image-6066\" src=\"https:\/\/vetomshop.hu\/wp-content\/uploads\/2024\/09\/00.png\" alt=\"\" width=\"894\" height=\"749\" srcset=\"https:\/\/vetomshop.hu\/wp-content\/uploads\/2024\/09\/00.png 1055w, https:\/\/vetomshop.hu\/wp-content\/uploads\/2024\/09\/00-300x251.png 300w, https:\/\/vetomshop.hu\/wp-content\/uploads\/2024\/09\/00-1024x858.png 1024w, https:\/\/vetomshop.hu\/wp-content\/uploads\/2024\/09\/00-768x644.png 768w, https:\/\/vetomshop.hu\/wp-content\/uploads\/2024\/09\/00-600x503.png 600w\" sizes=\"auto, (max-width: 894px) 100vw, 894px\" \/><\/li>\n<li>\u041f\u0440\u0438 \u043e\u0431\u0440\u0430\u0431\u043e\u0442\u043a\u0435 \u0432\u0430\u0448\u0435\u0433\u043e \u0437\u0430\u043a\u0430\u0437\u0430 \u043c\u044b \u0443\u0447\u0442\u0435\u043c \u0441\u043a\u0438\u0434\u043a\u0443 10% \u043d\u0430 \u0442\u043e\u0432\u0430\u0440\u044b, \u043f\u0440\u0438\u043e\u0431\u0440\u0435\u0442\u0435\u043d\u043d\u044b\u0435 \u0443 \u043d\u0430\u0441: \u043a\u0430\u043a \u043d\u0430 \u0441\u0430\u043c \u0442\u043e\u0432\u0430\u0440, \u0442\u0430\u043a \u0438 \u043d\u0430 \u0434\u043e\u0441\u0442\u0430\u0432\u043a\u0443.<\/li>\n<\/ol>\n<p style=\"font-size: 0.9em;\">\u0410\u043a\u0446\u0438\u044f \u0437\u0430\u043a\u0430\u043d\u0447\u0438\u0432\u0430\u0435\u0442\u0441\u044f \u0432 23:59 26.09.2024 (\u0430\u0434\u0440\u0435\u0441, \u043d\u043e\u043c\u0435\u0440 \u0442\u0435\u043b\u0435\u0444\u043e\u043d\u0430 \u0438 \u0434\u0440\u0443\u0433\u0438\u0435 \u043f\u0435\u0440\u0441\u043e\u043d\u0430\u043b\u044c\u043d\u044b\u0435 \u0434\u0430\u043d\u043d\u044b\u0435 \u043d\u0435 \u0437\u0430\u043f\u0440\u0430\u0448\u0438\u0432\u0430\u044e\u0442\u0441\u044f).<\/p>\n\n\t<div class=\"clearboth\"><\/div>\n<\/div>\n\n\t<\/div>\n<\/div>\n\t<\/div>\n\n<div  data-mk-stretch-content=\"true\" class=\"wpb_row vc_row vc_row-fluid jupiter-donut- mk-fullwidth-false  attched-false    vc_custom_1725805942210  js-master-row  mk-grid\">\n\t\t\t\t\n<div class=\"vc_col-sm-3 wpb_column column_container  jupiter-donut- _ jupiter-donut-height-full\">\n\t<div  class=\"mk-image mk-image-4 jupiter-donut-  mk-image-lazyload align-left rounded-frame inside-image\" style=\"margin-bottom:0px\"><div class=\"mk-image-container\" style=\"max-width: 300px;\"><div  class=\"mk-image-holder\" style=\"max-width: 300px;\"><div class=\"mk-image-inner\"><a href=\"https:\/\/vetomshop.hu\/ru\/product\/vetom1-1-etrend-kiegeszito\/\" target=\"_self\" class=\"mk-image-link\"><img loading=\"lazy\" decoding=\"async\" class=\"lightbox-false\" alt=\"vetom-1-1-kapsuly-50\" title=\"vetom-1-1-kapsuly-50\" width=\"300\" height=\"298\" src=\"https:\/\/vetomshop.hu\/wp-content\/uploads\/2016\/09\/vetom-1-1-kapsuly-50-300x298.jpg\" \/><\/a><\/div><\/div><div class=\"clearboth\"><\/div><\/div><\/div><\/div>\n\n<div class=\"vc_col-sm-3 wpb_column column_container  jupiter-donut- _ jupiter-donut-height-full\">\n\t<div  class=\"mk-image mk-image-6 jupiter-donut-  mk-image-lazyload align-left rounded-frame inside-image\" style=\"margin-bottom:0px\"><div class=\"mk-image-container\" style=\"max-width: 300px;\"><div  class=\"mk-image-holder\" style=\"max-width: 300px;\"><div class=\"mk-image-inner\"><a href=\"https:\/\/vetomshop.hu\/ru\/product\/vetom-2-etrend-kiegeszito\/\" target=\"_self\" class=\"mk-image-link\"><img loading=\"lazy\" decoding=\"async\" class=\"lightbox-false\" alt=\"vetom_caps_2\" title=\"vetom_caps_2\" width=\"300\" height=\"300\" src=\"https:\/\/vetomshop.hu\/wp-content\/uploads\/2019\/11\/vetom_caps_2-300x300.jpg\" \/><\/a><\/div><\/div><div class=\"clearboth\"><\/div><\/div><\/div><\/div>\n\n<div class=\"vc_col-sm-3 wpb_column column_container  jupiter-donut- _ jupiter-donut-height-full\">\n\t<div  class=\"mk-image mk-image-8 jupiter-donut-  mk-image-lazyload align-left rounded-frame inside-image\" style=\"margin-bottom:0px\"><div class=\"mk-image-container\" style=\"max-width: 300px;\"><div  class=\"mk-image-holder\" style=\"max-width: 300px;\"><div class=\"mk-image-inner\"><a href=\"https:\/\/vetomshop.hu\/ru\/product\/vetom-3-etrend-kiegeszito\/\" target=\"_self\" class=\"mk-image-link\"><img loading=\"lazy\" decoding=\"async\" class=\"lightbox-false\" alt=\"vetom_caps_3\" title=\"vetom_caps_3\" width=\"300\" height=\"300\" src=\"https:\/\/vetomshop.hu\/wp-content\/uploads\/2019\/11\/vetom_caps_3-300x300.jpg\" \/><\/a><\/div><\/div><div class=\"clearboth\"><\/div><\/div><\/div><\/div>\n\n<div class=\"vc_col-sm-3 wpb_column column_container  jupiter-donut- _ jupiter-donut-height-full\">\n\t<div  class=\"mk-image mk-image-10 jupiter-donut-  mk-image-lazyload align-left rounded-frame inside-image\" style=\"margin-bottom:0px\"><div class=\"mk-image-container\" style=\"max-width: 300px;\"><div  class=\"mk-image-holder\" style=\"max-width: 300px;\"><div class=\"mk-image-inner\"><a href=\"https:\/\/vetomshop.hu\/ru\/product\/vetom-4-etrend-kiegeszito\/\" target=\"_self\" class=\"mk-image-link\"><img loading=\"lazy\" decoding=\"async\" class=\"lightbox-false\" alt=\"Vetom 4 probiotikum kapszula 50 szem\" title=\"\u0432\u0435\u0442\u043e\u043c \u043a\u0430\u043f\u0441 4\" width=\"300\" height=\"300\" src=\"https:\/\/vetomshop.hu\/wp-content\/uploads\/2019\/11\/vetom_caps_4-300x300.jpg\" \/><\/a><\/div><\/div><div class=\"clearboth\"><\/div><\/div><\/div><\/div>\n\t<\/div>\n\n<div  data-mk-stretch-content=\"true\" class=\"wpb_row vc_row vc_row-fluid jupiter-donut- mk-fullwidth-false  attched-false    vc_custom_1725805947363  js-master-row  mk-grid\">\n\t\t\t\t\n<div class=\"vc_col-sm-3 wpb_column column_container  jupiter-donut- _ jupiter-donut-height-full\">\n\t<div  class=\"mk-image mk-image-12 jupiter-donut-  mk-image-lazyload align-left rounded-frame inside-image\" style=\"margin-bottom:0px\"><div class=\"mk-image-container\" style=\"max-width: 300px;\"><div  class=\"mk-image-holder\" style=\"max-width: 300px;\"><div class=\"mk-image-inner\"><a href=\"https:\/\/vetomshop.hu\/ru\/product\/vetom-1-23-probiotikum-csepp\/\" target=\"_self\" class=\"mk-image-link\"><img loading=\"lazy\" decoding=\"async\" class=\"lightbox-false\" alt=\"1-2\" title=\"1-2\" width=\"300\" height=\"297\" src=\"https:\/\/vetomshop.hu\/wp-content\/uploads\/2019\/11\/1-2-300x297.jpg\" \/><\/a><\/div><\/div><div class=\"clearboth\"><\/div><\/div><\/div><\/div>\n\n<div class=\"vc_col-sm-3 wpb_column column_container  jupiter-donut- _ jupiter-donut-height-full\">\n\t<div  class=\"mk-image mk-image-14 jupiter-donut-  mk-image-lazyload align-left rounded-frame inside-image\" style=\"margin-bottom:0px\"><div class=\"mk-image-container\" style=\"max-width: 300px;\"><div  class=\"mk-image-holder\" style=\"max-width: 300px;\"><div class=\"mk-image-inner\"><a href=\"https:\/\/vetomshop.hu\/ru\/product\/vetom-2-25-probiotikum-10-ml-csepp\/\" target=\"_self\" class=\"mk-image-link\"><img loading=\"lazy\" decoding=\"async\" class=\"lightbox-false\" alt=\"2_25_drop\" title=\"2_25_\u043a\u0430\u043f\u043b\u044f\" width=\"300\" height=\"297\" src=\"https:\/\/vetomshop.hu\/wp-content\/uploads\/2020\/10\/2_25_drop-300x297.jpg\" \/><\/a><\/div><\/div><div class=\"clearboth\"><\/div><\/div><\/div><\/div>\n\n<div class=\"vc_col-sm-3 wpb_column column_container  jupiter-donut- _ jupiter-donut-height-full\">\n\t<div  class=\"mk-image mk-image-16 jupiter-donut-  mk-image-lazyload align-left rounded-frame inside-image\" style=\"margin-bottom:0px\"><div class=\"mk-image-container\" style=\"max-width: 300px;\"><div  class=\"mk-image-holder\" style=\"max-width: 300px;\"><div class=\"mk-image-inner\"><a href=\"https:\/\/vetomshop.hu\/ru\/product\/vetom-2-26-probiotikum-10-ml-csepp\/\" target=\"_self\" class=\"mk-image-link\"><img loading=\"lazy\" decoding=\"async\" class=\"lightbox-false\" alt=\"22-6\" title=\"22-6\" width=\"300\" height=\"297\" src=\"https:\/\/vetomshop.hu\/wp-content\/uploads\/2019\/11\/22-6-300x297.jpg\" \/><\/a><\/div><\/div><div class=\"clearboth\"><\/div><\/div><\/div><\/div>\n\n<div class=\"vc_col-sm-3 wpb_column column_container  jupiter-donut- _ jupiter-donut-height-full\">\n\t<div  class=\"mk-image mk-image-18 jupiter-donut-  mk-image-lazyload align-left rounded-frame inside-image\" style=\"margin-bottom:0px\"><div class=\"mk-image-container\" style=\"max-width: 300px;\"><div  class=\"mk-image-holder\" style=\"max-width: 300px;\"><div class=\"mk-image-inner\"><a href=\"https:\/\/vetomshop.hu\/ru\/product\/vetom-3-22-probiotikum-csepp\/\" target=\"_self\" class=\"mk-image-link\"><img loading=\"lazy\" decoding=\"async\" class=\"lightbox-false\" alt=\"3-2-2\" title=\"3-2-2\" width=\"300\" height=\"297\" src=\"https:\/\/vetomshop.hu\/wp-content\/uploads\/2019\/11\/3-2-2-300x297.jpg\" \/><\/a><\/div><\/div><div class=\"clearboth\"><\/div><\/div><\/div><\/div>\n\t<\/div>\n\n<div  data-mk-stretch-content=\"true\" class=\"wpb_row vc_row vc_row-fluid jupiter-donut- mk-fullwidth-false  attched-false    vc_custom_1725805954200  js-master-row  mk-grid\">\n\t\t\t\t\n<div class=\"vc_col-sm-3 wpb_column column_container  jupiter-donut- _ jupiter-donut-height-full\">\n\t<div  class=\"mk-image mk-image-20 jupiter-donut-  mk-image-lazyload align-left rounded-frame inside-image\" style=\"margin-bottom:0px\"><div class=\"mk-image-container\" style=\"max-width: 300px;\"><div  class=\"mk-image-holder\" style=\"max-width: 300px;\"><div class=\"mk-image-inner\"><a href=\"https:\/\/vetomshop.hu\/ru\/product\/vetom-4-24-probiotikum-csepp\/\" target=\"_self\" class=\"mk-image-link\"><img loading=\"lazy\" decoding=\"async\" class=\"lightbox-false\" alt=\"4.2\" title=\"4.2\" width=\"300\" height=\"297\" src=\"https:\/\/vetomshop.hu\/wp-content\/uploads\/2019\/11\/4.2-300x297.jpg\" \/><\/a><\/div><\/div><div class=\"clearboth\"><\/div><\/div><\/div><\/div>\n\n<div class=\"vc_col-sm-3 wpb_column column_container  jupiter-donut- _ jupiter-donut-height-full\">\n\t<div  class=\"mk-image mk-image-22 jupiter-donut-  mk-image-lazyload align-left rounded-frame inside-image\" style=\"margin-bottom:0px\"><div class=\"mk-image-container\" style=\"max-width: 300px;\"><div  class=\"mk-image-holder\" style=\"max-width: 300px;\"><div class=\"mk-image-inner\"><a href=\"https:\/\/vetomshop.hu\/ru\/product\/vetom-1-1-probiotikum-por-500-g-etrend-kiegeszito\/\" target=\"_self\" class=\"mk-image-link\"><img loading=\"lazy\" decoding=\"async\" class=\"lightbox-false\" alt=\"vetom_1_por\" title=\"vetom_1_por\" width=\"300\" height=\"300\" src=\"https:\/\/vetomshop.hu\/wp-content\/uploads\/2024\/06\/vetom_1_por-300x300.jpg\" \/><\/a><\/div><\/div><div class=\"clearboth\"><\/div><\/div><\/div><\/div>\n\n<div class=\"vc_col-sm-3 wpb_column column_container  jupiter-donut- _ jupiter-donut-height-full\">\n\t<div  class=\"mk-image mk-image-24 jupiter-donut-  mk-image-lazyload align-left rounded-frame inside-image\" style=\"margin-bottom:0px\"><div class=\"mk-image-container\" style=\"max-width: 300px;\"><div  class=\"mk-image-holder\" style=\"max-width: 300px;\"><div class=\"mk-image-inner\"><a href=\"https:\/\/vetomshop.hu\/ru\/product\/komarov-por-etrend-kiegeszito-40-tasak\/\" target=\"_self\" class=\"mk-image-link\"><img loading=\"lazy\" decoding=\"async\" class=\"lightbox-false\" alt=\"komarov-por\" title=\"\u041a\u043e\u043c\u0430\u0440\u043e\u0432-\u043f\u043e\u0440\" width=\"300\" height=\"300\" src=\"https:\/\/vetomshop.hu\/wp-content\/uploads\/2023\/08\/komarov-por-300x300.jpg\" \/><\/a><\/div><\/div><div class=\"clearboth\"><\/div><\/div><\/div><\/div>\n\n<div class=\"vc_col-sm-3 wpb_column column_container  jupiter-donut- _ jupiter-donut-height-full\">\n\t<div  class=\"mk-image mk-image-26 jupiter-donut-  mk-image-lazyload align-left rounded-frame inside-image\" style=\"margin-bottom:0px\"><div class=\"mk-image-container\" style=\"max-width: 300px;\"><div  class=\"mk-image-holder\" style=\"max-width: 300px;\"><div class=\"mk-image-inner\"><a href=\"https:\/\/vetomshop.hu\/ru\/product\/vetomgin-8-21\/\" target=\"_self\" class=\"mk-image-link\"><img loading=\"lazy\" decoding=\"async\" class=\"lightbox-false\" alt=\"vetomgin\" title=\"vetomgin\" width=\"300\" height=\"300\" src=\"https:\/\/vetomshop.hu\/wp-content\/uploads\/2020\/10\/vetomgin-300x300.jpg\" \/><\/a><\/div><\/div><div class=\"clearboth\"><\/div><\/div><\/div><\/div>\n\t<\/div>\n\n<div  data-mk-stretch-content=\"true\" class=\"wpb_row vc_row vc_row-fluid jupiter-donut- mk-fullwidth-false  attched-false    vc_custom_1725805341644  js-master-row  mk-grid\">\n\t\t\t\t\n<div class=\"vc_col-sm-12 wpb_column column_container  jupiter-donut- _ jupiter-donut-height-full\">\n\t\t<div class=\"vc_custom_1725805308003\">\n\n<div id=\"text-block-28\" class=\"mk-text-block  jupiter-donut-\">\n\n\t\n\t<p style=\"font-size: 1em;\"><strong>\u0421 \u0431\u043b\u0430\u0433\u043e\u0434\u0430\u0440\u043d\u043e\u0441\u0442\u044c\u044e \u0438 \u043d\u0430\u0438\u043b\u0443\u0447\u0448\u0438\u043c\u0438 \u043f\u043e\u0436\u0435\u043b\u0430\u043d\u0438\u044f\u043c\u0438 \u0422\u0430\u043c\u0430\u0448 \u041f\u0430\u043f, \u0443\u043f\u0440\u0430\u0432\u043b\u044f\u044e\u0449\u0438\u0439 \u0434\u0438\u0440\u0435\u043a\u0442\u043e\u0440<\/strong><\/p>\n<p style=\"font-size: 1.1em;\"><a href=\"https:\/\/probiotikum-magyarorszag.hu\" target=\"_blank\" rel=\"noopener noreferrer nofollow\">\u041f\u0440\u043e\u0431\u0438\u043e\u0442\u0438\u043a\u0438 \u0412\u0435\u043d\u0433\u0440\u0438\u044f<\/a> \u00a0\u00a0 \u00a0\u00a0<a href=\"https:\/\/vetom-magyarorszag.hu\" target=\"_blank\" rel=\"noopener noreferrer nofollow\">\u0412\u0435\u0442\u043e\u043c \u0412\u0435\u043d\u0433\u0440\u0438\u044f<\/a> \u00a0 \u00a0\u00a0 \u00a0<a href=\"https:\/\/vetomshop.hu\/ru\/\">\u0412\u0435\u0442\u043e\u043c\u0448\u043e\u043f<\/a>\u00a0 \u00a0 \u00a0 \u00a0<a href=\"https:\/\/www.facebook.com\/Vetomshop.hu\" target=\"_blank\" rel=\"noopener noreferrer nofollow\">Vetom Facebook<\/a><\/p>\n\n\t<div class=\"clearboth\"><\/div>\n<\/div>\n\n\t<\/div>\n<\/div>\n\t<\/div>\n\n<\/div>","protected":false},"excerpt":{"rendered":"Sz\u00e9p napot kedves v\u00e1s\u00e1rl\u00f3ink! A weboldalunkon \u00e9rt\u00e9kes\u00edtett term\u00e9kek felhaszn\u00e1l\u00f3i tapasztalatok fontos szerepet j\u00e1tszanak az online v\u00e1s\u00e1rl\u00e1si d\u00f6nt\u00e9sek meghozatal\u00e1ban. A term\u00e9kekkel kapcsolatos v\u00e9lem\u00e9nyek \u00e9s tapasztalatok seg\u00edtenek a potenci\u00e1lis v\u00e1s\u00e1rl\u00f3knak abban, hogy d\u00f6nt\u00e9st hozzanak a term\u00e9kekkel kapcsolatban, akik k\u00e9telkednek a Vetom probiotikum \u00e9s egy\u00e9b term\u00e9keink min\u0151s\u00e9g\u00e9ben. \u00cdgy, \u2013 \u00d6n\u00f6kkel egy\u00fctt seg\u00edthet\u00fcnk m\u00e1soknak. Ez\u00e9rt minden leadott rendel\u00e9sre, term\u00e9kre, [...]","protected":false},"author":104,"featured_media":0,"parent":0,"menu_order":0,"comment_status":"closed","ping_status":"closed","template":"","meta":{"footnotes":""},"class_list":["post-6007","page","type-page","status-publish","hentry"],"_links":{"self":[{"href":"https:\/\/vetomshop.hu\/ru\/wp-json\/wp\/v2\/pages\/6007","targetHints":{"allow":["GET"]}}],"collection":[{"href":"https:\/\/vetomshop.hu\/ru\/wp-json\/wp\/v2\/pages"}],"about":[{"href":"https:\/\/vetomshop.hu\/ru\/wp-json\/wp\/v2\/types\/page"}],"author":[{"embeddable":true,"href":"https:\/\/vetomshop.hu\/ru\/wp-json\/wp\/v2\/users\/104"}],"replies":[{"embeddable":true,"href":"https:\/\/vetomshop.hu\/ru\/wp-json\/wp\/v2\/comments?post=6007"}],"version-history":[{"count":0,"href":"https:\/\/vetomshop.hu\/ru\/wp-json\/wp\/v2\/pages\/6007\/revisions"}],"wp:attachment":[{"href":"https:\/\/vetomshop.hu\/ru\/wp-json\/wp\/v2\/media?parent=6007"}],"curies":[{"name":"wp","href":"https:\/\/api.w.org\/{rel}","templated":true}]}}