{"id":6181,"date":"2024-11-22T18:18:31","date_gmt":"2024-11-22T17:18:31","guid":{"rendered":"https:\/\/vetomshop.hu\/?page_id=6181"},"modified":"2026-03-03T20:00:54","modified_gmt":"2026-03-03T19:00:54","slug":"kapcsolat","status":"publish","type":"page","link":"https:\/\/vetomshop.hu\/ru\/kapcsolat\/","title":{"rendered":"Kapcsolat"},"content":{"rendered":"<div class=\"wpb-content-wrapper\">\n<div  data-mk-stretch-content=\"true\" class=\"wpb_row vc_row vc_row-fluid jupiter-donut- mk-fullwidth-false  attched-false     js-master-row  mk-grid\">\n\t\t\t\t\n<div class=\"vc_col-sm-12 wpb_column column_container  jupiter-donut- _ jupiter-donut-height-full\">\n\t\n<div id=\"text-block-2\" class=\"mk-text-block  jupiter-donut- \">\n\n\t\n\t<p>[:hu]<\/p>\n\n\t<div class=\"clearboth\"><\/div>\n<\/div>\n\n<\/div>\n\t<\/div>\n\n<div  data-mk-stretch-content=\"true\" class=\"wpb_row vc_row vc_row-fluid jupiter-donut- mk-fullwidth-false  attched-false     js-master-row  mk-grid\">\n\t\t\t\t\n<div class=\"vc_col-sm-12 wpb_column column_container  jupiter-donut- _ jupiter-donut-height-full\">\n\t<div id=\"mk-tabs\" class=\"wpb_tabs mk-tabs-4 wpb_content_element mobile-true default-style horizental-style\" data-interval=\"\"><div class=\"wpb_wrapper wpb_tour_tabs_wrapper ui-tabs vc_clearfix\">\n\t\t\t<ul class=\"wpb_tabs_nav ui-tabs-nav vc_clearfix\"><li><a href=\"#tab-1683811836-1-25\">KAPCSOLAT<\/a><\/li><\/ul>\n\t<div id=\"tab-1683811836-1-25\" class=\"wpb_tab ui-tabs-panel wpb_ui-tabs-hide vc_clearfix\">\n\t\t<div class=\"title-mobile\">KAPCSOLAT<\/div>\n\t\t\n<div id=\"padding-5\" class=\"mk-padding-divider jupiter-donut-  jupiter-donut-clearfix\"><\/div>\n\n\n<h2 id=\"fancy-title-6\" class=\"mk-fancy-title  mk-animate-element scale-up  simple-style jupiter-donut-  color-single\">\n\t<span>\n\t\t\t\t<p>kapcsolat<\/p>\n\t\t\t<\/span>\n<\/h2>\n<div class=\"clearboth\"><\/div>\n\n\n\n<style>#fancy-title-6 {font-family: \"Playfair Display\"}<\/style>\n\t<div  class=\"wpb_single_image wpb_content_element vc_align_center wpb_content_element wpb_animate_when_almost_visible wpb_fadeIn fadeIn\">\n\t\t\n\t\t<figure class=\"wpb_wrapper vc_figure\">\n\t\t\t<div class=\"vc_single_image-wrapper vc_box_shadow_3d  vc_box_border_grey\"><img loading=\"lazy\" decoding=\"async\" width=\"425\" height=\"226\" src=\"https:\/\/vetomshop.hu\/wp-content\/uploads\/2024\/06\/vetom_hands-opac.png\" class=\"vc_single_image-img attachment-full\" alt=\"\" title=\"vetom_hands-opac\" srcset=\"https:\/\/vetomshop.hu\/wp-content\/uploads\/2024\/06\/vetom_hands-opac.png 425w, https:\/\/vetomshop.hu\/wp-content\/uploads\/2024\/06\/vetom_hands-opac-300x160.png 300w\" sizes=\"auto, (max-width: 425px) 100vw, 425px\" itemprop=\"image\" \/><\/div>\n\t\t<\/figure>\n\t<\/div>\n\t<div class=\" vc_custom_1748163680984\">\n\n<div id=\"text-block-7\" class=\"mk-text-block  jupiter-donut- \">\n\n\t\n\t<h3><span style=\"color: #cc4752; font-weight: 900;\">C\u00e9g\u00fcnk Kis \u00e9s Nagykereskedelemmel foglalkozik Belf\u00f6ld\u00f6n<br \/>\n\u00e9s K\u00fclf\u00f6ld\u00f6n egyar\u00e1nt!<\/span><\/h3>\n<h2>Probiotic Vetom Distributor<\/h2>\n<h4><span style=\"color: #48643b; font-weight: 900;\">Cemmedic Europe Kft<\/span><\/h4>\n<p style=\"text-align: center;\"><span style=\"color: #ff0000;\"><b>EUR<\/b><\/span>\u00a0 \u00a0HU98103000021377932900014888\u00a0 MBH Bank<\/p>\n<p style=\"text-align: center;\"><span style=\"color: #ff0000;\"><b>FT<\/b><\/span>\u00a0 \u00a0 \u00a0 10300002-13779329-00014905\u00a0 \u00a0MBH Bank<\/p>\n<p><strong>A szolg\u00e1ltat\u00f3 neve:<\/strong> Cemmedic Europe Kft<\/p>\n<hr \/>\n<p>&nbsp;<\/p>\n<p>Pap Tam\u00e1s <strong>\u00fcgyvezet\u0151<br \/>\n<\/strong><strong>Tel.<\/strong>: +36305573846<br \/>\n<strong>vetomshop.hu@gmail.com<\/strong><\/p>\n<hr \/>\n<p><strong>A szolg\u00e1ltat\u00f3 sz\u00e9khelye, irod\u00e1ja \u00e9s egyben a panasz\u00fcgyint\u00e9z\u00e9s helye:<\/strong> 8112, Zichy\u00fajfalu Kast\u00e9ly kert 1<\/p>\n<p><strong>A szolg\u00e1ltat\u00f3 el\u00e9rhet\u0151s\u00e9ge, az ig\u00e9nybe vev\u0151kkel val\u00f3 kapcsolattart\u00e1sra szolg\u00e1l\u00f3, rendszeresen haszn\u00e1lt elektronikus<br \/>\nlevelez\u00e9si c\u00edme:<\/strong> <a href=\"mailto:vetomshop.hu@gmail.com\">vetomshop.hu@gmail.com<\/a>, <a href=\"mailto:infoshop.vetom.magyarorszag@gmail.com\">infoshop.vetom.magyarorszag@gmail.com<\/a><br \/>\n<strong>A szolg\u00e1ltat\u00f3 c\u00e9gjegyz\u00e9ksz\u00e1ma\/nyilv\u00e1ntart\u00e1si sz\u00e1ma:<\/strong> 0109988710<br \/>\n<strong>A szolg\u00e1ltat\u00f3 ad\u00f3sz\u00e1ma:<\/strong> <span style=\"font-weight: 400;\">24064095-2-07<\/span><br \/>\n<strong>A szerz\u0151d\u00e9s nyelve:<\/strong> magyar<\/p>\n<p><strong>A t\u00e1rhely-szolg\u00e1ltat\u00f3 neve, c\u00edme, e-mail c\u00edme<\/strong>:<br \/>\nT\u00e1rhely.Eu Kft | E-mail: \u00dcgyf\u00e9lszolg\u00e1lat | Web: <a href=\"https:\/\/tarhely.eu\" target=\"_blank\" rel=\"noopener noreferrer nofollow\">https:\/\/tarhely.eu<\/a><\/p>\n<div id=\"gtx-trans\" style=\"position: absolute; left: -26px; top: 309.312px;\">\n<div class=\"gtx-trans-icon\"><\/div>\n<\/div>\n\n\t<div class=\"clearboth\"><\/div>\n<\/div>\n\n\t<\/div>\n\n\t<\/div>\n\n\t\t<\/div>\n\t<\/div>\n<\/div>\n\t<\/div>\n\n<\/div>","protected":false},"excerpt":{"rendered":"[:hu] KAPCSOLAT KAPCSOLAT kapcsolat C\u00e9g\u00fcnk Kis \u00e9s Nagykereskedelemmel foglalkozik Belf\u00f6ld\u00f6n \u00e9s K\u00fclf\u00f6ld\u00f6n egyar\u00e1nt! Probiotic Vetom Distributor Cemmedic Europe Kft EUR\u00a0 \u00a0HU98103000021377932900014888\u00a0 MBH Bank FT\u00a0 \u00a0 \u00a0 10300002-13779329-00014905\u00a0 \u00a0MBH Bank A szolg\u00e1ltat\u00f3 neve: Cemmedic Europe Kft &nbsp; Pap Tam\u00e1s \u00fcgyvezet\u0151 Tel.: +36305573846 vetomshop.hu@gmail.com A szolg\u00e1ltat\u00f3 sz\u00e9khelye, irod\u00e1ja \u00e9s egyben a panasz\u00fcgyint\u00e9z\u00e9s helye: 8112, Zichy\u00fajfalu Kast\u00e9ly kert [...]","protected":false},"author":104,"featured_media":0,"parent":0,"menu_order":0,"comment_status":"closed","ping_status":"closed","template":"","meta":{"footnotes":""},"class_list":["post-6181","page","type-page","status-publish","hentry"],"_links":{"self":[{"href":"https:\/\/vetomshop.hu\/ru\/wp-json\/wp\/v2\/pages\/6181","targetHints":{"allow":["GET"]}}],"collection":[{"href":"https:\/\/vetomshop.hu\/ru\/wp-json\/wp\/v2\/pages"}],"about":[{"href":"https:\/\/vetomshop.hu\/ru\/wp-json\/wp\/v2\/types\/page"}],"author":[{"embeddable":true,"href":"https:\/\/vetomshop.hu\/ru\/wp-json\/wp\/v2\/users\/104"}],"replies":[{"embeddable":true,"href":"https:\/\/vetomshop.hu\/ru\/wp-json\/wp\/v2\/comments?post=6181"}],"version-history":[{"count":46,"href":"https:\/\/vetomshop.hu\/ru\/wp-json\/wp\/v2\/pages\/6181\/revisions"}],"predecessor-version":[{"id":7580,"href":"https:\/\/vetomshop.hu\/ru\/wp-json\/wp\/v2\/pages\/6181\/revisions\/7580"}],"wp:attachment":[{"href":"https:\/\/vetomshop.hu\/ru\/wp-json\/wp\/v2\/media?parent=6181"}],"curies":[{"name":"wp","href":"https:\/\/api.w.org\/{rel}","templated":true}]}}