{"id":7036,"date":"2025-08-19T15:21:37","date_gmt":"2025-08-19T13:21:37","guid":{"rendered":"https:\/\/vetomshop.hu\/?page_id=7036"},"modified":"2025-08-19T17:25:26","modified_gmt":"2025-08-19T15:25:26","slug":"vetom-mezpaszta","status":"publish","type":"page","link":"https:\/\/vetomshop.hu\/ru\/vetom-mezpaszta\/","title":{"rendered":"\u041f\u0440\u043e\u0431\u0438\u043e\u0442\u0438\u0447\u0435\u0441\u043a\u0438\u0439 \u043c\u0435\u0434\u043e\u0432\u044b\u0439 \u043a\u0440\u0435\u043c"},"content":{"rendered":"<div class=\"wpb-content-wrapper\">\n<div  data-mk-full-width=\"true\" data-mk-full-width-init=\"false\" data-mk-stretch-content=\"true\" class=\"wpb_row vc_row vc_row-fluid jupiter-donut- mk-fullwidth-true  attched-false    vc_custom_1712243783631  equal-columns js-master-row  mk-full-content-true\">\n\t\t\t\t\n<div class=\"vc_col-sm-12 wpb_column column_container  jupiter-donut- _ jupiter-donut-height-full\">\n\t<h2 style=\"font-size: 40px;color: #6d4500;text-align: center\" class=\"vc_custom_heading vc_do_custom_heading wpb_animate_when_almost_visible wpb_fadeInDown fadeInDown\" >Vetom - \u041f\u0440\u043e\u0431\u0438\u043e\u0442\u0438\u0447\u0435\u0441\u043a\u0438\u0439 \u043c\u0435\u0434\u043e\u0432\u044b\u0439 \u043a\u0440\u0435\u043c<\/h2>\n\n<div class=\"wpb_row vc_inner vc_row vc_row-fluid jupiter-donut-   attched-false\">\n\t\t\t\t<div class=\"mk-grid\">\n\t\t\t<div class=\"wpb_column vc_column_container vc_col-sm-4\"><div class=\"vc_column-inner\"><div class=\"wpb_wrapper\"><\/div><\/div><\/div><div class=\"wpb_column vc_column_container vc_col-sm-4\"><div class=\"vc_column-inner\"><div class=\"wpb_wrapper\"><div class=\"woocommerce columns-1\"><ul class=\"products columns-1\">\n<li class=\"product type-product post-7033 status-publish first outofstock product_cat-mezpaszta product_cat-vetom-probiotikumok has-post-thumbnail taxable shipping-taxable purchasable product-type-simple\">\n\t<div class=\"mk-product-warp\"><a href=\"https:\/\/vetomshop.hu\/ru\/product\/honey-vetom-biologiailag-aktiv-etrend-kiegeszito-60-ml\/\" class=\"woocommerce-LoopProduct-link woocommerce-loop-product__link\">\t<div class=\"mk-product-thumbnail-warp\">\n\t<img loading=\"lazy\" decoding=\"async\" width=\"300\" height=\"300\" src=\"https:\/\/vetomshop.hu\/wp-content\/uploads\/2025\/08\/25-300x300.jpg\" class=\"attachment-woocommerce_thumbnail size-woocommerce_thumbnail\" alt=\"Honey Vetom \u2013 Biol\u00f3giailag akt\u00edv \u00e9trend-kieg\u00e9sz\u00edt\u0151 &lt;span style=&quot;color:red&quot;&gt;60&lt;\/span&gt; ml\" srcset=\"https:\/\/vetomshop.hu\/wp-content\/uploads\/2025\/08\/25-300x300.jpg 300w, https:\/\/vetomshop.hu\/wp-content\/uploads\/2025\/08\/25-1024x1024.jpg 1024w, https:\/\/vetomshop.hu\/wp-content\/uploads\/2025\/08\/25-150x150.jpg 150w, https:\/\/vetomshop.hu\/wp-content\/uploads\/2025\/08\/25-768x768.jpg 768w, https:\/\/vetomshop.hu\/wp-content\/uploads\/2025\/08\/25-600x600.jpg 600w, https:\/\/vetomshop.hu\/wp-content\/uploads\/2025\/08\/25-100x100.jpg 100w, https:\/\/vetomshop.hu\/wp-content\/uploads\/2025\/08\/25-266x266.jpg 266w, https:\/\/vetomshop.hu\/wp-content\/uploads\/2025\/08\/25-48x48.jpg 48w, https:\/\/vetomshop.hu\/wp-content\/uploads\/2025\/08\/25.jpg 1080w\" sizes=\"auto, (max-width: 300px) 100vw, 300px\" itemprop=\"image\" \/>\t<\/div>\n\t<h2 class=\"woocommerce-loop-product__title\">\u041c\u0435\u0434 \u0412\u0435\u0442\u043e\u043c - \u0431\u0438\u043e\u043b\u043e\u0433\u0438\u0447\u0435\u0441\u043a\u0438 \u0430\u043a\u0442\u0438\u0432\u043d\u0430\u044f \u0434\u043e\u0431\u0430\u0432\u043a\u0430 \u043a \u043f\u0438\u0449\u0435 <span style=\"color:red\">60<\/span> \u043c\u043b<\/h2><span class=\"mk-out-of-stock\">\u041d\u0435\u0442 \u0432 \u043d\u0430\u043b\u0438\u0447\u0438\u0438<\/span>\n\t<span class=\"price\"><span class=\"woocommerce-Price-amount amount\"><bdi>2 990&nbsp;<span class=\"woocommerce-Price-currencySymbol\">Ft<\/span><\/bdi><\/span><\/span>\n<\/a><a rel=\"nofollow\" href=\"https:\/\/vetomshop.hu\/ru\/product\/honey-vetom-biologiailag-aktiv-etrend-kiegeszito-60-ml\/\" data-quantity=\"1\" data-product_id=\"7033\" data-product_sku=\"\" class=\"button product_type_simple\" aria-label=\"\u041f\u0440\u043e\u0447\u0438\u0442\u0430\u0439\u0442\u0435 \u0431\u043e\u043b\u044c\u0448\u0435 \u043e \u201cHoney Vetom \u2013 Biol\u00f3giailag akt\u00edv \u00e9trend-kieg\u00e9sz\u00edt\u0151 60 ml\u201d\" data-success_message=\"\" data-no-translation-aria-label=\"\"><svg  class=\"mk-svg-icon\" data-name=\"mk-moon-search-3\" data-cacheid=\"icon-69e472f3c1148\" style=\" height:12px; width: 12px; \"  xmlns=\"http:\/\/www.w3.org\/2000\/svg\" viewbox=\"0 0 512 512\"><path d=\"M496.131 435.698l-121.276-103.147c-12.537-11.283-25.945-16.463-36.776-15.963 28.628-33.534 45.921-77.039 45.921-124.588 0-106.039-85.961-192-192-192-106.038 0-192 85.961-192 192s85.961 192 192 192c47.549 0 91.054-17.293 124.588-45.922-.5 10.831 4.68 24.239 15.963 36.776l103.147 121.276c17.661 19.623 46.511 21.277 64.11 3.678s15.946-46.449-3.677-64.11zm-304.131-115.698c-70.692 0-128-57.308-128-128s57.308-128 128-128 128 57.308 128 128-57.307 128-128 128z\"\/><\/svg><span class=\"button-text\" data-no-translation=\"\" data-trp-gettext=\"\">\u041f\u043e\u0434\u0440\u043e\u0431\u043d\u0435\u0435<\/span><\/a><\/div><\/li>\n<\/ul>\n<\/div><\/div><\/div><\/div><div class=\"wpb_column vc_column_container vc_col-sm-4\"><div class=\"vc_column-inner\"><div class=\"wpb_wrapper\"><\/div><\/div><\/div>\t\t\t<\/div>\n\t<\/div>\n\n\n<div class=\"wpb_row vc_inner vc_row vc_row-fluid jupiter-donut-  add-padding-0 attched-true   vc_custom_1755610094341\">\n\t\t\t\t<div class=\"mk-grid\">\n\t\t\t<div class=\"disflex wpb_column vc_column_container vc_col-sm-1\/5\"><div class=\"vc_column-inner\"><div class=\"wpb_wrapper\">\n<div id=\"mk-button-2\" class=\"mk-button-container _ jupiter-donut-relative    jupiter-donut-block jupiter-donut-text-center button-size-big\">\n\n\t\n\t\t<a href=\"\/ru\/kapszulas-kiszereles\/\" target=\"_self\" class=\"mk-button js-smooth-scroll mk-button--dimension-double-outline mk-button--size-large mk-button--corner-full_rounded skin-light _ jupiter-donut-relative jupiter-donut-text-center jupiter-donut-font-weight-700 jupiter-donut-no-backface  jupiter-donut-letter-spacing-2 jupiter-donut-inline-block\"><span class=\"double-outline-inside\"><\/span><span class=\"mk-button--text\">\u0423\u043f\u0430\u043a\u043e\u0432\u043a\u0430 \u043a\u0430\u043f\u0441\u0443\u043b<\/span><\/a>\n\n\t\n<\/div>\n<\/div><\/div><\/div><div class=\"wpb_column vc_column_container vc_col-sm-1\/5\"><div class=\"vc_column-inner\"><div class=\"wpb_wrapper\">\n<div id=\"mk-button-3\" class=\"mk-button-container _ jupiter-donut-relative    jupiter-donut-block jupiter-donut-text-center button-size-big\">\n\n\t\n\t\t<a href=\"\/ru\/cseppek\/\" target=\"_self\" class=\"mk-button js-smooth-scroll mk-button--dimension-double-outline mk-button--size-large mk-button--corner-full_rounded skin-light _ jupiter-donut-relative jupiter-donut-text-center jupiter-donut-font-weight-700 jupiter-donut-no-backface  jupiter-donut-letter-spacing-2 jupiter-donut-inline-block\"><span class=\"double-outline-inside\"><\/span><span class=\"mk-button--text\">\u041a\u0430\u043f\u0435\u043b\u044c\u043a\u0438<\/span><\/a>\n\n\t\n<\/div>\n<\/div><\/div><\/div><div class=\"wpb_column vc_column_container vc_col-sm-1\/5\"><div class=\"vc_column-inner\"><div class=\"wpb_wrapper\">\n<div id=\"mk-button-4\" class=\"mk-button-container _ jupiter-donut-relative    jupiter-donut-block jupiter-donut-text-center button-size-big\">\n\n\t\n\t\t<a href=\"\/ru\/por-kiszereles\/\" target=\"_self\" class=\"mk-button js-smooth-scroll mk-button--dimension-double-outline mk-button--size-large mk-button--corner-full_rounded skin-light _ jupiter-donut-relative jupiter-donut-text-center jupiter-donut-font-weight-700 jupiter-donut-no-backface  jupiter-donut-letter-spacing-2 jupiter-donut-inline-block\"><span class=\"double-outline-inside\"><\/span><span class=\"mk-button--text\">\u0420\u0435\u0446\u0435\u043f\u0442\u0443\u0440\u0430 \u043f\u043e\u0440\u043e\u0448\u043a\u0430<\/span><\/a>\n\n\t\n<\/div>\n<\/div><\/div><\/div><div class=\"wpb_column vc_column_container vc_col-sm-1\/5\"><div class=\"vc_column-inner\"><div class=\"wpb_wrapper\">\n<div id=\"mk-button-5\" class=\"mk-button-container _ jupiter-donut-relative    jupiter-donut-block jupiter-donut-text-center button-size-big\">\n\n\t\n\t\t<a href=\"\/ru\/pezsgotabletta\/\" target=\"_self\" class=\"mk-button js-smooth-scroll mk-button--dimension-double-outline mk-button--size-large mk-button--corner-full_rounded skin-light _ jupiter-donut-relative jupiter-donut-text-center jupiter-donut-font-weight-700 jupiter-donut-no-backface  jupiter-donut-letter-spacing-2 jupiter-donut-inline-block\"><span class=\"double-outline-inside\"><\/span><span class=\"mk-button--text\">\u0422\u0430\u0431\u043b\u0435\u0442\u043a\u0430 \u0434\u043b\u044f \u0448\u0430\u043c\u043f\u0430\u043d\u0441\u043a\u043e\u0433\u043e<\/span><\/a>\n\n\t\n<\/div>\n<\/div><\/div><\/div><div class=\"wpb_column vc_column_container vc_col-sm-1\/5\"><div class=\"vc_column-inner\"><div class=\"wpb_wrapper\">\n<div id=\"mk-button-6\" class=\"mk-button-container _ jupiter-donut-relative    jupiter-donut-block jupiter-donut-text-center button-size-big\">\n\n\t\n\t\t<a href=\"\/ru\/kenocsok\/\" target=\"_self\" class=\"mk-button js-smooth-scroll mk-button--dimension-double-outline mk-button--size-large mk-button--corner-full_rounded skin-light _ jupiter-donut-relative jupiter-donut-text-center jupiter-donut-font-weight-700 jupiter-donut-no-backface  jupiter-donut-letter-spacing-2 jupiter-donut-inline-block\"><span class=\"double-outline-inside\"><\/span><span class=\"mk-button--text\">\u041c\u0430\u0437\u0438 \/ \u043a\u0440\u0435\u043c\u044b<\/span><\/a>\n\n\t\n<\/div>\n<\/div><\/div><\/div>\t\t\t<\/div>\n\t<\/div>\n<\/div>\n\t<\/div>\n<div class=\"vc_row-full-width vc_clearfix\"><\/div>\n<\/div>","protected":false},"excerpt":{"rendered":"Vetom \u2013 Probiotikus m\u00e9zkr\u00e9m Honey Vetom \u2013 Biol\u00f3giailag akt\u00edv \u00e9trend-kieg\u00e9sz\u00edt\u0151 60 ml\u041d\u0435\u0442 \u0432 \u043d\u0430\u043b\u0438\u0447\u0438\u0438 2 990&nbsp;&#70;&#116; \u041f\u043e\u0434\u0440\u043e\u0431\u043d\u0435\u0435 Kapszul\u00e1s kiszerel\u00e9s Cseppek Por kiszerel\u00e9s Pezsg\u0151tabletta Ken\u0151cs\u00f6k \/ Kr\u00e9mek","protected":false},"author":104,"featured_media":0,"parent":0,"menu_order":0,"comment_status":"closed","ping_status":"closed","template":"","meta":{"footnotes":""},"class_list":["post-7036","page","type-page","status-publish","hentry"],"_links":{"self":[{"href":"https:\/\/vetomshop.hu\/ru\/wp-json\/wp\/v2\/pages\/7036","targetHints":{"allow":["GET"]}}],"collection":[{"href":"https:\/\/vetomshop.hu\/ru\/wp-json\/wp\/v2\/pages"}],"about":[{"href":"https:\/\/vetomshop.hu\/ru\/wp-json\/wp\/v2\/types\/page"}],"author":[{"embeddable":true,"href":"https:\/\/vetomshop.hu\/ru\/wp-json\/wp\/v2\/users\/104"}],"replies":[{"embeddable":true,"href":"https:\/\/vetomshop.hu\/ru\/wp-json\/wp\/v2\/comments?post=7036"}],"version-history":[{"count":7,"href":"https:\/\/vetomshop.hu\/ru\/wp-json\/wp\/v2\/pages\/7036\/revisions"}],"predecessor-version":[{"id":7057,"href":"https:\/\/vetomshop.hu\/ru\/wp-json\/wp\/v2\/pages\/7036\/revisions\/7057"}],"wp:attachment":[{"href":"https:\/\/vetomshop.hu\/ru\/wp-json\/wp\/v2\/media?parent=7036"}],"curies":[{"name":"wp","href":"https:\/\/api.w.org\/{rel}","templated":true}]}}