{"id":7384,"date":"2026-01-20T18:50:18","date_gmt":"2026-01-20T17:50:18","guid":{"rendered":"https:\/\/vetomshop.hu\/?page_id=7384"},"modified":"2026-02-01T17:26:10","modified_gmt":"2026-02-01T16:26:10","slug":"probiotikumok-allatok-szamara","status":"publish","type":"page","link":"https:\/\/vetomshop.hu\/ru\/probiotikumok-allatok-szamara\/","title":{"rendered":"\u041f\u0440\u043e\u0431\u0438\u043e\u0442\u0438\u043a\u0438 \u0434\u043b\u044f \u0436\u0438\u0432\u043e\u0442\u043d\u044b\u0445"},"content":{"rendered":"<div class=\"wpb-content-wrapper\">\n<div  data-mk-stretch-content=\"true\" class=\"wpb_row vc_row vc_row-fluid jupiter-donut- mk-fullwidth-false  attched-false     js-master-row  mk-grid\">\n\t\t\t\t\n<div class=\"vc_col-sm-12 wpb_column column_container  jupiter-donut- _ jupiter-donut-height-full\">\n\t<h2 style=\"font-size: 40px;color: #6d4500;text-align: center\" class=\"vc_custom_heading vc_do_custom_heading wpb_animate_when_almost_visible wpb_fadeInDown fadeInDown\" >\u041f\u0440\u043e\u0431\u0438\u043e\u0442\u0438\u043a\u0438 \u0434\u043b\u044f \u0436\u0438\u0432\u043e\u0442\u043d\u044b\u0445<\/h2><\/div>\n\t<\/div>\n\n<div  data-mk-full-width=\"true\" data-mk-full-width-init=\"false\" class=\"wpb_row vc_row vc_row-fluid jupiter-donut- mk-fullwidth-true  attched-false     js-master-row\">\n\t\t\t<div class=\"mk-grid\">\n\t\t\t\t\n<div class=\"vc_col-sm-3 wpb_column column_container  jupiter-donut- _ jupiter-donut-height-full\">\n\t<div  class=\"mk-image mk-image-3 jupiter-donut-  mk-image-lazyload align-center shadow_only-frame inside-image\" style=\"margin-bottom:10px\"><div class=\"mk-image-container\" style=\"max-width: 768px;\"><div  class=\"mk-image-holder\" style=\"max-width: 768px;\"><div class=\"mk-image-inner\"><img loading=\"lazy\" decoding=\"async\" class=\"lightbox-false\" alt=\"home-animals\" title=\"\u0434\u043e\u043c-\u0436\u0438\u0432\u043e\u0442\u043d\u044b\u0435\" width=\"768\" height=\"1152\" src=\"https:\/\/vetomshop.hu\/wp-content\/uploads\/2026\/01\/home-animals.jpg\" \/><\/div><\/div><div class=\"clearboth\"><\/div><\/div><\/div>\t<div class=\"vc_custom_1768933221602\">\n\n<div id=\"text-block-4\" class=\"mk-text-block  jupiter-donut-\">\n\n\t\n\t<p>\u041f\u0440\u043e\u0431\u0438\u043e\u0442\u0438\u043a\u0438 Vetom \u0443\u043a\u0440\u0435\u043f\u043b\u044f\u044e\u0442 \u043f\u0438\u0449\u0435\u0432\u0430\u0440\u0438\u0442\u0435\u043b\u044c\u043d\u0443\u044e \u0441\u0438\u0441\u0442\u0435\u043c\u0443 \u0434\u043e\u043c\u0430\u0448\u043d\u0438\u0445 \u0438 \u0441\u0435\u043b\u044c\u0441\u043a\u043e\u0445\u043e\u0437\u044f\u0439\u0441\u0442\u0432\u0435\u043d\u043d\u044b\u0445 \u0436\u0438\u0432\u043e\u0442\u043d\u044b\u0445 \u0438 \u0437\u0430\u0449\u0438\u0449\u0430\u044e\u0442 \u0438\u0445 \u0437\u0434\u043e\u0440\u043e\u0432\u044c\u0435 \u0432\u043c\u0435\u0441\u0442\u0435 \u0441 \u0438\u043c\u043c\u0443\u043d\u043d\u043e\u0439 \u0441\u0438\u0441\u0442\u0435\u043c\u043e\u0439 - \u0432\u0435\u0434\u044c \u043e\u043d\u0438 \u0442\u043e\u0436\u0435 \u0437\u0430\u0441\u043b\u0443\u0436\u0438\u0432\u0430\u044e\u0442 \u0437\u0430\u0431\u043e\u0442\u044b.<\/p>\n\n\t<div class=\"clearboth\"><\/div>\n<\/div>\n\n\t<\/div>\n<\/div>\n\n<div class=\"vc_col-sm-3 wpb_column column_container  jupiter-donut- _ jupiter-donut-height-full\">\n\t<div  class=\"mk-image mk-image-6 jupiter-donut-  mk-image-lazyload align-center simple-frame inside-image\" style=\"margin-bottom:10px\"><div class=\"mk-image-container\" style=\"max-width: 1200px;\"><div  class=\"mk-image-holder\" style=\"max-width: 1200px;\"><div class=\"mk-image-inner\"><a href=\"\/ru\/vektor-animals-1\/\" target=\"_self\" class=\"mk-image-link\"><img loading=\"lazy\" decoding=\"async\" class=\"lightbox-false\" alt=\"Vektor Animals 1 (Vetom 1)\" title=\"\u0412\u0435\u043a\u0442\u043e\u0440\u043d\u044b\u0435 \u0436\u0438\u0432\u043e\u0442\u043d\u044b\u0435 1 (\u0412\u0435\u0442\u043e\u043c 1)\" width=\"1200\" height=\"1200\" src=\"https:\/\/vetomshop.hu\/wp-content\/uploads\/bfi_thumb\/vektor1-3-rhxik7brnuqo9fe6c0e6vxgylc1e1awe4j94octpr4.jpg\" \/><\/a><\/div><\/div><div class=\"clearboth\"><\/div><\/div><\/div>\n<span id=\"fancy-title-7\" class=\"mk-fancy-title  simple-style jupiter-donut-  color-single\">\n\t<span>\n\t\t\t\t<p><a href=\"\/ru\/vektor-animals-1\/\"><br \/>\n\u0412\u0435\u043a\u0442\u043e\u0440\u043d\u044b\u0435 \u0436\u0438\u0432\u043e\u0442\u043d\u044b\u0435 1 (\u0412\u0435\u0442\u043e\u043c 1)<br \/>\n<\/a><\/p>\n\t\t\t<\/span>\n<\/span>\n<div class=\"clearboth\"><\/div>\n\n\n\n<style>#fancy-title-7 {font-family: \"Lato\"}<\/style><div  class=\"mk-image mk-image-8 jupiter-donut-  mk-image-lazyload align-center simple-frame inside-image\" style=\"margin-bottom:10px\"><div class=\"mk-image-container\" style=\"max-width: 1200px;\"><div  class=\"mk-image-holder\" style=\"max-width: 1200px;\"><div class=\"mk-image-inner\"><a href=\"\/ru\/vektor-animals-3\/\" target=\"_self\" class=\"mk-image-link\"><img loading=\"lazy\" decoding=\"async\" class=\"lightbox-false\" alt=\"Vektor Animals 3 (Vetom 3)\" title=\"\u0412\u0435\u043a\u0442\u043e\u0440\u043d\u044b\u0435 \u0436\u0438\u0432\u043e\u0442\u043d\u044b\u0435 3 (\u0412\u0435\u0442\u043e\u043c 3)\" width=\"1200\" height=\"1200\" src=\"https:\/\/vetomshop.hu\/wp-content\/uploads\/bfi_thumb\/vekt3_50-10-rhxureez01yv27foqctofllivpajlzhbicvm7rmgf4.jpg\" \/><\/a><\/div><\/div><div class=\"clearboth\"><\/div><\/div><\/div>\n<span id=\"fancy-title-9\" class=\"mk-fancy-title  simple-style jupiter-donut-  color-single\">\n\t<span>\n\t\t\t\t<p><a href=\"\/ru\/vektor-animals-3\/\"><br \/>\n\u0412\u0435\u043a\u0442\u043e\u0440\u043d\u044b\u0435 \u0436\u0438\u0432\u043e\u0442\u043d\u044b\u0435 3 (\u0412\u0435\u0442\u043e\u043c 3)<br \/>\n<\/a><\/p>\n\t\t\t<\/span>\n<\/span>\n<div class=\"clearboth\"><\/div>\n\n\n\n<style>#fancy-title-9 {font-family: \"Lato\"}<\/style><\/div>\n\n<div class=\"vc_col-sm-3 wpb_column column_container  jupiter-donut- _ jupiter-donut-height-full\">\n\t<div  class=\"mk-image mk-image-11 jupiter-donut-  mk-image-lazyload align-center simple-frame inside-image\" style=\"margin-bottom:10px\"><div class=\"mk-image-container\" style=\"max-width: 1080px;\"><div  class=\"mk-image-holder\" style=\"max-width: 1080px;\"><div class=\"mk-image-inner\"><a href=\"\/ru\/vektor-animals-1-2\/\" target=\"_self\" class=\"mk-image-link\"><img loading=\"lazy\" decoding=\"async\" class=\"lightbox-false\" alt=\"Vektor Animals 1.2 (Vetom 1.2)\" title=\"\u0412\u0435\u043a\u0442\u043e\u0440\u043d\u044b\u0435 \u0436\u0438\u0432\u043e\u0442\u043d\u044b\u0435 1.2 (Vetom 1.2)\" width=\"1080\" height=\"1080\" src=\"https:\/\/vetomshop.hu\/wp-content\/uploads\/bfi_thumb\/vektor1-2-50-rhxkeqcjdpt9zur9urnld53g744mu30gltibhe6lcw.jpg\" \/><\/a><\/div><\/div><div class=\"clearboth\"><\/div><\/div><\/div>\n<span id=\"fancy-title-12\" class=\"mk-fancy-title  simple-style jupiter-donut-  color-single\">\n\t<span>\n\t\t\t\t<p><a href=\"\/ru\/vektor-animals-1-2\/\"><br \/>\n\u0412\u0435\u043a\u0442\u043e\u0440\u043d\u044b\u0435 \u0436\u0438\u0432\u043e\u0442\u043d\u044b\u0435 1.2 (Vetom 1.2)<br \/>\n<\/a><\/p>\n\t\t\t<\/span>\n<\/span>\n<div class=\"clearboth\"><\/div>\n\n\n\n<style>#fancy-title-12 {font-family: \"Lato\"}<\/style><div  class=\"mk-image mk-image-13 jupiter-donut-  mk-image-lazyload align-center shadow_only-frame inside-image\" style=\"margin-bottom:10px\"><div class=\"mk-image-container\" style=\"max-width: 945px;\"><div  class=\"mk-image-holder\" style=\"max-width: 945px;\"><div class=\"mk-image-inner\"><a href=\"\/ru\/product\/bioseptin-probiotikus-sebkezelo-kenocs-60-g\/\" target=\"_self\" class=\"mk-image-link\"><img loading=\"lazy\" decoding=\"async\" class=\"lightbox-false\" alt=\"Bioseptin \u2013 Probiotikus sebkezel\u0151 ken\u0151cs \u00e1llatoknak\" title=\"\u0411\u0438\u043e\u0441\u0435\u043f\u0442\u0438\u043d - \u043f\u0440\u043e\u0431\u0438\u043e\u0442\u0438\u0447\u0435\u0441\u043a\u0430\u044f \u043c\u0430\u0437\u044c \u0434\u043b\u044f \u043e\u0431\u0440\u0430\u0431\u043e\u0442\u043a\u0438 \u0440\u0430\u043d \u0443 \u0436\u0438\u0432\u043e\u0442\u043d\u044b\u0445\" width=\"945\" height=\"945\" src=\"https:\/\/vetomshop.hu\/wp-content\/uploads\/bfi_thumb\/biosept-animals-rhxx1rzrycqijxs0pgpmgb8t2d9l71igi34jbrhd40.jpg\" \/><\/a><\/div><\/div><div class=\"clearboth\"><\/div><\/div><\/div>\n<span id=\"fancy-title-14\" class=\"mk-fancy-title  simple-style jupiter-donut-  color-single\">\n\t<span>\n\t\t\t\t<p><a href=\"\/ru\/product\/bioseptin-probiotikus-sebkezelo-kenocs-60-g\/\"><br \/>\n\u0411\u0438\u043e\u0441\u0435\u043f\u0442\u0438\u043d \u043c\u0430\u0437\u044c<br \/>\n<\/a><\/p>\n\t\t\t<\/span>\n<\/span>\n<div class=\"clearboth\"><\/div>\n\n\n\n<style>#fancy-title-14 {font-family: \"Lato\"}<\/style><\/div>\n\n<div class=\"vc_col-sm-3 wpb_column column_container  jupiter-donut- _ jupiter-donut-height-full\">\n\t<div  class=\"mk-image mk-image-16 jupiter-donut-  mk-image-lazyload align-center shadow_only-frame inside-image\" style=\"margin-bottom:10px\"><div class=\"mk-image-container\" style=\"max-width: 768px;\"><div  class=\"mk-image-holder\" style=\"max-width: 768px;\"><div class=\"mk-image-inner\"><img loading=\"lazy\" decoding=\"async\" class=\"lightbox-false\" alt=\"mysels-animals\" title=\"mysels-animals\" width=\"768\" height=\"1152\" src=\"https:\/\/vetomshop.hu\/wp-content\/uploads\/2026\/01\/mysels-animals.jpg\" \/><\/div><\/div><div class=\"clearboth\"><\/div><\/div><\/div>\t<div class=\"vc_custom_1768933323312\">\n\n<div id=\"text-block-17\" class=\"mk-text-block  jupiter-donut-\">\n\n\t\n\t<p>\u041e\u0441\u043e\u0431\u0435\u043d\u043d\u043e \u0440\u0435\u043a\u043e\u043c\u0435\u043d\u0434\u0443\u0435\u0442\u0441\u044f \u0438\u0441\u043f\u043e\u043b\u044c\u0437\u043e\u0432\u0430\u0442\u044c \u043d\u0430\u0448\u0438 \u043f\u0440\u043e\u0434\u0443\u043a\u0442\u044b \u0432 \u0441\u0438\u0442\u0443\u0430\u0446\u0438\u044f\u0445 \u043f\u043e\u0432\u044b\u0448\u0435\u043d\u043d\u043e\u0433\u043e \u0441\u0442\u0440\u0435\u0441\u0441\u0430, \u043d\u0430\u043f\u0440\u0438\u043c\u0435\u0440, \u0432\u043e \u0432\u0440\u0435\u043c\u044f \u0441\u043e\u0440\u0435\u0432\u043d\u043e\u0432\u0430\u043d\u0438\u0439, \u0431\u0435\u0440\u0435\u043c\u0435\u043d\u043d\u043e\u0441\u0442\u0438, \u043f\u0443\u0442\u0435\u0448\u0435\u0441\u0442\u0432\u0438\u0439 \u0438\u043b\u0438 \u0438\u043d\u0442\u0435\u043d\u0441\u0438\u0432\u043d\u044b\u0445 \u0442\u0440\u0435\u043d\u0438\u0440\u043e\u0432\u043e\u043a.<\/p>\n<div id=\"gtx-trans\" style=\"position: absolute; left: 1051px; top: 62px;\">\n<div class=\"gtx-trans-icon\"><\/div>\n<\/div>\n\n\t<div class=\"clearboth\"><\/div>\n<\/div>\n\n\t<\/div>\n<\/div>\n\t\t\t<\/div>\n\t<\/div>\n<div class=\"vc_row-full-width vc_clearfix\"><\/div>\n<div  data-mk-stretch-content=\"true\" class=\"wpb_row vc_row vc_row-fluid jupiter-donut- mk-fullwidth-false  attched-false     js-master-row  mk-grid\">\n\t\t\t\t\n<div class=\"vc_col-sm-12 wpb_column column_container  jupiter-donut- _ jupiter-donut-height-full\">\n\t\n<div id=\"padding-19\" class=\"mk-padding-divider jupiter-donut-  jupiter-donut-clearfix\"><\/div>\n\n<\/div>\n\t<\/div>\n\n<div  data-mk-stretch-content=\"true\" class=\"wpb_row vc_row vc_row-fluid jupiter-donut- mk-fullwidth-false  attched-false     js-master-row  mk-grid\">\n\t\t\t\t\n<div class=\"vc_col-sm-12 wpb_column column_container  jupiter-donut- _ jupiter-donut-height-full\">\n\t<\/div>\n\t<\/div>\n\n<div  data-mk-stretch-content=\"true\" class=\"wpb_row vc_row vc_row-fluid jupiter-donut- mk-fullwidth-false  attched-false     js-master-row  mk-grid\">\n\t\t\t\t\n<div class=\"vc_col-sm-12 wpb_column column_container  jupiter-donut- _ jupiter-donut-height-full\">\n\t<div  class=\"mk-image mk-image-22 jupiter-donut-  mk-image-lazyload align-center simple-frame inside-image\" style=\"margin-bottom:-32px\"><div class=\"mk-image-container\" style=\"max-width: 800px;\"><div  class=\"mk-image-holder\" style=\"max-width: 800px;\"><div class=\"mk-image-inner\"><a href=\"\/ru\/vetom-probiotikum-akcios-csomag-ajanlatok\/\" target=\"_self\" class=\"mk-image-link\"><img loading=\"lazy\" decoding=\"async\" class=\"lightbox-false\" alt=\"virxn\" title=\"virxn\" width=\"800\" height=\"400\" src=\"https:\/\/vetomshop.hu\/wp-content\/uploads\/bfi_thumb\/virxn-pf1vvuqlvhxzpr4r822nyjr9hj2w7op9y9o2npst5s.jpg\" \/><\/a><\/div><\/div><div class=\"clearboth\"><\/div><\/div><\/div>\n<h2 id=\"fancy-title-23\" class=\"mk-fancy-title  simple-style jupiter-donut-  color-single\">\n\t<span>\n\t\t\t\t<p><a href=\"\/ru\/vetom-probiotikum-akcios-csomag-ajanlatok\/\"><br \/>\n\u0421\u043f\u0435\u0446\u0438\u0430\u043b\u044c\u043d\u044b\u0435 \u043f\u0430\u043a\u0435\u0442\u043d\u044b\u0435 \u043f\u0440\u0435\u0434\u043b\u043e\u0436\u0435\u043d\u0438\u044f<br \/>\n<\/a><\/p>\n\t\t\t<\/span>\n<\/h2>\n<div class=\"clearboth\"><\/div>\n\n\n\n<style>#fancy-title-23 {font-family: \"Lato\"}<\/style><\/div>\n\t<\/div>\n\n<div  data-mk-stretch-content=\"true\" class=\"wpb_row vc_row vc_row-fluid jupiter-donut- mk-fullwidth-false  attched-false     js-master-row  mk-grid\">\n\t\t\t\t\n<div class=\"vc_col-sm-6 wpb_column column_container  jupiter-donut- _ jupiter-donut-height-full\">\n\t<div  class=\"mk-image mk-image-25 jupiter-donut-  mk-image-lazyload align-center simple-frame inside-image\" style=\"margin-bottom:10px\"><div class=\"mk-image-container\" style=\"max-width: 589px;\"><div  class=\"mk-image-holder\" style=\"max-width: 589px;\"><div class=\"mk-image-inner\"><a href=\"\/ru\/vetom-probiotikum-kapszula-50-szemes\/\" target=\"_self\" class=\"mk-image-link\"><img loading=\"lazy\" decoding=\"async\" class=\"lightbox-false\" alt=\"vetom-termekek777\" title=\"vetom-products777\" width=\"589\" height=\"282\" src=\"https:\/\/vetomshop.hu\/wp-content\/uploads\/bfi_thumb\/vetom-termekek777-pai048h8c5tw95t33m195u0q92bzm6p6tczuf0yx0g.jpg\" \/><\/a><\/div><\/div><div class=\"clearboth\"><\/div><\/div><\/div>\n<h2 id=\"fancy-title-26\" class=\"mk-fancy-title  simple-style jupiter-donut-  color-single\">\n\t<span>\n\t\t\t\t<p><a href=\"\/ru\/vetom-probiotikum-kapszula-50-szemes\/\">\u0423\u043f\u0430\u043a\u043e\u0432\u043a\u0430 \u043a\u0430\u043f\u0441\u0443\u043b<\/a><\/p>\n\t\t\t<\/span>\n<\/h2>\n<div class=\"clearboth\"><\/div>\n\n\n\n<style>#fancy-title-26 {font-family: \"Lato\"}<\/style><\/div>\n\n<div class=\"vc_col-sm-6 wpb_column column_container  jupiter-donut- _ jupiter-donut-height-full\">\n\t<div  class=\"mk-image mk-image-28 jupiter-donut-  mk-image-lazyload align-center simple-frame inside-image\" style=\"margin-bottom:10px\"><div class=\"mk-image-container\" style=\"max-width: 800px;\"><div  class=\"mk-image-holder\" style=\"max-width: 800px;\"><div class=\"mk-image-inner\"><a href=\"\/ru\/vetom-probiotikum-csepp-10-ml\/\" target=\"_self\" class=\"mk-image-link\"><img loading=\"lazy\" decoding=\"async\" class=\"lightbox-false\" alt=\"vetom-cseppe\" title=\"vetom-cseppe\" width=\"800\" height=\"450\" src=\"https:\/\/vetomshop.hu\/wp-content\/uploads\/bfi_thumb\/vetom-cseppe-p8gqpftbk2to7lbrpc4t8bs1z30894i06co0pnj4bk.png\" \/><\/a><\/div><\/div><div class=\"clearboth\"><\/div><\/div><\/div>\n<h2 id=\"fancy-title-29\" class=\"mk-fancy-title  simple-style jupiter-donut-  color-single\">\n\t<span>\n\t\t\t\t<p><a href=\"https:\/\/vetomshop.hu\/ru\/vetom-probiotikum-csepp-10-ml\/\">\u041a\u0430\u043f\u0435\u043b\u044c\u043a\u0438<\/a><\/p>\n\t\t\t<\/span>\n<\/h2>\n<div class=\"clearboth\"><\/div>\n\n\n\n<style>#fancy-title-29 {font-family: \"Lato\"}<\/style><\/div>\n\t<\/div>\n\n<div  data-mk-stretch-content=\"true\" class=\"wpb_row vc_row vc_row-fluid jupiter-donut- mk-fullwidth-false  attched-false     js-master-row  mk-grid\">\n\t\t\t\t\n<div class=\"vc_col-sm-6 wpb_column column_container  jupiter-donut- _ jupiter-donut-height-full\">\n\t<div  class=\"mk-image mk-image-31 jupiter-donut-  mk-image-lazyload align-center simple-frame inside-image\" style=\"margin-bottom:10px\"><div class=\"mk-image-container\" style=\"max-width: 589px;\"><div  class=\"mk-image-holder\" style=\"max-width: 589px;\"><div class=\"mk-image-inner\"><a href=\"\/ru\/pezsgotabletta\/\" target=\"_self\" class=\"mk-image-link\"><img loading=\"lazy\" decoding=\"async\" class=\"lightbox-false\" alt=\"vetomg\" title=\"vetomg\" width=\"589\" height=\"282\" src=\"https:\/\/vetomshop.hu\/wp-content\/uploads\/bfi_thumb\/vetomg-paib0yfpr9fp01cwvv8tf8ct5knslmrwh5e1pwofc0.jpg\" \/><\/a><\/div><\/div><div class=\"clearboth\"><\/div><\/div><\/div>\n<h2 id=\"fancy-title-32\" class=\"mk-fancy-title  simple-style jupiter-donut-  color-single\">\n\t<span>\n\t\t\t\t<p><a href=\"https:\/\/vetomshop.hu\/ru\/pezsgotabletta\/\">\u0422\u0430\u0431\u043b\u0435\u0442\u043a\u0430 \u0434\u043b\u044f \u0448\u0430\u043c\u043f\u0430\u043d\u0441\u043a\u043e\u0433\u043e<\/a><\/p>\n\t\t\t<\/span>\n<\/h2>\n<div class=\"clearboth\"><\/div>\n\n\n\n<style>#fancy-title-32 {font-family: \"Lato\"}<\/style><\/div>\n\n<div class=\"vc_col-sm-6 wpb_column column_container  jupiter-donut- _ jupiter-donut-height-full\">\n\t<div  class=\"mk-image mk-image-34 jupiter-donut-  mk-image-lazyload align-center simple-frame inside-image\" style=\"margin-bottom:10px\"><div class=\"mk-image-container\" style=\"max-width: 800px;\"><div  class=\"mk-image-holder\" style=\"max-width: 800px;\"><div class=\"mk-image-inner\"><a href=\"\/ru\/vetom-kenocsok-kremek\/\" target=\"_self\" class=\"mk-image-link\"><img loading=\"lazy\" decoding=\"async\" class=\"lightbox-false\" alt=\"vetom-cseppek-1-\" title=\"vetom-drops-1-\" width=\"800\" height=\"450\" src=\"https:\/\/vetomshop.hu\/wp-content\/uploads\/bfi_thumb\/vetom-cseppek-1--p8gqpjkobeyti16b3drbiatwcmhp3wwxiv9ymrdjmo.png\" \/><\/a><\/div><\/div><div class=\"clearboth\"><\/div><\/div><\/div>\n<h2 id=\"fancy-title-35\" class=\"mk-fancy-title  simple-style jupiter-donut-  color-single\">\n\t<span>\n\t\t\t\t<p><a href=\"https:\/\/vetomshop.hu\/ru\/vetom-kenocsok-kremek\/\">\u041c\u0430\u0437\u0438 \/ \u043a\u0440\u0435\u043c\u044b<\/a><\/p>\n\t\t\t<\/span>\n<\/h2>\n<div class=\"clearboth\"><\/div>\n\n\n\n<style>#fancy-title-35 {font-family: \"Lato\"}<\/style><\/div>\n\t<\/div>\n\n<div  data-mk-stretch-content=\"true\" class=\"wpb_row vc_row vc_row-fluid jupiter-donut- mk-fullwidth-false  attched-false     js-master-row  mk-grid\">\n\t\t\t\t\n<div class=\"vc_col-sm-3 wpb_column column_container  jupiter-donut- _ jupiter-donut-height-full\">\n\t<\/div>\n\n<div class=\"vc_col-sm-6 wpb_column column_container  jupiter-donut- _ jupiter-donut-height-full\">\n\t<div  class=\"mk-image mk-image-38 jupiter-donut-  mk-image-lazyload align-center simple-frame inside-image\" style=\"margin-bottom:10px\"><div class=\"mk-image-container\" style=\"max-width: 800px;\"><div  class=\"mk-image-holder\" style=\"max-width: 800px;\"><div class=\"mk-image-inner\"><a href=\"\/ru\/kenocsok\/\" target=\"_self\" class=\"mk-image-link\"><img loading=\"lazy\" decoding=\"async\" class=\"lightbox-false\" alt=\"biosept\" title=\"\u0431\u0438\u043e\u0441\u0435\u043f\u0442\" width=\"800\" height=\"400\" src=\"https:\/\/vetomshop.hu\/wp-content\/uploads\/bfi_thumb\/biosept-r9dxyy9bqecg06nk2ldk2hh3552fukv9pcluygh128.jpg\" \/><\/a><\/div><\/div><div class=\"clearboth\"><\/div><\/div><\/div>\n<h2 id=\"fancy-title-39\" class=\"mk-fancy-title  simple-style jupiter-donut-  color-single\">\n\t<span>\n\t\t\t\t<p><a href=\"\/ru\/kenocsok\/\">\u041c\u0430\u0437\u0438 \/ \u043a\u0440\u0435\u043c\u044b<\/a><\/p>\n\t\t\t<\/span>\n<\/h2>\n<div class=\"clearboth\"><\/div>\n\n\n\n<style>#fancy-title-39 {font-family: \"Lato\"}<\/style><\/div>\n\n<div class=\"vc_col-sm-3 wpb_column column_container  jupiter-donut- _ jupiter-donut-height-full\">\n\t<\/div>\n\t<\/div>\n\n<div  data-mk-stretch-content=\"true\" class=\"wpb_row vc_row vc_row-fluid jupiter-donut- mk-fullwidth-false  attched-false     js-master-row  mk-grid\">\n\t\t\t\t\n<div class=\"vc_col-sm-12 wpb_column column_container  jupiter-donut- _ jupiter-donut-height-full\">\n\t\n<div id=\"padding-42\" class=\"mk-padding-divider jupiter-donut-  jupiter-donut-clearfix\"><\/div>\n\n<\/div>\n\t<\/div>\n\n<div  data-mk-stretch-content=\"true\" class=\"wpb_row vc_row vc_row-fluid jupiter-donut- mk-fullwidth-false  attched-false     js-master-row  mk-grid\">\n\t\t\t\t\n<div class=\"vc_col-sm-12 wpb_column column_container  jupiter-donut- _ jupiter-donut-height-full\">\n\t<\/div>\n\t<\/div>\n\n<\/div>","protected":false},"excerpt":{"rendered":"Probiotikumok \u00e1llatok sz\u00e1m\u00e1ra A Vetom probiotikumok hobbi- \u00e9s haszon\u00e1llatok em\u00e9szt\u00e9s\u00e9t er\u0151s\u00edtik, immunrendszer\u00fckkel egy\u00fctt \u00f3vj\u00e1k eg\u00e9szs\u00e9g\u00fcket \u2013 mert nekik is j\u00e1r a gondoskod\u00e1s. Vektor Animals 1 (Vetom 1) Vektor Animals 3 (Vetom 3) Vektor Animals 1.2 (Vetom 1.2) Bioseptin ken\u0151cs Term\u00e9keink alkalmaz\u00e1sa k\u00fcl\u00f6n\u00f6sen aj\u00e1nlott fokozott stresszhelyzetekben, mint p\u00e9ld\u00e1ul versenyek, vemhess\u00e9g, utaz\u00e1s vagy intenz\u00edv tr\u00e9ning sor\u00e1n. Akci\u00f3s [...]","protected":false},"author":104,"featured_media":0,"parent":0,"menu_order":0,"comment_status":"closed","ping_status":"closed","template":"","meta":{"footnotes":""},"class_list":["post-7384","page","type-page","status-publish","hentry"],"_links":{"self":[{"href":"https:\/\/vetomshop.hu\/ru\/wp-json\/wp\/v2\/pages\/7384","targetHints":{"allow":["GET"]}}],"collection":[{"href":"https:\/\/vetomshop.hu\/ru\/wp-json\/wp\/v2\/pages"}],"about":[{"href":"https:\/\/vetomshop.hu\/ru\/wp-json\/wp\/v2\/types\/page"}],"author":[{"embeddable":true,"href":"https:\/\/vetomshop.hu\/ru\/wp-json\/wp\/v2\/users\/104"}],"replies":[{"embeddable":true,"href":"https:\/\/vetomshop.hu\/ru\/wp-json\/wp\/v2\/comments?post=7384"}],"version-history":[{"count":27,"href":"https:\/\/vetomshop.hu\/ru\/wp-json\/wp\/v2\/pages\/7384\/revisions"}],"predecessor-version":[{"id":7508,"href":"https:\/\/vetomshop.hu\/ru\/wp-json\/wp\/v2\/pages\/7384\/revisions\/7508"}],"wp:attachment":[{"href":"https:\/\/vetomshop.hu\/ru\/wp-json\/wp\/v2\/media?parent=7384"}],"curies":[{"name":"wp","href":"https:\/\/api.w.org\/{rel}","templated":true}]}}