{"id":4664,"date":"2023-11-11T14:33:45","date_gmt":"2023-11-11T13:33:45","guid":{"rendered":"https:\/\/vetomshop.hu\/termek\/aphrodita-medal\/"},"modified":"2023-11-11T14:33:45","modified_gmt":"2023-11-11T13:33:45","slug":"aphrodita-medal","status":"publish","type":"product","link":"https:\/\/vetomshop.hu\/ru\/product\/aphrodita-medal\/","title":{"rendered":"\u041f\u043e\u0434\u0432\u0435\u0441\u043a\u0430 \"\u0410\u0444\u0440\u043e\u0434\u0438\u0442\u0430"},"content":{"rendered":"<p><strong>\u041f\u043e\u0434\u0432\u0435\u0441\u043a\u0430 \"\u0410\u0444\u0440\u043e\u0434\u0438\u0442\u0430<\/strong><\/p>\n<p>\u0411\u043b\u0430\u0433\u043e\u0434\u0430\u0440\u044f \u0442\u0435\u0445\u043d\u043e\u043b\u043e\u0433\u0438\u0438 BioTrEM \u0441\u0442\u0430\u043b\u043e \u0432\u043e\u0437\u043c\u043e\u0436\u043d\u044b\u043c \u0441\u043e\u0437\u0434\u0430\u0432\u0430\u0442\u044c \u0441\u043f\u0435\u043a\u0442\u0440\u0430\u043b\u044c\u043d\u044b\u0439 \u0440\u0438\u0441\u0443\u043d\u043e\u043a \u043e\u043f\u0440\u0435\u0434\u0435\u043b\u0435\u043d\u043d\u043e\u0439 \u043f\u0440\u0438\u0440\u043e\u0434\u044b \u043d\u0430 \u0441\u043f\u0435\u0446\u0438\u0430\u043b\u044c\u043d\u043e\u043c \u043a\u0440\u0438\u0441\u0442\u0430\u043b\u043b\u0435. \u041a\u043e\u0433\u0434\u0430 \u043f\u0440\u043e\u0438\u0437\u0432\u043e\u043b\u044c\u043d\u044b\u0435 \u043a\u0432\u0430\u043d\u0442\u044b \u044d\u043d\u0435\u0440\u0433\u0438\u0438 - \u0434\u0430\u0436\u0435 \u0442\u0435\u043f\u043b\u043e\u0432\u043e\u0439 - \u0441\u043e\u043f\u0440\u0438\u043a\u0430\u0441\u0430\u044e\u0442\u0441\u044f \u0441 \u043f\u043e\u0432\u0435\u0440\u0445\u043d\u043e\u0441\u0442\u044c\u044e \u043a\u0440\u0438\u0441\u0442\u0430\u043b\u043b\u0430, \u0433\u0435\u043d\u0435\u0440\u0430\u0442\u043e\u0440 \u0438\u0437\u043b\u0443\u0447\u0430\u0435\u0442 \u043e\u0447\u0435\u043d\u044c \u0441\u043b\u0430\u0431\u044b\u0435 \u0441\u0438\u0433\u043d\u0430\u043b\u044b \u0437\u0430\u043f\u0438\u0441\u0430\u043d\u043d\u043e\u0433\u043e \u043d\u0430 \u043d\u0435\u043c \u0441\u043f\u0435\u043a\u0442\u0440\u0430\u043b\u044c\u043d\u043e\u0433\u043e \u0440\u0438\u0441\u0443\u043d\u043a\u0430.<br \/>\n\u041f\u0440\u0438 \u044d\u0442\u043e\u043c \u044d\u043b\u0435\u043a\u0442\u0440\u043e\u043c\u0430\u0433\u043d\u0438\u0442\u043d\u043e\u0435 \u0438\u0437\u043b\u0443\u0447\u0435\u043d\u0438\u0435 \u043e\u0442 \u043a\u0443\u043b\u043e\u043d\u0430 \u0432\u0437\u0430\u0438\u043c\u043e\u0434\u0435\u0439\u0441\u0442\u0432\u0443\u0435\u0442 \u0441 \u0436\u0438\u0432\u044b\u043c \u043e\u0440\u0433\u0430\u043d\u0438\u0437\u043c\u043e\u043c.<\/p>\n<div class=\"su-spoiler su-spoiler-style-defoult su-spoiler-icon-caret su-spoiler-closed\" data-scroll-offset=\"0\" data-anchor-in-url=\"no\"><div class=\"su-spoiler-title\" tabindex=\"0\" role=\"button\"><span class=\"su-spoiler-icon\"><\/span>\u0412\u0441\u0435<\/div><div class=\"su-spoiler-content su-u-clearfix su-u-trim\">\n<p>\u0427\u0440\u0435\u0437\u0432\u044b\u0447\u0430\u0439\u043d\u043e \u0441\u043b\u0430\u0431\u044b\u0435 \u0437\u043d\u0430\u043a\u0438 \u043a\u0443\u043b\u043e\u043d\u0430 APHRODITE \u0441\u0442\u0438\u043c\u0443\u043b\u0438\u0440\u0443\u044e\u0442 \u0441\u0438\u043d\u0442\u0435\u0437 \u0436\u0435\u043d\u0441\u043a\u0438\u0445 \u0444\u0435\u0440\u043e\u043c\u043e\u043d\u043e\u0432, \u0441\u043f\u0435\u0446\u0438\u0430\u043b\u044c\u043d\u044b\u0435 \u0436\u0435\u043b\u0435\u0437\u044b \u0436\u0435\u043d\u0441\u043a\u043e\u0433\u043e \u043e\u0440\u0433\u0430\u043d\u0438\u0437\u043c\u0430 \u0432\u044b\u0440\u0430\u0431\u0430\u0442\u044b\u0432\u0430\u044e\u0442 \u0431\u043e\u043b\u0435\u0435 \u0438\u043d\u0442\u0435\u043d\u0441\u0438\u0432\u043d\u043e \u0444\u0435\u0440\u043e\u043c\u043e\u043d\u044b, \u0430\u043d\u0434\u0440\u043e\u0441\u0442\u0435\u043d\u043e\u043b \u0438 \u043a\u043e\u043f\u0443\u043b\u0438\u043d. \u0427\u0435\u043c \u0431\u043e\u043b\u044c\u0448\u0435 \u0444\u0435\u0440\u043e\u043c\u043e\u043d\u043e\u0432 \u0432\u044b\u0440\u0430\u0431\u0430\u0442\u044b\u0432\u0430\u0435\u0442\u0441\u044f \u0432 \u043e\u0440\u0433\u0430\u043d\u0438\u0437\u043c\u0435 \u0436\u0435\u043d\u0449\u0438\u043d\u044b, \u0442\u0435\u043c \u0431\u043e\u043b\u0435\u0435 \u0441\u0435\u043a\u0441\u0443\u0430\u043b\u044c\u043d\u043e \u043f\u0440\u0438\u0432\u043b\u0435\u043a\u0430\u0442\u0435\u043b\u044c\u043d\u043e\u0439 \u043e\u043d\u0430 \u044f\u0432\u043b\u044f\u0435\u0442\u0441\u044f \u0434\u043b\u044f \u043c\u0443\u0436\u0447\u0438\u043d. \u0410\u043d\u0434\u0440\u043e\u0441\u0442\u0435\u043d\u043e\u043b \u043f\u043e\u0431\u0443\u0436\u0434\u0430\u0435\u0442 \u043a \u043e\u0431\u0449\u0435\u043d\u0438\u044e \u0438 \u0437\u0430\u0441\u0442\u0430\u0432\u043b\u044f\u0435\u0442 \u043e\u043a\u0440\u0443\u0436\u0430\u044e\u0449\u0438\u0445 \u0432\u0438\u0434\u0435\u0442\u044c \u0432\u0430\u0441 \u043c\u043e\u043b\u043e\u0436\u0435.<\/p>\n<p>\u041a\u043e\u043f\u0443\u043b\u0438\u043d - \u0436\u0435\u043d\u0441\u043a\u0438\u0439 \u0433\u043e\u0440\u043c\u043e\u043d, \u043e\u0442\u0432\u0435\u0447\u0430\u044e\u0449\u0438\u0439 \u0437\u0430 \u0441\u0435\u043a\u0441\u0443\u0430\u043b\u044c\u043d\u0443\u044e \u043f\u0440\u0438\u0432\u043b\u0435\u043a\u0430\u0442\u0435\u043b\u044c\u043d\u043e\u0441\u0442\u044c.<\/p>\n<p>\u041f\u0440\u0438 \u0438\u0441\u043f\u043e\u043b\u044c\u0437\u043e\u0432\u0430\u043d\u0438\u0438 \u043f\u043e\u0434\u0432\u0435\u0441\u043a\u0438 APHRODITE \u0443\u0432\u0435\u043b\u0438\u0447\u0438\u0432\u0430\u0435\u0442\u0441\u044f \u0432\u044b\u0440\u0430\u0431\u043e\u0442\u043a\u0430 \u0436\u0435\u043d\u0441\u043a\u0438\u0445 \u0444\u0435\u0440\u043e\u043c\u043e\u043d\u043e\u0432 (\u0430\u043d\u0434\u0440\u043e\u0441\u0442\u0435\u043d\u043e\u043b\u0430 \u0438 \u043a\u043e\u043f\u0443\u043b\u0438\u043d\u0430), \u0447\u0442\u043e, \u0432 \u0441\u0432\u043e\u044e \u043e\u0447\u0435\u0440\u0435\u0434\u044c, \u043f\u043e\u0432\u044b\u0448\u0430\u0435\u0442 \u0432\u044b\u0440\u0430\u0431\u043e\u0442\u043a\u0443 \u0444\u0435\u0440\u043e\u043c\u043e\u043d\u043e\u0432:<\/p>\n<ul>\n<li>\u043f\u0440\u0438\u0432\u043b\u0435\u043a\u0430\u0442\u044c \u0432\u043d\u0438\u043c\u0430\u043d\u0438\u0435 \u043c\u0443\u0436\u0447\u0438\u043d,<\/li>\n<li>\u0432\u044b\u0437\u044b\u0432\u0430\u0442\u044c \u0441\u0438\u043c\u043f\u0430\u0442\u0438\u044e,<\/li>\n<li>\u043b\u0435\u0433\u0447\u0435 \u0443\u0437\u043d\u0430\u0442\u044c,<\/li>\n<li>\u0434\u043e\u0441\u0442\u0438\u0447\u044c \u0431\u043e\u043b\u044c\u0448\u0435\u0433\u043e \u0443\u0441\u043f\u0435\u0445\u0430 \u0432 \u0431\u0438\u0437\u043d\u0435\u0441\u0435, \u043e\u0431\u0440\u0435\u0441\u0442\u0438 \u0431\u043e\u043b\u044c\u0448\u0443\u044e \u0443\u0432\u0435\u0440\u0435\u043d\u043d\u043e\u0441\u0442\u044c \u0432 \u0441\u0435\u0431\u0435,<\/li>\n<li>\u043e\u043d\u0438 \u0441\u043e\u0437\u0434\u0430\u044e\u0442 \u0434\u043b\u044f \u0441\u0432\u043e\u0435\u0433\u043e \u043f\u0430\u0440\u0442\u043d\u0435\u0440\u0430 \u201e\u0435\u0434\u0438\u043d\u0441\u0442\u0432\u0435\u043d\u043d\u043e\u0433\u043e \u0438 \u043d\u0435\u043e\u0442\u0440\u0430\u0437\u0438\u043c\u043e\u0433\u043e \u0447\u0435\u043b\u043e\u0432\u0435\u043a\u0430\u201d.<\/li>\n<\/ul>\n<p>\u0410\u043d\u0434\u0440\u043e\u0441\u0442\u0435\u043d\u043e\u043b \u0443\u0441\u043a\u043e\u0440\u044f\u0435\u0442 \u0440\u0430\u0437\u0432\u0438\u0442\u0438\u0435 \u0441\u0438\u043c\u043f\u0430\u0442\u0438\u0438, \u043f\u0440\u043e\u0431\u0443\u0436\u0434\u0430\u0435\u0442 \u0432 \u0441\u043e\u0431\u0435\u0441\u0435\u0434\u043d\u0438\u043a\u0435 \u0447\u0443\u0432\u0441\u0442\u0432\u043e \u0434\u0440\u0443\u0436\u0431\u044b, \u043f\u043e\u0440\u043e\u0436\u0434\u0430\u0435\u0442 \u0440\u043e\u043c\u0430\u043d\u0442\u0438\u0447\u0435\u0441\u043a\u0438\u0435 \u0447\u0443\u0432\u0441\u0442\u0432\u0430, \u0441\u043e\u0437\u0434\u0430\u0435\u0442 \u0430\u0443\u0440\u0443 \u043c\u043e\u043b\u043e\u0434\u043e\u0441\u0442\u0438 \u0438 \u0431\u043e\u0434\u0440\u043e\u0441\u0442\u0438, \u043d\u0435\u0437\u0430\u0432\u0438\u0441\u0438\u043c\u043e \u043e\u0442 \u0442\u043e\u0433\u043e, \u0441\u043a\u043e\u043b\u044c\u043a\u043e \u0432\u0430\u043c \u043b\u0435\u0442!<\/p>\n<\/div><\/div>","protected":false},"excerpt":{"rendered":"<p>Aphrodita med\u00e1l A BioTrEM-technol\u00f3gi\u00e1nak k\u00f6sz\u00f6nhet\u0151en lehets\u00e9gess\u00e9 v\u00e1lt l\u00e9trehozni a speci\u00e1lis krist\u00e1lyon egy adott term\u00e9szet\u0171 spektr\u00e1lis mint\u00e1t. Amikor tetsz\u0151leges energiakvantumok \u2013 ak\u00e1r h\u0151 &#8211; \u00e9rintkezik a krist\u00e1ly fel\u00fclet\u00e9vel, a gener\u00e1tor a rajta r\u00f6gz\u00edtett spektr\u00e1lis minta extr\u00e9m gyenge jeleit bocs\u00e1jtja ki. Ek\u00f6zben a med\u00e1l elektrom\u00e1gneses sug\u00e1rz\u00e1sa k\u00f6lcs\u00f6nhat\u00e1sba ker\u00fcl az \u00e9l\u0151 szervezettel.<\/p>","protected":false},"featured_media":4663,"comment_status":"open","ping_status":"closed","template":"","meta":[],"product_brand":[],"product_cat":[33,32],"product_tag":[],"class_list":{"0":"post-4664","1":"product","2":"type-product","3":"status-publish","4":"has-post-thumbnail","6":"product_cat-egeszseg-medalok","7":"product_cat-triomed","9":"first","10":"instock","11":"taxable","12":"shipping-taxable","13":"purchasable","14":"product-type-simple"},"_links":{"self":[{"href":"https:\/\/vetomshop.hu\/ru\/wp-json\/wp\/v2\/product\/4664","targetHints":{"allow":["GET"]}}],"collection":[{"href":"https:\/\/vetomshop.hu\/ru\/wp-json\/wp\/v2\/product"}],"about":[{"href":"https:\/\/vetomshop.hu\/ru\/wp-json\/wp\/v2\/types\/product"}],"replies":[{"embeddable":true,"href":"https:\/\/vetomshop.hu\/ru\/wp-json\/wp\/v2\/comments?post=4664"}],"wp:featuredmedia":[{"embeddable":true,"href":"https:\/\/vetomshop.hu\/ru\/wp-json\/wp\/v2\/media\/4663"}],"wp:attachment":[{"href":"https:\/\/vetomshop.hu\/ru\/wp-json\/wp\/v2\/media?parent=4664"}],"wp:term":[{"taxonomy":"product_brand","embeddable":true,"href":"https:\/\/vetomshop.hu\/ru\/wp-json\/wp\/v2\/product_brand?post=4664"},{"taxonomy":"product_cat","embeddable":true,"href":"https:\/\/vetomshop.hu\/ru\/wp-json\/wp\/v2\/product_cat?post=4664"},{"taxonomy":"product_tag","embeddable":true,"href":"https:\/\/vetomshop.hu\/ru\/wp-json\/wp\/v2\/product_tag?post=4664"}],"curies":[{"name":"wp","href":"https:\/\/api.w.org\/{rel}","templated":true}]}}