{"id":4668,"date":"2023-11-11T14:33:46","date_gmt":"2023-11-11T13:33:46","guid":{"rendered":"https:\/\/vetomshop.hu\/termek\/ambrozia-medal\/"},"modified":"2023-11-11T14:33:46","modified_gmt":"2023-11-11T13:33:46","slug":"ambrozia-medal","status":"publish","type":"product","link":"https:\/\/vetomshop.hu\/ru\/product\/ambrozia-medal\/","title":{"rendered":"\u041c\u0435\u0434\u0430\u043b\u044c \u0410\u043c\u0431\u0440\u043e\u0437\u0438\u0438"},"content":{"rendered":"<h4>\u041c\u0435\u0434\u0430\u043b\u044c \u0410\u043c\u0431\u0440\u043e\u0437\u0438\u0438<\/h4>\n<p>\u0410\u043c\u0431\u0440\u043e\u0437\u0438\u044f \u043f\u043e\u043b\u044b\u043d\u043d\u043e\u043b\u0438\u0441\u0442\u043d\u0430\u044f, \u0438\u043b\u0438 \u043f\u0440\u043e\u0441\u0442\u043e \u0430\u043c\u0431\u0440\u043e\u0437\u0438\u044f (Ambrosia artemisiifolia), \u043a\u043e\u0442\u043e\u0440\u0443\u044e \u043e\u0448\u0438\u0431\u043e\u0447\u043d\u043e \u043d\u0430\u0437\u044b\u0432\u0430\u044e\u0442 \u0434\u0438\u043a\u043e\u0439 \u043a\u043e\u043d\u043e\u043f\u043b\u0435\u0439, - \u0432\u0438\u0434 \u0441\u043e\u0440\u043d\u044f\u043a\u043e\u0432 \u0441\u0435\u043c\u0435\u0439\u0441\u0442\u0432\u0430 \u0410\u0441\u0442\u0440\u043e\u0432\u044b\u0435 (Asteraceae), \u0440\u043e\u0434 Helianthinae. \u0415\u0436\u0435\u0433\u043e\u0434\u043d\u043e \u0432 \u043e\u0433\u0440\u043e\u043c\u043d\u044b\u0445 \u043a\u043e\u043b\u0438\u0447\u0435\u0441\u0442\u0432\u0430\u0445 \u0432\u0441\u0442\u0440\u0435\u0447\u0430\u0435\u0442\u0441\u044f \u043d\u0430 \u043f\u0430\u0445\u043e\u0442\u043d\u044b\u0445 \u043f\u043e\u043b\u044f\u0445 \u0412\u0435\u043d\u0433\u0440\u0438\u0438 \u0438 \u0434\u0440\u0443\u0433\u0438\u0445 \u043d\u0430\u0440\u0443\u0448\u0435\u043d\u043d\u044b\u0445 \u0442\u0435\u0440\u0440\u0438\u0442\u043e\u0440\u0438\u044f\u0445.<\/p>\n<p>\u042d\u0442\u043e \u043e\u0434\u0438\u043d \u0438\u0437 \u0441\u0430\u043c\u044b\u0445 \u0438\u0437\u0432\u0435\u0441\u0442\u043d\u044b\u0445 \u0438 \u043f\u0440\u043e\u0442\u0438\u0432\u043e\u0440\u0435\u0447\u0438\u0432\u044b\u0445 \u0441\u043e\u0440\u043d\u044f\u043a\u043e\u0432: \u043e\u0434\u043d\u0438 \u043f\u0440\u0438\u0437\u043d\u0430\u044e\u0442 \u0435\u0433\u043e \u0442\u043e\u043b\u044c\u043a\u043e \u0437\u0430 \u0432\u0440\u0435\u0434\u043d\u044b\u0435, \u0430\u043b\u043b\u0435\u0440\u0433\u0435\u043d\u043d\u044b\u0435 \u0441\u0432\u043e\u0439\u0441\u0442\u0432\u0430, \u0430 \u0434\u0440\u0443\u0433\u0438\u0435 \u043f\u043e\u0447\u0438\u0442\u0430\u044e\u0442 \u043a\u0430\u043a \u043b\u0435\u043a\u0430\u0440\u0441\u0442\u0432\u0435\u043d\u043d\u043e\u0435 \u0440\u0430\u0441\u0442\u0435\u043d\u0438\u0435 \u0438 \u0440\u0435\u0433\u0443\u043b\u044f\u0440\u043d\u043e \u0443\u043f\u043e\u0442\u0440\u0435\u0431\u043b\u044f\u044e\u0442 \u0432 \u043f\u0438\u0449\u0443.<\/p>\n<div class=\"su-spoiler su-spoiler-style-defoult su-spoiler-icon-caret su-spoiler-closed\" data-scroll-offset=\"0\" data-anchor-in-url=\"no\"><div class=\"su-spoiler-title\" tabindex=\"0\" role=\"button\"><span class=\"su-spoiler-icon\"><\/span>\u0412\u0441\u0435<\/div><div class=\"su-spoiler-content su-u-clearfix su-u-trim\">\n\u041f\u043e\u0447\u0435\u043c\u0443 \u044d\u0442\u043e \u0440\u0430\u0441\u0442\u0435\u043d\u0438\u0435 \u0432\u044b\u0437\u044b\u0432\u0430\u0435\u0442 \u0441\u0438\u043c\u043f\u0442\u043e\u043c\u044b \u0430\u043b\u043b\u0435\u0440\u0433\u0438\u0438 \u0443 \u043d\u0435\u043a\u043e\u0442\u043e\u0440\u044b\u0445 \u043b\u044e\u0434\u0435\u0439? \u041e\u0434\u043d\u043e \u043c\u043e\u0436\u043d\u043e \u0441\u043a\u0430\u0437\u0430\u0442\u044c \u043d\u0430\u0432\u0435\u0440\u043d\u044f\u043a\u0430: \u0443 \u0444\u0435\u0440\u043c\u0435\u0440\u043e\u0432 \u043d\u0438\u043a\u043e\u0433\u0434\u0430 \u043d\u0435 \u0431\u044b\u043b\u043e \u0430\u043b\u043b\u0435\u0440\u0433\u0438\u0438 \u043d\u0430 \u043f\u044b\u043b\u044c\u0446\u0443 \u0438\u043b\u0438 \u0430\u043c\u0431\u0440\u043e\u0437\u0438\u044e. \u0412\u043e\u0437\u043c\u043e\u0436\u043d\u043e, \u043d\u0430\u043c \u043f\u0440\u0438\u0434\u0435\u0442\u0441\u044f \u0436\u0434\u0430\u0442\u044c \u0434\u0435\u0441\u044f\u0442\u0438\u043b\u0435\u0442\u0438\u044f, \u0447\u0442\u043e\u0431\u044b \u043f\u043e\u043b\u0443\u0447\u0438\u0442\u044c \u0447\u0435\u0442\u043a\u0438\u0439 \u043e\u0442\u0432\u0435\u0442, \u043d\u043e \u043d\u0435\u043f\u0440\u0438\u044f\u0442\u043d\u044b\u0435 \u0441\u0438\u043c\u043f\u0442\u043e\u043c\u044b \u0430\u043b\u043b\u0435\u0440\u0433\u0438\u0438 \u043c\u043e\u0433\u0443\u0442 \u0432\u043e\u0437\u0432\u0440\u0430\u0449\u0430\u0442\u044c\u0441\u044f \u0438\u0437 \u0433\u043e\u0434\u0430 \u0432 \u0433\u043e\u0434, \u0438 \u0431\u044b\u043b\u043e \u0431\u044b \u043d\u0435\u043f\u043b\u043e\u0445\u043e \u043d\u0430\u0439\u0442\u0438 \u0440\u0435\u0448\u0435\u043d\u0438\u0435. \u0410 \u043f\u043e\u043a\u0430 \u043c\u044b \u043d\u0435 \u0437\u043d\u0430\u0435\u043c \u043e\u0442\u0432\u0435\u0442\u043e\u0432 \u043d\u0430 \u044d\u0442\u0438 \u0432\u043e\u043f\u0440\u043e\u0441\u044b, \u0434\u0430\u0432\u0430\u0439\u0442\u0435 \u0432\u0441\u043f\u043e\u043c\u043d\u0438\u043c \u043f\u043e\u0441\u0442\u0443\u043b\u0430\u0442 \u043d\u0430\u0442\u0443\u0440\u043e\u043f\u0430\u0442\u0438\u0438: \u043b\u0435\u0447\u0438 \u0443\u043a\u0443\u0441 \u0441\u043e\u0431\u0430\u043a\u0438 \u0448\u0435\u0440\u0441\u0442\u044c\u044e \u0441\u043e\u0431\u0430\u043a\u0438, \u0442\u043e \u0435\u0441\u0442\u044c \u043b\u0435\u0447\u0438 \u0441\u0435\u0431\u044f \u043e\u0442 \u0442\u043e\u0433\u043e, \u0447\u0442\u043e \u0442\u0435\u0431\u044f \u0431\u0435\u0441\u043f\u043e\u043a\u043e\u0438\u0442. \u041c\u0435\u0434\u0430\u043b\u044c\u043e\u043d \"\u0410\u043c\u0431\u0440\u043e\u0437\u0438\u044f\" \u0438\u043c\u0435\u0435\u0442 \u044d\u043b\u0435\u043a\u0442\u0440\u043e\u043c\u0430\u0433\u043d\u0438\u0442\u043d\u044b\u0439 \u0441\u043f\u0435\u043a\u0442\u0440 \u0436\u0438\u0432\u043e\u0439 \u0430\u043c\u0431\u0440\u043e\u0437\u0438\u0438, \u0443\u043b\u043e\u0432\u043b\u0435\u043d\u043d\u044b\u0439 \u0441 \u043f\u043e\u043c\u043e\u0449\u044c\u044e \u0441\u043f\u0435\u0446\u0438\u0430\u043b\u044c\u043d\u043e\u0439 \u0442\u0435\u0445\u043d\u043e\u043b\u043e\u0433\u0438\u0438 BioTrEm.<br \/>\n<\/div><\/div>","protected":false},"excerpt":{"rendered":"<p>Ambr\u00f3zia Med\u00e1l Az \u00fcr\u00f6mlevel\u0171 parlagf\u0171, vagy egyszer\u0171en parlagf\u0171 (Ambrosia artemisiifolia), t\u00e9vesen vadkender a f\u00e9szkesek (Asteraceae) csal\u00e1dj\u00e1ba tartozik, annak Helianthinae tribusz\u00e1ba tartoz\u00f3 gyomn\u00f6v\u00e9nyfaj. A parlagf\u0171 Magyarorsz\u00e1g sz\u00e1nt\u00f3f\u00f6ldjein \u00e9s egy\u00e9b bolygatott ter\u00fcletein \u00e9vr\u0151l \u00e9vre \u00f3ri\u00e1si sz\u00e1mban jelenik meg. Egyik legismertebb \u00e9s legellentmond\u00e1sosabb meg\u00edt\u00e9l\u00e9s\u0171 gyomn\u00f6v\u00e9ny\u00fcnk: vannak, akik kiz\u00e1r\u00f3lag rossz, allergiz\u00e1l\u00f3 tulajdons\u00e1gait ismerik el, \u00e9s vannak, akik gy\u00f3gyn\u00f6v\u00e9nyk\u00e9nt tisztelik, [&hellip;]<\/p>\n","protected":false},"featured_media":4667,"comment_status":"open","ping_status":"closed","template":"","meta":[],"product_brand":[],"product_cat":[33,32],"product_tag":[],"class_list":{"0":"post-4668","1":"product","2":"type-product","3":"status-publish","4":"has-post-thumbnail","6":"product_cat-egeszseg-medalok","7":"product_cat-triomed","9":"first","10":"instock","11":"taxable","12":"shipping-taxable","13":"purchasable","14":"product-type-simple"},"_links":{"self":[{"href":"https:\/\/vetomshop.hu\/ru\/wp-json\/wp\/v2\/product\/4668","targetHints":{"allow":["GET"]}}],"collection":[{"href":"https:\/\/vetomshop.hu\/ru\/wp-json\/wp\/v2\/product"}],"about":[{"href":"https:\/\/vetomshop.hu\/ru\/wp-json\/wp\/v2\/types\/product"}],"replies":[{"embeddable":true,"href":"https:\/\/vetomshop.hu\/ru\/wp-json\/wp\/v2\/comments?post=4668"}],"wp:featuredmedia":[{"embeddable":true,"href":"https:\/\/vetomshop.hu\/ru\/wp-json\/wp\/v2\/media\/4667"}],"wp:attachment":[{"href":"https:\/\/vetomshop.hu\/ru\/wp-json\/wp\/v2\/media?parent=4668"}],"wp:term":[{"taxonomy":"product_brand","embeddable":true,"href":"https:\/\/vetomshop.hu\/ru\/wp-json\/wp\/v2\/product_brand?post=4668"},{"taxonomy":"product_cat","embeddable":true,"href":"https:\/\/vetomshop.hu\/ru\/wp-json\/wp\/v2\/product_cat?post=4668"},{"taxonomy":"product_tag","embeddable":true,"href":"https:\/\/vetomshop.hu\/ru\/wp-json\/wp\/v2\/product_tag?post=4668"}],"curies":[{"name":"wp","href":"https:\/\/api.w.org\/{rel}","templated":true}]}}