{"id":4672,"date":"2023-11-11T14:33:46","date_gmt":"2023-11-11T13:33:46","guid":{"rendered":"https:\/\/vetomshop.hu\/termek\/aqua-medal\/"},"modified":"2023-11-11T14:33:46","modified_gmt":"2023-11-11T13:33:46","slug":"aqua-medal","status":"publish","type":"product","link":"https:\/\/vetomshop.hu\/ru\/product\/aqua-medal\/","title":{"rendered":"\u0410\u043a\u0432\u0430 \u041c\u0435\u0434\u0430\u043b\u044c"},"content":{"rendered":"<p><strong>\u0410\u043a\u0432\u0430 \u041c\u0435\u0434\u0430\u043b\u044c<\/strong> - \u0416\u0438\u0432\u0438\u0442\u0435\u043b\u044c\u043d\u0430\u044f \u0432\u043e\u0434\u0430 - \u044d\u0442\u043e \u0436\u0438\u0432\u0438\u0442\u0435\u043b\u044c\u043d\u0430\u044f, \u0431\u043e\u0434\u0440\u044f\u0449\u0430\u044f, \u0436\u0438\u0437\u043d\u0435\u0443\u0442\u0432\u0435\u0440\u0436\u0434\u0430\u044e\u0449\u0430\u044f \u0438 \u0436\u0438\u0437\u043d\u0435\u0430\u043a\u0442\u0438\u0432\u0438\u0440\u0443\u044e\u0449\u0430\u044f, \u0432\u043e\u0441\u0441\u0442\u0430\u043d\u0430\u0432\u043b\u0438\u0432\u0430\u044e\u0449\u0430\u044f \u0436\u0438\u0437\u043d\u0435\u043d\u043d\u0443\u044e \u044d\u043d\u0435\u0440\u0433\u0438\u044e.<\/p>\n<p>\u0418\u043c\u0435\u043d\u043d\u043e \u0434\u043b\u044f \u044d\u0442\u043e\u0433\u043e \u043f\u0440\u0435\u0434\u043d\u0430\u0437\u043d\u0430\u0447\u0435\u043d \u0430\u0432\u0442\u043e\u043d\u043e\u043c\u043d\u044b\u0439 \u043d\u043e\u0441\u0438\u0442\u0435\u043b\u044c \u0438\u043d\u0444\u043e\u0440\u043c\u0430\u0446\u0438\u0438 AQUA -BioTrEM. \u0411\u043b\u0430\u0433\u043e\u0434\u0430\u0440\u044f \u044d\u043a\u0441\u043a\u043b\u044e\u0437\u0438\u0432\u043d\u043e\u0439 \u0442\u0435\u0445\u043d\u043e\u043b\u043e\u0433\u0438\u0438 BioTrEM \u043f\u043e\u043b\u0443\u043f\u0440\u043e\u0432\u043e\u0434\u043d\u0438\u043a \u0443\u0441\u0442\u0440\u043e\u0439\u0441\u0442\u0432\u0430 \u0441\u043e\u0434\u0435\u0440\u0436\u0438\u0442 \u0437\u0430\u043a\u043e\u0434\u0438\u0440\u043e\u0432\u0430\u043d\u043d\u0443\u044e \u0438\u043d\u0444\u043e\u0440\u043c\u0430\u0446\u0438\u044e \u0434\u0438\u043d\u0430\u043c\u0438\u0447\u0435\u0441\u043a\u043e\u0433\u043e \u0445\u0430\u0440\u0430\u043a\u0442\u0435\u0440\u0430, \u0447\u0442\u043e \u043f\u043e\u0437\u0432\u043e\u043b\u044f\u0435\u0442 \u0434\u043e\u0441\u0442\u0438\u0447\u044c \u043f\u0435\u0440\u0435\u0447\u0438\u0441\u043b\u0435\u043d\u043d\u043e\u0433\u043e \u044d\u0444\u0444\u0435\u043a\u0442\u0430. \u041f\u043e\u0434\u043e\u0431\u043d\u044b\u043c \u0441\u0432\u043e\u0439\u0441\u0442\u0432\u043e\u043c \u043e\u0431\u043b\u0430\u0434\u0430\u044e\u0442 \u0440\u0435\u0441\u0443\u0440\u0441\u044b, \u043a\u043e\u0442\u043e\u0440\u044b\u0435, \u043a \u0441\u043e\u0436\u0430\u043b\u0435\u043d\u0438\u044e, \u0441\u0442\u0430\u043d\u043e\u0432\u044f\u0442\u0441\u044f \u0432\u0441\u0435 \u0431\u043e\u043b\u0435\u0435 \u0440\u0435\u0434\u043a\u0438\u043c\u0438 \u043d\u0430 \u0417\u0435\u043c\u043b\u0435 \u0438 \u0447\u0443\u0434\u0435\u0441\u043d\u044b\u043c \u043e\u0431\u0440\u0430\u0437\u043e\u043c \u0441\u043e\u0445\u0440\u0430\u043d\u044f\u044e\u0442 \u0441\u0432\u043e\u044e \u0447\u0438\u0441\u0442\u043e\u0442\u0443.<\/p>\n<div class=\"su-spoiler su-spoiler-style-defoult su-spoiler-icon-caret su-spoiler-closed\" data-scroll-offset=\"0\" data-anchor-in-url=\"no\"><div class=\"su-spoiler-title\" tabindex=\"0\" role=\"button\"><span class=\"su-spoiler-icon\"><\/span>\u0412\u0441\u0435<\/div><div class=\"su-spoiler-content su-u-clearfix su-u-trim\">\n<p>\u0420\u0430\u0437\u0440\u0430\u0431\u043e\u0442\u043a\u0430 \u0443\u0441\u0442\u0440\u043e\u0439\u0441\u0442\u0432\u0430 \u0431\u044b\u043b\u0430 \u0432\u044b\u0437\u0432\u0430\u043d\u0430 \u043c\u0435\u043d\u044f\u044e\u0449\u0438\u043c\u0438\u0441\u044f \u0443\u0441\u043b\u043e\u0432\u0438\u044f\u043c\u0438 \u043d\u0430\u0448\u0435\u0433\u043e \u0432\u0440\u0435\u043c\u0435\u043d\u0438. \u0412 \u043f\u043e\u0441\u043b\u0435\u0434\u043d\u0438\u0435 \u0433\u043e\u0434\u044b \u0437\u0434\u0440\u0430\u0432\u043e\u043e\u0445\u0440\u0430\u043d\u0435\u043d\u0438\u0435 \u043e\u0431\u0435\u0441\u043f\u043e\u043a\u043e\u0435\u043d\u043e \u0440\u043e\u0441\u0442\u043e\u043c \u0437\u0430\u0431\u043e\u043b\u0435\u0432\u0430\u0435\u043c\u043e\u0441\u0442\u0438 \u0438 \u0441\u043c\u0435\u0440\u0442\u043d\u043e\u0441\u0442\u0438 \u043d\u0435 \u0442\u043e\u043b\u044c\u043a\u043e \u0441\u0440\u0435\u0434\u0438 \u0434\u0435\u0442\u0435\u0439 \u0438 \u043f\u043e\u0436\u0438\u043b\u044b\u0445 \u043b\u044e\u0434\u0435\u0439, \u043d\u043e \u0438 \u0441\u0440\u0435\u0434\u0438 \u0442\u0440\u0443\u0434\u043e\u0441\u043f\u043e\u0441\u043e\u0431\u043d\u043e\u0433\u043e \u043d\u0430\u0441\u0435\u043b\u0435\u043d\u0438\u044f. \u041a \u0441\u043e\u0436\u0430\u043b\u0435\u043d\u0438\u044e, \u043c\u044b \u043d\u0430\u0431\u043b\u044e\u0434\u0430\u0435\u043c \u043e\u0441\u043b\u0430\u0431\u043b\u0435\u043d\u0438\u0435 \u0438\u043c\u043c\u0443\u043d\u043d\u043e\u0439 \u0441\u0438\u0441\u0442\u0435\u043c\u044b \u0438 \u043f\u043e\u0442\u0435\u0440\u044e \u0436\u0438\u0437\u043d\u0435\u043d\u043d\u043e\u0439 \u044d\u043d\u0435\u0440\u0433\u0438\u0438, \u043a\u043e\u0442\u043e\u0440\u0430\u044f \u043d\u0435\u043e\u0431\u0445\u043e\u0434\u0438\u043c\u0430 \u0434\u043b\u044f \u0431\u043e\u0440\u044c\u0431\u044b \u0441 \u0431\u043e\u043b\u0435\u0437\u043d\u044f\u043c\u0438 \u0438 \u0434\u043b\u044f \u0440\u0435\u0430\u0431\u0438\u043b\u0438\u0442\u0430\u0446\u0438\u0438. \u0414\u0440\u0443\u0433\u0438\u043c\u0438 \u0441\u043b\u043e\u0432\u0430\u043c\u0438, \u043d\u0435\u043e\u0431\u0445\u043e\u0434\u0438\u043c\u044b\u0435 \u043f\u0440\u043e\u0433\u0440\u0430\u043c\u043c\u044b \u0430\u0434\u0430\u043f\u0442\u0430\u0446\u0438\u0438 \u043a \u0438\u0437\u043c\u0435\u043d\u0438\u0432\u0448\u0435\u0439\u0441\u044f \u0441\u0440\u0435\u0434\u0435 \u0438 \u0441\u0430\u043c\u043e\u0432\u043e\u0441\u0441\u0442\u0430\u043d\u043e\u0432\u043b\u0435\u043d\u0438\u044f \u0431\u044b\u043b\u0438 \u043f\u043e\u0432\u0440\u0435\u0436\u0434\u0435\u043d\u044b \u0438\u043b\u0438 \u0440\u0435\u043e\u0440\u0433\u0430\u043d\u0438\u0437\u043e\u0432\u0430\u043d\u044b. \u0423\u0441\u0438\u043b\u0438\u0432\u0430\u044e\u0449\u0438\u0435\u0441\u044f \u043a\u043e\u0441\u043c\u043e\u0444\u0438\u0437\u0438\u0447\u0435\u0441\u043a\u0438\u0435 \u0438\u0437\u043c\u0435\u043d\u0435\u043d\u0438\u044f \u0442\u0440\u0435\u0431\u0443\u044e\u0442 \u0431\u044b\u0441\u0442\u0440\u043e\u0439 \u0440\u0435\u0433\u0435\u043d\u0435\u0440\u0430\u0446\u0438\u0438 \u0438 \u0432\u043e\u0441\u0441\u0442\u0430\u043d\u043e\u0432\u043b\u0435\u043d\u0438\u044f \u043f\u043e\u0432\u0440\u0435\u0436\u0434\u0435\u043d\u043d\u044b\u0445 \u0430\u0434\u0430\u043f\u0442\u0438\u0432\u043d\u044b\u0445 \u0438 \u0441\u0430\u043c\u043e\u0432\u043e\u0441\u0441\u0442\u0430\u043d\u0430\u0432\u043b\u0438\u0432\u0430\u044e\u0449\u0438\u0445\u0441\u044f \u0433\u0435\u043d\u0435\u0442\u0438\u0447\u0435\u0441\u043a\u0438\u0445 \u043f\u0440\u043e\u0433\u0440\u0430\u043c\u043c. \u0412 \u043f\u0440\u043e\u0442\u0438\u0432\u043d\u043e\u043c \u0441\u043b\u0443\u0447\u0430\u0435 \u0432\u044b\u0436\u0438\u0432\u0430\u043d\u0438\u0435 \u043e\u0442\u0434\u0435\u043b\u044c\u043d\u043e\u0433\u043e \u0447\u0435\u043b\u043e\u0432\u0435\u043a\u0430 \u0438 \u0434\u0430\u0436\u0435 \u0432\u0441\u0435\u0433\u043e \u0447\u0435\u043b\u043e\u0432\u0435\u0447\u0435\u0441\u0442\u0432\u0430 \u043c\u043e\u0436\u0435\u0442 \u043e\u043a\u0430\u0437\u0430\u0442\u044c\u0441\u044f \u043f\u043e\u0434 \u0443\u0433\u0440\u043e\u0437\u043e\u0439.<\/p>\n<p>\u0412\u043e\u0434\u0430 - \u043a\u043e\u043b\u044b\u0431\u0435\u043b\u044c \u0436\u0438\u0437\u043d\u0438, \u0432 \u043a\u043e\u0442\u043e\u0440\u043e\u0439 \u0438\u0437\u0434\u0430\u0432\u043d\u0430 \u0441\u043e\u0445\u0440\u0430\u043d\u044f\u0435\u0442\u0441\u044f \u043f\u0435\u0440\u0432\u0438\u0447\u043d\u0430\u044f \u043c\u0430\u0442\u0440\u0438\u0446\u0430 \u0436\u0438\u0437\u043d\u0438 \u0438 \u043d\u0430\u043f\u0440\u0430\u0432\u043b\u0435\u043d\u043d\u043e\u0441\u0442\u044c \u0435\u0435 \u0438\u0437\u043c\u0435\u043d\u0435\u043d\u0438\u0439 \u0432 \u043e\u0442\u0432\u0435\u0442 \u043d\u0430 \u0432\u043e\u0437\u0434\u0435\u0439\u0441\u0442\u0432\u0438\u044f \u043e\u043a\u0440\u0443\u0436\u0430\u044e\u0449\u0435\u0439 \u0441\u0440\u0435\u0434\u044b. \u0412\u043e\u0434\u0430 \u0431\u044b\u0441\u0442\u0440\u0435\u0435 \u0430\u0434\u0430\u043f\u0442\u0438\u0440\u0443\u0435\u0442\u0441\u044f \u0438 \u0442\u0440\u0430\u043d\u0441\u0444\u043e\u0440\u043c\u0438\u0440\u0443\u0435\u0442\u0441\u044f \u0432 \u043e\u0442\u0432\u0435\u0442 \u043d\u0430 \u0432\u043e\u0437\u0434\u0435\u0439\u0441\u0442\u0432\u0438\u044f \u0438 \u0442\u0440\u0435\u0431\u043e\u0432\u0430\u043d\u0438\u044f \u043e\u043a\u0440\u0443\u0436\u0430\u044e\u0449\u0435\u0439 \u0441\u0440\u0435\u0434\u044b, \u0447\u0435\u043c \u0431\u0438\u043e\u043b\u043e\u0433\u0438\u0447\u0435\u0441\u043a\u0438\u0435 \u043e\u0440\u0433\u0430\u043d\u0438\u0437\u043c\u044b, \u0431\u0438\u043e\u043b\u043e\u0433\u0438\u0447\u0435\u0441\u043a\u0430\u044f \u0441\u0440\u0435\u0434\u0430. \u0412\u043e\u0434\u043d\u0430\u044f \u043e\u0431\u043e\u043b\u043e\u0447\u043a\u0430 \u0417\u0435\u043c\u043b\u0438 \u0432\u0441\u0435\u0433\u0434\u0430 \u0441\u043e\u0445\u0440\u0430\u043d\u044f\u043b\u0430 \u0438\u0437\u043d\u0430\u0447\u0430\u043b\u044c\u043d\u044b\u0435 \u0441\u0430\u043c\u043e\u0432\u043e\u0441\u0441\u0442\u0430\u043d\u0430\u0432\u043b\u0438\u0432\u0430\u044e\u0449\u0438\u0435\u0441\u044f \u043f\u0440\u043e\u0433\u0440\u0430\u043c\u043c\u044b \u0438 \u0438\u0445 \u043f\u043e\u0442\u0435\u043d\u0446\u0438\u0430\u043b\u044c\u043d\u0443\u044e \u0440\u0435\u0430\u043b\u0438\u0437\u0430\u0446\u0438\u044e, \u043a\u043e\u0442\u043e\u0440\u044b\u0435 \u0432\u0437\u0430\u0438\u043c\u043e\u0434\u0435\u0439\u0441\u0442\u0432\u043e\u0432\u0430\u043b\u0438 \u0441 \u0432\u043e\u0434\u043d\u043e\u0439 \u0441\u0440\u0435\u0434\u043e\u0439 \u043e\u0440\u0433\u0430\u043d\u0438\u0437\u043c\u043e\u0432, \u0447\u0442\u043e\u0431\u044b \u0441\u0442\u0430\u0442\u044c \u0434\u0435\u0439\u0441\u0442\u0432\u0443\u044e\u0449\u0438\u043c\u0438. \u0412 \u0442\u043e \u0436\u0435 \u0432\u0440\u0435\u043c\u044f \u044d\u043a\u043e\u043b\u043e\u0433\u0438 \u043e\u0442\u043c\u0435\u0447\u0430\u044e\u0442, \u0447\u0442\u043e \u0441\u0442\u0440\u0443\u043a\u0442\u0443\u0440\u043d\u043e-\u0438\u043d\u0444\u043e\u0440\u043c\u0430\u0446\u0438\u043e\u043d\u043d\u044b\u0435 \u0441\u0432\u043e\u0439\u0441\u0442\u0432\u0430 \u043f\u0440\u0438\u0440\u043e\u0434\u043d\u044b\u0445 \u0432\u043e\u0434, \u043f\u0438\u0442\u0430\u0432\u0448\u0438\u0445 \u0432\u043e\u0434\u043d\u0443\u044e \u043e\u0431\u043e\u043b\u043e\u0447\u043a\u0443 \u0417\u0435\u043c\u043b\u0438, \u0431\u044b\u043b\u0438 \u043d\u0430\u0440\u0443\u0448\u0435\u043d\u044b. \u042d\u0442\u043e\u043c\u0443 \u0441\u043f\u043e\u0441\u043e\u0431\u0441\u0442\u0432\u043e\u0432\u0430\u043b\u0438 \u043d\u0435 \u0442\u043e\u043b\u044c\u043a\u043e \u043a\u043e\u0441\u043c\u043e\u0444\u0438\u0437\u0438\u0447\u0435\u0441\u043a\u0438\u0435 \u0438\u0437\u043c\u0435\u043d\u0435\u043d\u0438\u044f, \u043d\u043e \u0438 \u0440\u0430\u0437\u0440\u0443\u0448\u0438\u0442\u0435\u043b\u044c\u043d\u044b\u0435 \u0434\u0435\u0439\u0441\u0442\u0432\u0438\u044f \u0447\u0435\u043b\u043e\u0432\u0435\u043a\u0430. \u0418\u043c\u0435\u043d\u043d\u043e \u044d\u0442\u043e \u043f\u0440\u0435\u043f\u044f\u0442\u0441\u0442\u0432\u0443\u0435\u0442 \u0436\u0438\u0437\u043d\u0435\u043d\u043d\u043e \u0432\u0430\u0436\u043d\u044b\u043c \u044d\u0432\u043e\u043b\u044e\u0446\u0438\u043e\u043d\u043d\u044b\u043c \u0438\u0437\u043c\u0435\u043d\u0435\u043d\u0438\u044f\u043c, \u043f\u0440\u043e\u0434\u043e\u043b\u0436\u0435\u043d\u0438\u044e \u0436\u0438\u0437\u043d\u0438 \u043d\u0430 \u0417\u0435\u043c\u043b\u0435.<\/p>\n<p>\u0421\u043b\u043e\u0436\u043d\u043e\u0435 \u043c\u043d\u043e\u0433\u043e\u043f\u043b\u043e\u0441\u043a\u043e\u0441\u0442\u043d\u043e\u0435 \u043f\u043e\u043b\u0435 \u0438\u043d\u0444\u043e\u0440\u043c\u0430\u0446\u0438\u043e\u043d\u043d\u043e\u0433\u043e \u043d\u043e\u0441\u0438\u0442\u0435\u043b\u044f AQUA \u0441\u043e\u0437\u0434\u0430\u043d\u043e \u043a\u0430\u043a \u044d\u0442\u0430\u043b\u043e\u043d \u0434\u043b\u044f \u0430\u0434\u0430\u043f\u0442\u0430\u0446\u0438\u0438 \u043a \u043d\u043e\u0432\u044b\u043c \u0432\u044b\u0441\u043e\u043a\u043e\u0447\u0430\u0441\u0442\u043e\u0442\u043d\u044b\u043c \u0438\u0437\u043c\u0435\u043d\u0435\u043d\u0438\u044f\u043c \u0432 \u043e\u043a\u0440\u0443\u0436\u0430\u044e\u0449\u0435\u0439 \u0441\u0440\u0435\u0434\u0435 \u0438 \u0437\u0430\u043f\u0443\u0441\u043a\u0430\u0435\u0442 \u043d\u0435\u043e\u0431\u0445\u043e\u0434\u0438\u043c\u044b\u0435 \u043f\u0440\u043e\u0433\u0440\u0430\u043c\u043c\u044b \u0434\u043b\u044f \u043f\u0435\u0440\u0435\u0445\u043e\u0434\u0430 \u0447\u0435\u0440\u0435\u0437 \u0432\u043e\u0434\u0443. \u041f\u0440\u0438\u0431\u043e\u0440 \u0441\u0442\u0440\u0443\u043a\u0442\u0443\u0440\u0438\u0440\u0443\u0435\u0442 \u043f\u043e\u043b\u0435 \u0432\u043e\u0434\u044b, \u0430 \u0432\u043e\u0434\u0430, \u0440\u0435\u0437\u043e\u043d\u0438\u0440\u0443\u044f \u0441 \u0432\u043e\u0434\u043d\u043e\u0439 \u0441\u0440\u0435\u0434\u043e\u0439 \u043e\u0440\u0433\u0430\u043d\u0438\u0437\u043c\u0430 (\u043a\u0440\u043e\u0432\u044c, \u043b\u0438\u043c\u0444\u0430, \u043c\u0435\u0436\u043a\u043b\u0435\u0442\u043e\u0447\u043d\u0430\u044f \u0436\u0438\u0434\u043a\u043e\u0441\u0442\u044c, \u0436\u0438\u0434\u043a\u043e\u0441\u0442\u044c \u0432 \u043a\u043b\u0435\u0442\u043a\u0430\u0445), \u0441\u0442\u0440\u0443\u043a\u0442\u0443\u0440\u0438\u0440\u0443\u0435\u0442 \u0435\u0435 \u201e\u043f\u043e \u0441\u0432\u043e\u0435\u043c\u0443 \u043e\u0431\u0440\u0430\u0437\u0443 \u0438 \u043f\u043e\u0434\u043e\u0431\u0438\u044e\u201d. \u041a\u0430\u043a \u0442\u043e\u043b\u044c\u043a\u043e \u0432\u043d\u0443\u0442\u0440\u0435\u043d\u043d\u044f\u044f \u0440\u0435\u0433\u0443\u043b\u044f\u0440\u043d\u043e\u0441\u0442\u044c \u0432\u043e\u0434\u044b \u043f\u043e\u0434\u043d\u0438\u043c\u0430\u0435\u0442\u0441\u044f \u0432\u044b\u0448\u0435 60%, \u0437\u0430\u043f\u0443\u0441\u043a\u0430\u0435\u0442\u0441\u044f \u0441\u0430\u043c\u043e\u0432\u043e\u0441\u0441\u0442\u0430\u043d\u0430\u0432\u043b\u0438\u0432\u0430\u044e\u0449\u0430\u044f\u0441\u044f \u0433\u0435\u043d\u0435\u0442\u0438\u0447\u0435\u0441\u043a\u0430\u044f \u043f\u0440\u043e\u0433\u0440\u0430\u043c\u043c\u0430 \u043e\u0440\u0433\u0430\u043d\u0438\u0437\u043c\u0430.<br \/>\n<\/div><\/div>","protected":false},"excerpt":{"rendered":"<p>Aqua Med\u00e1l \u2013 az \u00e9letalkot\u00f3 v\u00edz \u00e9letet ad, \u00e9l\u00e9nk\u00edt, \u00e9letmeg\u00f3v\u00f3, valamint aktiv\u00e1l\u00f3, \u00e9letenergi\u00e1t vissza\u00e1ll\u00edt\u00f3 hat\u00e1ssal b\u00edr. \u00c9ppen ezt a c\u00e9lt szolg\u00e1lja az AQUA \u2013BioTrEM \u00f6n\u00e1ll\u00f3 inform\u00e1ci\u00f3hordoz\u00f3 alkalmaz\u00e1sa. Az exkluz\u00edv BioTrEM-technol\u00f3gi\u00e1nak k\u00f6sz\u00f6nhet\u0151en a k\u00e9sz\u00fcl\u00e9k f\u00e9lvezet\u0151je olyan k\u00f3dolt inform\u00e1ci\u00f3t tartalmaz, mely dinamikus term\u00e9szettel b\u00edr \u00e9s seg\u00edts\u00e9g\u00e9vel a felsorolt hat\u00e1s el\u00e9rhet\u0151v\u00e9 v\u00e1lik. Hasonl\u00f3 tulajdons\u00e1ggal rendelkeznek a F\u00f6ld\u00f6n sajnos [&hellip;]<\/p>\n","protected":false},"featured_media":4671,"comment_status":"open","ping_status":"closed","template":"","meta":[],"product_brand":[],"product_cat":[33,32],"product_tag":[],"class_list":{"0":"post-4672","1":"product","2":"type-product","3":"status-publish","4":"has-post-thumbnail","6":"product_cat-egeszseg-medalok","7":"product_cat-triomed","9":"first","10":"instock","11":"taxable","12":"shipping-taxable","13":"purchasable","14":"product-type-simple"},"_links":{"self":[{"href":"https:\/\/vetomshop.hu\/ru\/wp-json\/wp\/v2\/product\/4672","targetHints":{"allow":["GET"]}}],"collection":[{"href":"https:\/\/vetomshop.hu\/ru\/wp-json\/wp\/v2\/product"}],"about":[{"href":"https:\/\/vetomshop.hu\/ru\/wp-json\/wp\/v2\/types\/product"}],"replies":[{"embeddable":true,"href":"https:\/\/vetomshop.hu\/ru\/wp-json\/wp\/v2\/comments?post=4672"}],"wp:featuredmedia":[{"embeddable":true,"href":"https:\/\/vetomshop.hu\/ru\/wp-json\/wp\/v2\/media\/4671"}],"wp:attachment":[{"href":"https:\/\/vetomshop.hu\/ru\/wp-json\/wp\/v2\/media?parent=4672"}],"wp:term":[{"taxonomy":"product_brand","embeddable":true,"href":"https:\/\/vetomshop.hu\/ru\/wp-json\/wp\/v2\/product_brand?post=4672"},{"taxonomy":"product_cat","embeddable":true,"href":"https:\/\/vetomshop.hu\/ru\/wp-json\/wp\/v2\/product_cat?post=4672"},{"taxonomy":"product_tag","embeddable":true,"href":"https:\/\/vetomshop.hu\/ru\/wp-json\/wp\/v2\/product_tag?post=4672"}],"curies":[{"name":"wp","href":"https:\/\/api.w.org\/{rel}","templated":true}]}}