{"id":4674,"date":"2023-11-11T14:33:46","date_gmt":"2023-11-11T13:33:46","guid":{"rendered":"https:\/\/vetomshop.hu\/termek\/artro-medal\/"},"modified":"2026-03-30T09:26:16","modified_gmt":"2026-03-30T07:26:16","slug":"artro-medal","status":"publish","type":"product","link":"https:\/\/vetomshop.hu\/ru\/product\/artro-medal\/","title":{"rendered":"\u041f\u043e\u0434\u0432\u0435\u0441\u043a\u0430 Artro"},"content":{"rendered":"<p>\u041a\u0443\u043b\u043e\u043d \u0437\u0434\u043e\u0440\u043e\u0432\u044c\u044f \u00ab\u0410\u0420\u0422\u0420\u041e\u00bb - \u044d\u0442\u043e \u043f\u0440\u0438\u0431\u043e\u0440 \u0434\u043b\u044f \u0431\u0438\u043e\u0444\u0438\u0437\u0438\u0447\u0435\u0441\u043a\u043e\u0439 \u0442\u043e\u043d\u043a\u043e\u0439 \u043d\u0430\u0441\u0442\u0440\u043e\u0439\u043a\u0438 \u043f\u0440\u043e\u0442\u0438\u0432\u043e\u0432\u043e\u0441\u043f\u0430\u043b\u0438\u0442\u0435\u043b\u044c\u043d\u044b\u0445, \u0438\u043c\u043c\u0443\u043d\u043e\u043c\u043e\u0434\u0443\u043b\u0438\u0440\u0443\u044e\u0449\u0438\u0445, \u0440\u0435\u0433\u0435\u043d\u0435\u0440\u0430\u0442\u0438\u0432\u043d\u044b\u0445 \u0438 \u0432\u043e\u0441\u0441\u0442\u0430\u043d\u043e\u0432\u0438\u0442\u0435\u043b\u044c\u043d\u044b\u0445 \u043f\u0440\u043e\u0446\u0435\u0441\u0441\u043e\u0432 \u0432 \u0442\u043a\u0430\u043d\u044f\u0445 \u0441\u0438\u0441\u0442\u0435\u043c\u044b \u043e\u0440\u0433\u0430\u043d\u043e\u0432 \u043e\u043f\u043e\u0440\u044b \u0438 \u0434\u0432\u0438\u0436\u0435\u043d\u0438\u044f.<\/p>\n<p><strong>\u0426\u0435\u043b\u044c.<\/strong> \u0421\u0440\u0435\u0434\u0441\u0442\u0432\u043e \u0434\u043b\u044f \u0443\u043b\u0443\u0447\u0448\u0435\u043d\u0438\u044f \u0441\u043e\u0441\u0442\u043e\u044f\u043d\u0438\u044f \u0441\u0438\u0441\u0442\u0435\u043c\u044b \u043e\u0440\u0433\u0430\u043d\u043e\u0432 \u043e\u043f\u043e\u0440\u044b \u0438 \u0434\u0432\u0438\u0436\u0435\u043d\u0438\u044f, \u0430\u043a\u0442\u0438\u0432\u0438\u0437\u0430\u0446\u0438\u0438 \u0432\u043e\u0441\u0441\u0442\u0430\u043d\u043e\u0432\u0438\u0442\u0435\u043b\u044c\u043d\u044b\u0445 \u043f\u0440\u043e\u0446\u0435\u0441\u0441\u043e\u0432.<\/p>\n<div class=\"su-spoiler su-spoiler-style-defoult su-spoiler-icon-caret su-spoiler-closed\" data-scroll-offset=\"0\" data-anchor-in-url=\"no\"><div class=\"su-spoiler-title\" tabindex=\"0\" role=\"button\"><span class=\"su-spoiler-icon\"><\/span>\u0412\u0441\u0435<\/div><div class=\"su-spoiler-content su-u-clearfix su-u-trim\">\n<strong>\u042d\u0444\u0444\u0435\u043a\u0442\u044b:<\/strong><\/p>\n<ul>\n<li>\u043d\u043e\u0440\u043c\u0430\u043b\u0438\u0437\u0443\u0435\u0442 \u043a\u0440\u043e\u0432\u043e\u043e\u0431\u0440\u0430\u0449\u0435\u043d\u0438\u0435, \u0438\u043c\u043c\u0443\u043d\u043d\u044b\u0439 \u0441\u0442\u0430\u0442\u0443\u0441 \u0438 \u043e\u0431\u043c\u0435\u043d\u043d\u044b\u0435 \u043f\u0440\u043e\u0446\u0435\u0441\u0441\u044b \u0432 \u043e\u043f\u043e\u0440\u043d\u043e-\u0434\u0432\u0438\u0433\u0430\u0442\u0435\u043b\u044c\u043d\u043e\u043c \u0430\u043f\u043f\u0430\u0440\u0430\u0442\u0435, \u043f\u0440\u0435\u0434\u043e\u0442\u0432\u0440\u0430\u0449\u0430\u044f \u0440\u0430\u0437\u0432\u0438\u0442\u0438\u0435 \u0437\u0430\u0431\u043e\u043b\u0435\u0432\u0430\u043d\u0438\u0439;<\/li>\n<li>\u043f\u043e\u043c\u043e\u0433\u0430\u0435\u0442 \u0443\u043b\u0443\u0447\u0448\u0438\u0442\u044c \u0444\u0443\u043d\u043a\u0446\u0438\u0438 \u0441\u0438\u0441\u0442\u0435\u043c\u044b \u043e\u0440\u0433\u0430\u043d\u043e\u0432 \u043e\u043f\u043e\u0440\u044b \u0438 \u0434\u0432\u0438\u0436\u0435\u043d\u0438\u044f;<\/li>\n<li>\u0443\u043c\u0435\u043d\u044c\u0448\u0430\u0435\u0442 \u0432\u043e\u0441\u043f\u0430\u043b\u0435\u043d\u0438\u0435 \u0438 \u0437\u0430\u0441\u0442\u043e\u0439\u043d\u044b\u0435 \u044f\u0432\u043b\u0435\u043d\u0438\u044f \u0432 \u043e\u043f\u043e\u0440\u043d\u043e-\u0434\u0432\u0438\u0433\u0430\u0442\u0435\u043b\u044c\u043d\u043e\u043c \u0430\u043f\u043f\u0430\u0440\u0430\u0442\u0435;<\/li>\n<li>\u0441\u043f\u043e\u0441\u043e\u0431\u0441\u0442\u0432\u0443\u0435\u0442 \u0443\u0441\u043a\u043e\u0440\u0435\u043d\u0438\u044e \u043f\u0440\u043e\u0446\u0435\u0441\u0441\u043e\u0432 \u0440\u0435\u0433\u0435\u043d\u0435\u0440\u0430\u0446\u0438\u0438 \u0438 \u0432\u043e\u0441\u0441\u0442\u0430\u043d\u043e\u0432\u043b\u0435\u043d\u0438\u044f \u0442\u043a\u0430\u043d\u0435\u0439 \u043e\u043f\u043e\u0440\u043d\u043e-\u0434\u0432\u0438\u0433\u0430\u0442\u0435\u043b\u044c\u043d\u043e\u0439 \u0441\u0438\u0441\u0442\u0435\u043c\u044b \u043e\u0440\u0433\u0430\u043d\u043e\u0432;<\/li>\n<li>\u0441\u043f\u043e\u0441\u043e\u0431\u0441\u0442\u0432\u0443\u0435\u0442 \u0443\u0441\u0442\u0440\u0430\u043d\u0435\u043d\u0438\u044e \u0432\u043e\u0441\u043f\u0430\u043b\u0435\u043d\u0438\u044f \u0432 \u0441\u0443\u0441\u0442\u0430\u0432\u0430\u0445, \u0441\u0443\u0441\u0442\u0430\u0432\u043d\u044b\u0445 \u043e\u0431\u043e\u043b\u043e\u0447\u043a\u0430\u0445 \u0438 \u0441\u0443\u0441\u0442\u0430\u0432\u043d\u044b\u0445 \u0441\u0443\u043c\u043a\u0430\u0445, \u043c\u044b\u0448\u0446\u0430\u0445;<\/li>\n<li>\u043f\u043e\u043c\u043e\u0433\u0430\u0435\u0442 \u043f\u0440\u0435\u0434\u043e\u0442\u0432\u0440\u0430\u0442\u0438\u0442\u044c \u0438\u043b\u0438 \u043a\u043e\u043c\u043f\u0435\u043d\u0441\u0438\u0440\u043e\u0432\u0430\u0442\u044c \u0434\u0435\u0444\u043e\u0440\u043c\u0430\u0446\u0438\u044e \u0438\u043b\u0438 \u0430\u0442\u0440\u043e\u0444\u0438\u044e \u043a\u043e\u0441\u0442\u0435\u0439 \u0438 \u043c\u044b\u0448\u0435\u0447\u043d\u043e-\u0441\u0443\u0441\u0442\u0430\u0432\u043d\u043e\u0433\u043e \u043a\u043e\u043c\u043f\u043b\u0435\u043a\u0441\u0430.<\/li>\n<\/ul>\n<\/div><\/div>","protected":false},"excerpt":{"rendered":"<p>Az \u00abARTRO\u00bb eg\u00e9szs\u00e9g med\u00e1l a t\u00e1maszt\u00e1s \u00e9s mozgat\u00e1s szervrendszer sz\u00f6veteiben l\u00e9v\u0151 gyullad\u00e1selleni, immunmodul\u00e1l\u00f3, regener\u00e1l\u00f3 \u00e9s helyre\u00e1ll\u00edt\u00f3 folyamatok biofizikai finomhangol\u00e1s\u00e1ra szolg\u00e1l\u00f3 eszk\u00f6z. Rendeltet\u00e9se. A t\u00e1maszt\u00e1s \u00e9s mozgat\u00e1s szervrendszer \u00e1llapot\u00e1nak jav\u00edt\u00e1s\u00e1ra, a helyre\u00e1ll\u00edt\u00f3 folyamatok aktiviz\u00e1l\u00e1s\u00e1ra szolg\u00e1l\u00f3 seg\u00e9deszk\u00f6z.<\/p>","protected":false},"featured_media":4673,"comment_status":"open","ping_status":"closed","template":"","meta":[],"product_brand":[],"product_cat":[33,32],"product_tag":[],"class_list":{"0":"post-4674","1":"product","2":"type-product","3":"status-publish","4":"has-post-thumbnail","6":"product_cat-egeszseg-medalok","7":"product_cat-triomed","9":"first","10":"instock","11":"taxable","12":"shipping-taxable","13":"purchasable","14":"product-type-simple"},"_links":{"self":[{"href":"https:\/\/vetomshop.hu\/ru\/wp-json\/wp\/v2\/product\/4674","targetHints":{"allow":["GET"]}}],"collection":[{"href":"https:\/\/vetomshop.hu\/ru\/wp-json\/wp\/v2\/product"}],"about":[{"href":"https:\/\/vetomshop.hu\/ru\/wp-json\/wp\/v2\/types\/product"}],"replies":[{"embeddable":true,"href":"https:\/\/vetomshop.hu\/ru\/wp-json\/wp\/v2\/comments?post=4674"}],"wp:featuredmedia":[{"embeddable":true,"href":"https:\/\/vetomshop.hu\/ru\/wp-json\/wp\/v2\/media\/4673"}],"wp:attachment":[{"href":"https:\/\/vetomshop.hu\/ru\/wp-json\/wp\/v2\/media?parent=4674"}],"wp:term":[{"taxonomy":"product_brand","embeddable":true,"href":"https:\/\/vetomshop.hu\/ru\/wp-json\/wp\/v2\/product_brand?post=4674"},{"taxonomy":"product_cat","embeddable":true,"href":"https:\/\/vetomshop.hu\/ru\/wp-json\/wp\/v2\/product_cat?post=4674"},{"taxonomy":"product_tag","embeddable":true,"href":"https:\/\/vetomshop.hu\/ru\/wp-json\/wp\/v2\/product_tag?post=4674"}],"curies":[{"name":"wp","href":"https:\/\/api.w.org\/{rel}","templated":true}]}}